{"id":67451,"date":"2023-03-03T09:23:46","date_gmt":"2023-03-03T08:23:46","guid":{"rendered":"https:\/\/turijnmagazijn.nl\/product\/tubo-climatizzatore-lancia-kappa-tra-alloggiamento-stufa-e-collegamento\/"},"modified":"2023-08-17T11:48:51","modified_gmt":"2023-08-17T09:48:51","slug":"aria-condizionata-lancia-kappa-tra-stufa-casa-e-connessione","status":"publish","type":"product","link":"https:\/\/turijnmagazijn.nl\/it\/prodotto\/aria-condizionata-lancia-kappa-tra-stufa-casa-e-connessione\/","title":{"rendered":"Tubo climatizzatore Lancia Kappa tra alloggiamento stufa e collegamento"},"content":{"rendered":"<p>Tubo climatizzatore usato in buone condizioni per Lancia Kappa.Questo tubo climatizzatore in alluminio con finitura nera \u00e8 destinato ai Kappa dotati del tubo divisibile tra essiccatore e alloggiamento della stufa. Questo tubo \u00e8 destinato al collegamento tra l&#8217;alloggiamento della stufa e il collegamento a met\u00e0 strada verso l&#8217;essiccatore. Numero 21 sul disegno tecnico. OEM Lancia 46464721<\/p>\n","protected":false},"excerpt":{"rendered":"<p>46464721 Tubo climatizzatore Lancia Kappa between dryer and stove house &#8211; Usato Tubo climatizzatore in buone condizioni per Lancia Kappa.Tubo climatizzatore Lancia Kappa between stufa e raccordo &#8211; Usato Tubo climatizzatore in buone condizioni per Lancia Kappa.<\/p>\n","protected":false},"featured_media":57369,"comment_status":"closed","ping_status":"closed","template":"","meta":{"_acf_changed":false},"product_brand":[],"product_cat":[1863,1857,1800],"product_tag":[],"class_list":{"0":"post-67451","1":"product","2":"type-product","3":"status-publish","4":"has-post-thumbnail","6":"product_cat-berlina-it","7":"product_cat-kappa-838-it","8":"product_cat-lancia-it","9":"pa_soort-onderdeel-altre-parti-di-automobili","10":"pa_soort-onderdeel-aria-condizionata-e-riscaldamento","11":"pa_soort-onderdeel-cruscotto-e-interruttori","13":"first","14":"instock","15":"shipping-taxable","16":"purchasable","17":"product-type-simple"},"acf":[],"yoast_head":"<!-- This site is optimized with the Yoast SEO plugin v27.3 - https:\/\/yoast.com\/product\/yoast-seo-wordpress\/ -->\n<title>Tubo climatizzatore Lancia Kappa tra alloggiamento stufa e collegamento - Turijnmagazijn<\/title>\n<meta name=\"robots\" content=\"index, follow, max-snippet:-1, max-image-preview:large, max-video-preview:-1\" \/>\n<link rel=\"canonical\" href=\"https:\/\/turijnmagazijn.nl\/it\/prodotto\/aria-condizionata-lancia-kappa-tra-stufa-casa-e-connessione\/\" \/>\n<meta property=\"og:locale\" content=\"it_IT\" \/>\n<meta property=\"og:type\" content=\"article\" \/>\n<meta property=\"og:title\" content=\"Tubo climatizzatore Lancia Kappa tra alloggiamento stufa e collegamento - Turijnmagazijn\" \/>\n<meta property=\"og:description\" content=\"46464721 Tubo climatizzatore Lancia Kappa between dryer and stove house - Usato Tubo climatizzatore in buone condizioni per Lancia Kappa.Tubo climatizzatore Lancia Kappa between stufa e raccordo - Usato Tubo climatizzatore in buone condizioni per Lancia Kappa.\" \/>\n<meta property=\"og:url\" content=\"https:\/\/turijnmagazijn.nl\/it\/prodotto\/aria-condizionata-lancia-kappa-tra-stufa-casa-e-connessione\/\" \/>\n<meta property=\"og:site_name\" content=\"Turijnmagazijn\" \/>\n<meta property=\"article:publisher\" content=\"https:\/\/www.facebook.com\/turijnmagazijn\" \/>\n<meta property=\"article:modified_time\" content=\"2023-08-17T09:48:51+00:00\" \/>\n<meta property=\"og:image\" content=\"https:\/\/turijnmagazijn.nl\/wp-content\/uploads\/2023\/03\/DK00102525-Aircoleiding-Lancia-Kappa-tussen-kachelhuis-en-verbinding-4.jpg\" \/>\n\t<meta property=\"og:image:width\" content=\"1024\" \/>\n\t<meta property=\"og:image:height\" content=\"768\" \/>\n\t<meta property=\"og:image:type\" content=\"image\/jpeg\" \/>\n<meta name=\"twitter:card\" content=\"summary_large_image\" \/>\n<script type=\"application\/ld+json\" class=\"yoast-schema-graph\">{\"@context\":\"https:\\\/\\\/schema.org\",\"@graph\":[{\"@type\":\"WebPage\",\"@id\":\"https:\\\/\\\/turijnmagazijn.nl\\\/it\\\/prodotto\\\/aria-condizionata-lancia-kappa-tra-stufa-casa-e-connessione\\\/\",\"url\":\"https:\\\/\\\/turijnmagazijn.nl\\\/it\\\/prodotto\\\/aria-condizionata-lancia-kappa-tra-stufa-casa-e-connessione\\\/\",\"name\":\"Tubo climatizzatore Lancia Kappa tra alloggiamento stufa e collegamento - Turijnmagazijn\",\"isPartOf\":{\"@id\":\"https:\\\/\\\/turijnmagazijn.jumpstone-dev.nl\\\/#website\"},\"primaryImageOfPage\":{\"@id\":\"https:\\\/\\\/turijnmagazijn.nl\\\/it\\\/prodotto\\\/aria-condizionata-lancia-kappa-tra-stufa-casa-e-connessione\\\/#primaryimage\"},\"image\":{\"@id\":\"https:\\\/\\\/turijnmagazijn.nl\\\/it\\\/prodotto\\\/aria-condizionata-lancia-kappa-tra-stufa-casa-e-connessione\\\/#primaryimage\"},\"thumbnailUrl\":\"https:\\\/\\\/turijnmagazijn.nl\\\/wp-content\\\/uploads\\\/2023\\\/03\\\/DK00102525-Aircoleiding-Lancia-Kappa-tussen-kachelhuis-en-verbinding-4.jpg\",\"datePublished\":\"2023-03-03T08:23:46+00:00\",\"dateModified\":\"2023-08-17T09:48:51+00:00\",\"breadcrumb\":{\"@id\":\"https:\\\/\\\/turijnmagazijn.nl\\\/it\\\/prodotto\\\/aria-condizionata-lancia-kappa-tra-stufa-casa-e-connessione\\\/#breadcrumb\"},\"inLanguage\":\"it-IT\",\"potentialAction\":[{\"@type\":\"ReadAction\",\"target\":[\"https:\\\/\\\/turijnmagazijn.nl\\\/it\\\/prodotto\\\/aria-condizionata-lancia-kappa-tra-stufa-casa-e-connessione\\\/\"]}]},{\"@type\":\"ImageObject\",\"inLanguage\":\"it-IT\",\"@id\":\"https:\\\/\\\/turijnmagazijn.nl\\\/it\\\/prodotto\\\/aria-condizionata-lancia-kappa-tra-stufa-casa-e-connessione\\\/#primaryimage\",\"url\":\"https:\\\/\\\/turijnmagazijn.nl\\\/wp-content\\\/uploads\\\/2023\\\/03\\\/DK00102525-Aircoleiding-Lancia-Kappa-tussen-kachelhuis-en-verbinding-4.jpg\",\"contentUrl\":\"https:\\\/\\\/turijnmagazijn.nl\\\/wp-content\\\/uploads\\\/2023\\\/03\\\/DK00102525-Aircoleiding-Lancia-Kappa-tussen-kachelhuis-en-verbinding-4.jpg\",\"width\":1024,\"height\":768},{\"@type\":\"BreadcrumbList\",\"@id\":\"https:\\\/\\\/turijnmagazijn.nl\\\/it\\\/prodotto\\\/aria-condizionata-lancia-kappa-tra-stufa-casa-e-connessione\\\/#breadcrumb\",\"itemListElement\":[{\"@type\":\"ListItem\",\"position\":1,\"name\":\"Home\",\"item\":\"https:\\\/\\\/turijnmagazijn.nl\\\/it\\\/\"},{\"@type\":\"ListItem\",\"position\":2,\"name\":\"Prodotti\",\"item\":\"https:\\\/\\\/turijnmagazijn.nl\\\/it\\\/shop\\\/\"},{\"@type\":\"ListItem\",\"position\":3,\"name\":\"Tubo climatizzatore Lancia Kappa tra alloggiamento stufa e collegamento\"}]},{\"@type\":\"WebSite\",\"@id\":\"https:\\\/\\\/turijnmagazijn.jumpstone-dev.nl\\\/#website\",\"url\":\"https:\\\/\\\/turijnmagazijn.jumpstone-dev.nl\\\/\",\"name\":\"Turijnmagazijn\",\"description\":\"Onderdelen nieuw en gebruikt - Fiat &amp; Lancia\",\"publisher\":{\"@id\":\"https:\\\/\\\/turijnmagazijn.jumpstone-dev.nl\\\/#organization\"},\"potentialAction\":[{\"@type\":\"SearchAction\",\"target\":{\"@type\":\"EntryPoint\",\"urlTemplate\":\"https:\\\/\\\/turijnmagazijn.jumpstone-dev.nl\\\/?s={search_term_string}\"},\"query-input\":{\"@type\":\"PropertyValueSpecification\",\"valueRequired\":true,\"valueName\":\"search_term_string\"}}],\"inLanguage\":\"it-IT\"},{\"@type\":\"Organization\",\"@id\":\"https:\\\/\\\/turijnmagazijn.jumpstone-dev.nl\\\/#organization\",\"name\":\"Turijnmagazijn\",\"url\":\"https:\\\/\\\/turijnmagazijn.jumpstone-dev.nl\\\/\",\"logo\":{\"@type\":\"ImageObject\",\"inLanguage\":\"it-IT\",\"@id\":\"https:\\\/\\\/turijnmagazijn.jumpstone-dev.nl\\\/#\\\/schema\\\/logo\\\/image\\\/\",\"url\":\"https:\\\/\\\/turijnmagazijn.nl\\\/wp-content\\\/uploads\\\/2021\\\/02\\\/turijnmagazijnlogo.png\",\"contentUrl\":\"https:\\\/\\\/turijnmagazijn.nl\\\/wp-content\\\/uploads\\\/2021\\\/02\\\/turijnmagazijnlogo.png\",\"width\":555,\"height\":270,\"caption\":\"Turijnmagazijn\"},\"image\":{\"@id\":\"https:\\\/\\\/turijnmagazijn.jumpstone-dev.nl\\\/#\\\/schema\\\/logo\\\/image\\\/\"},\"sameAs\":[\"https:\\\/\\\/www.facebook.com\\\/turijnmagazijn\"]}]}<\/script>\n<!-- \/ Yoast SEO plugin. -->","yoast_head_json":{"title":"Tubo climatizzatore Lancia Kappa tra alloggiamento stufa e collegamento - Turijnmagazijn","robots":{"index":"index","follow":"follow","max-snippet":"max-snippet:-1","max-image-preview":"max-image-preview:large","max-video-preview":"max-video-preview:-1"},"canonical":"https:\/\/turijnmagazijn.nl\/it\/prodotto\/aria-condizionata-lancia-kappa-tra-stufa-casa-e-connessione\/","og_locale":"it_IT","og_type":"article","og_title":"Tubo climatizzatore Lancia Kappa tra alloggiamento stufa e collegamento - Turijnmagazijn","og_description":"46464721 Tubo climatizzatore Lancia Kappa between dryer and stove house - Usato Tubo climatizzatore in buone condizioni per Lancia Kappa.Tubo climatizzatore Lancia Kappa between stufa e raccordo - Usato Tubo climatizzatore in buone condizioni per Lancia Kappa.","og_url":"https:\/\/turijnmagazijn.nl\/it\/prodotto\/aria-condizionata-lancia-kappa-tra-stufa-casa-e-connessione\/","og_site_name":"Turijnmagazijn","article_publisher":"https:\/\/www.facebook.com\/turijnmagazijn","article_modified_time":"2023-08-17T09:48:51+00:00","og_image":[{"width":1024,"height":768,"url":"https:\/\/turijnmagazijn.nl\/wp-content\/uploads\/2023\/03\/DK00102525-Aircoleiding-Lancia-Kappa-tussen-kachelhuis-en-verbinding-4.jpg","type":"image\/jpeg"}],"twitter_card":"summary_large_image","schema":{"@context":"https:\/\/schema.org","@graph":[{"@type":"WebPage","@id":"https:\/\/turijnmagazijn.nl\/it\/prodotto\/aria-condizionata-lancia-kappa-tra-stufa-casa-e-connessione\/","url":"https:\/\/turijnmagazijn.nl\/it\/prodotto\/aria-condizionata-lancia-kappa-tra-stufa-casa-e-connessione\/","name":"Tubo climatizzatore Lancia Kappa tra alloggiamento stufa e collegamento - Turijnmagazijn","isPartOf":{"@id":"https:\/\/turijnmagazijn.jumpstone-dev.nl\/#website"},"primaryImageOfPage":{"@id":"https:\/\/turijnmagazijn.nl\/it\/prodotto\/aria-condizionata-lancia-kappa-tra-stufa-casa-e-connessione\/#primaryimage"},"image":{"@id":"https:\/\/turijnmagazijn.nl\/it\/prodotto\/aria-condizionata-lancia-kappa-tra-stufa-casa-e-connessione\/#primaryimage"},"thumbnailUrl":"https:\/\/turijnmagazijn.nl\/wp-content\/uploads\/2023\/03\/DK00102525-Aircoleiding-Lancia-Kappa-tussen-kachelhuis-en-verbinding-4.jpg","datePublished":"2023-03-03T08:23:46+00:00","dateModified":"2023-08-17T09:48:51+00:00","breadcrumb":{"@id":"https:\/\/turijnmagazijn.nl\/it\/prodotto\/aria-condizionata-lancia-kappa-tra-stufa-casa-e-connessione\/#breadcrumb"},"inLanguage":"it-IT","potentialAction":[{"@type":"ReadAction","target":["https:\/\/turijnmagazijn.nl\/it\/prodotto\/aria-condizionata-lancia-kappa-tra-stufa-casa-e-connessione\/"]}]},{"@type":"ImageObject","inLanguage":"it-IT","@id":"https:\/\/turijnmagazijn.nl\/it\/prodotto\/aria-condizionata-lancia-kappa-tra-stufa-casa-e-connessione\/#primaryimage","url":"https:\/\/turijnmagazijn.nl\/wp-content\/uploads\/2023\/03\/DK00102525-Aircoleiding-Lancia-Kappa-tussen-kachelhuis-en-verbinding-4.jpg","contentUrl":"https:\/\/turijnmagazijn.nl\/wp-content\/uploads\/2023\/03\/DK00102525-Aircoleiding-Lancia-Kappa-tussen-kachelhuis-en-verbinding-4.jpg","width":1024,"height":768},{"@type":"BreadcrumbList","@id":"https:\/\/turijnmagazijn.nl\/it\/prodotto\/aria-condizionata-lancia-kappa-tra-stufa-casa-e-connessione\/#breadcrumb","itemListElement":[{"@type":"ListItem","position":1,"name":"Home","item":"https:\/\/turijnmagazijn.nl\/it\/"},{"@type":"ListItem","position":2,"name":"Prodotti","item":"https:\/\/turijnmagazijn.nl\/it\/shop\/"},{"@type":"ListItem","position":3,"name":"Tubo climatizzatore Lancia Kappa tra alloggiamento stufa e collegamento"}]},{"@type":"WebSite","@id":"https:\/\/turijnmagazijn.jumpstone-dev.nl\/#website","url":"https:\/\/turijnmagazijn.jumpstone-dev.nl\/","name":"Turijnmagazijn","description":"Onderdelen nieuw en gebruikt - Fiat &amp; Lancia","publisher":{"@id":"https:\/\/turijnmagazijn.jumpstone-dev.nl\/#organization"},"potentialAction":[{"@type":"SearchAction","target":{"@type":"EntryPoint","urlTemplate":"https:\/\/turijnmagazijn.jumpstone-dev.nl\/?s={search_term_string}"},"query-input":{"@type":"PropertyValueSpecification","valueRequired":true,"valueName":"search_term_string"}}],"inLanguage":"it-IT"},{"@type":"Organization","@id":"https:\/\/turijnmagazijn.jumpstone-dev.nl\/#organization","name":"Turijnmagazijn","url":"https:\/\/turijnmagazijn.jumpstone-dev.nl\/","logo":{"@type":"ImageObject","inLanguage":"it-IT","@id":"https:\/\/turijnmagazijn.jumpstone-dev.nl\/#\/schema\/logo\/image\/","url":"https:\/\/turijnmagazijn.nl\/wp-content\/uploads\/2021\/02\/turijnmagazijnlogo.png","contentUrl":"https:\/\/turijnmagazijn.nl\/wp-content\/uploads\/2021\/02\/turijnmagazijnlogo.png","width":555,"height":270,"caption":"Turijnmagazijn"},"image":{"@id":"https:\/\/turijnmagazijn.jumpstone-dev.nl\/#\/schema\/logo\/image\/"},"sameAs":["https:\/\/www.facebook.com\/turijnmagazijn"]}]}},"_links":{"self":[{"href":"https:\/\/turijnmagazijn.nl\/it\/wp-json\/wp\/v2\/product\/67451","targetHints":{"allow":["GET"]}}],"collection":[{"href":"https:\/\/turijnmagazijn.nl\/it\/wp-json\/wp\/v2\/product"}],"about":[{"href":"https:\/\/turijnmagazijn.nl\/it\/wp-json\/wp\/v2\/types\/product"}],"replies":[{"embeddable":true,"href":"https:\/\/turijnmagazijn.nl\/it\/wp-json\/wp\/v2\/comments?post=67451"}],"wp:featuredmedia":[{"embeddable":true,"href":"https:\/\/turijnmagazijn.nl\/it\/wp-json\/wp\/v2\/media\/57369"}],"wp:attachment":[{"href":"https:\/\/turijnmagazijn.nl\/it\/wp-json\/wp\/v2\/media?parent=67451"}],"wp:term":[{"taxonomy":"product_brand","embeddable":true,"href":"https:\/\/turijnmagazijn.nl\/it\/wp-json\/wp\/v2\/product_brand?post=67451"},{"taxonomy":"product_cat","embeddable":true,"href":"https:\/\/turijnmagazijn.nl\/it\/wp-json\/wp\/v2\/product_cat?post=67451"},{"taxonomy":"product_tag","embeddable":true,"href":"https:\/\/turijnmagazijn.nl\/it\/wp-json\/wp\/v2\/product_tag?post=67451"}],"curies":[{"name":"wp","href":"https:\/\/api.w.org\/{rel}","templated":true}]}}