{"id":67458,"date":"2023-03-03T10:23:16","date_gmt":"2023-03-03T09:23:16","guid":{"rendered":"https:\/\/turijnmagazijn.nl\/product\/centralina-elettronica-di-gestione-motore-fiat-uno-1-3-turbo-cioe-funzionamento-sconosciuto\/"},"modified":"2023-08-10T21:01:37","modified_gmt":"2023-08-10T19:01:37","slug":"centralina-gestione-motore-computer-fiat-onu-1-3-turbo-i-e-operazione-sconosciuta","status":"publish","type":"product","link":"https:\/\/turijnmagazijn.nl\/it\/prodotto\/centralina-gestione-motore-computer-fiat-onu-1-3-turbo-i-e-operazione-sconosciuta\/","title":{"rendered":"Centralina elettronica di gestione motore Fiat Uno 1.3 Turbo cio\u00e8 funzionamento sconosciuto-"},"content":{"rendered":"<p>Computer di gestione del motore ECU utilizzato per il controllo dell&#8217;iniezione. accensione e controllo al minimo per Fiat Uno con motore 1.3 turbo benzina. L&#8217;unit\u00e0 funziona bene e proviene da uno Uno 1.3 Turbo cio\u00e8 105 CV costruito nel 1988 adatto per un veicolo senza catalizzatore.<\/p>\n<p>Il modulo Bosch \u00e8 una scatola di alluminio nero con tre fori per bulloni e una spina multipolare. Completo di sonda cablata. Sembra che questa unit\u00e0 sia stata aperta. I morsetti che tengono il coperchio sono stati piegati aperti. Il prezzo del prodotto tiene conto di una centralina elettronica che pu\u00f2 essere utilizzata solo per le parti. Quindi supponiamo che il computer non funzioni. Tuttavia, ci sono buone probabilit\u00e0 che il computer funzioni. Grande opportunit\u00e0 per l&#8217;armeggiatore.<\/p>\n<p>Iscrizioni sull&#8217;unit\u00e0:<br \/>\nBosch<br \/>\n0 280 000 336<br \/>\nProdotto in Germania<\/p>\n<p>Numero OEM Fiat 7539895<\/p>\n","protected":false},"excerpt":{"rendered":"<p>Gestione motore centralina Fiat Uno Turbo &#8211; Computer di gestione motore centralina per il controllo dell&#8217;iniezione. accensione e controllo al minimo per Fiat Uno con motore turbo benzina. Centralina di gestione motore Fiat Uno 1.3 Turbo &#8211; Centralina elettronica di gestione motore per l&#8217;aa<\/p>\n","protected":false},"featured_media":57301,"comment_status":"closed","ping_status":"closed","template":"","meta":{"_acf_changed":false},"product_brand":[],"product_cat":[1691,1788],"product_tag":[],"class_list":{"0":"post-67458","1":"product","2":"type-product","3":"status-publish","4":"has-post-thumbnail","6":"product_cat-fiat-it","7":"product_cat-uno-1-146-it","8":"pa_soort-onderdeel-altre-parti-di-automobili","9":"pa_soort-onderdeel-motore-e-accessori","11":"first","12":"instock","13":"shipping-taxable","14":"purchasable","15":"product-type-simple"},"acf":[],"yoast_head":"<!-- This site is optimized with the Yoast SEO plugin v27.3 - https:\/\/yoast.com\/product\/yoast-seo-wordpress\/ -->\n<title>Centralina elettronica di gestione motore Fiat Uno 1.3 Turbo cio\u00e8 funzionamento sconosciuto- Turijnmagazijn<\/title>\n<meta name=\"robots\" content=\"index, follow, max-snippet:-1, max-image-preview:large, max-video-preview:-1\" \/>\n<link rel=\"canonical\" href=\"https:\/\/turijnmagazijn.nl\/it\/prodotto\/centralina-gestione-motore-computer-fiat-onu-1-3-turbo-i-e-operazione-sconosciuta\/\" \/>\n<meta property=\"og:locale\" content=\"it_IT\" \/>\n<meta property=\"og:type\" content=\"article\" \/>\n<meta property=\"og:title\" content=\"Centralina elettronica di gestione motore Fiat Uno 1.3 Turbo cio\u00e8 funzionamento sconosciuto- Turijnmagazijn\" \/>\n<meta property=\"og:description\" content=\"Gestione motore centralina Fiat Uno Turbo - Computer di gestione motore centralina per il controllo dell&#039;iniezione. accensione e controllo al minimo per Fiat Uno con motore turbo benzina. Centralina di gestione motore Fiat Uno 1.3 Turbo - Centralina elettronica di gestione motore per l&#039;aa\" \/>\n<meta property=\"og:url\" content=\"https:\/\/turijnmagazijn.nl\/it\/prodotto\/centralina-gestione-motore-computer-fiat-onu-1-3-turbo-i-e-operazione-sconosciuta\/\" \/>\n<meta property=\"og:site_name\" content=\"Turijnmagazijn\" \/>\n<meta property=\"article:publisher\" content=\"https:\/\/www.facebook.com\/turijnmagazijn\" \/>\n<meta property=\"article:modified_time\" content=\"2023-08-10T19:01:37+00:00\" \/>\n<meta property=\"og:image\" content=\"https:\/\/turijnmagazijn.nl\/wp-content\/uploads\/2023\/03\/DK00102517-ECU-Motormanagement-Fiat-Uno-1.3-Turbo-i.e.-werking-onbekend-2.jpg\" \/>\n\t<meta property=\"og:image:width\" content=\"1024\" \/>\n\t<meta property=\"og:image:height\" content=\"768\" \/>\n\t<meta property=\"og:image:type\" content=\"image\/jpeg\" \/>\n<meta name=\"twitter:card\" content=\"summary_large_image\" \/>\n<meta name=\"twitter:label1\" content=\"Tempo di lettura stimato\" \/>\n\t<meta name=\"twitter:data1\" content=\"1 minuto\" \/>\n<script type=\"application\/ld+json\" class=\"yoast-schema-graph\">{\"@context\":\"https:\\\/\\\/schema.org\",\"@graph\":[{\"@type\":\"WebPage\",\"@id\":\"https:\\\/\\\/turijnmagazijn.nl\\\/it\\\/prodotto\\\/centralina-gestione-motore-computer-fiat-onu-1-3-turbo-i-e-operazione-sconosciuta\\\/\",\"url\":\"https:\\\/\\\/turijnmagazijn.nl\\\/it\\\/prodotto\\\/centralina-gestione-motore-computer-fiat-onu-1-3-turbo-i-e-operazione-sconosciuta\\\/\",\"name\":\"Centralina elettronica di gestione motore Fiat Uno 1.3 Turbo cio\u00e8 funzionamento sconosciuto- Turijnmagazijn\",\"isPartOf\":{\"@id\":\"https:\\\/\\\/turijnmagazijn.jumpstone-dev.nl\\\/#website\"},\"primaryImageOfPage\":{\"@id\":\"https:\\\/\\\/turijnmagazijn.nl\\\/it\\\/prodotto\\\/centralina-gestione-motore-computer-fiat-onu-1-3-turbo-i-e-operazione-sconosciuta\\\/#primaryimage\"},\"image\":{\"@id\":\"https:\\\/\\\/turijnmagazijn.nl\\\/it\\\/prodotto\\\/centralina-gestione-motore-computer-fiat-onu-1-3-turbo-i-e-operazione-sconosciuta\\\/#primaryimage\"},\"thumbnailUrl\":\"https:\\\/\\\/turijnmagazijn.nl\\\/wp-content\\\/uploads\\\/2023\\\/03\\\/DK00102517-ECU-Motormanagement-Fiat-Uno-1.3-Turbo-i.e.-werking-onbekend-2.jpg\",\"datePublished\":\"2023-03-03T09:23:16+00:00\",\"dateModified\":\"2023-08-10T19:01:37+00:00\",\"breadcrumb\":{\"@id\":\"https:\\\/\\\/turijnmagazijn.nl\\\/it\\\/prodotto\\\/centralina-gestione-motore-computer-fiat-onu-1-3-turbo-i-e-operazione-sconosciuta\\\/#breadcrumb\"},\"inLanguage\":\"it-IT\",\"potentialAction\":[{\"@type\":\"ReadAction\",\"target\":[\"https:\\\/\\\/turijnmagazijn.nl\\\/it\\\/prodotto\\\/centralina-gestione-motore-computer-fiat-onu-1-3-turbo-i-e-operazione-sconosciuta\\\/\"]}]},{\"@type\":\"ImageObject\",\"inLanguage\":\"it-IT\",\"@id\":\"https:\\\/\\\/turijnmagazijn.nl\\\/it\\\/prodotto\\\/centralina-gestione-motore-computer-fiat-onu-1-3-turbo-i-e-operazione-sconosciuta\\\/#primaryimage\",\"url\":\"https:\\\/\\\/turijnmagazijn.nl\\\/wp-content\\\/uploads\\\/2023\\\/03\\\/DK00102517-ECU-Motormanagement-Fiat-Uno-1.3-Turbo-i.e.-werking-onbekend-2.jpg\",\"contentUrl\":\"https:\\\/\\\/turijnmagazijn.nl\\\/wp-content\\\/uploads\\\/2023\\\/03\\\/DK00102517-ECU-Motormanagement-Fiat-Uno-1.3-Turbo-i.e.-werking-onbekend-2.jpg\",\"width\":1024,\"height\":768},{\"@type\":\"BreadcrumbList\",\"@id\":\"https:\\\/\\\/turijnmagazijn.nl\\\/it\\\/prodotto\\\/centralina-gestione-motore-computer-fiat-onu-1-3-turbo-i-e-operazione-sconosciuta\\\/#breadcrumb\",\"itemListElement\":[{\"@type\":\"ListItem\",\"position\":1,\"name\":\"Home\",\"item\":\"https:\\\/\\\/turijnmagazijn.nl\\\/it\\\/\"},{\"@type\":\"ListItem\",\"position\":2,\"name\":\"Prodotti\",\"item\":\"https:\\\/\\\/turijnmagazijn.nl\\\/it\\\/shop\\\/\"},{\"@type\":\"ListItem\",\"position\":3,\"name\":\"Centralina elettronica di gestione motore Fiat Uno 1.3 Turbo cio\u00e8 funzionamento sconosciuto-\"}]},{\"@type\":\"WebSite\",\"@id\":\"https:\\\/\\\/turijnmagazijn.jumpstone-dev.nl\\\/#website\",\"url\":\"https:\\\/\\\/turijnmagazijn.jumpstone-dev.nl\\\/\",\"name\":\"Turijnmagazijn\",\"description\":\"Onderdelen nieuw en gebruikt - Fiat &amp; Lancia\",\"publisher\":{\"@id\":\"https:\\\/\\\/turijnmagazijn.jumpstone-dev.nl\\\/#organization\"},\"potentialAction\":[{\"@type\":\"SearchAction\",\"target\":{\"@type\":\"EntryPoint\",\"urlTemplate\":\"https:\\\/\\\/turijnmagazijn.jumpstone-dev.nl\\\/?s={search_term_string}\"},\"query-input\":{\"@type\":\"PropertyValueSpecification\",\"valueRequired\":true,\"valueName\":\"search_term_string\"}}],\"inLanguage\":\"it-IT\"},{\"@type\":\"Organization\",\"@id\":\"https:\\\/\\\/turijnmagazijn.jumpstone-dev.nl\\\/#organization\",\"name\":\"Turijnmagazijn\",\"url\":\"https:\\\/\\\/turijnmagazijn.jumpstone-dev.nl\\\/\",\"logo\":{\"@type\":\"ImageObject\",\"inLanguage\":\"it-IT\",\"@id\":\"https:\\\/\\\/turijnmagazijn.jumpstone-dev.nl\\\/#\\\/schema\\\/logo\\\/image\\\/\",\"url\":\"https:\\\/\\\/turijnmagazijn.nl\\\/wp-content\\\/uploads\\\/2021\\\/02\\\/turijnmagazijnlogo.png\",\"contentUrl\":\"https:\\\/\\\/turijnmagazijn.nl\\\/wp-content\\\/uploads\\\/2021\\\/02\\\/turijnmagazijnlogo.png\",\"width\":555,\"height\":270,\"caption\":\"Turijnmagazijn\"},\"image\":{\"@id\":\"https:\\\/\\\/turijnmagazijn.jumpstone-dev.nl\\\/#\\\/schema\\\/logo\\\/image\\\/\"},\"sameAs\":[\"https:\\\/\\\/www.facebook.com\\\/turijnmagazijn\"]}]}<\/script>\n<!-- \/ Yoast SEO plugin. -->","yoast_head_json":{"title":"Centralina elettronica di gestione motore Fiat Uno 1.3 Turbo cio\u00e8 funzionamento sconosciuto- Turijnmagazijn","robots":{"index":"index","follow":"follow","max-snippet":"max-snippet:-1","max-image-preview":"max-image-preview:large","max-video-preview":"max-video-preview:-1"},"canonical":"https:\/\/turijnmagazijn.nl\/it\/prodotto\/centralina-gestione-motore-computer-fiat-onu-1-3-turbo-i-e-operazione-sconosciuta\/","og_locale":"it_IT","og_type":"article","og_title":"Centralina elettronica di gestione motore Fiat Uno 1.3 Turbo cio\u00e8 funzionamento sconosciuto- Turijnmagazijn","og_description":"Gestione motore centralina Fiat Uno Turbo - Computer di gestione motore centralina per il controllo dell'iniezione. accensione e controllo al minimo per Fiat Uno con motore turbo benzina. Centralina di gestione motore Fiat Uno 1.3 Turbo - Centralina elettronica di gestione motore per l'aa","og_url":"https:\/\/turijnmagazijn.nl\/it\/prodotto\/centralina-gestione-motore-computer-fiat-onu-1-3-turbo-i-e-operazione-sconosciuta\/","og_site_name":"Turijnmagazijn","article_publisher":"https:\/\/www.facebook.com\/turijnmagazijn","article_modified_time":"2023-08-10T19:01:37+00:00","og_image":[{"width":1024,"height":768,"url":"https:\/\/turijnmagazijn.nl\/wp-content\/uploads\/2023\/03\/DK00102517-ECU-Motormanagement-Fiat-Uno-1.3-Turbo-i.e.-werking-onbekend-2.jpg","type":"image\/jpeg"}],"twitter_card":"summary_large_image","twitter_misc":{"Tempo di lettura stimato":"1 minuto"},"schema":{"@context":"https:\/\/schema.org","@graph":[{"@type":"WebPage","@id":"https:\/\/turijnmagazijn.nl\/it\/prodotto\/centralina-gestione-motore-computer-fiat-onu-1-3-turbo-i-e-operazione-sconosciuta\/","url":"https:\/\/turijnmagazijn.nl\/it\/prodotto\/centralina-gestione-motore-computer-fiat-onu-1-3-turbo-i-e-operazione-sconosciuta\/","name":"Centralina elettronica di gestione motore Fiat Uno 1.3 Turbo cio\u00e8 funzionamento sconosciuto- Turijnmagazijn","isPartOf":{"@id":"https:\/\/turijnmagazijn.jumpstone-dev.nl\/#website"},"primaryImageOfPage":{"@id":"https:\/\/turijnmagazijn.nl\/it\/prodotto\/centralina-gestione-motore-computer-fiat-onu-1-3-turbo-i-e-operazione-sconosciuta\/#primaryimage"},"image":{"@id":"https:\/\/turijnmagazijn.nl\/it\/prodotto\/centralina-gestione-motore-computer-fiat-onu-1-3-turbo-i-e-operazione-sconosciuta\/#primaryimage"},"thumbnailUrl":"https:\/\/turijnmagazijn.nl\/wp-content\/uploads\/2023\/03\/DK00102517-ECU-Motormanagement-Fiat-Uno-1.3-Turbo-i.e.-werking-onbekend-2.jpg","datePublished":"2023-03-03T09:23:16+00:00","dateModified":"2023-08-10T19:01:37+00:00","breadcrumb":{"@id":"https:\/\/turijnmagazijn.nl\/it\/prodotto\/centralina-gestione-motore-computer-fiat-onu-1-3-turbo-i-e-operazione-sconosciuta\/#breadcrumb"},"inLanguage":"it-IT","potentialAction":[{"@type":"ReadAction","target":["https:\/\/turijnmagazijn.nl\/it\/prodotto\/centralina-gestione-motore-computer-fiat-onu-1-3-turbo-i-e-operazione-sconosciuta\/"]}]},{"@type":"ImageObject","inLanguage":"it-IT","@id":"https:\/\/turijnmagazijn.nl\/it\/prodotto\/centralina-gestione-motore-computer-fiat-onu-1-3-turbo-i-e-operazione-sconosciuta\/#primaryimage","url":"https:\/\/turijnmagazijn.nl\/wp-content\/uploads\/2023\/03\/DK00102517-ECU-Motormanagement-Fiat-Uno-1.3-Turbo-i.e.-werking-onbekend-2.jpg","contentUrl":"https:\/\/turijnmagazijn.nl\/wp-content\/uploads\/2023\/03\/DK00102517-ECU-Motormanagement-Fiat-Uno-1.3-Turbo-i.e.-werking-onbekend-2.jpg","width":1024,"height":768},{"@type":"BreadcrumbList","@id":"https:\/\/turijnmagazijn.nl\/it\/prodotto\/centralina-gestione-motore-computer-fiat-onu-1-3-turbo-i-e-operazione-sconosciuta\/#breadcrumb","itemListElement":[{"@type":"ListItem","position":1,"name":"Home","item":"https:\/\/turijnmagazijn.nl\/it\/"},{"@type":"ListItem","position":2,"name":"Prodotti","item":"https:\/\/turijnmagazijn.nl\/it\/shop\/"},{"@type":"ListItem","position":3,"name":"Centralina elettronica di gestione motore Fiat Uno 1.3 Turbo cio\u00e8 funzionamento sconosciuto-"}]},{"@type":"WebSite","@id":"https:\/\/turijnmagazijn.jumpstone-dev.nl\/#website","url":"https:\/\/turijnmagazijn.jumpstone-dev.nl\/","name":"Turijnmagazijn","description":"Onderdelen nieuw en gebruikt - Fiat &amp; Lancia","publisher":{"@id":"https:\/\/turijnmagazijn.jumpstone-dev.nl\/#organization"},"potentialAction":[{"@type":"SearchAction","target":{"@type":"EntryPoint","urlTemplate":"https:\/\/turijnmagazijn.jumpstone-dev.nl\/?s={search_term_string}"},"query-input":{"@type":"PropertyValueSpecification","valueRequired":true,"valueName":"search_term_string"}}],"inLanguage":"it-IT"},{"@type":"Organization","@id":"https:\/\/turijnmagazijn.jumpstone-dev.nl\/#organization","name":"Turijnmagazijn","url":"https:\/\/turijnmagazijn.jumpstone-dev.nl\/","logo":{"@type":"ImageObject","inLanguage":"it-IT","@id":"https:\/\/turijnmagazijn.jumpstone-dev.nl\/#\/schema\/logo\/image\/","url":"https:\/\/turijnmagazijn.nl\/wp-content\/uploads\/2021\/02\/turijnmagazijnlogo.png","contentUrl":"https:\/\/turijnmagazijn.nl\/wp-content\/uploads\/2021\/02\/turijnmagazijnlogo.png","width":555,"height":270,"caption":"Turijnmagazijn"},"image":{"@id":"https:\/\/turijnmagazijn.jumpstone-dev.nl\/#\/schema\/logo\/image\/"},"sameAs":["https:\/\/www.facebook.com\/turijnmagazijn"]}]}},"_links":{"self":[{"href":"https:\/\/turijnmagazijn.nl\/it\/wp-json\/wp\/v2\/product\/67458","targetHints":{"allow":["GET"]}}],"collection":[{"href":"https:\/\/turijnmagazijn.nl\/it\/wp-json\/wp\/v2\/product"}],"about":[{"href":"https:\/\/turijnmagazijn.nl\/it\/wp-json\/wp\/v2\/types\/product"}],"replies":[{"embeddable":true,"href":"https:\/\/turijnmagazijn.nl\/it\/wp-json\/wp\/v2\/comments?post=67458"}],"wp:featuredmedia":[{"embeddable":true,"href":"https:\/\/turijnmagazijn.nl\/it\/wp-json\/wp\/v2\/media\/57301"}],"wp:attachment":[{"href":"https:\/\/turijnmagazijn.nl\/it\/wp-json\/wp\/v2\/media?parent=67458"}],"wp:term":[{"taxonomy":"product_brand","embeddable":true,"href":"https:\/\/turijnmagazijn.nl\/it\/wp-json\/wp\/v2\/product_brand?post=67458"},{"taxonomy":"product_cat","embeddable":true,"href":"https:\/\/turijnmagazijn.nl\/it\/wp-json\/wp\/v2\/product_cat?post=67458"},{"taxonomy":"product_tag","embeddable":true,"href":"https:\/\/turijnmagazijn.nl\/it\/wp-json\/wp\/v2\/product_tag?post=67458"}],"curies":[{"name":"wp","href":"https:\/\/api.w.org\/{rel}","templated":true}]}}