{"id":67470,"date":"2023-03-03T10:23:46","date_gmt":"2023-03-03T09:23:46","guid":{"rendered":"https:\/\/turijnmagazijn.nl\/product\/rele-luci-di-avvertimento-nere-lancia-kappa-ferrari-maserati\/"},"modified":"2023-07-27T13:11:53","modified_gmt":"2023-07-27T11:11:53","slug":"rele-nero-luci-di-segnalazione-lancia-kappa-ferrari-maserati","status":"publish","type":"product","link":"https:\/\/turijnmagazijn.nl\/it\/prodotto\/rele-nero-luci-di-segnalazione-lancia-kappa-ferrari-maserati\/","title":{"rendered":"Rel\u00e8 Luci di avvertimento nere Lancia Kappa Ferrari Maserati"},"content":{"rendered":"<p>Utilizza il rel\u00e8 per controllare le spie di avvertimento per Lancia Kappa. Questo rel\u00e8 \u00e8 stato applicato anche a vari modelli di Alfa Romeo (tra cui 166), Spider 916 e 146. Ferrari e Maserati. Confrontare sempre il numero di parte sul rel\u00e8 difettoso prima di ordinare e montare. Con una Lancia Kappa, questo rel\u00e8 si trova nella posizione E2 nella scatola dei fusibili sotto il cruscotto. Questo rel\u00e8 nero \u00e8 intercambiabile con il raro rel\u00e8 verde con numero 46466571. Questo rel\u00e8 in colore nero. Iscrizioni sul rel\u00e8: B88360570359 7263112V \/ 2(4) X 21WA 73404made in ItalyOEM Lancia 60570359<\/p>\n","protected":false},"excerpt":{"rendered":"<p>Spie rel\u00e8 Lancia Kappa Ferrari Maserati &#8211; Rel\u00e8 usato per controllare le spie luminose per Lancia Kappa.Rel\u00e8 Luci di avvertimento nere Lancia Kappa Ferrari Maserati &#8211; Rel\u00e8 usato per controllare le spie luminose<\/p>\n","protected":false},"featured_media":90142,"comment_status":"closed","ping_status":"closed","template":"","meta":{"_acf_changed":false},"product_brand":[],"product_cat":[1649,1583,1863,1866,1857,1800,1871],"product_tag":[],"class_list":{"0":"post-67470","1":"product","2":"type-product","3":"status-publish","4":"has-post-thumbnail","6":"product_cat-166-936-it","7":"product_cat-alfa-romeo-it","8":"product_cat-berlina-it","9":"product_cat-coupe-it","10":"product_cat-kappa-838-it","11":"product_cat-lancia-it","12":"product_cat-sw-it","13":"pa_soort-onderdeel-altre-parti-di-automobili","14":"pa_soort-onderdeel-elettronica-e-cavi","16":"first","17":"instock","18":"shipping-taxable","19":"purchasable","20":"product-type-simple"},"acf":[],"yoast_head":"<!-- This site is optimized with the Yoast SEO plugin v27.2 - https:\/\/yoast.com\/product\/yoast-seo-wordpress\/ -->\n<title>Rel\u00e8 Luci di avvertimento nere Lancia Kappa Ferrari Maserati - Turijnmagazijn<\/title>\n<meta name=\"robots\" content=\"index, follow, max-snippet:-1, max-image-preview:large, max-video-preview:-1\" \/>\n<link rel=\"canonical\" href=\"https:\/\/turijnmagazijn.nl\/it\/prodotto\/rele-nero-luci-di-segnalazione-lancia-kappa-ferrari-maserati\/\" \/>\n<meta property=\"og:locale\" content=\"it_IT\" \/>\n<meta property=\"og:type\" content=\"article\" \/>\n<meta property=\"og:title\" content=\"Rel\u00e8 Luci di avvertimento nere Lancia Kappa Ferrari Maserati - Turijnmagazijn\" \/>\n<meta property=\"og:description\" content=\"Spie rel\u00e8 Lancia Kappa Ferrari Maserati - Rel\u00e8 usato per controllare le spie luminose per Lancia Kappa.Rel\u00e8 Luci di avvertimento nere Lancia Kappa Ferrari Maserati - Rel\u00e8 usato per controllare le spie luminose\" \/>\n<meta property=\"og:url\" content=\"https:\/\/turijnmagazijn.nl\/it\/prodotto\/rele-nero-luci-di-segnalazione-lancia-kappa-ferrari-maserati\/\" \/>\n<meta property=\"og:site_name\" content=\"Turijnmagazijn\" \/>\n<meta property=\"article:publisher\" content=\"https:\/\/www.facebook.com\/turijnmagazijn\" \/>\n<meta property=\"article:modified_time\" content=\"2023-07-27T11:11:53+00:00\" \/>\n<meta property=\"og:image\" content=\"https:\/\/turijnmagazijn.nl\/wp-content\/uploads\/2023\/03\/DK0102528-Relais-Zwart-waarschuwingslichten-Lancia-Kappa-Ferrari-Maserati-60570359-2-scaled.jpg\" \/>\n\t<meta property=\"og:image:width\" content=\"2560\" \/>\n\t<meta property=\"og:image:height\" content=\"1920\" \/>\n\t<meta property=\"og:image:type\" content=\"image\/jpeg\" \/>\n<meta name=\"twitter:card\" content=\"summary_large_image\" \/>\n<script type=\"application\/ld+json\" class=\"yoast-schema-graph\">{\"@context\":\"https:\/\/schema.org\",\"@graph\":[{\"@type\":\"WebPage\",\"@id\":\"https:\/\/turijnmagazijn.nl\/it\/prodotto\/rele-nero-luci-di-segnalazione-lancia-kappa-ferrari-maserati\/\",\"url\":\"https:\/\/turijnmagazijn.nl\/it\/prodotto\/rele-nero-luci-di-segnalazione-lancia-kappa-ferrari-maserati\/\",\"name\":\"Rel\u00e8 Luci di avvertimento nere Lancia Kappa Ferrari Maserati - Turijnmagazijn\",\"isPartOf\":{\"@id\":\"https:\/\/turijnmagazijn.jumpstone-dev.nl\/#website\"},\"primaryImageOfPage\":{\"@id\":\"https:\/\/turijnmagazijn.nl\/it\/prodotto\/rele-nero-luci-di-segnalazione-lancia-kappa-ferrari-maserati\/#primaryimage\"},\"image\":{\"@id\":\"https:\/\/turijnmagazijn.nl\/it\/prodotto\/rele-nero-luci-di-segnalazione-lancia-kappa-ferrari-maserati\/#primaryimage\"},\"thumbnailUrl\":\"https:\/\/turijnmagazijn.nl\/wp-content\/uploads\/2023\/03\/DK0102528-Relais-Zwart-waarschuwingslichten-Lancia-Kappa-Ferrari-Maserati-60570359-2-scaled.jpg\",\"datePublished\":\"2023-03-03T09:23:46+00:00\",\"dateModified\":\"2023-07-27T11:11:53+00:00\",\"breadcrumb\":{\"@id\":\"https:\/\/turijnmagazijn.nl\/it\/prodotto\/rele-nero-luci-di-segnalazione-lancia-kappa-ferrari-maserati\/#breadcrumb\"},\"inLanguage\":\"it-IT\",\"potentialAction\":[{\"@type\":\"ReadAction\",\"target\":[\"https:\/\/turijnmagazijn.nl\/it\/prodotto\/rele-nero-luci-di-segnalazione-lancia-kappa-ferrari-maserati\/\"]}]},{\"@type\":\"ImageObject\",\"inLanguage\":\"it-IT\",\"@id\":\"https:\/\/turijnmagazijn.nl\/it\/prodotto\/rele-nero-luci-di-segnalazione-lancia-kappa-ferrari-maserati\/#primaryimage\",\"url\":\"https:\/\/turijnmagazijn.nl\/wp-content\/uploads\/2023\/03\/DK0102528-Relais-Zwart-waarschuwingslichten-Lancia-Kappa-Ferrari-Maserati-60570359-2-scaled.jpg\",\"contentUrl\":\"https:\/\/turijnmagazijn.nl\/wp-content\/uploads\/2023\/03\/DK0102528-Relais-Zwart-waarschuwingslichten-Lancia-Kappa-Ferrari-Maserati-60570359-2-scaled.jpg\",\"width\":2560,\"height\":1920},{\"@type\":\"BreadcrumbList\",\"@id\":\"https:\/\/turijnmagazijn.nl\/it\/prodotto\/rele-nero-luci-di-segnalazione-lancia-kappa-ferrari-maserati\/#breadcrumb\",\"itemListElement\":[{\"@type\":\"ListItem\",\"position\":1,\"name\":\"Home\",\"item\":\"https:\/\/turijnmagazijn.nl\/it\/\"},{\"@type\":\"ListItem\",\"position\":2,\"name\":\"Prodotti\",\"item\":\"https:\/\/turijnmagazijn.nl\/it\/shop\/\"},{\"@type\":\"ListItem\",\"position\":3,\"name\":\"Rel\u00e8 Luci di avvertimento nere Lancia Kappa Ferrari Maserati\"}]},{\"@type\":\"WebSite\",\"@id\":\"https:\/\/turijnmagazijn.jumpstone-dev.nl\/#website\",\"url\":\"https:\/\/turijnmagazijn.jumpstone-dev.nl\/\",\"name\":\"Turijnmagazijn\",\"description\":\"Onderdelen nieuw en gebruikt - Fiat &amp; Lancia\",\"publisher\":{\"@id\":\"https:\/\/turijnmagazijn.jumpstone-dev.nl\/#organization\"},\"potentialAction\":[{\"@type\":\"SearchAction\",\"target\":{\"@type\":\"EntryPoint\",\"urlTemplate\":\"https:\/\/turijnmagazijn.jumpstone-dev.nl\/?s={search_term_string}\"},\"query-input\":{\"@type\":\"PropertyValueSpecification\",\"valueRequired\":true,\"valueName\":\"search_term_string\"}}],\"inLanguage\":\"it-IT\"},{\"@type\":\"Organization\",\"@id\":\"https:\/\/turijnmagazijn.jumpstone-dev.nl\/#organization\",\"name\":\"Turijnmagazijn\",\"url\":\"https:\/\/turijnmagazijn.jumpstone-dev.nl\/\",\"logo\":{\"@type\":\"ImageObject\",\"inLanguage\":\"it-IT\",\"@id\":\"https:\/\/turijnmagazijn.jumpstone-dev.nl\/#\/schema\/logo\/image\/\",\"url\":\"https:\/\/turijnmagazijn.nl\/wp-content\/uploads\/2021\/02\/turijnmagazijnlogo.png\",\"contentUrl\":\"https:\/\/turijnmagazijn.nl\/wp-content\/uploads\/2021\/02\/turijnmagazijnlogo.png\",\"width\":555,\"height\":270,\"caption\":\"Turijnmagazijn\"},\"image\":{\"@id\":\"https:\/\/turijnmagazijn.jumpstone-dev.nl\/#\/schema\/logo\/image\/\"},\"sameAs\":[\"https:\/\/www.facebook.com\/turijnmagazijn\"]}]}<\/script>\n<!-- \/ Yoast SEO plugin. -->","yoast_head_json":{"title":"Rel\u00e8 Luci di avvertimento nere Lancia Kappa Ferrari Maserati - Turijnmagazijn","robots":{"index":"index","follow":"follow","max-snippet":"max-snippet:-1","max-image-preview":"max-image-preview:large","max-video-preview":"max-video-preview:-1"},"canonical":"https:\/\/turijnmagazijn.nl\/it\/prodotto\/rele-nero-luci-di-segnalazione-lancia-kappa-ferrari-maserati\/","og_locale":"it_IT","og_type":"article","og_title":"Rel\u00e8 Luci di avvertimento nere Lancia Kappa Ferrari Maserati - Turijnmagazijn","og_description":"Spie rel\u00e8 Lancia Kappa Ferrari Maserati - Rel\u00e8 usato per controllare le spie luminose per Lancia Kappa.Rel\u00e8 Luci di avvertimento nere Lancia Kappa Ferrari Maserati - Rel\u00e8 usato per controllare le spie luminose","og_url":"https:\/\/turijnmagazijn.nl\/it\/prodotto\/rele-nero-luci-di-segnalazione-lancia-kappa-ferrari-maserati\/","og_site_name":"Turijnmagazijn","article_publisher":"https:\/\/www.facebook.com\/turijnmagazijn","article_modified_time":"2023-07-27T11:11:53+00:00","og_image":[{"width":2560,"height":1920,"url":"https:\/\/turijnmagazijn.nl\/wp-content\/uploads\/2023\/03\/DK0102528-Relais-Zwart-waarschuwingslichten-Lancia-Kappa-Ferrari-Maserati-60570359-2-scaled.jpg","type":"image\/jpeg"}],"twitter_card":"summary_large_image","schema":{"@context":"https:\/\/schema.org","@graph":[{"@type":"WebPage","@id":"https:\/\/turijnmagazijn.nl\/it\/prodotto\/rele-nero-luci-di-segnalazione-lancia-kappa-ferrari-maserati\/","url":"https:\/\/turijnmagazijn.nl\/it\/prodotto\/rele-nero-luci-di-segnalazione-lancia-kappa-ferrari-maserati\/","name":"Rel\u00e8 Luci di avvertimento nere Lancia Kappa Ferrari Maserati - Turijnmagazijn","isPartOf":{"@id":"https:\/\/turijnmagazijn.jumpstone-dev.nl\/#website"},"primaryImageOfPage":{"@id":"https:\/\/turijnmagazijn.nl\/it\/prodotto\/rele-nero-luci-di-segnalazione-lancia-kappa-ferrari-maserati\/#primaryimage"},"image":{"@id":"https:\/\/turijnmagazijn.nl\/it\/prodotto\/rele-nero-luci-di-segnalazione-lancia-kappa-ferrari-maserati\/#primaryimage"},"thumbnailUrl":"https:\/\/turijnmagazijn.nl\/wp-content\/uploads\/2023\/03\/DK0102528-Relais-Zwart-waarschuwingslichten-Lancia-Kappa-Ferrari-Maserati-60570359-2-scaled.jpg","datePublished":"2023-03-03T09:23:46+00:00","dateModified":"2023-07-27T11:11:53+00:00","breadcrumb":{"@id":"https:\/\/turijnmagazijn.nl\/it\/prodotto\/rele-nero-luci-di-segnalazione-lancia-kappa-ferrari-maserati\/#breadcrumb"},"inLanguage":"it-IT","potentialAction":[{"@type":"ReadAction","target":["https:\/\/turijnmagazijn.nl\/it\/prodotto\/rele-nero-luci-di-segnalazione-lancia-kappa-ferrari-maserati\/"]}]},{"@type":"ImageObject","inLanguage":"it-IT","@id":"https:\/\/turijnmagazijn.nl\/it\/prodotto\/rele-nero-luci-di-segnalazione-lancia-kappa-ferrari-maserati\/#primaryimage","url":"https:\/\/turijnmagazijn.nl\/wp-content\/uploads\/2023\/03\/DK0102528-Relais-Zwart-waarschuwingslichten-Lancia-Kappa-Ferrari-Maserati-60570359-2-scaled.jpg","contentUrl":"https:\/\/turijnmagazijn.nl\/wp-content\/uploads\/2023\/03\/DK0102528-Relais-Zwart-waarschuwingslichten-Lancia-Kappa-Ferrari-Maserati-60570359-2-scaled.jpg","width":2560,"height":1920},{"@type":"BreadcrumbList","@id":"https:\/\/turijnmagazijn.nl\/it\/prodotto\/rele-nero-luci-di-segnalazione-lancia-kappa-ferrari-maserati\/#breadcrumb","itemListElement":[{"@type":"ListItem","position":1,"name":"Home","item":"https:\/\/turijnmagazijn.nl\/it\/"},{"@type":"ListItem","position":2,"name":"Prodotti","item":"https:\/\/turijnmagazijn.nl\/it\/shop\/"},{"@type":"ListItem","position":3,"name":"Rel\u00e8 Luci di avvertimento nere Lancia Kappa Ferrari Maserati"}]},{"@type":"WebSite","@id":"https:\/\/turijnmagazijn.jumpstone-dev.nl\/#website","url":"https:\/\/turijnmagazijn.jumpstone-dev.nl\/","name":"Turijnmagazijn","description":"Onderdelen nieuw en gebruikt - Fiat &amp; Lancia","publisher":{"@id":"https:\/\/turijnmagazijn.jumpstone-dev.nl\/#organization"},"potentialAction":[{"@type":"SearchAction","target":{"@type":"EntryPoint","urlTemplate":"https:\/\/turijnmagazijn.jumpstone-dev.nl\/?s={search_term_string}"},"query-input":{"@type":"PropertyValueSpecification","valueRequired":true,"valueName":"search_term_string"}}],"inLanguage":"it-IT"},{"@type":"Organization","@id":"https:\/\/turijnmagazijn.jumpstone-dev.nl\/#organization","name":"Turijnmagazijn","url":"https:\/\/turijnmagazijn.jumpstone-dev.nl\/","logo":{"@type":"ImageObject","inLanguage":"it-IT","@id":"https:\/\/turijnmagazijn.jumpstone-dev.nl\/#\/schema\/logo\/image\/","url":"https:\/\/turijnmagazijn.nl\/wp-content\/uploads\/2021\/02\/turijnmagazijnlogo.png","contentUrl":"https:\/\/turijnmagazijn.nl\/wp-content\/uploads\/2021\/02\/turijnmagazijnlogo.png","width":555,"height":270,"caption":"Turijnmagazijn"},"image":{"@id":"https:\/\/turijnmagazijn.jumpstone-dev.nl\/#\/schema\/logo\/image\/"},"sameAs":["https:\/\/www.facebook.com\/turijnmagazijn"]}]}},"_links":{"self":[{"href":"https:\/\/turijnmagazijn.nl\/it\/wp-json\/wp\/v2\/product\/67470","targetHints":{"allow":["GET"]}}],"collection":[{"href":"https:\/\/turijnmagazijn.nl\/it\/wp-json\/wp\/v2\/product"}],"about":[{"href":"https:\/\/turijnmagazijn.nl\/it\/wp-json\/wp\/v2\/types\/product"}],"replies":[{"embeddable":true,"href":"https:\/\/turijnmagazijn.nl\/it\/wp-json\/wp\/v2\/comments?post=67470"}],"wp:featuredmedia":[{"embeddable":true,"href":"https:\/\/turijnmagazijn.nl\/it\/wp-json\/wp\/v2\/media\/90142"}],"wp:attachment":[{"href":"https:\/\/turijnmagazijn.nl\/it\/wp-json\/wp\/v2\/media?parent=67470"}],"wp:term":[{"taxonomy":"product_brand","embeddable":true,"href":"https:\/\/turijnmagazijn.nl\/it\/wp-json\/wp\/v2\/product_brand?post=67470"},{"taxonomy":"product_cat","embeddable":true,"href":"https:\/\/turijnmagazijn.nl\/it\/wp-json\/wp\/v2\/product_cat?post=67470"},{"taxonomy":"product_tag","embeddable":true,"href":"https:\/\/turijnmagazijn.nl\/it\/wp-json\/wp\/v2\/product_tag?post=67470"}],"curies":[{"name":"wp","href":"https:\/\/api.w.org\/{rel}","templated":true}]}}