{"id":67637,"date":"2023-03-03T10:29:51","date_gmt":"2023-03-03T09:29:51","guid":{"rendered":"https:\/\/turijnmagazijn.nl\/product\/logo-fiat-per-chiave-punto-evo-tipo-2-500x-alluminio-3d\/"},"modified":"2025-06-22T19:33:15","modified_gmt":"2025-06-22T17:33:15","slug":"fiat-logo-for-key-punto-evo-tipo-2-500x-alluminio-3d","status":"publish","type":"product","link":"https:\/\/turijnmagazijn.nl\/it\/prodotto\/fiat-logo-for-key-punto-evo-tipo-2-500x-alluminio-3d\/","title":{"rendered":"Logo Fiat per chiave Punto EVO + Tipo 2 + 500X ALLUMINIO 3D"},"content":{"rendered":"<p>Logo della chiave. Il logo presenta il design dei nuovi loghi Fiat in rosso per l&#8217;ultimo tipo di chiave utilizzata sulla Punto Evo e sulla Tipo 2.  Questo tipo di chiavi \u00e8 in uso dal 2010 circa.<\/p>\n<p><strong><span style=\"color: #0000ff;\">Questo logo si avvicina meglio all&#8217;originale! per una finitura di alta qualit\u00e0. Le lettere FIAT sono sollevate individualmente dallo sfondo e il colore rosso \u00e8 bello e scuro. Questa \u00e8 l&#8217;opzione di lusso per sostituire il tuo logo.  <\/span><\/strong><\/p>\n<p>Adatto anche per Fiat 500X chiave nera. Vedi foto di esempio. Il logo originale su questa chiave ha un design un po &#8216;pi\u00f9 elegante, ma le dimensioni sono esattamente le stesse, quindi sono intercambiabili.<\/p>\n<p>&nbsp;<\/p>\n<p>Non una parte originale, ma una replica di alta qualit\u00e0 in alluminio. Prodotto bellissimo, indistinguibile dall&#8217;originale.<\/p>\n<p>&nbsp;<\/p>\n<p><strong>Vendi per pezzo!<\/strong><\/p>\n<p>&nbsp;<\/p>\n","protected":false},"excerpt":{"rendered":"<p>Logo Fiat per chiave Punto EVO e Tipo 2 &#8211; nuovo logo Fiat in rosso per l&#8217;ultimo tipo di chiave utilizzata su Punto Evo e Tipo 2. Logo Fiat per chiave Punto EVO + Tipo 2 + 500X &#8211; nuovo logo Fiat in rosso.<\/p>\n","protected":false},"featured_media":58265,"comment_status":"closed","ping_status":"closed","template":"","meta":{"_acf_changed":false},"product_brand":[],"product_cat":[1699,1691,1749],"product_tag":[],"class_list":{"0":"post-67637","1":"product","2":"type-product","3":"status-publish","4":"has-post-thumbnail","6":"product_cat-500x-334-it","7":"product_cat-fiat-it","8":"product_cat-punto-2-188-it","9":"pa_soort-onderdeel-portachiavi-e-adesivi","11":"first","12":"instock","13":"taxable","14":"shipping-taxable","15":"purchasable","16":"product-type-simple"},"acf":[],"yoast_head":"<!-- This site is optimized with the Yoast SEO plugin v27.3 - https:\/\/yoast.com\/product\/yoast-seo-wordpress\/ -->\n<title>Logo Fiat per chiave Punto EVO + Tipo 2 + 500X ALLUMINIO 3D - Turijnmagazijn<\/title>\n<meta name=\"robots\" content=\"index, follow, max-snippet:-1, max-image-preview:large, max-video-preview:-1\" \/>\n<link rel=\"canonical\" href=\"https:\/\/turijnmagazijn.nl\/it\/prodotto\/fiat-logo-for-key-punto-evo-tipo-2-500x-alluminio-3d\/\" \/>\n<meta property=\"og:locale\" content=\"it_IT\" \/>\n<meta property=\"og:type\" content=\"article\" \/>\n<meta property=\"og:title\" content=\"Logo Fiat per chiave Punto EVO + Tipo 2 + 500X ALLUMINIO 3D - Turijnmagazijn\" \/>\n<meta property=\"og:description\" content=\"Logo Fiat per chiave Punto EVO e Tipo 2 - nuovo logo Fiat in rosso per l&#039;ultimo tipo di chiave utilizzata su Punto Evo e Tipo 2. Logo Fiat per chiave Punto EVO + Tipo 2 + 500X - nuovo logo Fiat in rosso.\" \/>\n<meta property=\"og:url\" content=\"https:\/\/turijnmagazijn.nl\/it\/prodotto\/fiat-logo-for-key-punto-evo-tipo-2-500x-alluminio-3d\/\" \/>\n<meta property=\"og:site_name\" content=\"Turijnmagazijn\" \/>\n<meta property=\"article:publisher\" content=\"https:\/\/www.facebook.com\/turijnmagazijn\" \/>\n<meta property=\"article:modified_time\" content=\"2025-06-22T17:33:15+00:00\" \/>\n<meta property=\"og:image\" content=\"https:\/\/turijnmagazijn.nl\/wp-content\/uploads\/2023\/03\/DN0100299-Fiat-logo-ROOD-sleutel-Fiat-Stilo-Punto-II-500-Grande-Punto-immitatie-ALUMINIUM-3D-4.jpg\" \/>\n\t<meta property=\"og:image:width\" content=\"1024\" \/>\n\t<meta property=\"og:image:height\" content=\"768\" \/>\n\t<meta property=\"og:image:type\" content=\"image\/jpeg\" \/>\n<meta name=\"twitter:card\" content=\"summary_large_image\" \/>\n<meta name=\"twitter:label1\" content=\"Tempo di lettura stimato\" \/>\n\t<meta name=\"twitter:data1\" content=\"1 minuto\" \/>\n<script type=\"application\/ld+json\" class=\"yoast-schema-graph\">{\"@context\":\"https:\\\/\\\/schema.org\",\"@graph\":[{\"@type\":\"WebPage\",\"@id\":\"https:\\\/\\\/turijnmagazijn.nl\\\/it\\\/prodotto\\\/fiat-logo-for-key-punto-evo-tipo-2-500x-alluminio-3d\\\/\",\"url\":\"https:\\\/\\\/turijnmagazijn.nl\\\/it\\\/prodotto\\\/fiat-logo-for-key-punto-evo-tipo-2-500x-alluminio-3d\\\/\",\"name\":\"Logo Fiat per chiave Punto EVO + Tipo 2 + 500X ALLUMINIO 3D - Turijnmagazijn\",\"isPartOf\":{\"@id\":\"https:\\\/\\\/turijnmagazijn.jumpstone-dev.nl\\\/#website\"},\"primaryImageOfPage\":{\"@id\":\"https:\\\/\\\/turijnmagazijn.nl\\\/it\\\/prodotto\\\/fiat-logo-for-key-punto-evo-tipo-2-500x-alluminio-3d\\\/#primaryimage\"},\"image\":{\"@id\":\"https:\\\/\\\/turijnmagazijn.nl\\\/it\\\/prodotto\\\/fiat-logo-for-key-punto-evo-tipo-2-500x-alluminio-3d\\\/#primaryimage\"},\"thumbnailUrl\":\"https:\\\/\\\/turijnmagazijn.nl\\\/wp-content\\\/uploads\\\/2023\\\/03\\\/DN0100299-Fiat-logo-ROOD-sleutel-Fiat-Stilo-Punto-II-500-Grande-Punto-immitatie-ALUMINIUM-3D-4.jpg\",\"datePublished\":\"2023-03-03T09:29:51+00:00\",\"dateModified\":\"2025-06-22T17:33:15+00:00\",\"breadcrumb\":{\"@id\":\"https:\\\/\\\/turijnmagazijn.nl\\\/it\\\/prodotto\\\/fiat-logo-for-key-punto-evo-tipo-2-500x-alluminio-3d\\\/#breadcrumb\"},\"inLanguage\":\"it-IT\",\"potentialAction\":[{\"@type\":\"ReadAction\",\"target\":[\"https:\\\/\\\/turijnmagazijn.nl\\\/it\\\/prodotto\\\/fiat-logo-for-key-punto-evo-tipo-2-500x-alluminio-3d\\\/\"]}]},{\"@type\":\"ImageObject\",\"inLanguage\":\"it-IT\",\"@id\":\"https:\\\/\\\/turijnmagazijn.nl\\\/it\\\/prodotto\\\/fiat-logo-for-key-punto-evo-tipo-2-500x-alluminio-3d\\\/#primaryimage\",\"url\":\"https:\\\/\\\/turijnmagazijn.nl\\\/wp-content\\\/uploads\\\/2023\\\/03\\\/DN0100299-Fiat-logo-ROOD-sleutel-Fiat-Stilo-Punto-II-500-Grande-Punto-immitatie-ALUMINIUM-3D-4.jpg\",\"contentUrl\":\"https:\\\/\\\/turijnmagazijn.nl\\\/wp-content\\\/uploads\\\/2023\\\/03\\\/DN0100299-Fiat-logo-ROOD-sleutel-Fiat-Stilo-Punto-II-500-Grande-Punto-immitatie-ALUMINIUM-3D-4.jpg\",\"width\":1024,\"height\":768},{\"@type\":\"BreadcrumbList\",\"@id\":\"https:\\\/\\\/turijnmagazijn.nl\\\/it\\\/prodotto\\\/fiat-logo-for-key-punto-evo-tipo-2-500x-alluminio-3d\\\/#breadcrumb\",\"itemListElement\":[{\"@type\":\"ListItem\",\"position\":1,\"name\":\"Home\",\"item\":\"https:\\\/\\\/turijnmagazijn.nl\\\/it\\\/\"},{\"@type\":\"ListItem\",\"position\":2,\"name\":\"Prodotti\",\"item\":\"https:\\\/\\\/turijnmagazijn.nl\\\/it\\\/shop\\\/\"},{\"@type\":\"ListItem\",\"position\":3,\"name\":\"Logo Fiat per chiave Punto EVO + Tipo 2 + 500X ALLUMINIO 3D\"}]},{\"@type\":\"WebSite\",\"@id\":\"https:\\\/\\\/turijnmagazijn.jumpstone-dev.nl\\\/#website\",\"url\":\"https:\\\/\\\/turijnmagazijn.jumpstone-dev.nl\\\/\",\"name\":\"Turijnmagazijn\",\"description\":\"Onderdelen nieuw en gebruikt - Fiat &amp; Lancia\",\"publisher\":{\"@id\":\"https:\\\/\\\/turijnmagazijn.jumpstone-dev.nl\\\/#organization\"},\"potentialAction\":[{\"@type\":\"SearchAction\",\"target\":{\"@type\":\"EntryPoint\",\"urlTemplate\":\"https:\\\/\\\/turijnmagazijn.jumpstone-dev.nl\\\/?s={search_term_string}\"},\"query-input\":{\"@type\":\"PropertyValueSpecification\",\"valueRequired\":true,\"valueName\":\"search_term_string\"}}],\"inLanguage\":\"it-IT\"},{\"@type\":\"Organization\",\"@id\":\"https:\\\/\\\/turijnmagazijn.jumpstone-dev.nl\\\/#organization\",\"name\":\"Turijnmagazijn\",\"url\":\"https:\\\/\\\/turijnmagazijn.jumpstone-dev.nl\\\/\",\"logo\":{\"@type\":\"ImageObject\",\"inLanguage\":\"it-IT\",\"@id\":\"https:\\\/\\\/turijnmagazijn.jumpstone-dev.nl\\\/#\\\/schema\\\/logo\\\/image\\\/\",\"url\":\"https:\\\/\\\/turijnmagazijn.nl\\\/wp-content\\\/uploads\\\/2021\\\/02\\\/turijnmagazijnlogo.png\",\"contentUrl\":\"https:\\\/\\\/turijnmagazijn.nl\\\/wp-content\\\/uploads\\\/2021\\\/02\\\/turijnmagazijnlogo.png\",\"width\":555,\"height\":270,\"caption\":\"Turijnmagazijn\"},\"image\":{\"@id\":\"https:\\\/\\\/turijnmagazijn.jumpstone-dev.nl\\\/#\\\/schema\\\/logo\\\/image\\\/\"},\"sameAs\":[\"https:\\\/\\\/www.facebook.com\\\/turijnmagazijn\"]}]}<\/script>\n<!-- \/ Yoast SEO plugin. -->","yoast_head_json":{"title":"Logo Fiat per chiave Punto EVO + Tipo 2 + 500X ALLUMINIO 3D - Turijnmagazijn","robots":{"index":"index","follow":"follow","max-snippet":"max-snippet:-1","max-image-preview":"max-image-preview:large","max-video-preview":"max-video-preview:-1"},"canonical":"https:\/\/turijnmagazijn.nl\/it\/prodotto\/fiat-logo-for-key-punto-evo-tipo-2-500x-alluminio-3d\/","og_locale":"it_IT","og_type":"article","og_title":"Logo Fiat per chiave Punto EVO + Tipo 2 + 500X ALLUMINIO 3D - Turijnmagazijn","og_description":"Logo Fiat per chiave Punto EVO e Tipo 2 - nuovo logo Fiat in rosso per l'ultimo tipo di chiave utilizzata su Punto Evo e Tipo 2. Logo Fiat per chiave Punto EVO + Tipo 2 + 500X - nuovo logo Fiat in rosso.","og_url":"https:\/\/turijnmagazijn.nl\/it\/prodotto\/fiat-logo-for-key-punto-evo-tipo-2-500x-alluminio-3d\/","og_site_name":"Turijnmagazijn","article_publisher":"https:\/\/www.facebook.com\/turijnmagazijn","article_modified_time":"2025-06-22T17:33:15+00:00","og_image":[{"width":1024,"height":768,"url":"https:\/\/turijnmagazijn.nl\/wp-content\/uploads\/2023\/03\/DN0100299-Fiat-logo-ROOD-sleutel-Fiat-Stilo-Punto-II-500-Grande-Punto-immitatie-ALUMINIUM-3D-4.jpg","type":"image\/jpeg"}],"twitter_card":"summary_large_image","twitter_misc":{"Tempo di lettura stimato":"1 minuto"},"schema":{"@context":"https:\/\/schema.org","@graph":[{"@type":"WebPage","@id":"https:\/\/turijnmagazijn.nl\/it\/prodotto\/fiat-logo-for-key-punto-evo-tipo-2-500x-alluminio-3d\/","url":"https:\/\/turijnmagazijn.nl\/it\/prodotto\/fiat-logo-for-key-punto-evo-tipo-2-500x-alluminio-3d\/","name":"Logo Fiat per chiave Punto EVO + Tipo 2 + 500X ALLUMINIO 3D - Turijnmagazijn","isPartOf":{"@id":"https:\/\/turijnmagazijn.jumpstone-dev.nl\/#website"},"primaryImageOfPage":{"@id":"https:\/\/turijnmagazijn.nl\/it\/prodotto\/fiat-logo-for-key-punto-evo-tipo-2-500x-alluminio-3d\/#primaryimage"},"image":{"@id":"https:\/\/turijnmagazijn.nl\/it\/prodotto\/fiat-logo-for-key-punto-evo-tipo-2-500x-alluminio-3d\/#primaryimage"},"thumbnailUrl":"https:\/\/turijnmagazijn.nl\/wp-content\/uploads\/2023\/03\/DN0100299-Fiat-logo-ROOD-sleutel-Fiat-Stilo-Punto-II-500-Grande-Punto-immitatie-ALUMINIUM-3D-4.jpg","datePublished":"2023-03-03T09:29:51+00:00","dateModified":"2025-06-22T17:33:15+00:00","breadcrumb":{"@id":"https:\/\/turijnmagazijn.nl\/it\/prodotto\/fiat-logo-for-key-punto-evo-tipo-2-500x-alluminio-3d\/#breadcrumb"},"inLanguage":"it-IT","potentialAction":[{"@type":"ReadAction","target":["https:\/\/turijnmagazijn.nl\/it\/prodotto\/fiat-logo-for-key-punto-evo-tipo-2-500x-alluminio-3d\/"]}]},{"@type":"ImageObject","inLanguage":"it-IT","@id":"https:\/\/turijnmagazijn.nl\/it\/prodotto\/fiat-logo-for-key-punto-evo-tipo-2-500x-alluminio-3d\/#primaryimage","url":"https:\/\/turijnmagazijn.nl\/wp-content\/uploads\/2023\/03\/DN0100299-Fiat-logo-ROOD-sleutel-Fiat-Stilo-Punto-II-500-Grande-Punto-immitatie-ALUMINIUM-3D-4.jpg","contentUrl":"https:\/\/turijnmagazijn.nl\/wp-content\/uploads\/2023\/03\/DN0100299-Fiat-logo-ROOD-sleutel-Fiat-Stilo-Punto-II-500-Grande-Punto-immitatie-ALUMINIUM-3D-4.jpg","width":1024,"height":768},{"@type":"BreadcrumbList","@id":"https:\/\/turijnmagazijn.nl\/it\/prodotto\/fiat-logo-for-key-punto-evo-tipo-2-500x-alluminio-3d\/#breadcrumb","itemListElement":[{"@type":"ListItem","position":1,"name":"Home","item":"https:\/\/turijnmagazijn.nl\/it\/"},{"@type":"ListItem","position":2,"name":"Prodotti","item":"https:\/\/turijnmagazijn.nl\/it\/shop\/"},{"@type":"ListItem","position":3,"name":"Logo Fiat per chiave Punto EVO + Tipo 2 + 500X ALLUMINIO 3D"}]},{"@type":"WebSite","@id":"https:\/\/turijnmagazijn.jumpstone-dev.nl\/#website","url":"https:\/\/turijnmagazijn.jumpstone-dev.nl\/","name":"Turijnmagazijn","description":"Onderdelen nieuw en gebruikt - Fiat &amp; Lancia","publisher":{"@id":"https:\/\/turijnmagazijn.jumpstone-dev.nl\/#organization"},"potentialAction":[{"@type":"SearchAction","target":{"@type":"EntryPoint","urlTemplate":"https:\/\/turijnmagazijn.jumpstone-dev.nl\/?s={search_term_string}"},"query-input":{"@type":"PropertyValueSpecification","valueRequired":true,"valueName":"search_term_string"}}],"inLanguage":"it-IT"},{"@type":"Organization","@id":"https:\/\/turijnmagazijn.jumpstone-dev.nl\/#organization","name":"Turijnmagazijn","url":"https:\/\/turijnmagazijn.jumpstone-dev.nl\/","logo":{"@type":"ImageObject","inLanguage":"it-IT","@id":"https:\/\/turijnmagazijn.jumpstone-dev.nl\/#\/schema\/logo\/image\/","url":"https:\/\/turijnmagazijn.nl\/wp-content\/uploads\/2021\/02\/turijnmagazijnlogo.png","contentUrl":"https:\/\/turijnmagazijn.nl\/wp-content\/uploads\/2021\/02\/turijnmagazijnlogo.png","width":555,"height":270,"caption":"Turijnmagazijn"},"image":{"@id":"https:\/\/turijnmagazijn.jumpstone-dev.nl\/#\/schema\/logo\/image\/"},"sameAs":["https:\/\/www.facebook.com\/turijnmagazijn"]}]}},"_links":{"self":[{"href":"https:\/\/turijnmagazijn.nl\/it\/wp-json\/wp\/v2\/product\/67637","targetHints":{"allow":["GET"]}}],"collection":[{"href":"https:\/\/turijnmagazijn.nl\/it\/wp-json\/wp\/v2\/product"}],"about":[{"href":"https:\/\/turijnmagazijn.nl\/it\/wp-json\/wp\/v2\/types\/product"}],"replies":[{"embeddable":true,"href":"https:\/\/turijnmagazijn.nl\/it\/wp-json\/wp\/v2\/comments?post=67637"}],"wp:featuredmedia":[{"embeddable":true,"href":"https:\/\/turijnmagazijn.nl\/it\/wp-json\/wp\/v2\/media\/58265"}],"wp:attachment":[{"href":"https:\/\/turijnmagazijn.nl\/it\/wp-json\/wp\/v2\/media?parent=67637"}],"wp:term":[{"taxonomy":"product_brand","embeddable":true,"href":"https:\/\/turijnmagazijn.nl\/it\/wp-json\/wp\/v2\/product_brand?post=67637"},{"taxonomy":"product_cat","embeddable":true,"href":"https:\/\/turijnmagazijn.nl\/it\/wp-json\/wp\/v2\/product_cat?post=67637"},{"taxonomy":"product_tag","embeddable":true,"href":"https:\/\/turijnmagazijn.nl\/it\/wp-json\/wp\/v2\/product_tag?post=67637"}],"curies":[{"name":"wp","href":"https:\/\/api.w.org\/{rel}","templated":true}]}}