{"id":67655,"date":"2023-03-31T21:09:02","date_gmt":"2023-03-31T19:09:02","guid":{"rendered":"https:\/\/turijnmagazijn.nl\/product\/montaggio-a-spina-grondaia-in-gomma-portellone-lancia-delta-integrale-11pz\/"},"modified":"2024-09-06T12:47:07","modified_gmt":"2024-09-06T10:47:07","slug":"plug-mounting-grondaia-pioggia-gomma-portellone-lancia-delta-integrale-11pcs","status":"publish","type":"product","link":"https:\/\/turijnmagazijn.nl\/it\/prodotto\/plug-mounting-grondaia-pioggia-gomma-portellone-lancia-delta-integrale-11pcs\/","title":{"rendered":"Montaggio a spina grondaia in gomma portellone Lancia Delta Integrale 11pz."},"content":{"rendered":"<p>Set di 11 nuovi tappi per il montaggio della grondaia antipioggia in gomma (striscia meteorologica) per sopra il portellone. Questi tappi possono essere utilizzati in alternativa ai tappi originali con cui la gomma \u00e8 fissata alla parte metallica della grondaia. Il vantaggio di questo tipo di tappi \u00e8 che non contengono metallo e quindi non possono arrugginire. Questa \u00e8 un&#8217;alternativa aftermarket all&#8217;originale. Riguarda la parte numero 13 sul disegno tecnico. 14567387 di riferimento OEM<\/p>\n","protected":false},"excerpt":{"rendered":"<p>Montaggio a spina grondaia in gomma portellone Lancia Delta Integrale 11pz.<\/p>\n","protected":false},"featured_media":61547,"comment_status":"open","ping_status":"closed","template":"","meta":{"_acf_changed":false},"product_brand":[],"product_cat":[1810,1808,1820,1824,1828,1835,1832,1840,1800],"product_tag":[],"class_list":{"0":"post-67655","1":"product","2":"type-product","3":"status-publish","4":"has-post-thumbnail","6":"product_cat-1-1-1-3-1-5-it","7":"product_cat-delta-1-831-it","8":"product_cat-gt-i-e-it","9":"product_cat-hf-4wd-it","10":"product_cat-hf-turbo-it","11":"product_cat-integrale-16v-it","12":"product_cat-integrale-8v-it","13":"product_cat-integrale-evo-it","14":"product_cat-lancia-it","15":"pa_soort-onderdeel-corpo-e-lamiera","17":"first","18":"instock","19":"taxable","20":"shipping-taxable","21":"purchasable","22":"product-type-simple"},"acf":[],"yoast_head":"<!-- This site is optimized with the Yoast SEO plugin v27.2 - https:\/\/yoast.com\/product\/yoast-seo-wordpress\/ -->\n<title>Montaggio a spina grondaia in gomma portellone Lancia Delta Integrale 11pz. - Turijnmagazijn<\/title>\n<meta name=\"robots\" content=\"index, follow, max-snippet:-1, max-image-preview:large, max-video-preview:-1\" \/>\n<link rel=\"canonical\" href=\"https:\/\/turijnmagazijn.nl\/it\/prodotto\/plug-mounting-grondaia-pioggia-gomma-portellone-lancia-delta-integrale-11pcs\/\" \/>\n<meta property=\"og:locale\" content=\"it_IT\" \/>\n<meta property=\"og:type\" content=\"article\" \/>\n<meta property=\"og:title\" content=\"Montaggio a spina grondaia in gomma portellone Lancia Delta Integrale 11pz. - Turijnmagazijn\" \/>\n<meta property=\"og:description\" content=\"Montaggio a spina grondaia in gomma portellone Lancia Delta Integrale 11pz.\" \/>\n<meta property=\"og:url\" content=\"https:\/\/turijnmagazijn.nl\/it\/prodotto\/plug-mounting-grondaia-pioggia-gomma-portellone-lancia-delta-integrale-11pcs\/\" \/>\n<meta property=\"og:site_name\" content=\"Turijnmagazijn\" \/>\n<meta property=\"article:publisher\" content=\"https:\/\/www.facebook.com\/turijnmagazijn\" \/>\n<meta property=\"article:modified_time\" content=\"2024-09-06T10:47:07+00:00\" \/>\n<meta property=\"og:image\" content=\"https:\/\/turijnmagazijn.nl\/wp-content\/uploads\/2023\/03\/DN0100267-PLUG-MONTAGE-REGENGOOT-RUBBER-ACHTERKLEP-LANCIA-DELTA-INTEGRALE-11ST-14567387-3.jpg\" \/>\n\t<meta property=\"og:image:width\" content=\"1024\" \/>\n\t<meta property=\"og:image:height\" content=\"768\" \/>\n\t<meta property=\"og:image:type\" content=\"image\/jpeg\" \/>\n<meta name=\"twitter:card\" content=\"summary_large_image\" \/>\n<script type=\"application\/ld+json\" class=\"yoast-schema-graph\">{\"@context\":\"https:\/\/schema.org\",\"@graph\":[{\"@type\":\"WebPage\",\"@id\":\"https:\/\/turijnmagazijn.nl\/it\/prodotto\/plug-mounting-grondaia-pioggia-gomma-portellone-lancia-delta-integrale-11pcs\/\",\"url\":\"https:\/\/turijnmagazijn.nl\/it\/prodotto\/plug-mounting-grondaia-pioggia-gomma-portellone-lancia-delta-integrale-11pcs\/\",\"name\":\"Montaggio a spina grondaia in gomma portellone Lancia Delta Integrale 11pz. - Turijnmagazijn\",\"isPartOf\":{\"@id\":\"https:\/\/turijnmagazijn.jumpstone-dev.nl\/#website\"},\"primaryImageOfPage\":{\"@id\":\"https:\/\/turijnmagazijn.nl\/it\/prodotto\/plug-mounting-grondaia-pioggia-gomma-portellone-lancia-delta-integrale-11pcs\/#primaryimage\"},\"image\":{\"@id\":\"https:\/\/turijnmagazijn.nl\/it\/prodotto\/plug-mounting-grondaia-pioggia-gomma-portellone-lancia-delta-integrale-11pcs\/#primaryimage\"},\"thumbnailUrl\":\"https:\/\/turijnmagazijn.nl\/wp-content\/uploads\/2023\/03\/DN0100267-PLUG-MONTAGE-REGENGOOT-RUBBER-ACHTERKLEP-LANCIA-DELTA-INTEGRALE-11ST-14567387-3.jpg\",\"datePublished\":\"2023-03-31T19:09:02+00:00\",\"dateModified\":\"2024-09-06T10:47:07+00:00\",\"breadcrumb\":{\"@id\":\"https:\/\/turijnmagazijn.nl\/it\/prodotto\/plug-mounting-grondaia-pioggia-gomma-portellone-lancia-delta-integrale-11pcs\/#breadcrumb\"},\"inLanguage\":\"it-IT\",\"potentialAction\":[{\"@type\":\"ReadAction\",\"target\":[\"https:\/\/turijnmagazijn.nl\/it\/prodotto\/plug-mounting-grondaia-pioggia-gomma-portellone-lancia-delta-integrale-11pcs\/\"]}]},{\"@type\":\"ImageObject\",\"inLanguage\":\"it-IT\",\"@id\":\"https:\/\/turijnmagazijn.nl\/it\/prodotto\/plug-mounting-grondaia-pioggia-gomma-portellone-lancia-delta-integrale-11pcs\/#primaryimage\",\"url\":\"https:\/\/turijnmagazijn.nl\/wp-content\/uploads\/2023\/03\/DN0100267-PLUG-MONTAGE-REGENGOOT-RUBBER-ACHTERKLEP-LANCIA-DELTA-INTEGRALE-11ST-14567387-3.jpg\",\"contentUrl\":\"https:\/\/turijnmagazijn.nl\/wp-content\/uploads\/2023\/03\/DN0100267-PLUG-MONTAGE-REGENGOOT-RUBBER-ACHTERKLEP-LANCIA-DELTA-INTEGRALE-11ST-14567387-3.jpg\",\"width\":1024,\"height\":768},{\"@type\":\"BreadcrumbList\",\"@id\":\"https:\/\/turijnmagazijn.nl\/it\/prodotto\/plug-mounting-grondaia-pioggia-gomma-portellone-lancia-delta-integrale-11pcs\/#breadcrumb\",\"itemListElement\":[{\"@type\":\"ListItem\",\"position\":1,\"name\":\"Home\",\"item\":\"https:\/\/turijnmagazijn.jumpstone-dev.nl\/\"},{\"@type\":\"ListItem\",\"position\":2,\"name\":\"Prodotti\",\"item\":\"https:\/\/turijnmagazijn.nl\/it\/shop\/\"},{\"@type\":\"ListItem\",\"position\":3,\"name\":\"Montaggio a spina grondaia in gomma portellone Lancia Delta Integrale 11pz.\"}]},{\"@type\":\"WebSite\",\"@id\":\"https:\/\/turijnmagazijn.jumpstone-dev.nl\/#website\",\"url\":\"https:\/\/turijnmagazijn.jumpstone-dev.nl\/\",\"name\":\"Turijnmagazijn\",\"description\":\"Onderdelen nieuw en gebruikt - Fiat &amp; Lancia\",\"publisher\":{\"@id\":\"https:\/\/turijnmagazijn.jumpstone-dev.nl\/#organization\"},\"potentialAction\":[{\"@type\":\"SearchAction\",\"target\":{\"@type\":\"EntryPoint\",\"urlTemplate\":\"https:\/\/turijnmagazijn.jumpstone-dev.nl\/?s={search_term_string}\"},\"query-input\":{\"@type\":\"PropertyValueSpecification\",\"valueRequired\":true,\"valueName\":\"search_term_string\"}}],\"inLanguage\":\"it-IT\"},{\"@type\":\"Organization\",\"@id\":\"https:\/\/turijnmagazijn.jumpstone-dev.nl\/#organization\",\"name\":\"Turijnmagazijn\",\"url\":\"https:\/\/turijnmagazijn.jumpstone-dev.nl\/\",\"logo\":{\"@type\":\"ImageObject\",\"inLanguage\":\"it-IT\",\"@id\":\"https:\/\/turijnmagazijn.jumpstone-dev.nl\/#\/schema\/logo\/image\/\",\"url\":\"https:\/\/turijnmagazijn.nl\/wp-content\/uploads\/2021\/02\/turijnmagazijnlogo.png\",\"contentUrl\":\"https:\/\/turijnmagazijn.nl\/wp-content\/uploads\/2021\/02\/turijnmagazijnlogo.png\",\"width\":555,\"height\":270,\"caption\":\"Turijnmagazijn\"},\"image\":{\"@id\":\"https:\/\/turijnmagazijn.jumpstone-dev.nl\/#\/schema\/logo\/image\/\"},\"sameAs\":[\"https:\/\/www.facebook.com\/turijnmagazijn\"]}]}<\/script>\n<!-- \/ Yoast SEO plugin. -->","yoast_head_json":{"title":"Montaggio a spina grondaia in gomma portellone Lancia Delta Integrale 11pz. - Turijnmagazijn","robots":{"index":"index","follow":"follow","max-snippet":"max-snippet:-1","max-image-preview":"max-image-preview:large","max-video-preview":"max-video-preview:-1"},"canonical":"https:\/\/turijnmagazijn.nl\/it\/prodotto\/plug-mounting-grondaia-pioggia-gomma-portellone-lancia-delta-integrale-11pcs\/","og_locale":"it_IT","og_type":"article","og_title":"Montaggio a spina grondaia in gomma portellone Lancia Delta Integrale 11pz. - Turijnmagazijn","og_description":"Montaggio a spina grondaia in gomma portellone Lancia Delta Integrale 11pz.","og_url":"https:\/\/turijnmagazijn.nl\/it\/prodotto\/plug-mounting-grondaia-pioggia-gomma-portellone-lancia-delta-integrale-11pcs\/","og_site_name":"Turijnmagazijn","article_publisher":"https:\/\/www.facebook.com\/turijnmagazijn","article_modified_time":"2024-09-06T10:47:07+00:00","og_image":[{"width":1024,"height":768,"url":"https:\/\/turijnmagazijn.nl\/wp-content\/uploads\/2023\/03\/DN0100267-PLUG-MONTAGE-REGENGOOT-RUBBER-ACHTERKLEP-LANCIA-DELTA-INTEGRALE-11ST-14567387-3.jpg","type":"image\/jpeg"}],"twitter_card":"summary_large_image","schema":{"@context":"https:\/\/schema.org","@graph":[{"@type":"WebPage","@id":"https:\/\/turijnmagazijn.nl\/it\/prodotto\/plug-mounting-grondaia-pioggia-gomma-portellone-lancia-delta-integrale-11pcs\/","url":"https:\/\/turijnmagazijn.nl\/it\/prodotto\/plug-mounting-grondaia-pioggia-gomma-portellone-lancia-delta-integrale-11pcs\/","name":"Montaggio a spina grondaia in gomma portellone Lancia Delta Integrale 11pz. - Turijnmagazijn","isPartOf":{"@id":"https:\/\/turijnmagazijn.jumpstone-dev.nl\/#website"},"primaryImageOfPage":{"@id":"https:\/\/turijnmagazijn.nl\/it\/prodotto\/plug-mounting-grondaia-pioggia-gomma-portellone-lancia-delta-integrale-11pcs\/#primaryimage"},"image":{"@id":"https:\/\/turijnmagazijn.nl\/it\/prodotto\/plug-mounting-grondaia-pioggia-gomma-portellone-lancia-delta-integrale-11pcs\/#primaryimage"},"thumbnailUrl":"https:\/\/turijnmagazijn.nl\/wp-content\/uploads\/2023\/03\/DN0100267-PLUG-MONTAGE-REGENGOOT-RUBBER-ACHTERKLEP-LANCIA-DELTA-INTEGRALE-11ST-14567387-3.jpg","datePublished":"2023-03-31T19:09:02+00:00","dateModified":"2024-09-06T10:47:07+00:00","breadcrumb":{"@id":"https:\/\/turijnmagazijn.nl\/it\/prodotto\/plug-mounting-grondaia-pioggia-gomma-portellone-lancia-delta-integrale-11pcs\/#breadcrumb"},"inLanguage":"it-IT","potentialAction":[{"@type":"ReadAction","target":["https:\/\/turijnmagazijn.nl\/it\/prodotto\/plug-mounting-grondaia-pioggia-gomma-portellone-lancia-delta-integrale-11pcs\/"]}]},{"@type":"ImageObject","inLanguage":"it-IT","@id":"https:\/\/turijnmagazijn.nl\/it\/prodotto\/plug-mounting-grondaia-pioggia-gomma-portellone-lancia-delta-integrale-11pcs\/#primaryimage","url":"https:\/\/turijnmagazijn.nl\/wp-content\/uploads\/2023\/03\/DN0100267-PLUG-MONTAGE-REGENGOOT-RUBBER-ACHTERKLEP-LANCIA-DELTA-INTEGRALE-11ST-14567387-3.jpg","contentUrl":"https:\/\/turijnmagazijn.nl\/wp-content\/uploads\/2023\/03\/DN0100267-PLUG-MONTAGE-REGENGOOT-RUBBER-ACHTERKLEP-LANCIA-DELTA-INTEGRALE-11ST-14567387-3.jpg","width":1024,"height":768},{"@type":"BreadcrumbList","@id":"https:\/\/turijnmagazijn.nl\/it\/prodotto\/plug-mounting-grondaia-pioggia-gomma-portellone-lancia-delta-integrale-11pcs\/#breadcrumb","itemListElement":[{"@type":"ListItem","position":1,"name":"Home","item":"https:\/\/turijnmagazijn.jumpstone-dev.nl\/"},{"@type":"ListItem","position":2,"name":"Prodotti","item":"https:\/\/turijnmagazijn.nl\/it\/shop\/"},{"@type":"ListItem","position":3,"name":"Montaggio a spina grondaia in gomma portellone Lancia Delta Integrale 11pz."}]},{"@type":"WebSite","@id":"https:\/\/turijnmagazijn.jumpstone-dev.nl\/#website","url":"https:\/\/turijnmagazijn.jumpstone-dev.nl\/","name":"Turijnmagazijn","description":"Onderdelen nieuw en gebruikt - Fiat &amp; Lancia","publisher":{"@id":"https:\/\/turijnmagazijn.jumpstone-dev.nl\/#organization"},"potentialAction":[{"@type":"SearchAction","target":{"@type":"EntryPoint","urlTemplate":"https:\/\/turijnmagazijn.jumpstone-dev.nl\/?s={search_term_string}"},"query-input":{"@type":"PropertyValueSpecification","valueRequired":true,"valueName":"search_term_string"}}],"inLanguage":"it-IT"},{"@type":"Organization","@id":"https:\/\/turijnmagazijn.jumpstone-dev.nl\/#organization","name":"Turijnmagazijn","url":"https:\/\/turijnmagazijn.jumpstone-dev.nl\/","logo":{"@type":"ImageObject","inLanguage":"it-IT","@id":"https:\/\/turijnmagazijn.jumpstone-dev.nl\/#\/schema\/logo\/image\/","url":"https:\/\/turijnmagazijn.nl\/wp-content\/uploads\/2021\/02\/turijnmagazijnlogo.png","contentUrl":"https:\/\/turijnmagazijn.nl\/wp-content\/uploads\/2021\/02\/turijnmagazijnlogo.png","width":555,"height":270,"caption":"Turijnmagazijn"},"image":{"@id":"https:\/\/turijnmagazijn.jumpstone-dev.nl\/#\/schema\/logo\/image\/"},"sameAs":["https:\/\/www.facebook.com\/turijnmagazijn"]}]}},"_links":{"self":[{"href":"https:\/\/turijnmagazijn.nl\/it\/wp-json\/wp\/v2\/product\/67655","targetHints":{"allow":["GET"]}}],"collection":[{"href":"https:\/\/turijnmagazijn.nl\/it\/wp-json\/wp\/v2\/product"}],"about":[{"href":"https:\/\/turijnmagazijn.nl\/it\/wp-json\/wp\/v2\/types\/product"}],"replies":[{"embeddable":true,"href":"https:\/\/turijnmagazijn.nl\/it\/wp-json\/wp\/v2\/comments?post=67655"}],"wp:featuredmedia":[{"embeddable":true,"href":"https:\/\/turijnmagazijn.nl\/it\/wp-json\/wp\/v2\/media\/61547"}],"wp:attachment":[{"href":"https:\/\/turijnmagazijn.nl\/it\/wp-json\/wp\/v2\/media?parent=67655"}],"wp:term":[{"taxonomy":"product_brand","embeddable":true,"href":"https:\/\/turijnmagazijn.nl\/it\/wp-json\/wp\/v2\/product_brand?post=67655"},{"taxonomy":"product_cat","embeddable":true,"href":"https:\/\/turijnmagazijn.nl\/it\/wp-json\/wp\/v2\/product_cat?post=67655"},{"taxonomy":"product_tag","embeddable":true,"href":"https:\/\/turijnmagazijn.nl\/it\/wp-json\/wp\/v2\/product_tag?post=67655"}],"curies":[{"name":"wp","href":"https:\/\/api.w.org\/{rel}","templated":true}]}}