{"id":68374,"date":"2023-04-28T16:08:40","date_gmt":"2023-04-28T14:08:40","guid":{"rendered":"https:\/\/turijnmagazijn.nl\/?post_type=product&#038;p=68374"},"modified":"2025-04-15T20:56:45","modified_gmt":"2025-04-15T18:56:45","slug":"specchietto-retrovisore-posteriore-destro-lancia-kappa-grigio-argento","status":"publish","type":"product","link":"https:\/\/turijnmagazijn.nl\/it\/prodotto\/specchietto-retrovisore-posteriore-destro-lancia-kappa-grigio-argento\/","title":{"rendered":"Specchietto retrovisore destro Lancia Kappa Grigio argento"},"content":{"rendered":"<p>Specchietto retrovisore destro usato per Lancia Kappa.<\/p>\n<p>Riguarda uno specchio completo con vetro a specchio e cappucci.<\/p>\n<p>La piastra di ancoraggio \u00e8 in tinta con la carrozzeria Silver grey metallizzato. Questa unit\u00e0 \u00e8 dotata di regolazione elettrica dello specchio e riscaldamento degli specchi.<\/p>\n<p>Lo specchio \u00e8 adatto per auto dotate di specchietti ripiegabili elettricamente.<\/p>\n<p>La vernice \u00e8 in <strong>cattive<\/strong> condizioni. C&#8217;\u00e8 ruggine elettrostatica sulla piastra di ancoraggio, dove la vernice inizia a staccarsi e all&#8217;esterno della copertura dello specchio c&#8217;\u00e8 un grande danno alla vernice. Infine, c&#8217;\u00e8 una crepa nella calotta dello specchio all&#8217;interno, a livello del vetro dello specchio. Guarda le foto.<\/p>\n<p>Questo specchio proviene da una Lancia Kappa berlina del 1999.<\/p>\n<p>OEM Lancia 113356299<\/p>\n","protected":false},"excerpt":{"rendered":"<p>Specchietto retrovisore destro Lancia Kappa Blue &#8211; Specchietto retrovisore destro per Lancia Kappa.<\/p>\n","protected":false},"featured_media":68384,"comment_status":"closed","ping_status":"closed","template":"","meta":{"_acf_changed":false},"product_brand":[],"product_cat":[1863,1857,1800,1871],"product_tag":[],"class_list":{"0":"post-68374","1":"product","2":"type-product","3":"status-publish","4":"has-post-thumbnail","6":"product_cat-berlina-it","7":"product_cat-kappa-838-it","8":"product_cat-lancia-it","9":"product_cat-sw-it","10":"pa_soort-onderdeel-specchi","12":"first","13":"instock","14":"sale","15":"shipping-taxable","16":"purchasable","17":"product-type-simple"},"acf":[],"yoast_head":"<!-- This site is optimized with the Yoast SEO plugin v27.2 - https:\/\/yoast.com\/product\/yoast-seo-wordpress\/ -->\n<title>Specchietto retrovisore destro Lancia Kappa Grigio argento - Turijnmagazijn<\/title>\n<meta name=\"robots\" content=\"index, follow, max-snippet:-1, max-image-preview:large, max-video-preview:-1\" \/>\n<link rel=\"canonical\" href=\"https:\/\/turijnmagazijn.nl\/it\/prodotto\/specchietto-retrovisore-posteriore-destro-lancia-kappa-grigio-argento\/\" \/>\n<meta property=\"og:locale\" content=\"it_IT\" \/>\n<meta property=\"og:type\" content=\"article\" \/>\n<meta property=\"og:title\" content=\"Specchietto retrovisore destro Lancia Kappa Grigio argento - Turijnmagazijn\" \/>\n<meta property=\"og:description\" content=\"Specchietto retrovisore destro Lancia Kappa Blue - Specchietto retrovisore destro per Lancia Kappa.\" \/>\n<meta property=\"og:url\" content=\"https:\/\/turijnmagazijn.nl\/it\/prodotto\/specchietto-retrovisore-posteriore-destro-lancia-kappa-grigio-argento\/\" \/>\n<meta property=\"og:site_name\" content=\"Turijnmagazijn\" \/>\n<meta property=\"article:publisher\" content=\"https:\/\/www.facebook.com\/turijnmagazijn\" \/>\n<meta property=\"article:modified_time\" content=\"2025-04-15T18:56:45+00:00\" \/>\n<meta property=\"og:image\" content=\"https:\/\/turijnmagazijn.nl\/wp-content\/uploads\/2023\/04\/DK0102571-Buitenspiegel-rechts-Lancia-Kappa-Zilvergrijs-113356299-2-jpg.webp\" \/>\n\t<meta property=\"og:image:width\" content=\"1024\" \/>\n\t<meta property=\"og:image:height\" content=\"768\" \/>\n\t<meta property=\"og:image:type\" content=\"image\/jpeg\" \/>\n<meta name=\"twitter:card\" content=\"summary_large_image\" \/>\n<meta name=\"twitter:label1\" content=\"Tempo di lettura stimato\" \/>\n\t<meta name=\"twitter:data1\" content=\"1 minuto\" \/>\n<script type=\"application\/ld+json\" class=\"yoast-schema-graph\">{\"@context\":\"https:\/\/schema.org\",\"@graph\":[{\"@type\":\"WebPage\",\"@id\":\"https:\/\/turijnmagazijn.nl\/it\/prodotto\/specchietto-retrovisore-posteriore-destro-lancia-kappa-grigio-argento\/\",\"url\":\"https:\/\/turijnmagazijn.nl\/it\/prodotto\/specchietto-retrovisore-posteriore-destro-lancia-kappa-grigio-argento\/\",\"name\":\"Specchietto retrovisore destro Lancia Kappa Grigio argento - Turijnmagazijn\",\"isPartOf\":{\"@id\":\"https:\/\/turijnmagazijn.jumpstone-dev.nl\/#website\"},\"primaryImageOfPage\":{\"@id\":\"https:\/\/turijnmagazijn.nl\/it\/prodotto\/specchietto-retrovisore-posteriore-destro-lancia-kappa-grigio-argento\/#primaryimage\"},\"image\":{\"@id\":\"https:\/\/turijnmagazijn.nl\/it\/prodotto\/specchietto-retrovisore-posteriore-destro-lancia-kappa-grigio-argento\/#primaryimage\"},\"thumbnailUrl\":\"https:\/\/turijnmagazijn.nl\/wp-content\/uploads\/2023\/04\/DK0102571-Buitenspiegel-rechts-Lancia-Kappa-Zilvergrijs-113356299-2-jpg.webp\",\"datePublished\":\"2023-04-28T14:08:40+00:00\",\"dateModified\":\"2025-04-15T18:56:45+00:00\",\"breadcrumb\":{\"@id\":\"https:\/\/turijnmagazijn.nl\/it\/prodotto\/specchietto-retrovisore-posteriore-destro-lancia-kappa-grigio-argento\/#breadcrumb\"},\"inLanguage\":\"it-IT\",\"potentialAction\":[{\"@type\":\"ReadAction\",\"target\":[\"https:\/\/turijnmagazijn.nl\/it\/prodotto\/specchietto-retrovisore-posteriore-destro-lancia-kappa-grigio-argento\/\"]}]},{\"@type\":\"ImageObject\",\"inLanguage\":\"it-IT\",\"@id\":\"https:\/\/turijnmagazijn.nl\/it\/prodotto\/specchietto-retrovisore-posteriore-destro-lancia-kappa-grigio-argento\/#primaryimage\",\"url\":\"https:\/\/turijnmagazijn.nl\/wp-content\/uploads\/2023\/04\/DK0102571-Buitenspiegel-rechts-Lancia-Kappa-Zilvergrijs-113356299-2-jpg.webp\",\"contentUrl\":\"https:\/\/turijnmagazijn.nl\/wp-content\/uploads\/2023\/04\/DK0102571-Buitenspiegel-rechts-Lancia-Kappa-Zilvergrijs-113356299-2-jpg.webp\",\"width\":1024,\"height\":768},{\"@type\":\"BreadcrumbList\",\"@id\":\"https:\/\/turijnmagazijn.nl\/it\/prodotto\/specchietto-retrovisore-posteriore-destro-lancia-kappa-grigio-argento\/#breadcrumb\",\"itemListElement\":[{\"@type\":\"ListItem\",\"position\":1,\"name\":\"Home\",\"item\":\"https:\/\/turijnmagazijn.jumpstone-dev.nl\/\"},{\"@type\":\"ListItem\",\"position\":2,\"name\":\"Prodotti\",\"item\":\"https:\/\/turijnmagazijn.nl\/it\/shop\/\"},{\"@type\":\"ListItem\",\"position\":3,\"name\":\"Specchietto retrovisore destro Lancia Kappa Grigio argento\"}]},{\"@type\":\"WebSite\",\"@id\":\"https:\/\/turijnmagazijn.jumpstone-dev.nl\/#website\",\"url\":\"https:\/\/turijnmagazijn.jumpstone-dev.nl\/\",\"name\":\"Turijnmagazijn\",\"description\":\"Onderdelen nieuw en gebruikt - Fiat &amp; Lancia\",\"publisher\":{\"@id\":\"https:\/\/turijnmagazijn.jumpstone-dev.nl\/#organization\"},\"potentialAction\":[{\"@type\":\"SearchAction\",\"target\":{\"@type\":\"EntryPoint\",\"urlTemplate\":\"https:\/\/turijnmagazijn.jumpstone-dev.nl\/?s={search_term_string}\"},\"query-input\":{\"@type\":\"PropertyValueSpecification\",\"valueRequired\":true,\"valueName\":\"search_term_string\"}}],\"inLanguage\":\"it-IT\"},{\"@type\":\"Organization\",\"@id\":\"https:\/\/turijnmagazijn.jumpstone-dev.nl\/#organization\",\"name\":\"Turijnmagazijn\",\"url\":\"https:\/\/turijnmagazijn.jumpstone-dev.nl\/\",\"logo\":{\"@type\":\"ImageObject\",\"inLanguage\":\"it-IT\",\"@id\":\"https:\/\/turijnmagazijn.jumpstone-dev.nl\/#\/schema\/logo\/image\/\",\"url\":\"https:\/\/turijnmagazijn.nl\/wp-content\/uploads\/2021\/02\/turijnmagazijnlogo.png\",\"contentUrl\":\"https:\/\/turijnmagazijn.nl\/wp-content\/uploads\/2021\/02\/turijnmagazijnlogo.png\",\"width\":555,\"height\":270,\"caption\":\"Turijnmagazijn\"},\"image\":{\"@id\":\"https:\/\/turijnmagazijn.jumpstone-dev.nl\/#\/schema\/logo\/image\/\"},\"sameAs\":[\"https:\/\/www.facebook.com\/turijnmagazijn\"]}]}<\/script>\n<!-- \/ Yoast SEO plugin. -->","yoast_head_json":{"title":"Specchietto retrovisore destro Lancia Kappa Grigio argento - Turijnmagazijn","robots":{"index":"index","follow":"follow","max-snippet":"max-snippet:-1","max-image-preview":"max-image-preview:large","max-video-preview":"max-video-preview:-1"},"canonical":"https:\/\/turijnmagazijn.nl\/it\/prodotto\/specchietto-retrovisore-posteriore-destro-lancia-kappa-grigio-argento\/","og_locale":"it_IT","og_type":"article","og_title":"Specchietto retrovisore destro Lancia Kappa Grigio argento - Turijnmagazijn","og_description":"Specchietto retrovisore destro Lancia Kappa Blue - Specchietto retrovisore destro per Lancia Kappa.","og_url":"https:\/\/turijnmagazijn.nl\/it\/prodotto\/specchietto-retrovisore-posteriore-destro-lancia-kappa-grigio-argento\/","og_site_name":"Turijnmagazijn","article_publisher":"https:\/\/www.facebook.com\/turijnmagazijn","article_modified_time":"2025-04-15T18:56:45+00:00","og_image":[{"width":1024,"height":768,"url":"https:\/\/turijnmagazijn.nl\/wp-content\/uploads\/2023\/04\/DK0102571-Buitenspiegel-rechts-Lancia-Kappa-Zilvergrijs-113356299-2-jpg.webp","type":"image\/jpeg"}],"twitter_card":"summary_large_image","twitter_misc":{"Tempo di lettura stimato":"1 minuto"},"schema":{"@context":"https:\/\/schema.org","@graph":[{"@type":"WebPage","@id":"https:\/\/turijnmagazijn.nl\/it\/prodotto\/specchietto-retrovisore-posteriore-destro-lancia-kappa-grigio-argento\/","url":"https:\/\/turijnmagazijn.nl\/it\/prodotto\/specchietto-retrovisore-posteriore-destro-lancia-kappa-grigio-argento\/","name":"Specchietto retrovisore destro Lancia Kappa Grigio argento - Turijnmagazijn","isPartOf":{"@id":"https:\/\/turijnmagazijn.jumpstone-dev.nl\/#website"},"primaryImageOfPage":{"@id":"https:\/\/turijnmagazijn.nl\/it\/prodotto\/specchietto-retrovisore-posteriore-destro-lancia-kappa-grigio-argento\/#primaryimage"},"image":{"@id":"https:\/\/turijnmagazijn.nl\/it\/prodotto\/specchietto-retrovisore-posteriore-destro-lancia-kappa-grigio-argento\/#primaryimage"},"thumbnailUrl":"https:\/\/turijnmagazijn.nl\/wp-content\/uploads\/2023\/04\/DK0102571-Buitenspiegel-rechts-Lancia-Kappa-Zilvergrijs-113356299-2-jpg.webp","datePublished":"2023-04-28T14:08:40+00:00","dateModified":"2025-04-15T18:56:45+00:00","breadcrumb":{"@id":"https:\/\/turijnmagazijn.nl\/it\/prodotto\/specchietto-retrovisore-posteriore-destro-lancia-kappa-grigio-argento\/#breadcrumb"},"inLanguage":"it-IT","potentialAction":[{"@type":"ReadAction","target":["https:\/\/turijnmagazijn.nl\/it\/prodotto\/specchietto-retrovisore-posteriore-destro-lancia-kappa-grigio-argento\/"]}]},{"@type":"ImageObject","inLanguage":"it-IT","@id":"https:\/\/turijnmagazijn.nl\/it\/prodotto\/specchietto-retrovisore-posteriore-destro-lancia-kappa-grigio-argento\/#primaryimage","url":"https:\/\/turijnmagazijn.nl\/wp-content\/uploads\/2023\/04\/DK0102571-Buitenspiegel-rechts-Lancia-Kappa-Zilvergrijs-113356299-2-jpg.webp","contentUrl":"https:\/\/turijnmagazijn.nl\/wp-content\/uploads\/2023\/04\/DK0102571-Buitenspiegel-rechts-Lancia-Kappa-Zilvergrijs-113356299-2-jpg.webp","width":1024,"height":768},{"@type":"BreadcrumbList","@id":"https:\/\/turijnmagazijn.nl\/it\/prodotto\/specchietto-retrovisore-posteriore-destro-lancia-kappa-grigio-argento\/#breadcrumb","itemListElement":[{"@type":"ListItem","position":1,"name":"Home","item":"https:\/\/turijnmagazijn.jumpstone-dev.nl\/"},{"@type":"ListItem","position":2,"name":"Prodotti","item":"https:\/\/turijnmagazijn.nl\/it\/shop\/"},{"@type":"ListItem","position":3,"name":"Specchietto retrovisore destro Lancia Kappa Grigio argento"}]},{"@type":"WebSite","@id":"https:\/\/turijnmagazijn.jumpstone-dev.nl\/#website","url":"https:\/\/turijnmagazijn.jumpstone-dev.nl\/","name":"Turijnmagazijn","description":"Onderdelen nieuw en gebruikt - Fiat &amp; Lancia","publisher":{"@id":"https:\/\/turijnmagazijn.jumpstone-dev.nl\/#organization"},"potentialAction":[{"@type":"SearchAction","target":{"@type":"EntryPoint","urlTemplate":"https:\/\/turijnmagazijn.jumpstone-dev.nl\/?s={search_term_string}"},"query-input":{"@type":"PropertyValueSpecification","valueRequired":true,"valueName":"search_term_string"}}],"inLanguage":"it-IT"},{"@type":"Organization","@id":"https:\/\/turijnmagazijn.jumpstone-dev.nl\/#organization","name":"Turijnmagazijn","url":"https:\/\/turijnmagazijn.jumpstone-dev.nl\/","logo":{"@type":"ImageObject","inLanguage":"it-IT","@id":"https:\/\/turijnmagazijn.jumpstone-dev.nl\/#\/schema\/logo\/image\/","url":"https:\/\/turijnmagazijn.nl\/wp-content\/uploads\/2021\/02\/turijnmagazijnlogo.png","contentUrl":"https:\/\/turijnmagazijn.nl\/wp-content\/uploads\/2021\/02\/turijnmagazijnlogo.png","width":555,"height":270,"caption":"Turijnmagazijn"},"image":{"@id":"https:\/\/turijnmagazijn.jumpstone-dev.nl\/#\/schema\/logo\/image\/"},"sameAs":["https:\/\/www.facebook.com\/turijnmagazijn"]}]}},"_links":{"self":[{"href":"https:\/\/turijnmagazijn.nl\/it\/wp-json\/wp\/v2\/product\/68374","targetHints":{"allow":["GET"]}}],"collection":[{"href":"https:\/\/turijnmagazijn.nl\/it\/wp-json\/wp\/v2\/product"}],"about":[{"href":"https:\/\/turijnmagazijn.nl\/it\/wp-json\/wp\/v2\/types\/product"}],"replies":[{"embeddable":true,"href":"https:\/\/turijnmagazijn.nl\/it\/wp-json\/wp\/v2\/comments?post=68374"}],"wp:featuredmedia":[{"embeddable":true,"href":"https:\/\/turijnmagazijn.nl\/it\/wp-json\/wp\/v2\/media\/68384"}],"wp:attachment":[{"href":"https:\/\/turijnmagazijn.nl\/it\/wp-json\/wp\/v2\/media?parent=68374"}],"wp:term":[{"taxonomy":"product_brand","embeddable":true,"href":"https:\/\/turijnmagazijn.nl\/it\/wp-json\/wp\/v2\/product_brand?post=68374"},{"taxonomy":"product_cat","embeddable":true,"href":"https:\/\/turijnmagazijn.nl\/it\/wp-json\/wp\/v2\/product_cat?post=68374"},{"taxonomy":"product_tag","embeddable":true,"href":"https:\/\/turijnmagazijn.nl\/it\/wp-json\/wp\/v2\/product_tag?post=68374"}],"curies":[{"name":"wp","href":"https:\/\/api.w.org\/{rel}","templated":true}]}}