{"id":69168,"date":"2023-05-30T16:01:17","date_gmt":"2023-05-30T14:01:17","guid":{"rendered":"https:\/\/turijnmagazijn.nl\/?post_type=product&#038;p=69168"},"modified":"2025-04-15T19:03:58","modified_gmt":"2025-04-15T17:03:58","slug":"portachiavi-metallo-cromo-fiat-logo","status":"publish","type":"product","link":"https:\/\/turijnmagazijn.nl\/it\/prodotto\/portachiavi-metallo-cromo-fiat-logo\/","title":{"rendered":"Portachiavi cromato con logo rosso Fiat"},"content":{"rendered":"<p><a href=\"https:\/\/turijnmagazijn.nl\/it\/spedizione-tramite-cassetta-postale\/\"><img decoding=\"async\" class=\"alignnone wp-image-16382 size-full aligncenter\" src=\"https:\/\/turijnmagazijn.nl\/wp-content\/uploads\/2023\/03\/brievenbusverzending-label.png\" alt=\"\" width=\"487\" height=\"45\" srcset=\"https:\/\/turijnmagazijn.nl\/wp-content\/uploads\/2023\/03\/brievenbusverzending-label.png 487w, https:\/\/turijnmagazijn.nl\/wp-content\/uploads\/2023\/03\/brievenbusverzending-label-300x28.png 300w\" sizes=\"(max-width: 487px) 100vw, 487px\" \/><\/a><\/p>\n<p style=\"margin-bottom: 10px;\">Nuovo portachiavi in metallo con logo Fiat intarsiato.<\/p>\n<p style=\"margin-bottom: 10px;\">Non riguarda il ricambio originale Fiat.<\/p>\n<p style=\"margin-bottom: 10px;\">Questo portachiavi presenta il logo rosso che \u00e8 stato utilizzato dal 2007 al 2023.<\/p>\n<p>  Il ciondolo \u00e8 molto resistente. Il logo \u00e8 una stampa a colori dietro una spessa plastica trasparente. Il logo \u00e8 dietro la plastica rigida, quindi niente silicone morbido.  &nbsp;<\/p>\n<p style=\"margin-bottom: 10px;\">Portachiavi Fiat Stilo<\/p>\n<p style=\"margin-bottom: 10px;\">Portachiavi Fiat Stilo Multiwagon<\/p>\n<p style=\"margin-bottom: 10px;\">Portachiavi Fiat Stilo Abarth<\/p>\n<p style=\"margin-bottom: 10px;\">Portachiavi Fiat Grande Punto fino al 2007<\/p>\n<p style=\"margin-bottom: 10px;\">Portachiavi Fiat Barchetta<\/p>\n<p style=\"margin-bottom: 10px;\">Portachiavi Fiat Panda fino al 2007<\/p>\n<p style=\"margin-bottom: 10px;\">Portachiavi Coup\u00e9 Fiat<\/p>\n<p style=\"margin-bottom: 10px;\">Portachiavi Fiat Barchetta<\/p>\n<p style=\"margin-bottom: 10px;\">Portachiavi Fiat Multipla facelift<\/p>\n<p style=\"margin-bottom: 10px;\">\n","protected":false},"excerpt":{"rendered":"<p>Nuovo portachiavi in metallo con logo Fiat intarsiato.<\/p>\n","protected":false},"featured_media":69497,"comment_status":"open","ping_status":"closed","template":"","meta":{"_acf_changed":false},"product_brand":[],"product_cat":[1696,1699,1767,1772,1703,1707,1711,1716,1720,1723,1726,1691,1732,1733,1739,1776,1742,1747,1749,1753,1758,1764,1780,1782,1788,1791],"product_tag":[],"class_list":{"0":"post-69168","1":"product","2":"type-product","3":"status-publish","4":"has-post-thumbnail","6":"product_cat-500-312-it","7":"product_cat-500x-334-it","8":"product_cat-5drs-it","9":"product_cat-abarth-3drs-it","10":"product_cat-barchetta-183-it","11":"product_cat-brava-198-it","12":"product_cat-bravo-198-it","13":"product_cat-cinquecento-170-it","14":"product_cat-coupe-175-it","15":"product_cat-croma-1-154-it","16":"product_cat-croma-2-194-it","17":"product_cat-fiat-it","18":"product_cat-grande-punto-199-it","19":"product_cat-marea-185-it","20":"product_cat-multipla-186-it","21":"product_cat-multiwagon-it","22":"product_cat-panda-1-141-it","23":"product_cat-punto-1-176-it","24":"product_cat-punto-2-188-it","25":"product_cat-ritmo-183-it","26":"product_cat-seicento-187-it","27":"product_cat-stilo-192-it","28":"product_cat-tempra-159-it","29":"product_cat-tipo-1-160-it","30":"product_cat-uno-1-146-it","31":"product_cat-x1-9-128-it","32":"pa_soort-onderdeel-portachiavi-e-adesivi","34":"first","35":"instock","36":"sale","37":"taxable","38":"shipping-taxable","39":"purchasable","40":"product-type-simple"},"acf":[],"yoast_head":"<!-- This site is optimized with the Yoast SEO plugin v27.3 - https:\/\/yoast.com\/product\/yoast-seo-wordpress\/ -->\n<title>Portachiavi cromato con logo rosso Fiat - Turijnmagazijn<\/title>\n<meta name=\"robots\" content=\"index, follow, max-snippet:-1, max-image-preview:large, max-video-preview:-1\" \/>\n<link rel=\"canonical\" href=\"https:\/\/turijnmagazijn.nl\/it\/prodotto\/portachiavi-metallo-cromo-fiat-logo\/\" \/>\n<meta property=\"og:locale\" content=\"it_IT\" \/>\n<meta property=\"og:type\" content=\"article\" \/>\n<meta property=\"og:title\" content=\"Portachiavi cromato con logo rosso Fiat - Turijnmagazijn\" \/>\n<meta property=\"og:description\" content=\"Nuovo portachiavi in metallo con logo Fiat intarsiato.\" \/>\n<meta property=\"og:url\" content=\"https:\/\/turijnmagazijn.nl\/it\/prodotto\/portachiavi-metallo-cromo-fiat-logo\/\" \/>\n<meta property=\"og:site_name\" content=\"Turijnmagazijn\" \/>\n<meta property=\"article:publisher\" content=\"https:\/\/www.facebook.com\/turijnmagazijn\" \/>\n<meta property=\"article:modified_time\" content=\"2025-04-15T17:03:58+00:00\" \/>\n<meta property=\"og:image\" content=\"https:\/\/turijnmagazijn.nl\/wp-content\/uploads\/2023\/05\/DN0100305-Sleutelhanger-metaal-chroom-Fiat-logo-3-jpg.webp\" \/>\n\t<meta property=\"og:image:width\" content=\"1024\" \/>\n\t<meta property=\"og:image:height\" content=\"768\" \/>\n\t<meta property=\"og:image:type\" content=\"image\/jpeg\" \/>\n<meta name=\"twitter:card\" content=\"summary_large_image\" \/>\n<script type=\"application\/ld+json\" class=\"yoast-schema-graph\">{\"@context\":\"https:\\\/\\\/schema.org\",\"@graph\":[{\"@type\":\"WebPage\",\"@id\":\"https:\\\/\\\/turijnmagazijn.nl\\\/it\\\/prodotto\\\/portachiavi-metallo-cromo-fiat-logo\\\/\",\"url\":\"https:\\\/\\\/turijnmagazijn.nl\\\/it\\\/prodotto\\\/portachiavi-metallo-cromo-fiat-logo\\\/\",\"name\":\"Portachiavi cromato con logo rosso Fiat - Turijnmagazijn\",\"isPartOf\":{\"@id\":\"https:\\\/\\\/turijnmagazijn.jumpstone-dev.nl\\\/#website\"},\"primaryImageOfPage\":{\"@id\":\"https:\\\/\\\/turijnmagazijn.nl\\\/it\\\/prodotto\\\/portachiavi-metallo-cromo-fiat-logo\\\/#primaryimage\"},\"image\":{\"@id\":\"https:\\\/\\\/turijnmagazijn.nl\\\/it\\\/prodotto\\\/portachiavi-metallo-cromo-fiat-logo\\\/#primaryimage\"},\"thumbnailUrl\":\"https:\\\/\\\/turijnmagazijn.nl\\\/wp-content\\\/uploads\\\/2023\\\/05\\\/DN0100305-Sleutelhanger-metaal-chroom-Fiat-logo-3-jpg.webp\",\"datePublished\":\"2023-05-30T14:01:17+00:00\",\"dateModified\":\"2025-04-15T17:03:58+00:00\",\"breadcrumb\":{\"@id\":\"https:\\\/\\\/turijnmagazijn.nl\\\/it\\\/prodotto\\\/portachiavi-metallo-cromo-fiat-logo\\\/#breadcrumb\"},\"inLanguage\":\"it-IT\",\"potentialAction\":[{\"@type\":\"ReadAction\",\"target\":[\"https:\\\/\\\/turijnmagazijn.nl\\\/it\\\/prodotto\\\/portachiavi-metallo-cromo-fiat-logo\\\/\"]}]},{\"@type\":\"ImageObject\",\"inLanguage\":\"it-IT\",\"@id\":\"https:\\\/\\\/turijnmagazijn.nl\\\/it\\\/prodotto\\\/portachiavi-metallo-cromo-fiat-logo\\\/#primaryimage\",\"url\":\"https:\\\/\\\/turijnmagazijn.nl\\\/wp-content\\\/uploads\\\/2023\\\/05\\\/DN0100305-Sleutelhanger-metaal-chroom-Fiat-logo-3-jpg.webp\",\"contentUrl\":\"https:\\\/\\\/turijnmagazijn.nl\\\/wp-content\\\/uploads\\\/2023\\\/05\\\/DN0100305-Sleutelhanger-metaal-chroom-Fiat-logo-3-jpg.webp\",\"width\":1024,\"height\":768},{\"@type\":\"BreadcrumbList\",\"@id\":\"https:\\\/\\\/turijnmagazijn.nl\\\/it\\\/prodotto\\\/portachiavi-metallo-cromo-fiat-logo\\\/#breadcrumb\",\"itemListElement\":[{\"@type\":\"ListItem\",\"position\":1,\"name\":\"Home\",\"item\":\"https:\\\/\\\/turijnmagazijn.nl\\\/it\\\/\"},{\"@type\":\"ListItem\",\"position\":2,\"name\":\"Prodotti\",\"item\":\"https:\\\/\\\/turijnmagazijn.nl\\\/it\\\/shop\\\/\"},{\"@type\":\"ListItem\",\"position\":3,\"name\":\"Portachiavi cromato con logo rosso Fiat\"}]},{\"@type\":\"WebSite\",\"@id\":\"https:\\\/\\\/turijnmagazijn.jumpstone-dev.nl\\\/#website\",\"url\":\"https:\\\/\\\/turijnmagazijn.jumpstone-dev.nl\\\/\",\"name\":\"Turijnmagazijn\",\"description\":\"Onderdelen nieuw en gebruikt - Fiat &amp; Lancia\",\"publisher\":{\"@id\":\"https:\\\/\\\/turijnmagazijn.jumpstone-dev.nl\\\/#organization\"},\"potentialAction\":[{\"@type\":\"SearchAction\",\"target\":{\"@type\":\"EntryPoint\",\"urlTemplate\":\"https:\\\/\\\/turijnmagazijn.jumpstone-dev.nl\\\/?s={search_term_string}\"},\"query-input\":{\"@type\":\"PropertyValueSpecification\",\"valueRequired\":true,\"valueName\":\"search_term_string\"}}],\"inLanguage\":\"it-IT\"},{\"@type\":\"Organization\",\"@id\":\"https:\\\/\\\/turijnmagazijn.jumpstone-dev.nl\\\/#organization\",\"name\":\"Turijnmagazijn\",\"url\":\"https:\\\/\\\/turijnmagazijn.jumpstone-dev.nl\\\/\",\"logo\":{\"@type\":\"ImageObject\",\"inLanguage\":\"it-IT\",\"@id\":\"https:\\\/\\\/turijnmagazijn.jumpstone-dev.nl\\\/#\\\/schema\\\/logo\\\/image\\\/\",\"url\":\"https:\\\/\\\/turijnmagazijn.nl\\\/wp-content\\\/uploads\\\/2021\\\/02\\\/turijnmagazijnlogo.png\",\"contentUrl\":\"https:\\\/\\\/turijnmagazijn.nl\\\/wp-content\\\/uploads\\\/2021\\\/02\\\/turijnmagazijnlogo.png\",\"width\":555,\"height\":270,\"caption\":\"Turijnmagazijn\"},\"image\":{\"@id\":\"https:\\\/\\\/turijnmagazijn.jumpstone-dev.nl\\\/#\\\/schema\\\/logo\\\/image\\\/\"},\"sameAs\":[\"https:\\\/\\\/www.facebook.com\\\/turijnmagazijn\"]}]}<\/script>\n<!-- \/ Yoast SEO plugin. -->","yoast_head_json":{"title":"Portachiavi cromato con logo rosso Fiat - Turijnmagazijn","robots":{"index":"index","follow":"follow","max-snippet":"max-snippet:-1","max-image-preview":"max-image-preview:large","max-video-preview":"max-video-preview:-1"},"canonical":"https:\/\/turijnmagazijn.nl\/it\/prodotto\/portachiavi-metallo-cromo-fiat-logo\/","og_locale":"it_IT","og_type":"article","og_title":"Portachiavi cromato con logo rosso Fiat - Turijnmagazijn","og_description":"Nuovo portachiavi in metallo con logo Fiat intarsiato.","og_url":"https:\/\/turijnmagazijn.nl\/it\/prodotto\/portachiavi-metallo-cromo-fiat-logo\/","og_site_name":"Turijnmagazijn","article_publisher":"https:\/\/www.facebook.com\/turijnmagazijn","article_modified_time":"2025-04-15T17:03:58+00:00","og_image":[{"width":1024,"height":768,"url":"https:\/\/turijnmagazijn.nl\/wp-content\/uploads\/2023\/05\/DN0100305-Sleutelhanger-metaal-chroom-Fiat-logo-3-jpg.webp","type":"image\/jpeg"}],"twitter_card":"summary_large_image","schema":{"@context":"https:\/\/schema.org","@graph":[{"@type":"WebPage","@id":"https:\/\/turijnmagazijn.nl\/it\/prodotto\/portachiavi-metallo-cromo-fiat-logo\/","url":"https:\/\/turijnmagazijn.nl\/it\/prodotto\/portachiavi-metallo-cromo-fiat-logo\/","name":"Portachiavi cromato con logo rosso Fiat - Turijnmagazijn","isPartOf":{"@id":"https:\/\/turijnmagazijn.jumpstone-dev.nl\/#website"},"primaryImageOfPage":{"@id":"https:\/\/turijnmagazijn.nl\/it\/prodotto\/portachiavi-metallo-cromo-fiat-logo\/#primaryimage"},"image":{"@id":"https:\/\/turijnmagazijn.nl\/it\/prodotto\/portachiavi-metallo-cromo-fiat-logo\/#primaryimage"},"thumbnailUrl":"https:\/\/turijnmagazijn.nl\/wp-content\/uploads\/2023\/05\/DN0100305-Sleutelhanger-metaal-chroom-Fiat-logo-3-jpg.webp","datePublished":"2023-05-30T14:01:17+00:00","dateModified":"2025-04-15T17:03:58+00:00","breadcrumb":{"@id":"https:\/\/turijnmagazijn.nl\/it\/prodotto\/portachiavi-metallo-cromo-fiat-logo\/#breadcrumb"},"inLanguage":"it-IT","potentialAction":[{"@type":"ReadAction","target":["https:\/\/turijnmagazijn.nl\/it\/prodotto\/portachiavi-metallo-cromo-fiat-logo\/"]}]},{"@type":"ImageObject","inLanguage":"it-IT","@id":"https:\/\/turijnmagazijn.nl\/it\/prodotto\/portachiavi-metallo-cromo-fiat-logo\/#primaryimage","url":"https:\/\/turijnmagazijn.nl\/wp-content\/uploads\/2023\/05\/DN0100305-Sleutelhanger-metaal-chroom-Fiat-logo-3-jpg.webp","contentUrl":"https:\/\/turijnmagazijn.nl\/wp-content\/uploads\/2023\/05\/DN0100305-Sleutelhanger-metaal-chroom-Fiat-logo-3-jpg.webp","width":1024,"height":768},{"@type":"BreadcrumbList","@id":"https:\/\/turijnmagazijn.nl\/it\/prodotto\/portachiavi-metallo-cromo-fiat-logo\/#breadcrumb","itemListElement":[{"@type":"ListItem","position":1,"name":"Home","item":"https:\/\/turijnmagazijn.nl\/it\/"},{"@type":"ListItem","position":2,"name":"Prodotti","item":"https:\/\/turijnmagazijn.nl\/it\/shop\/"},{"@type":"ListItem","position":3,"name":"Portachiavi cromato con logo rosso Fiat"}]},{"@type":"WebSite","@id":"https:\/\/turijnmagazijn.jumpstone-dev.nl\/#website","url":"https:\/\/turijnmagazijn.jumpstone-dev.nl\/","name":"Turijnmagazijn","description":"Onderdelen nieuw en gebruikt - Fiat &amp; Lancia","publisher":{"@id":"https:\/\/turijnmagazijn.jumpstone-dev.nl\/#organization"},"potentialAction":[{"@type":"SearchAction","target":{"@type":"EntryPoint","urlTemplate":"https:\/\/turijnmagazijn.jumpstone-dev.nl\/?s={search_term_string}"},"query-input":{"@type":"PropertyValueSpecification","valueRequired":true,"valueName":"search_term_string"}}],"inLanguage":"it-IT"},{"@type":"Organization","@id":"https:\/\/turijnmagazijn.jumpstone-dev.nl\/#organization","name":"Turijnmagazijn","url":"https:\/\/turijnmagazijn.jumpstone-dev.nl\/","logo":{"@type":"ImageObject","inLanguage":"it-IT","@id":"https:\/\/turijnmagazijn.jumpstone-dev.nl\/#\/schema\/logo\/image\/","url":"https:\/\/turijnmagazijn.nl\/wp-content\/uploads\/2021\/02\/turijnmagazijnlogo.png","contentUrl":"https:\/\/turijnmagazijn.nl\/wp-content\/uploads\/2021\/02\/turijnmagazijnlogo.png","width":555,"height":270,"caption":"Turijnmagazijn"},"image":{"@id":"https:\/\/turijnmagazijn.jumpstone-dev.nl\/#\/schema\/logo\/image\/"},"sameAs":["https:\/\/www.facebook.com\/turijnmagazijn"]}]}},"_links":{"self":[{"href":"https:\/\/turijnmagazijn.nl\/it\/wp-json\/wp\/v2\/product\/69168","targetHints":{"allow":["GET"]}}],"collection":[{"href":"https:\/\/turijnmagazijn.nl\/it\/wp-json\/wp\/v2\/product"}],"about":[{"href":"https:\/\/turijnmagazijn.nl\/it\/wp-json\/wp\/v2\/types\/product"}],"replies":[{"embeddable":true,"href":"https:\/\/turijnmagazijn.nl\/it\/wp-json\/wp\/v2\/comments?post=69168"}],"wp:featuredmedia":[{"embeddable":true,"href":"https:\/\/turijnmagazijn.nl\/it\/wp-json\/wp\/v2\/media\/69497"}],"wp:attachment":[{"href":"https:\/\/turijnmagazijn.nl\/it\/wp-json\/wp\/v2\/media?parent=69168"}],"wp:term":[{"taxonomy":"product_brand","embeddable":true,"href":"https:\/\/turijnmagazijn.nl\/it\/wp-json\/wp\/v2\/product_brand?post=69168"},{"taxonomy":"product_cat","embeddable":true,"href":"https:\/\/turijnmagazijn.nl\/it\/wp-json\/wp\/v2\/product_cat?post=69168"},{"taxonomy":"product_tag","embeddable":true,"href":"https:\/\/turijnmagazijn.nl\/it\/wp-json\/wp\/v2\/product_tag?post=69168"}],"curies":[{"name":"wp","href":"https:\/\/api.w.org\/{rel}","templated":true}]}}