{"id":69244,"date":"2023-05-27T21:56:29","date_gmt":"2023-05-27T19:56:29","guid":{"rendered":"https:\/\/turijnmagazijn.nl\/product\/scarico-in-gomma-lancia-delta-integrale-nero-tpu-98a-riproduzione\/"},"modified":"2024-11-03T13:43:42","modified_gmt":"2024-11-03T12:43:42","slug":"scarico-gomma-lancia-delta-integrale-nero-tpu-98a-riproduzione","status":"publish","type":"product","link":"https:\/\/turijnmagazijn.nl\/it\/prodotto\/scarico-gomma-lancia-delta-integrale-nero-tpu-98a-riproduzione\/","title":{"rendered":"Scarico in gomma Lancia Delta Integrale nero TPU 98A riproduzione"},"content":{"rendered":"<p>Nuova parte di imitazione.<\/p>\n<p>Questo prodotto \u00e8 realizzato su una stampante 3d di TPU98A.<\/p>\n<p>Il colore del materiale \u00e8 nero.<\/p>\n<p>Il TPU \u00e8 in qualche modo flessibile, ma questo articolo \u00e8 certamente molto pi\u00f9 rigido della gomma originale.<\/p>\n<p>La parte numero 4 del disegno tecnico EPER numero 1025801002 relativo all&#8217;applicazione sulla Lancia Delta Integrale.<br \/>\n\u00c8 necessaria una copia di questo articolo per ogni veicolo. Parte numero 15 del disegno tecnico EPER numero 1025801002 relativo all&#8217;applicazione sulla Lancia Delta Integrale. Per ogni vettura sono necessarie 2 copie di questo articolo.  <\/p>\n<p>OEM Lancia 82418333<\/p>\n","protected":false},"excerpt":{"rendered":"<p>82418333 Scarico in gomma Lancia Delta Integrale nero TPU 98A riproduzione<\/p>\n","protected":false},"featured_media":69599,"comment_status":"closed","ping_status":"closed","template":"","meta":{"_acf_changed":false},"product_brand":[],"product_cat":[1808,1820,1824,1828,1835,1832,1840,1800],"product_tag":[],"class_list":{"0":"post-69244","1":"product","2":"type-product","3":"status-publish","4":"has-post-thumbnail","6":"product_cat-delta-1-831-it","7":"product_cat-gt-i-e-it","8":"product_cat-hf-4wd-it","9":"product_cat-hf-turbo-it","10":"product_cat-integrale-16v-it","11":"product_cat-integrale-8v-it","12":"product_cat-integrale-evo-it","13":"product_cat-lancia-it","14":"pa_soort-onderdeel-sistemi-di-scarico","16":"first","17":"instock","18":"taxable","19":"shipping-taxable","20":"purchasable","21":"product-type-simple"},"acf":[],"yoast_head":"<!-- This site is optimized with the Yoast SEO plugin v27.3 - https:\/\/yoast.com\/product\/yoast-seo-wordpress\/ -->\n<title>Scarico in gomma Lancia Delta Integrale nero TPU 98A riproduzione - Turijnmagazijn<\/title>\n<meta name=\"robots\" content=\"index, follow, max-snippet:-1, max-image-preview:large, max-video-preview:-1\" \/>\n<link rel=\"canonical\" href=\"https:\/\/turijnmagazijn.nl\/it\/prodotto\/scarico-gomma-lancia-delta-integrale-nero-tpu-98a-riproduzione\/\" \/>\n<meta property=\"og:locale\" content=\"it_IT\" \/>\n<meta property=\"og:type\" content=\"article\" \/>\n<meta property=\"og:title\" content=\"Scarico in gomma Lancia Delta Integrale nero TPU 98A riproduzione - Turijnmagazijn\" \/>\n<meta property=\"og:description\" content=\"82418333 Scarico in gomma Lancia Delta Integrale nero TPU 98A riproduzione\" \/>\n<meta property=\"og:url\" content=\"https:\/\/turijnmagazijn.nl\/it\/prodotto\/scarico-gomma-lancia-delta-integrale-nero-tpu-98a-riproduzione\/\" \/>\n<meta property=\"og:site_name\" content=\"Turijnmagazijn\" \/>\n<meta property=\"article:publisher\" content=\"https:\/\/www.facebook.com\/turijnmagazijn\" \/>\n<meta property=\"article:modified_time\" content=\"2024-11-03T12:43:42+00:00\" \/>\n<meta property=\"og:image\" content=\"https:\/\/turijnmagazijn.nl\/wp-content\/uploads\/2023\/05\/DN0100311-Uitlaat-rubber-zwart-TPU-98A-reproductie-82418333-3-jpg.webp\" \/>\n\t<meta property=\"og:image:width\" content=\"1024\" \/>\n\t<meta property=\"og:image:height\" content=\"768\" \/>\n\t<meta property=\"og:image:type\" content=\"image\/jpeg\" \/>\n<meta name=\"twitter:card\" content=\"summary_large_image\" \/>\n<script type=\"application\/ld+json\" class=\"yoast-schema-graph\">{\"@context\":\"https:\\\/\\\/schema.org\",\"@graph\":[{\"@type\":\"WebPage\",\"@id\":\"https:\\\/\\\/turijnmagazijn.nl\\\/it\\\/prodotto\\\/scarico-gomma-lancia-delta-integrale-nero-tpu-98a-riproduzione\\\/\",\"url\":\"https:\\\/\\\/turijnmagazijn.nl\\\/it\\\/prodotto\\\/scarico-gomma-lancia-delta-integrale-nero-tpu-98a-riproduzione\\\/\",\"name\":\"Scarico in gomma Lancia Delta Integrale nero TPU 98A riproduzione - Turijnmagazijn\",\"isPartOf\":{\"@id\":\"https:\\\/\\\/turijnmagazijn.jumpstone-dev.nl\\\/#website\"},\"primaryImageOfPage\":{\"@id\":\"https:\\\/\\\/turijnmagazijn.nl\\\/it\\\/prodotto\\\/scarico-gomma-lancia-delta-integrale-nero-tpu-98a-riproduzione\\\/#primaryimage\"},\"image\":{\"@id\":\"https:\\\/\\\/turijnmagazijn.nl\\\/it\\\/prodotto\\\/scarico-gomma-lancia-delta-integrale-nero-tpu-98a-riproduzione\\\/#primaryimage\"},\"thumbnailUrl\":\"https:\\\/\\\/turijnmagazijn.nl\\\/wp-content\\\/uploads\\\/2023\\\/05\\\/DN0100311-Uitlaat-rubber-zwart-TPU-98A-reproductie-82418333-3-jpg.webp\",\"datePublished\":\"2023-05-27T19:56:29+00:00\",\"dateModified\":\"2024-11-03T12:43:42+00:00\",\"breadcrumb\":{\"@id\":\"https:\\\/\\\/turijnmagazijn.nl\\\/it\\\/prodotto\\\/scarico-gomma-lancia-delta-integrale-nero-tpu-98a-riproduzione\\\/#breadcrumb\"},\"inLanguage\":\"it-IT\",\"potentialAction\":[{\"@type\":\"ReadAction\",\"target\":[\"https:\\\/\\\/turijnmagazijn.nl\\\/it\\\/prodotto\\\/scarico-gomma-lancia-delta-integrale-nero-tpu-98a-riproduzione\\\/\"]}]},{\"@type\":\"ImageObject\",\"inLanguage\":\"it-IT\",\"@id\":\"https:\\\/\\\/turijnmagazijn.nl\\\/it\\\/prodotto\\\/scarico-gomma-lancia-delta-integrale-nero-tpu-98a-riproduzione\\\/#primaryimage\",\"url\":\"https:\\\/\\\/turijnmagazijn.nl\\\/wp-content\\\/uploads\\\/2023\\\/05\\\/DN0100311-Uitlaat-rubber-zwart-TPU-98A-reproductie-82418333-3-jpg.webp\",\"contentUrl\":\"https:\\\/\\\/turijnmagazijn.nl\\\/wp-content\\\/uploads\\\/2023\\\/05\\\/DN0100311-Uitlaat-rubber-zwart-TPU-98A-reproductie-82418333-3-jpg.webp\",\"width\":1024,\"height\":768},{\"@type\":\"BreadcrumbList\",\"@id\":\"https:\\\/\\\/turijnmagazijn.nl\\\/it\\\/prodotto\\\/scarico-gomma-lancia-delta-integrale-nero-tpu-98a-riproduzione\\\/#breadcrumb\",\"itemListElement\":[{\"@type\":\"ListItem\",\"position\":1,\"name\":\"Home\",\"item\":\"https:\\\/\\\/turijnmagazijn.nl\\\/it\\\/\"},{\"@type\":\"ListItem\",\"position\":2,\"name\":\"Prodotti\",\"item\":\"https:\\\/\\\/turijnmagazijn.nl\\\/it\\\/shop\\\/\"},{\"@type\":\"ListItem\",\"position\":3,\"name\":\"Scarico in gomma Lancia Delta Integrale nero TPU 98A riproduzione\"}]},{\"@type\":\"WebSite\",\"@id\":\"https:\\\/\\\/turijnmagazijn.jumpstone-dev.nl\\\/#website\",\"url\":\"https:\\\/\\\/turijnmagazijn.jumpstone-dev.nl\\\/\",\"name\":\"Turijnmagazijn\",\"description\":\"Onderdelen nieuw en gebruikt - Fiat &amp; Lancia\",\"publisher\":{\"@id\":\"https:\\\/\\\/turijnmagazijn.jumpstone-dev.nl\\\/#organization\"},\"potentialAction\":[{\"@type\":\"SearchAction\",\"target\":{\"@type\":\"EntryPoint\",\"urlTemplate\":\"https:\\\/\\\/turijnmagazijn.jumpstone-dev.nl\\\/?s={search_term_string}\"},\"query-input\":{\"@type\":\"PropertyValueSpecification\",\"valueRequired\":true,\"valueName\":\"search_term_string\"}}],\"inLanguage\":\"it-IT\"},{\"@type\":\"Organization\",\"@id\":\"https:\\\/\\\/turijnmagazijn.jumpstone-dev.nl\\\/#organization\",\"name\":\"Turijnmagazijn\",\"url\":\"https:\\\/\\\/turijnmagazijn.jumpstone-dev.nl\\\/\",\"logo\":{\"@type\":\"ImageObject\",\"inLanguage\":\"it-IT\",\"@id\":\"https:\\\/\\\/turijnmagazijn.jumpstone-dev.nl\\\/#\\\/schema\\\/logo\\\/image\\\/\",\"url\":\"https:\\\/\\\/turijnmagazijn.nl\\\/wp-content\\\/uploads\\\/2021\\\/02\\\/turijnmagazijnlogo.png\",\"contentUrl\":\"https:\\\/\\\/turijnmagazijn.nl\\\/wp-content\\\/uploads\\\/2021\\\/02\\\/turijnmagazijnlogo.png\",\"width\":555,\"height\":270,\"caption\":\"Turijnmagazijn\"},\"image\":{\"@id\":\"https:\\\/\\\/turijnmagazijn.jumpstone-dev.nl\\\/#\\\/schema\\\/logo\\\/image\\\/\"},\"sameAs\":[\"https:\\\/\\\/www.facebook.com\\\/turijnmagazijn\"]}]}<\/script>\n<!-- \/ Yoast SEO plugin. -->","yoast_head_json":{"title":"Scarico in gomma Lancia Delta Integrale nero TPU 98A riproduzione - Turijnmagazijn","robots":{"index":"index","follow":"follow","max-snippet":"max-snippet:-1","max-image-preview":"max-image-preview:large","max-video-preview":"max-video-preview:-1"},"canonical":"https:\/\/turijnmagazijn.nl\/it\/prodotto\/scarico-gomma-lancia-delta-integrale-nero-tpu-98a-riproduzione\/","og_locale":"it_IT","og_type":"article","og_title":"Scarico in gomma Lancia Delta Integrale nero TPU 98A riproduzione - Turijnmagazijn","og_description":"82418333 Scarico in gomma Lancia Delta Integrale nero TPU 98A riproduzione","og_url":"https:\/\/turijnmagazijn.nl\/it\/prodotto\/scarico-gomma-lancia-delta-integrale-nero-tpu-98a-riproduzione\/","og_site_name":"Turijnmagazijn","article_publisher":"https:\/\/www.facebook.com\/turijnmagazijn","article_modified_time":"2024-11-03T12:43:42+00:00","og_image":[{"width":1024,"height":768,"url":"https:\/\/turijnmagazijn.nl\/wp-content\/uploads\/2023\/05\/DN0100311-Uitlaat-rubber-zwart-TPU-98A-reproductie-82418333-3-jpg.webp","type":"image\/jpeg"}],"twitter_card":"summary_large_image","schema":{"@context":"https:\/\/schema.org","@graph":[{"@type":"WebPage","@id":"https:\/\/turijnmagazijn.nl\/it\/prodotto\/scarico-gomma-lancia-delta-integrale-nero-tpu-98a-riproduzione\/","url":"https:\/\/turijnmagazijn.nl\/it\/prodotto\/scarico-gomma-lancia-delta-integrale-nero-tpu-98a-riproduzione\/","name":"Scarico in gomma Lancia Delta Integrale nero TPU 98A riproduzione - Turijnmagazijn","isPartOf":{"@id":"https:\/\/turijnmagazijn.jumpstone-dev.nl\/#website"},"primaryImageOfPage":{"@id":"https:\/\/turijnmagazijn.nl\/it\/prodotto\/scarico-gomma-lancia-delta-integrale-nero-tpu-98a-riproduzione\/#primaryimage"},"image":{"@id":"https:\/\/turijnmagazijn.nl\/it\/prodotto\/scarico-gomma-lancia-delta-integrale-nero-tpu-98a-riproduzione\/#primaryimage"},"thumbnailUrl":"https:\/\/turijnmagazijn.nl\/wp-content\/uploads\/2023\/05\/DN0100311-Uitlaat-rubber-zwart-TPU-98A-reproductie-82418333-3-jpg.webp","datePublished":"2023-05-27T19:56:29+00:00","dateModified":"2024-11-03T12:43:42+00:00","breadcrumb":{"@id":"https:\/\/turijnmagazijn.nl\/it\/prodotto\/scarico-gomma-lancia-delta-integrale-nero-tpu-98a-riproduzione\/#breadcrumb"},"inLanguage":"it-IT","potentialAction":[{"@type":"ReadAction","target":["https:\/\/turijnmagazijn.nl\/it\/prodotto\/scarico-gomma-lancia-delta-integrale-nero-tpu-98a-riproduzione\/"]}]},{"@type":"ImageObject","inLanguage":"it-IT","@id":"https:\/\/turijnmagazijn.nl\/it\/prodotto\/scarico-gomma-lancia-delta-integrale-nero-tpu-98a-riproduzione\/#primaryimage","url":"https:\/\/turijnmagazijn.nl\/wp-content\/uploads\/2023\/05\/DN0100311-Uitlaat-rubber-zwart-TPU-98A-reproductie-82418333-3-jpg.webp","contentUrl":"https:\/\/turijnmagazijn.nl\/wp-content\/uploads\/2023\/05\/DN0100311-Uitlaat-rubber-zwart-TPU-98A-reproductie-82418333-3-jpg.webp","width":1024,"height":768},{"@type":"BreadcrumbList","@id":"https:\/\/turijnmagazijn.nl\/it\/prodotto\/scarico-gomma-lancia-delta-integrale-nero-tpu-98a-riproduzione\/#breadcrumb","itemListElement":[{"@type":"ListItem","position":1,"name":"Home","item":"https:\/\/turijnmagazijn.nl\/it\/"},{"@type":"ListItem","position":2,"name":"Prodotti","item":"https:\/\/turijnmagazijn.nl\/it\/shop\/"},{"@type":"ListItem","position":3,"name":"Scarico in gomma Lancia Delta Integrale nero TPU 98A riproduzione"}]},{"@type":"WebSite","@id":"https:\/\/turijnmagazijn.jumpstone-dev.nl\/#website","url":"https:\/\/turijnmagazijn.jumpstone-dev.nl\/","name":"Turijnmagazijn","description":"Onderdelen nieuw en gebruikt - Fiat &amp; Lancia","publisher":{"@id":"https:\/\/turijnmagazijn.jumpstone-dev.nl\/#organization"},"potentialAction":[{"@type":"SearchAction","target":{"@type":"EntryPoint","urlTemplate":"https:\/\/turijnmagazijn.jumpstone-dev.nl\/?s={search_term_string}"},"query-input":{"@type":"PropertyValueSpecification","valueRequired":true,"valueName":"search_term_string"}}],"inLanguage":"it-IT"},{"@type":"Organization","@id":"https:\/\/turijnmagazijn.jumpstone-dev.nl\/#organization","name":"Turijnmagazijn","url":"https:\/\/turijnmagazijn.jumpstone-dev.nl\/","logo":{"@type":"ImageObject","inLanguage":"it-IT","@id":"https:\/\/turijnmagazijn.jumpstone-dev.nl\/#\/schema\/logo\/image\/","url":"https:\/\/turijnmagazijn.nl\/wp-content\/uploads\/2021\/02\/turijnmagazijnlogo.png","contentUrl":"https:\/\/turijnmagazijn.nl\/wp-content\/uploads\/2021\/02\/turijnmagazijnlogo.png","width":555,"height":270,"caption":"Turijnmagazijn"},"image":{"@id":"https:\/\/turijnmagazijn.jumpstone-dev.nl\/#\/schema\/logo\/image\/"},"sameAs":["https:\/\/www.facebook.com\/turijnmagazijn"]}]}},"_links":{"self":[{"href":"https:\/\/turijnmagazijn.nl\/it\/wp-json\/wp\/v2\/product\/69244","targetHints":{"allow":["GET"]}}],"collection":[{"href":"https:\/\/turijnmagazijn.nl\/it\/wp-json\/wp\/v2\/product"}],"about":[{"href":"https:\/\/turijnmagazijn.nl\/it\/wp-json\/wp\/v2\/types\/product"}],"replies":[{"embeddable":true,"href":"https:\/\/turijnmagazijn.nl\/it\/wp-json\/wp\/v2\/comments?post=69244"}],"wp:featuredmedia":[{"embeddable":true,"href":"https:\/\/turijnmagazijn.nl\/it\/wp-json\/wp\/v2\/media\/69599"}],"wp:attachment":[{"href":"https:\/\/turijnmagazijn.nl\/it\/wp-json\/wp\/v2\/media?parent=69244"}],"wp:term":[{"taxonomy":"product_brand","embeddable":true,"href":"https:\/\/turijnmagazijn.nl\/it\/wp-json\/wp\/v2\/product_brand?post=69244"},{"taxonomy":"product_cat","embeddable":true,"href":"https:\/\/turijnmagazijn.nl\/it\/wp-json\/wp\/v2\/product_cat?post=69244"},{"taxonomy":"product_tag","embeddable":true,"href":"https:\/\/turijnmagazijn.nl\/it\/wp-json\/wp\/v2\/product_tag?post=69244"}],"curies":[{"name":"wp","href":"https:\/\/api.w.org\/{rel}","templated":true}]}}