{"id":70840,"date":"2023-03-03T09:21:23","date_gmt":"2023-03-03T08:21:23","guid":{"rendered":"https:\/\/turijnmagazijn.nl\/?post_type=product&#038;p=70840"},"modified":"2025-04-15T20:54:26","modified_gmt":"2025-04-15T18:54:26","slug":"molla-a-gas-portellone-lancia-kappa-berlina-coupe","status":"publish","type":"product","link":"https:\/\/turijnmagazijn.nl\/it\/prodotto\/molla-a-gas-portellone-lancia-kappa-berlina-coupe\/","title":{"rendered":"Portellone a gas Lancia Kappa Berlina + Coup\u00e9"},"content":{"rendered":"<p>Molla a gas usata (1 copia, ne servono due per veicolo) per il portellone posteriore di Lancia Kappa berlina e Coup\u00e9. Riguarda le molle corte con una lunghezza a riposo (lunghezza massima) di 290 mm.<\/p>\n<p>Questa \u00e8 una molla a gas Stabilus originale usata con il numero OEM corretto per Lancia.<\/p>\n<p>Applicabile anche ai modelli Kappa Coup\u00e9.<\/p>\n<p>Le molle danno una pressione di 500 newton.<\/p>\n<p>Stabilus Lift-o-mat<br \/>\n5993CJ<br \/>\n500N<br \/>\n304\/94 A 17<\/p>\n<p style=\"margin-bottom: 10px; line-height: 20px;\">\n<p style=\"margin-bottom: 10px; line-height: 20px;\">Da una Lancia Kappa coup\u00e9 del 1998.<\/p>\n<p style=\"margin-bottom: 10px; line-height: 20px;\">Colore della vernice dell&#8217;auto donatrice: 805 Black storm.<\/p>\n<p style=\"margin-bottom: 10px; line-height: 20px;\">L&#8217;auto donatrice era equipaggiata con un motore a benzina manuale a 5 cilindri 2.4 20V.<\/p>\n<p style=\"margin-bottom: 10px; line-height: 20px;\">\n<p>OEM Lancia 46429507<\/p>\n","protected":false},"excerpt":{"rendered":"<p>46429507 Molla a gas Portellone Lancia Kappa Berlina + Coup\u00e9 &#8211; Molla a gas usata (1 copia, ne servono due per veicolo) per il portellone posteriore per Lancia Kappa berlina e Coup\u00e9.Molla a gas Portellone Lancia Kappa Berlina + Coup\u00e9 &#8211; Molla a gas usata (1 ex<\/p>\n","protected":false},"featured_media":49030,"comment_status":"open","ping_status":"closed","template":"","meta":{"_acf_changed":false},"product_brand":[],"product_cat":[1866,1857,1800,1871],"product_tag":[],"class_list":{"0":"post-70840","1":"product","2":"type-product","3":"status-publish","4":"has-post-thumbnail","6":"product_cat-coupe-it","7":"product_cat-kappa-838-it","8":"product_cat-lancia-it","9":"product_cat-sw-it","10":"pa_soort-onderdeel-altre-parti-di-automobili","12":"first","13":"instock","14":"shipping-taxable","15":"purchasable","16":"product-type-simple"},"acf":[],"yoast_head":"<!-- This site is optimized with the Yoast SEO plugin v27.3 - https:\/\/yoast.com\/product\/yoast-seo-wordpress\/ -->\n<title>Portellone a gas Lancia Kappa Berlina + Coup\u00e9 - Turijnmagazijn<\/title>\n<meta name=\"robots\" content=\"index, follow, max-snippet:-1, max-image-preview:large, max-video-preview:-1\" \/>\n<link rel=\"canonical\" href=\"https:\/\/turijnmagazijn.nl\/it\/prodotto\/molla-a-gas-portellone-lancia-kappa-berlina-coupe\/\" \/>\n<meta property=\"og:locale\" content=\"it_IT\" \/>\n<meta property=\"og:type\" content=\"article\" \/>\n<meta property=\"og:title\" content=\"Portellone a gas Lancia Kappa Berlina + Coup\u00e9 - Turijnmagazijn\" \/>\n<meta property=\"og:description\" content=\"46429507 Molla a gas Portellone Lancia Kappa Berlina + Coup\u00e9 - Molla a gas usata (1 copia, ne servono due per veicolo) per il portellone posteriore per Lancia Kappa berlina e Coup\u00e9.Molla a gas Portellone Lancia Kappa Berlina + Coup\u00e9 - Molla a gas usata (1 ex\" \/>\n<meta property=\"og:url\" content=\"https:\/\/turijnmagazijn.nl\/it\/prodotto\/molla-a-gas-portellone-lancia-kappa-berlina-coupe\/\" \/>\n<meta property=\"og:site_name\" content=\"Turijnmagazijn\" \/>\n<meta property=\"article:publisher\" content=\"https:\/\/www.facebook.com\/turijnmagazijn\" \/>\n<meta property=\"article:modified_time\" content=\"2025-04-15T18:54:26+00:00\" \/>\n<meta property=\"og:image\" content=\"https:\/\/turijnmagazijn.nl\/wp-content\/uploads\/2023\/03\/DK0010235320Gasveer20Achterklep20Lancia20Kappa20Sedan2020Coupe203.jpg\" \/>\n\t<meta property=\"og:image:width\" content=\"1024\" \/>\n\t<meta property=\"og:image:height\" content=\"768\" \/>\n\t<meta property=\"og:image:type\" content=\"image\/jpeg\" \/>\n<meta name=\"twitter:card\" content=\"summary_large_image\" \/>\n<script type=\"application\/ld+json\" class=\"yoast-schema-graph\">{\"@context\":\"https:\\\/\\\/schema.org\",\"@graph\":[{\"@type\":\"WebPage\",\"@id\":\"https:\\\/\\\/turijnmagazijn.nl\\\/it\\\/prodotto\\\/molla-a-gas-portellone-lancia-kappa-berlina-coupe\\\/\",\"url\":\"https:\\\/\\\/turijnmagazijn.nl\\\/it\\\/prodotto\\\/molla-a-gas-portellone-lancia-kappa-berlina-coupe\\\/\",\"name\":\"Portellone a gas Lancia Kappa Berlina + Coup\u00e9 - Turijnmagazijn\",\"isPartOf\":{\"@id\":\"https:\\\/\\\/turijnmagazijn.jumpstone-dev.nl\\\/#website\"},\"primaryImageOfPage\":{\"@id\":\"https:\\\/\\\/turijnmagazijn.nl\\\/it\\\/prodotto\\\/molla-a-gas-portellone-lancia-kappa-berlina-coupe\\\/#primaryimage\"},\"image\":{\"@id\":\"https:\\\/\\\/turijnmagazijn.nl\\\/it\\\/prodotto\\\/molla-a-gas-portellone-lancia-kappa-berlina-coupe\\\/#primaryimage\"},\"thumbnailUrl\":\"https:\\\/\\\/turijnmagazijn.nl\\\/wp-content\\\/uploads\\\/2023\\\/03\\\/DK0010235320Gasveer20Achterklep20Lancia20Kappa20Sedan2020Coupe203.jpg\",\"datePublished\":\"2023-03-03T08:21:23+00:00\",\"dateModified\":\"2025-04-15T18:54:26+00:00\",\"breadcrumb\":{\"@id\":\"https:\\\/\\\/turijnmagazijn.nl\\\/it\\\/prodotto\\\/molla-a-gas-portellone-lancia-kappa-berlina-coupe\\\/#breadcrumb\"},\"inLanguage\":\"it-IT\",\"potentialAction\":[{\"@type\":\"ReadAction\",\"target\":[\"https:\\\/\\\/turijnmagazijn.nl\\\/it\\\/prodotto\\\/molla-a-gas-portellone-lancia-kappa-berlina-coupe\\\/\"]}]},{\"@type\":\"ImageObject\",\"inLanguage\":\"it-IT\",\"@id\":\"https:\\\/\\\/turijnmagazijn.nl\\\/it\\\/prodotto\\\/molla-a-gas-portellone-lancia-kappa-berlina-coupe\\\/#primaryimage\",\"url\":\"https:\\\/\\\/turijnmagazijn.nl\\\/wp-content\\\/uploads\\\/2023\\\/03\\\/DK0010235320Gasveer20Achterklep20Lancia20Kappa20Sedan2020Coupe203.jpg\",\"contentUrl\":\"https:\\\/\\\/turijnmagazijn.nl\\\/wp-content\\\/uploads\\\/2023\\\/03\\\/DK0010235320Gasveer20Achterklep20Lancia20Kappa20Sedan2020Coupe203.jpg\",\"width\":1024,\"height\":768},{\"@type\":\"BreadcrumbList\",\"@id\":\"https:\\\/\\\/turijnmagazijn.nl\\\/it\\\/prodotto\\\/molla-a-gas-portellone-lancia-kappa-berlina-coupe\\\/#breadcrumb\",\"itemListElement\":[{\"@type\":\"ListItem\",\"position\":1,\"name\":\"Home\",\"item\":\"https:\\\/\\\/turijnmagazijn.nl\\\/it\\\/\"},{\"@type\":\"ListItem\",\"position\":2,\"name\":\"Prodotti\",\"item\":\"https:\\\/\\\/turijnmagazijn.nl\\\/it\\\/shop\\\/\"},{\"@type\":\"ListItem\",\"position\":3,\"name\":\"Portellone a gas Lancia Kappa Berlina + Coup\u00e9\"}]},{\"@type\":\"WebSite\",\"@id\":\"https:\\\/\\\/turijnmagazijn.jumpstone-dev.nl\\\/#website\",\"url\":\"https:\\\/\\\/turijnmagazijn.jumpstone-dev.nl\\\/\",\"name\":\"Turijnmagazijn\",\"description\":\"Onderdelen nieuw en gebruikt - Fiat &amp; Lancia\",\"publisher\":{\"@id\":\"https:\\\/\\\/turijnmagazijn.jumpstone-dev.nl\\\/#organization\"},\"potentialAction\":[{\"@type\":\"SearchAction\",\"target\":{\"@type\":\"EntryPoint\",\"urlTemplate\":\"https:\\\/\\\/turijnmagazijn.jumpstone-dev.nl\\\/?s={search_term_string}\"},\"query-input\":{\"@type\":\"PropertyValueSpecification\",\"valueRequired\":true,\"valueName\":\"search_term_string\"}}],\"inLanguage\":\"it-IT\"},{\"@type\":\"Organization\",\"@id\":\"https:\\\/\\\/turijnmagazijn.jumpstone-dev.nl\\\/#organization\",\"name\":\"Turijnmagazijn\",\"url\":\"https:\\\/\\\/turijnmagazijn.jumpstone-dev.nl\\\/\",\"logo\":{\"@type\":\"ImageObject\",\"inLanguage\":\"it-IT\",\"@id\":\"https:\\\/\\\/turijnmagazijn.jumpstone-dev.nl\\\/#\\\/schema\\\/logo\\\/image\\\/\",\"url\":\"https:\\\/\\\/turijnmagazijn.nl\\\/wp-content\\\/uploads\\\/2021\\\/02\\\/turijnmagazijnlogo.png\",\"contentUrl\":\"https:\\\/\\\/turijnmagazijn.nl\\\/wp-content\\\/uploads\\\/2021\\\/02\\\/turijnmagazijnlogo.png\",\"width\":555,\"height\":270,\"caption\":\"Turijnmagazijn\"},\"image\":{\"@id\":\"https:\\\/\\\/turijnmagazijn.jumpstone-dev.nl\\\/#\\\/schema\\\/logo\\\/image\\\/\"},\"sameAs\":[\"https:\\\/\\\/www.facebook.com\\\/turijnmagazijn\"]}]}<\/script>\n<!-- \/ Yoast SEO plugin. -->","yoast_head_json":{"title":"Portellone a gas Lancia Kappa Berlina + Coup\u00e9 - Turijnmagazijn","robots":{"index":"index","follow":"follow","max-snippet":"max-snippet:-1","max-image-preview":"max-image-preview:large","max-video-preview":"max-video-preview:-1"},"canonical":"https:\/\/turijnmagazijn.nl\/it\/prodotto\/molla-a-gas-portellone-lancia-kappa-berlina-coupe\/","og_locale":"it_IT","og_type":"article","og_title":"Portellone a gas Lancia Kappa Berlina + Coup\u00e9 - Turijnmagazijn","og_description":"46429507 Molla a gas Portellone Lancia Kappa Berlina + Coup\u00e9 - Molla a gas usata (1 copia, ne servono due per veicolo) per il portellone posteriore per Lancia Kappa berlina e Coup\u00e9.Molla a gas Portellone Lancia Kappa Berlina + Coup\u00e9 - Molla a gas usata (1 ex","og_url":"https:\/\/turijnmagazijn.nl\/it\/prodotto\/molla-a-gas-portellone-lancia-kappa-berlina-coupe\/","og_site_name":"Turijnmagazijn","article_publisher":"https:\/\/www.facebook.com\/turijnmagazijn","article_modified_time":"2025-04-15T18:54:26+00:00","og_image":[{"width":1024,"height":768,"url":"https:\/\/turijnmagazijn.nl\/wp-content\/uploads\/2023\/03\/DK0010235320Gasveer20Achterklep20Lancia20Kappa20Sedan2020Coupe203.jpg","type":"image\/jpeg"}],"twitter_card":"summary_large_image","schema":{"@context":"https:\/\/schema.org","@graph":[{"@type":"WebPage","@id":"https:\/\/turijnmagazijn.nl\/it\/prodotto\/molla-a-gas-portellone-lancia-kappa-berlina-coupe\/","url":"https:\/\/turijnmagazijn.nl\/it\/prodotto\/molla-a-gas-portellone-lancia-kappa-berlina-coupe\/","name":"Portellone a gas Lancia Kappa Berlina + Coup\u00e9 - Turijnmagazijn","isPartOf":{"@id":"https:\/\/turijnmagazijn.jumpstone-dev.nl\/#website"},"primaryImageOfPage":{"@id":"https:\/\/turijnmagazijn.nl\/it\/prodotto\/molla-a-gas-portellone-lancia-kappa-berlina-coupe\/#primaryimage"},"image":{"@id":"https:\/\/turijnmagazijn.nl\/it\/prodotto\/molla-a-gas-portellone-lancia-kappa-berlina-coupe\/#primaryimage"},"thumbnailUrl":"https:\/\/turijnmagazijn.nl\/wp-content\/uploads\/2023\/03\/DK0010235320Gasveer20Achterklep20Lancia20Kappa20Sedan2020Coupe203.jpg","datePublished":"2023-03-03T08:21:23+00:00","dateModified":"2025-04-15T18:54:26+00:00","breadcrumb":{"@id":"https:\/\/turijnmagazijn.nl\/it\/prodotto\/molla-a-gas-portellone-lancia-kappa-berlina-coupe\/#breadcrumb"},"inLanguage":"it-IT","potentialAction":[{"@type":"ReadAction","target":["https:\/\/turijnmagazijn.nl\/it\/prodotto\/molla-a-gas-portellone-lancia-kappa-berlina-coupe\/"]}]},{"@type":"ImageObject","inLanguage":"it-IT","@id":"https:\/\/turijnmagazijn.nl\/it\/prodotto\/molla-a-gas-portellone-lancia-kappa-berlina-coupe\/#primaryimage","url":"https:\/\/turijnmagazijn.nl\/wp-content\/uploads\/2023\/03\/DK0010235320Gasveer20Achterklep20Lancia20Kappa20Sedan2020Coupe203.jpg","contentUrl":"https:\/\/turijnmagazijn.nl\/wp-content\/uploads\/2023\/03\/DK0010235320Gasveer20Achterklep20Lancia20Kappa20Sedan2020Coupe203.jpg","width":1024,"height":768},{"@type":"BreadcrumbList","@id":"https:\/\/turijnmagazijn.nl\/it\/prodotto\/molla-a-gas-portellone-lancia-kappa-berlina-coupe\/#breadcrumb","itemListElement":[{"@type":"ListItem","position":1,"name":"Home","item":"https:\/\/turijnmagazijn.nl\/it\/"},{"@type":"ListItem","position":2,"name":"Prodotti","item":"https:\/\/turijnmagazijn.nl\/it\/shop\/"},{"@type":"ListItem","position":3,"name":"Portellone a gas Lancia Kappa Berlina + Coup\u00e9"}]},{"@type":"WebSite","@id":"https:\/\/turijnmagazijn.jumpstone-dev.nl\/#website","url":"https:\/\/turijnmagazijn.jumpstone-dev.nl\/","name":"Turijnmagazijn","description":"Onderdelen nieuw en gebruikt - Fiat &amp; Lancia","publisher":{"@id":"https:\/\/turijnmagazijn.jumpstone-dev.nl\/#organization"},"potentialAction":[{"@type":"SearchAction","target":{"@type":"EntryPoint","urlTemplate":"https:\/\/turijnmagazijn.jumpstone-dev.nl\/?s={search_term_string}"},"query-input":{"@type":"PropertyValueSpecification","valueRequired":true,"valueName":"search_term_string"}}],"inLanguage":"it-IT"},{"@type":"Organization","@id":"https:\/\/turijnmagazijn.jumpstone-dev.nl\/#organization","name":"Turijnmagazijn","url":"https:\/\/turijnmagazijn.jumpstone-dev.nl\/","logo":{"@type":"ImageObject","inLanguage":"it-IT","@id":"https:\/\/turijnmagazijn.jumpstone-dev.nl\/#\/schema\/logo\/image\/","url":"https:\/\/turijnmagazijn.nl\/wp-content\/uploads\/2021\/02\/turijnmagazijnlogo.png","contentUrl":"https:\/\/turijnmagazijn.nl\/wp-content\/uploads\/2021\/02\/turijnmagazijnlogo.png","width":555,"height":270,"caption":"Turijnmagazijn"},"image":{"@id":"https:\/\/turijnmagazijn.jumpstone-dev.nl\/#\/schema\/logo\/image\/"},"sameAs":["https:\/\/www.facebook.com\/turijnmagazijn"]}]}},"_links":{"self":[{"href":"https:\/\/turijnmagazijn.nl\/it\/wp-json\/wp\/v2\/product\/70840","targetHints":{"allow":["GET"]}}],"collection":[{"href":"https:\/\/turijnmagazijn.nl\/it\/wp-json\/wp\/v2\/product"}],"about":[{"href":"https:\/\/turijnmagazijn.nl\/it\/wp-json\/wp\/v2\/types\/product"}],"replies":[{"embeddable":true,"href":"https:\/\/turijnmagazijn.nl\/it\/wp-json\/wp\/v2\/comments?post=70840"}],"wp:featuredmedia":[{"embeddable":true,"href":"https:\/\/turijnmagazijn.nl\/it\/wp-json\/wp\/v2\/media\/49030"}],"wp:attachment":[{"href":"https:\/\/turijnmagazijn.nl\/it\/wp-json\/wp\/v2\/media?parent=70840"}],"wp:term":[{"taxonomy":"product_brand","embeddable":true,"href":"https:\/\/turijnmagazijn.nl\/it\/wp-json\/wp\/v2\/product_brand?post=70840"},{"taxonomy":"product_cat","embeddable":true,"href":"https:\/\/turijnmagazijn.nl\/it\/wp-json\/wp\/v2\/product_cat?post=70840"},{"taxonomy":"product_tag","embeddable":true,"href":"https:\/\/turijnmagazijn.nl\/it\/wp-json\/wp\/v2\/product_tag?post=70840"}],"curies":[{"name":"wp","href":"https:\/\/api.w.org\/{rel}","templated":true}]}}