{"id":71395,"date":"2023-08-26T17:29:52","date_gmt":"2023-08-26T15:29:52","guid":{"rendered":"https:\/\/turijnmagazijn.nl\/product\/vetro-lampeggiante-anteriore-sinistro-autobianchi-a112-bianco-defect\/"},"modified":"2024-03-15T18:21:47","modified_gmt":"2024-03-15T17:21:47","slug":"luce-lampeggiante-sinistra-anteriore-autobianchi-a112-bianco-difettoso","status":"publish","type":"product","link":"https:\/\/turijnmagazijn.nl\/it\/prodotto\/luce-lampeggiante-sinistra-anteriore-autobianchi-a112-bianco-difettoso\/","title":{"rendered":"Vetro lampeggiante anteriore sinistro Autobianchi A112 bianco DEFECT"},"content":{"rendered":"<p>Nuovo vetro lampeggiante bianco sinistro per Autobianchi A112. Questa unit\u00e0 \u00e8 danneggiata, il bordo \u00e8 rotto. Pu\u00f2 essere incollato, tutti i pezzi sono l\u00ec. Riguarda un&#8217;unit\u00e0 del marchio ALTISSIMO. Senza le viti. Parte originale dal vecchio stock del rivenditore. Nella confezione originale, ed \u00e8 in condizioni nuove. OEM Lancia 7534470<\/p>\n","protected":false},"excerpt":{"rendered":"<p>7534471 Nuovo vetro lampeggiante bianco a sinistra per Autobianchi A112. Questa unit\u00e0 \u00e8 danneggiata, il bordo \u00e8 rotto. Pu\u00f2 essere incollato, tutti i pezzi sono l\u00ec. Riguarda un&#8217;unit\u00e0 del me<\/p>\n","protected":false},"featured_media":74393,"comment_status":"open","ping_status":"closed","template":"","meta":{"_acf_changed":false},"product_brand":[],"product_cat":[1674],"product_tag":[],"class_list":{"0":"post-71395","1":"product","2":"type-product","3":"status-publish","4":"has-post-thumbnail","6":"product_cat-a112-112-it","7":"pa_soort-onderdeel-illuminazione","9":"first","10":"instock","11":"shipping-taxable","12":"purchasable","13":"product-type-simple"},"acf":[],"yoast_head":"<!-- This site is optimized with the Yoast SEO plugin v27.3 - https:\/\/yoast.com\/product\/yoast-seo-wordpress\/ -->\n<title>Vetro lampeggiante anteriore sinistro Autobianchi A112 bianco DEFECT - Turijnmagazijn<\/title>\n<meta name=\"robots\" content=\"index, follow, max-snippet:-1, max-image-preview:large, max-video-preview:-1\" \/>\n<link rel=\"canonical\" href=\"https:\/\/turijnmagazijn.nl\/it\/prodotto\/luce-lampeggiante-sinistra-anteriore-autobianchi-a112-bianco-difettoso\/\" \/>\n<meta property=\"og:locale\" content=\"it_IT\" \/>\n<meta property=\"og:type\" content=\"article\" \/>\n<meta property=\"og:title\" content=\"Vetro lampeggiante anteriore sinistro Autobianchi A112 bianco DEFECT - Turijnmagazijn\" \/>\n<meta property=\"og:description\" content=\"7534471 Nuovo vetro lampeggiante bianco a sinistra per Autobianchi A112. Questa unit\u00e0 \u00e8 danneggiata, il bordo \u00e8 rotto. Pu\u00f2 essere incollato, tutti i pezzi sono l\u00ec. Riguarda un&#039;unit\u00e0 del me\" \/>\n<meta property=\"og:url\" content=\"https:\/\/turijnmagazijn.nl\/it\/prodotto\/luce-lampeggiante-sinistra-anteriore-autobianchi-a112-bianco-difettoso\/\" \/>\n<meta property=\"og:site_name\" content=\"Turijnmagazijn\" \/>\n<meta property=\"article:publisher\" content=\"https:\/\/www.facebook.com\/turijnmagazijn\" \/>\n<meta property=\"article:modified_time\" content=\"2024-03-15T17:21:47+00:00\" \/>\n<meta property=\"og:image\" content=\"https:\/\/turijnmagazijn.nl\/wp-content\/uploads\/2023\/10\/DS0108966-Knipperlichtglas-links-voorzijde-Autobianchi-A112-wit-DEFECT-7534471-2.jpg\" \/>\n\t<meta property=\"og:image:width\" content=\"1024\" \/>\n\t<meta property=\"og:image:height\" content=\"768\" \/>\n\t<meta property=\"og:image:type\" content=\"image\/jpeg\" \/>\n<meta name=\"twitter:card\" content=\"summary_large_image\" \/>\n<script type=\"application\/ld+json\" class=\"yoast-schema-graph\">{\"@context\":\"https:\\\/\\\/schema.org\",\"@graph\":[{\"@type\":\"WebPage\",\"@id\":\"https:\\\/\\\/turijnmagazijn.nl\\\/it\\\/prodotto\\\/luce-lampeggiante-sinistra-anteriore-autobianchi-a112-bianco-difettoso\\\/\",\"url\":\"https:\\\/\\\/turijnmagazijn.nl\\\/it\\\/prodotto\\\/luce-lampeggiante-sinistra-anteriore-autobianchi-a112-bianco-difettoso\\\/\",\"name\":\"Vetro lampeggiante anteriore sinistro Autobianchi A112 bianco DEFECT - Turijnmagazijn\",\"isPartOf\":{\"@id\":\"https:\\\/\\\/turijnmagazijn.jumpstone-dev.nl\\\/#website\"},\"primaryImageOfPage\":{\"@id\":\"https:\\\/\\\/turijnmagazijn.nl\\\/it\\\/prodotto\\\/luce-lampeggiante-sinistra-anteriore-autobianchi-a112-bianco-difettoso\\\/#primaryimage\"},\"image\":{\"@id\":\"https:\\\/\\\/turijnmagazijn.nl\\\/it\\\/prodotto\\\/luce-lampeggiante-sinistra-anteriore-autobianchi-a112-bianco-difettoso\\\/#primaryimage\"},\"thumbnailUrl\":\"https:\\\/\\\/turijnmagazijn.nl\\\/wp-content\\\/uploads\\\/2023\\\/10\\\/DS0108966-Knipperlichtglas-links-voorzijde-Autobianchi-A112-wit-DEFECT-7534471-2.jpg\",\"datePublished\":\"2023-08-26T15:29:52+00:00\",\"dateModified\":\"2024-03-15T17:21:47+00:00\",\"breadcrumb\":{\"@id\":\"https:\\\/\\\/turijnmagazijn.nl\\\/it\\\/prodotto\\\/luce-lampeggiante-sinistra-anteriore-autobianchi-a112-bianco-difettoso\\\/#breadcrumb\"},\"inLanguage\":\"it-IT\",\"potentialAction\":[{\"@type\":\"ReadAction\",\"target\":[\"https:\\\/\\\/turijnmagazijn.nl\\\/it\\\/prodotto\\\/luce-lampeggiante-sinistra-anteriore-autobianchi-a112-bianco-difettoso\\\/\"]}]},{\"@type\":\"ImageObject\",\"inLanguage\":\"it-IT\",\"@id\":\"https:\\\/\\\/turijnmagazijn.nl\\\/it\\\/prodotto\\\/luce-lampeggiante-sinistra-anteriore-autobianchi-a112-bianco-difettoso\\\/#primaryimage\",\"url\":\"https:\\\/\\\/turijnmagazijn.nl\\\/wp-content\\\/uploads\\\/2023\\\/10\\\/DS0108966-Knipperlichtglas-links-voorzijde-Autobianchi-A112-wit-DEFECT-7534471-2.jpg\",\"contentUrl\":\"https:\\\/\\\/turijnmagazijn.nl\\\/wp-content\\\/uploads\\\/2023\\\/10\\\/DS0108966-Knipperlichtglas-links-voorzijde-Autobianchi-A112-wit-DEFECT-7534471-2.jpg\",\"width\":1024,\"height\":768},{\"@type\":\"BreadcrumbList\",\"@id\":\"https:\\\/\\\/turijnmagazijn.nl\\\/it\\\/prodotto\\\/luce-lampeggiante-sinistra-anteriore-autobianchi-a112-bianco-difettoso\\\/#breadcrumb\",\"itemListElement\":[{\"@type\":\"ListItem\",\"position\":1,\"name\":\"Home\",\"item\":\"https:\\\/\\\/turijnmagazijn.nl\\\/it\\\/\"},{\"@type\":\"ListItem\",\"position\":2,\"name\":\"Prodotti\",\"item\":\"https:\\\/\\\/turijnmagazijn.nl\\\/it\\\/shop\\\/\"},{\"@type\":\"ListItem\",\"position\":3,\"name\":\"Vetro lampeggiante anteriore sinistro Autobianchi A112 bianco DEFECT\"}]},{\"@type\":\"WebSite\",\"@id\":\"https:\\\/\\\/turijnmagazijn.jumpstone-dev.nl\\\/#website\",\"url\":\"https:\\\/\\\/turijnmagazijn.jumpstone-dev.nl\\\/\",\"name\":\"Turijnmagazijn\",\"description\":\"Onderdelen nieuw en gebruikt - Fiat &amp; Lancia\",\"publisher\":{\"@id\":\"https:\\\/\\\/turijnmagazijn.jumpstone-dev.nl\\\/#organization\"},\"potentialAction\":[{\"@type\":\"SearchAction\",\"target\":{\"@type\":\"EntryPoint\",\"urlTemplate\":\"https:\\\/\\\/turijnmagazijn.jumpstone-dev.nl\\\/?s={search_term_string}\"},\"query-input\":{\"@type\":\"PropertyValueSpecification\",\"valueRequired\":true,\"valueName\":\"search_term_string\"}}],\"inLanguage\":\"it-IT\"},{\"@type\":\"Organization\",\"@id\":\"https:\\\/\\\/turijnmagazijn.jumpstone-dev.nl\\\/#organization\",\"name\":\"Turijnmagazijn\",\"url\":\"https:\\\/\\\/turijnmagazijn.jumpstone-dev.nl\\\/\",\"logo\":{\"@type\":\"ImageObject\",\"inLanguage\":\"it-IT\",\"@id\":\"https:\\\/\\\/turijnmagazijn.jumpstone-dev.nl\\\/#\\\/schema\\\/logo\\\/image\\\/\",\"url\":\"https:\\\/\\\/turijnmagazijn.nl\\\/wp-content\\\/uploads\\\/2021\\\/02\\\/turijnmagazijnlogo.png\",\"contentUrl\":\"https:\\\/\\\/turijnmagazijn.nl\\\/wp-content\\\/uploads\\\/2021\\\/02\\\/turijnmagazijnlogo.png\",\"width\":555,\"height\":270,\"caption\":\"Turijnmagazijn\"},\"image\":{\"@id\":\"https:\\\/\\\/turijnmagazijn.jumpstone-dev.nl\\\/#\\\/schema\\\/logo\\\/image\\\/\"},\"sameAs\":[\"https:\\\/\\\/www.facebook.com\\\/turijnmagazijn\"]}]}<\/script>\n<!-- \/ Yoast SEO plugin. -->","yoast_head_json":{"title":"Vetro lampeggiante anteriore sinistro Autobianchi A112 bianco DEFECT - Turijnmagazijn","robots":{"index":"index","follow":"follow","max-snippet":"max-snippet:-1","max-image-preview":"max-image-preview:large","max-video-preview":"max-video-preview:-1"},"canonical":"https:\/\/turijnmagazijn.nl\/it\/prodotto\/luce-lampeggiante-sinistra-anteriore-autobianchi-a112-bianco-difettoso\/","og_locale":"it_IT","og_type":"article","og_title":"Vetro lampeggiante anteriore sinistro Autobianchi A112 bianco DEFECT - Turijnmagazijn","og_description":"7534471 Nuovo vetro lampeggiante bianco a sinistra per Autobianchi A112. Questa unit\u00e0 \u00e8 danneggiata, il bordo \u00e8 rotto. Pu\u00f2 essere incollato, tutti i pezzi sono l\u00ec. Riguarda un'unit\u00e0 del me","og_url":"https:\/\/turijnmagazijn.nl\/it\/prodotto\/luce-lampeggiante-sinistra-anteriore-autobianchi-a112-bianco-difettoso\/","og_site_name":"Turijnmagazijn","article_publisher":"https:\/\/www.facebook.com\/turijnmagazijn","article_modified_time":"2024-03-15T17:21:47+00:00","og_image":[{"width":1024,"height":768,"url":"https:\/\/turijnmagazijn.nl\/wp-content\/uploads\/2023\/10\/DS0108966-Knipperlichtglas-links-voorzijde-Autobianchi-A112-wit-DEFECT-7534471-2.jpg","type":"image\/jpeg"}],"twitter_card":"summary_large_image","schema":{"@context":"https:\/\/schema.org","@graph":[{"@type":"WebPage","@id":"https:\/\/turijnmagazijn.nl\/it\/prodotto\/luce-lampeggiante-sinistra-anteriore-autobianchi-a112-bianco-difettoso\/","url":"https:\/\/turijnmagazijn.nl\/it\/prodotto\/luce-lampeggiante-sinistra-anteriore-autobianchi-a112-bianco-difettoso\/","name":"Vetro lampeggiante anteriore sinistro Autobianchi A112 bianco DEFECT - Turijnmagazijn","isPartOf":{"@id":"https:\/\/turijnmagazijn.jumpstone-dev.nl\/#website"},"primaryImageOfPage":{"@id":"https:\/\/turijnmagazijn.nl\/it\/prodotto\/luce-lampeggiante-sinistra-anteriore-autobianchi-a112-bianco-difettoso\/#primaryimage"},"image":{"@id":"https:\/\/turijnmagazijn.nl\/it\/prodotto\/luce-lampeggiante-sinistra-anteriore-autobianchi-a112-bianco-difettoso\/#primaryimage"},"thumbnailUrl":"https:\/\/turijnmagazijn.nl\/wp-content\/uploads\/2023\/10\/DS0108966-Knipperlichtglas-links-voorzijde-Autobianchi-A112-wit-DEFECT-7534471-2.jpg","datePublished":"2023-08-26T15:29:52+00:00","dateModified":"2024-03-15T17:21:47+00:00","breadcrumb":{"@id":"https:\/\/turijnmagazijn.nl\/it\/prodotto\/luce-lampeggiante-sinistra-anteriore-autobianchi-a112-bianco-difettoso\/#breadcrumb"},"inLanguage":"it-IT","potentialAction":[{"@type":"ReadAction","target":["https:\/\/turijnmagazijn.nl\/it\/prodotto\/luce-lampeggiante-sinistra-anteriore-autobianchi-a112-bianco-difettoso\/"]}]},{"@type":"ImageObject","inLanguage":"it-IT","@id":"https:\/\/turijnmagazijn.nl\/it\/prodotto\/luce-lampeggiante-sinistra-anteriore-autobianchi-a112-bianco-difettoso\/#primaryimage","url":"https:\/\/turijnmagazijn.nl\/wp-content\/uploads\/2023\/10\/DS0108966-Knipperlichtglas-links-voorzijde-Autobianchi-A112-wit-DEFECT-7534471-2.jpg","contentUrl":"https:\/\/turijnmagazijn.nl\/wp-content\/uploads\/2023\/10\/DS0108966-Knipperlichtglas-links-voorzijde-Autobianchi-A112-wit-DEFECT-7534471-2.jpg","width":1024,"height":768},{"@type":"BreadcrumbList","@id":"https:\/\/turijnmagazijn.nl\/it\/prodotto\/luce-lampeggiante-sinistra-anteriore-autobianchi-a112-bianco-difettoso\/#breadcrumb","itemListElement":[{"@type":"ListItem","position":1,"name":"Home","item":"https:\/\/turijnmagazijn.nl\/it\/"},{"@type":"ListItem","position":2,"name":"Prodotti","item":"https:\/\/turijnmagazijn.nl\/it\/shop\/"},{"@type":"ListItem","position":3,"name":"Vetro lampeggiante anteriore sinistro Autobianchi A112 bianco DEFECT"}]},{"@type":"WebSite","@id":"https:\/\/turijnmagazijn.jumpstone-dev.nl\/#website","url":"https:\/\/turijnmagazijn.jumpstone-dev.nl\/","name":"Turijnmagazijn","description":"Onderdelen nieuw en gebruikt - Fiat &amp; Lancia","publisher":{"@id":"https:\/\/turijnmagazijn.jumpstone-dev.nl\/#organization"},"potentialAction":[{"@type":"SearchAction","target":{"@type":"EntryPoint","urlTemplate":"https:\/\/turijnmagazijn.jumpstone-dev.nl\/?s={search_term_string}"},"query-input":{"@type":"PropertyValueSpecification","valueRequired":true,"valueName":"search_term_string"}}],"inLanguage":"it-IT"},{"@type":"Organization","@id":"https:\/\/turijnmagazijn.jumpstone-dev.nl\/#organization","name":"Turijnmagazijn","url":"https:\/\/turijnmagazijn.jumpstone-dev.nl\/","logo":{"@type":"ImageObject","inLanguage":"it-IT","@id":"https:\/\/turijnmagazijn.jumpstone-dev.nl\/#\/schema\/logo\/image\/","url":"https:\/\/turijnmagazijn.nl\/wp-content\/uploads\/2021\/02\/turijnmagazijnlogo.png","contentUrl":"https:\/\/turijnmagazijn.nl\/wp-content\/uploads\/2021\/02\/turijnmagazijnlogo.png","width":555,"height":270,"caption":"Turijnmagazijn"},"image":{"@id":"https:\/\/turijnmagazijn.jumpstone-dev.nl\/#\/schema\/logo\/image\/"},"sameAs":["https:\/\/www.facebook.com\/turijnmagazijn"]}]}},"_links":{"self":[{"href":"https:\/\/turijnmagazijn.nl\/it\/wp-json\/wp\/v2\/product\/71395","targetHints":{"allow":["GET"]}}],"collection":[{"href":"https:\/\/turijnmagazijn.nl\/it\/wp-json\/wp\/v2\/product"}],"about":[{"href":"https:\/\/turijnmagazijn.nl\/it\/wp-json\/wp\/v2\/types\/product"}],"replies":[{"embeddable":true,"href":"https:\/\/turijnmagazijn.nl\/it\/wp-json\/wp\/v2\/comments?post=71395"}],"wp:featuredmedia":[{"embeddable":true,"href":"https:\/\/turijnmagazijn.nl\/it\/wp-json\/wp\/v2\/media\/74393"}],"wp:attachment":[{"href":"https:\/\/turijnmagazijn.nl\/it\/wp-json\/wp\/v2\/media?parent=71395"}],"wp:term":[{"taxonomy":"product_brand","embeddable":true,"href":"https:\/\/turijnmagazijn.nl\/it\/wp-json\/wp\/v2\/product_brand?post=71395"},{"taxonomy":"product_cat","embeddable":true,"href":"https:\/\/turijnmagazijn.nl\/it\/wp-json\/wp\/v2\/product_cat?post=71395"},{"taxonomy":"product_tag","embeddable":true,"href":"https:\/\/turijnmagazijn.nl\/it\/wp-json\/wp\/v2\/product_tag?post=71395"}],"curies":[{"name":"wp","href":"https:\/\/api.w.org\/{rel}","templated":true}]}}