{"id":76977,"date":"2024-04-02T13:39:47","date_gmt":"2024-04-02T11:39:47","guid":{"rendered":"https:\/\/turijnmagazijn.nl\/?post_type=product&#038;p=76977"},"modified":"2025-04-15T20:44:15","modified_gmt":"2025-04-15T18:44:15","slug":"dn010-dummy-lancia-delta-integrale-nuova-imitazione-kopie-6","status":"publish","type":"product","link":"https:\/\/turijnmagazijn.nl\/it\/prodotto\/dn010-dummy-lancia-delta-integrale-nuova-imitazione-kopie-6\/","title":{"rendered":"Interruttore finestrino a spina nuovo tipo Lancia Delta Integrale &#8211; Imitazione"},"content":{"rendered":"<p>Nuova parte di imitazione.<\/p>\n<p><span data-sheets-root=\"1\" data-sheets-value=\"{\"1\":2,\"2\":\"Plug raamschakelaar nieuw type Lancia Delta Integrale - Imitatie\"}\" data-sheets-userformat=\"{\"2\":513,\"3\":{\"1\":0},\"12\":0}\">Spina per interruttore finestrino nuovo tipo per console centrale Lancia Delta Integrale. Si tratta di un prodotto di imitazione che sostituisce la spina originale.<\/span><\/p>\n<p>Questo modello di spina \u00e8 adatto agli interruttori a 5 poli dei tipi successivi di Lancia Delta Integrale. A partire dall&#8217;anno di produzione 1990 circa, gli interruttori pi\u00f9 piccoli numerati  <span data-sheets-root=\"1\" data-sheets-value=\"{\"1\":2,\"2\":\"176694080\"}\" data-sheets-userformat=\"{\"2\":513,\"3\":{\"1\":1},\"12\":0}\">176694080 per cui queste spine sono perfette. Si inseriscono anche nell&#8217;incavo pi\u00f9 piccolo della console centrale, in modo da poter montare e smontare facilmente gli interruttori dei finestrini.<\/span><\/p>\n<p>Se si dispone di un cablaggio originale, \u00e8 sufficiente inserire le spine non isolate nella presa e non sar\u00e0 necessario saldare. Se i collegamenti a spina dell&#8217;auto sono gi\u00e0 stati eliminati, \u00e8 possibile utilizzare le 5 estremit\u00e0 del cavo in dotazione per effettuare un collegamento a saldare al cablaggio originale.<\/p>\n<p>OEM Lancia N\/A<\/p>\n","protected":false},"excerpt":{"rendered":"<p>Interruttore del finestrino a spina nuovo tipo Lancia Delta Integrale &#8211; L&#8217;imitazione appartiene all&#8217;interruttore del finestrino con OEM <span data-sheets-root=\"1\" data-sheets-value=\"{\"1\":2,\"2\":\"176694080\"}\" data-sheets-userformat=\"{\"2\":513,\"3\":{\"1\":1},\"12\":0}\">176694080 <\/span> <\/p>\n","protected":false},"featured_media":77024,"comment_status":"closed","ping_status":"closed","template":"","meta":{"_acf_changed":false},"product_brand":[],"product_cat":[1810,1808,1820,1824,1828,1835,1832,1840,1800],"product_tag":[],"class_list":{"0":"post-76977","1":"product","2":"type-product","3":"status-publish","4":"has-post-thumbnail","6":"product_cat-1-1-1-3-1-5-it","7":"product_cat-delta-1-831-it","8":"product_cat-gt-i-e-it","9":"product_cat-hf-4wd-it","10":"product_cat-hf-turbo-it","11":"product_cat-integrale-16v-it","12":"product_cat-integrale-8v-it","13":"product_cat-integrale-evo-it","14":"product_cat-lancia-it","15":"pa_soort-onderdeel-elettronica-e-cavi","17":"first","18":"instock","19":"taxable","20":"shipping-taxable","21":"purchasable","22":"product-type-simple"},"acf":[],"yoast_head":"<!-- This site is optimized with the Yoast SEO plugin v27.2 - https:\/\/yoast.com\/product\/yoast-seo-wordpress\/ -->\n<title>Interruttore finestrino a spina nuovo tipo Lancia Delta Integrale - Imitazione - Turijnmagazijn<\/title>\n<meta name=\"robots\" content=\"index, follow, max-snippet:-1, max-image-preview:large, max-video-preview:-1\" \/>\n<link rel=\"canonical\" href=\"https:\/\/turijnmagazijn.nl\/it\/prodotto\/dn010-dummy-lancia-delta-integrale-nuova-imitazione-kopie-6\/\" \/>\n<meta property=\"og:locale\" content=\"it_IT\" \/>\n<meta property=\"og:type\" content=\"article\" \/>\n<meta property=\"og:title\" content=\"Interruttore finestrino a spina nuovo tipo Lancia Delta Integrale - Imitazione - Turijnmagazijn\" \/>\n<meta property=\"og:description\" content=\"Interruttore del finestrino a spina nuovo tipo Lancia Delta Integrale - L&#039;imitazione appartiene all&#039;interruttore del finestrino con OEM 176694080\" \/>\n<meta property=\"og:url\" content=\"https:\/\/turijnmagazijn.nl\/it\/prodotto\/dn010-dummy-lancia-delta-integrale-nuova-imitazione-kopie-6\/\" \/>\n<meta property=\"og:site_name\" content=\"Turijnmagazijn\" \/>\n<meta property=\"article:publisher\" content=\"https:\/\/www.facebook.com\/turijnmagazijn\" \/>\n<meta property=\"article:modified_time\" content=\"2025-04-15T18:44:15+00:00\" \/>\n<meta property=\"og:image\" content=\"https:\/\/turijnmagazijn.nl\/wp-content\/uploads\/2024\/04\/DN0100341-Stekker-raamschakelaar-nieuw-type-Lancia-Delta-Integrale-\u2013-Imitatie-2-scaled.jpg\" \/>\n\t<meta property=\"og:image:width\" content=\"2560\" \/>\n\t<meta property=\"og:image:height\" content=\"1920\" \/>\n\t<meta property=\"og:image:type\" content=\"image\/jpeg\" \/>\n<meta name=\"twitter:card\" content=\"summary_large_image\" \/>\n<meta name=\"twitter:label1\" content=\"Tempo di lettura stimato\" \/>\n\t<meta name=\"twitter:data1\" content=\"1 minuto\" \/>\n<script type=\"application\/ld+json\" class=\"yoast-schema-graph\">{\"@context\":\"https:\/\/schema.org\",\"@graph\":[{\"@type\":\"WebPage\",\"@id\":\"https:\/\/turijnmagazijn.nl\/it\/prodotto\/dn010-dummy-lancia-delta-integrale-nuova-imitazione-kopie-6\/\",\"url\":\"https:\/\/turijnmagazijn.nl\/it\/prodotto\/dn010-dummy-lancia-delta-integrale-nuova-imitazione-kopie-6\/\",\"name\":\"Interruttore finestrino a spina nuovo tipo Lancia Delta Integrale - Imitazione - Turijnmagazijn\",\"isPartOf\":{\"@id\":\"https:\/\/turijnmagazijn.jumpstone-dev.nl\/#website\"},\"primaryImageOfPage\":{\"@id\":\"https:\/\/turijnmagazijn.nl\/it\/prodotto\/dn010-dummy-lancia-delta-integrale-nuova-imitazione-kopie-6\/#primaryimage\"},\"image\":{\"@id\":\"https:\/\/turijnmagazijn.nl\/it\/prodotto\/dn010-dummy-lancia-delta-integrale-nuova-imitazione-kopie-6\/#primaryimage\"},\"thumbnailUrl\":\"https:\/\/turijnmagazijn.nl\/wp-content\/uploads\/2024\/04\/DN0100341-Stekker-raamschakelaar-nieuw-type-Lancia-Delta-Integrale-\u2013-Imitatie-2-scaled.jpg\",\"datePublished\":\"2024-04-02T11:39:47+00:00\",\"dateModified\":\"2025-04-15T18:44:15+00:00\",\"breadcrumb\":{\"@id\":\"https:\/\/turijnmagazijn.nl\/it\/prodotto\/dn010-dummy-lancia-delta-integrale-nuova-imitazione-kopie-6\/#breadcrumb\"},\"inLanguage\":\"it-IT\",\"potentialAction\":[{\"@type\":\"ReadAction\",\"target\":[\"https:\/\/turijnmagazijn.nl\/it\/prodotto\/dn010-dummy-lancia-delta-integrale-nuova-imitazione-kopie-6\/\"]}]},{\"@type\":\"ImageObject\",\"inLanguage\":\"it-IT\",\"@id\":\"https:\/\/turijnmagazijn.nl\/it\/prodotto\/dn010-dummy-lancia-delta-integrale-nuova-imitazione-kopie-6\/#primaryimage\",\"url\":\"https:\/\/turijnmagazijn.nl\/wp-content\/uploads\/2024\/04\/DN0100341-Stekker-raamschakelaar-nieuw-type-Lancia-Delta-Integrale-\u2013-Imitatie-2-scaled.jpg\",\"contentUrl\":\"https:\/\/turijnmagazijn.nl\/wp-content\/uploads\/2024\/04\/DN0100341-Stekker-raamschakelaar-nieuw-type-Lancia-Delta-Integrale-\u2013-Imitatie-2-scaled.jpg\",\"width\":2560,\"height\":1920},{\"@type\":\"BreadcrumbList\",\"@id\":\"https:\/\/turijnmagazijn.nl\/it\/prodotto\/dn010-dummy-lancia-delta-integrale-nuova-imitazione-kopie-6\/#breadcrumb\",\"itemListElement\":[{\"@type\":\"ListItem\",\"position\":1,\"name\":\"Home\",\"item\":\"https:\/\/turijnmagazijn.nl\/it\/\"},{\"@type\":\"ListItem\",\"position\":2,\"name\":\"Prodotti\",\"item\":\"https:\/\/turijnmagazijn.nl\/it\/shop\/\"},{\"@type\":\"ListItem\",\"position\":3,\"name\":\"Interruttore finestrino a spina nuovo tipo Lancia Delta Integrale &#8211; Imitazione\"}]},{\"@type\":\"WebSite\",\"@id\":\"https:\/\/turijnmagazijn.jumpstone-dev.nl\/#website\",\"url\":\"https:\/\/turijnmagazijn.jumpstone-dev.nl\/\",\"name\":\"Turijnmagazijn\",\"description\":\"Onderdelen nieuw en gebruikt - Fiat &amp; Lancia\",\"publisher\":{\"@id\":\"https:\/\/turijnmagazijn.jumpstone-dev.nl\/#organization\"},\"potentialAction\":[{\"@type\":\"SearchAction\",\"target\":{\"@type\":\"EntryPoint\",\"urlTemplate\":\"https:\/\/turijnmagazijn.jumpstone-dev.nl\/?s={search_term_string}\"},\"query-input\":{\"@type\":\"PropertyValueSpecification\",\"valueRequired\":true,\"valueName\":\"search_term_string\"}}],\"inLanguage\":\"it-IT\"},{\"@type\":\"Organization\",\"@id\":\"https:\/\/turijnmagazijn.jumpstone-dev.nl\/#organization\",\"name\":\"Turijnmagazijn\",\"url\":\"https:\/\/turijnmagazijn.jumpstone-dev.nl\/\",\"logo\":{\"@type\":\"ImageObject\",\"inLanguage\":\"it-IT\",\"@id\":\"https:\/\/turijnmagazijn.jumpstone-dev.nl\/#\/schema\/logo\/image\/\",\"url\":\"https:\/\/turijnmagazijn.nl\/wp-content\/uploads\/2021\/02\/turijnmagazijnlogo.png\",\"contentUrl\":\"https:\/\/turijnmagazijn.nl\/wp-content\/uploads\/2021\/02\/turijnmagazijnlogo.png\",\"width\":555,\"height\":270,\"caption\":\"Turijnmagazijn\"},\"image\":{\"@id\":\"https:\/\/turijnmagazijn.jumpstone-dev.nl\/#\/schema\/logo\/image\/\"},\"sameAs\":[\"https:\/\/www.facebook.com\/turijnmagazijn\"]}]}<\/script>\n<!-- \/ Yoast SEO plugin. -->","yoast_head_json":{"title":"Interruttore finestrino a spina nuovo tipo Lancia Delta Integrale - Imitazione - Turijnmagazijn","robots":{"index":"index","follow":"follow","max-snippet":"max-snippet:-1","max-image-preview":"max-image-preview:large","max-video-preview":"max-video-preview:-1"},"canonical":"https:\/\/turijnmagazijn.nl\/it\/prodotto\/dn010-dummy-lancia-delta-integrale-nuova-imitazione-kopie-6\/","og_locale":"it_IT","og_type":"article","og_title":"Interruttore finestrino a spina nuovo tipo Lancia Delta Integrale - Imitazione - Turijnmagazijn","og_description":"Interruttore del finestrino a spina nuovo tipo Lancia Delta Integrale - L'imitazione appartiene all'interruttore del finestrino con OEM 176694080","og_url":"https:\/\/turijnmagazijn.nl\/it\/prodotto\/dn010-dummy-lancia-delta-integrale-nuova-imitazione-kopie-6\/","og_site_name":"Turijnmagazijn","article_publisher":"https:\/\/www.facebook.com\/turijnmagazijn","article_modified_time":"2025-04-15T18:44:15+00:00","og_image":[{"width":2560,"height":1920,"url":"https:\/\/turijnmagazijn.nl\/wp-content\/uploads\/2024\/04\/DN0100341-Stekker-raamschakelaar-nieuw-type-Lancia-Delta-Integrale-\u2013-Imitatie-2-scaled.jpg","type":"image\/jpeg"}],"twitter_card":"summary_large_image","twitter_misc":{"Tempo di lettura stimato":"1 minuto"},"schema":{"@context":"https:\/\/schema.org","@graph":[{"@type":"WebPage","@id":"https:\/\/turijnmagazijn.nl\/it\/prodotto\/dn010-dummy-lancia-delta-integrale-nuova-imitazione-kopie-6\/","url":"https:\/\/turijnmagazijn.nl\/it\/prodotto\/dn010-dummy-lancia-delta-integrale-nuova-imitazione-kopie-6\/","name":"Interruttore finestrino a spina nuovo tipo Lancia Delta Integrale - Imitazione - Turijnmagazijn","isPartOf":{"@id":"https:\/\/turijnmagazijn.jumpstone-dev.nl\/#website"},"primaryImageOfPage":{"@id":"https:\/\/turijnmagazijn.nl\/it\/prodotto\/dn010-dummy-lancia-delta-integrale-nuova-imitazione-kopie-6\/#primaryimage"},"image":{"@id":"https:\/\/turijnmagazijn.nl\/it\/prodotto\/dn010-dummy-lancia-delta-integrale-nuova-imitazione-kopie-6\/#primaryimage"},"thumbnailUrl":"https:\/\/turijnmagazijn.nl\/wp-content\/uploads\/2024\/04\/DN0100341-Stekker-raamschakelaar-nieuw-type-Lancia-Delta-Integrale-\u2013-Imitatie-2-scaled.jpg","datePublished":"2024-04-02T11:39:47+00:00","dateModified":"2025-04-15T18:44:15+00:00","breadcrumb":{"@id":"https:\/\/turijnmagazijn.nl\/it\/prodotto\/dn010-dummy-lancia-delta-integrale-nuova-imitazione-kopie-6\/#breadcrumb"},"inLanguage":"it-IT","potentialAction":[{"@type":"ReadAction","target":["https:\/\/turijnmagazijn.nl\/it\/prodotto\/dn010-dummy-lancia-delta-integrale-nuova-imitazione-kopie-6\/"]}]},{"@type":"ImageObject","inLanguage":"it-IT","@id":"https:\/\/turijnmagazijn.nl\/it\/prodotto\/dn010-dummy-lancia-delta-integrale-nuova-imitazione-kopie-6\/#primaryimage","url":"https:\/\/turijnmagazijn.nl\/wp-content\/uploads\/2024\/04\/DN0100341-Stekker-raamschakelaar-nieuw-type-Lancia-Delta-Integrale-\u2013-Imitatie-2-scaled.jpg","contentUrl":"https:\/\/turijnmagazijn.nl\/wp-content\/uploads\/2024\/04\/DN0100341-Stekker-raamschakelaar-nieuw-type-Lancia-Delta-Integrale-\u2013-Imitatie-2-scaled.jpg","width":2560,"height":1920},{"@type":"BreadcrumbList","@id":"https:\/\/turijnmagazijn.nl\/it\/prodotto\/dn010-dummy-lancia-delta-integrale-nuova-imitazione-kopie-6\/#breadcrumb","itemListElement":[{"@type":"ListItem","position":1,"name":"Home","item":"https:\/\/turijnmagazijn.nl\/it\/"},{"@type":"ListItem","position":2,"name":"Prodotti","item":"https:\/\/turijnmagazijn.nl\/it\/shop\/"},{"@type":"ListItem","position":3,"name":"Interruttore finestrino a spina nuovo tipo Lancia Delta Integrale &#8211; Imitazione"}]},{"@type":"WebSite","@id":"https:\/\/turijnmagazijn.jumpstone-dev.nl\/#website","url":"https:\/\/turijnmagazijn.jumpstone-dev.nl\/","name":"Turijnmagazijn","description":"Onderdelen nieuw en gebruikt - Fiat &amp; Lancia","publisher":{"@id":"https:\/\/turijnmagazijn.jumpstone-dev.nl\/#organization"},"potentialAction":[{"@type":"SearchAction","target":{"@type":"EntryPoint","urlTemplate":"https:\/\/turijnmagazijn.jumpstone-dev.nl\/?s={search_term_string}"},"query-input":{"@type":"PropertyValueSpecification","valueRequired":true,"valueName":"search_term_string"}}],"inLanguage":"it-IT"},{"@type":"Organization","@id":"https:\/\/turijnmagazijn.jumpstone-dev.nl\/#organization","name":"Turijnmagazijn","url":"https:\/\/turijnmagazijn.jumpstone-dev.nl\/","logo":{"@type":"ImageObject","inLanguage":"it-IT","@id":"https:\/\/turijnmagazijn.jumpstone-dev.nl\/#\/schema\/logo\/image\/","url":"https:\/\/turijnmagazijn.nl\/wp-content\/uploads\/2021\/02\/turijnmagazijnlogo.png","contentUrl":"https:\/\/turijnmagazijn.nl\/wp-content\/uploads\/2021\/02\/turijnmagazijnlogo.png","width":555,"height":270,"caption":"Turijnmagazijn"},"image":{"@id":"https:\/\/turijnmagazijn.jumpstone-dev.nl\/#\/schema\/logo\/image\/"},"sameAs":["https:\/\/www.facebook.com\/turijnmagazijn"]}]}},"_links":{"self":[{"href":"https:\/\/turijnmagazijn.nl\/it\/wp-json\/wp\/v2\/product\/76977","targetHints":{"allow":["GET"]}}],"collection":[{"href":"https:\/\/turijnmagazijn.nl\/it\/wp-json\/wp\/v2\/product"}],"about":[{"href":"https:\/\/turijnmagazijn.nl\/it\/wp-json\/wp\/v2\/types\/product"}],"replies":[{"embeddable":true,"href":"https:\/\/turijnmagazijn.nl\/it\/wp-json\/wp\/v2\/comments?post=76977"}],"wp:featuredmedia":[{"embeddable":true,"href":"https:\/\/turijnmagazijn.nl\/it\/wp-json\/wp\/v2\/media\/77024"}],"wp:attachment":[{"href":"https:\/\/turijnmagazijn.nl\/it\/wp-json\/wp\/v2\/media?parent=76977"}],"wp:term":[{"taxonomy":"product_brand","embeddable":true,"href":"https:\/\/turijnmagazijn.nl\/it\/wp-json\/wp\/v2\/product_brand?post=76977"},{"taxonomy":"product_cat","embeddable":true,"href":"https:\/\/turijnmagazijn.nl\/it\/wp-json\/wp\/v2\/product_cat?post=76977"},{"taxonomy":"product_tag","embeddable":true,"href":"https:\/\/turijnmagazijn.nl\/it\/wp-json\/wp\/v2\/product_tag?post=76977"}],"curies":[{"name":"wp","href":"https:\/\/api.w.org\/{rel}","templated":true}]}}