{"id":77353,"date":"2024-04-27T09:45:15","date_gmt":"2024-04-27T07:45:15","guid":{"rendered":"https:\/\/turijnmagazijn.nl\/?post_type=product&#038;p=77353"},"modified":"2025-04-15T19:03:56","modified_gmt":"2025-04-15T17:03:56","slug":"dn010-dummy-lancia-delta-integrale-nuova-imitazione-kopie-4","status":"publish","type":"product","link":"https:\/\/turijnmagazijn.nl\/it\/prodotto\/dn010-dummy-lancia-delta-integrale-nuova-imitazione-kopie-4\/","title":{"rendered":"Vite per listello di grondaia Delta Integrale"},"content":{"rendered":"<p>Nuova parte di imitazione.<\/p>\n<p><span data-sheets-root=\"1\" data-sheets-value=\"{\"1\":2,\"2\":\"Schroefje voor goot daklijst Delta Integrale\"}\" data-sheets-userformat=\"{\"2\":513,\"3\":{\"1\":0},\"12\":0}\">Vite a croce nera piccola per la striscia di grondaia Delta Integrale per il montaggio della striscia di grondaia lungo la grondaia (sinistra e destra).<\/span><\/p>\n<p>Queste viti hanno una testa extra-large in modo da coprire bene lo spazio extra nel foro del telaio della grondaia.<\/p>\n<p>Anche la vite piccola che si adatta al diametro del dado spargitore numero 82364890 \u00e8 disponibile in questo negozio. Questo tipo di dado spargitore \u00e8 stato utilizzato 2 volte sulle Integrali 8V e 16V e 6 volte sui modelli EVO (con la pi\u00f9 elegante modanatura del tetto in tinta con la carrozzeria) per ogni auto.<\/p>\n<p>&nbsp;<\/p>\n<p>OEM Lancia 15642675<\/p>\n<p>OEM Lancia <span data-sheets-root=\"1\" data-sheets-value=\"{\"1\":2,\"2\":\"82380472\"}\" data-sheets-userformat=\"{\"2\":513,\"3\":{\"1\":1},\"12\":0}\">82380472 <\/span> <\/p>\n","protected":false},"excerpt":{"rendered":"<p><span data-sheets-root=\"1\" data-sheets-value=\"{\"1\":2,\"2\":\"82380472\"}\" data-sheets-userformat=\"{\"2\":513,\"3\":{\"1\":1},\"12\":0}\">82380472 e 15642675 Vite per la scossalina della grondaia Delta Integrale per il montaggio della scossalina lungo la grondaia (sinistra e destra)<\/span><\/p>\n","protected":false},"featured_media":77383,"comment_status":"closed","ping_status":"closed","template":"","meta":{"_acf_changed":false},"product_brand":[],"product_cat":[1810,1808,1820,1824,1828,1835,1832,1840,1800],"product_tag":[],"class_list":{"0":"post-77353","1":"product","2":"type-product","3":"status-publish","4":"has-post-thumbnail","6":"product_cat-1-1-1-3-1-5-it","7":"product_cat-delta-1-831-it","8":"product_cat-gt-i-e-it","9":"product_cat-hf-4wd-it","10":"product_cat-hf-turbo-it","11":"product_cat-integrale-16v-it","12":"product_cat-integrale-8v-it","13":"product_cat-integrale-evo-it","14":"product_cat-lancia-it","15":"pa_soort-onderdeel-corpo-e-lamiera","17":"first","18":"instock","19":"taxable","20":"shipping-taxable","21":"purchasable","22":"product-type-simple"},"acf":[],"yoast_head":"<!-- This site is optimized with the Yoast SEO plugin v27.2 - https:\/\/yoast.com\/product\/yoast-seo-wordpress\/ -->\n<title>Vite per listello di grondaia Delta Integrale - Turijnmagazijn<\/title>\n<meta name=\"robots\" content=\"index, follow, max-snippet:-1, max-image-preview:large, max-video-preview:-1\" \/>\n<link rel=\"canonical\" href=\"https:\/\/turijnmagazijn.nl\/it\/prodotto\/dn010-dummy-lancia-delta-integrale-nuova-imitazione-kopie-4\/\" \/>\n<meta property=\"og:locale\" content=\"it_IT\" \/>\n<meta property=\"og:type\" content=\"article\" \/>\n<meta property=\"og:title\" content=\"Vite per listello di grondaia Delta Integrale - Turijnmagazijn\" \/>\n<meta property=\"og:description\" content=\"82380472 e 15642675 Vite per la scossalina della grondaia Delta Integrale per il montaggio della scossalina lungo la grondaia (sinistra e destra)\" \/>\n<meta property=\"og:url\" content=\"https:\/\/turijnmagazijn.nl\/it\/prodotto\/dn010-dummy-lancia-delta-integrale-nuova-imitazione-kopie-4\/\" \/>\n<meta property=\"og:site_name\" content=\"Turijnmagazijn\" \/>\n<meta property=\"article:publisher\" content=\"https:\/\/www.facebook.com\/turijnmagazijn\" \/>\n<meta property=\"article:modified_time\" content=\"2025-04-15T17:03:56+00:00\" \/>\n<meta property=\"og:image\" content=\"https:\/\/turijnmagazijn.nl\/wp-content\/uploads\/2024\/04\/DN0100352-Schroefje-voor-goot-daklijst-Delta-Integrale-82380472-3-scaled.jpg\" \/>\n\t<meta property=\"og:image:width\" content=\"2560\" \/>\n\t<meta property=\"og:image:height\" content=\"1920\" \/>\n\t<meta property=\"og:image:type\" content=\"image\/jpeg\" \/>\n<meta name=\"twitter:card\" content=\"summary_large_image\" \/>\n<meta name=\"twitter:label1\" content=\"Tempo di lettura stimato\" \/>\n\t<meta name=\"twitter:data1\" content=\"1 minuto\" \/>\n<script type=\"application\/ld+json\" class=\"yoast-schema-graph\">{\"@context\":\"https:\/\/schema.org\",\"@graph\":[{\"@type\":\"WebPage\",\"@id\":\"https:\/\/turijnmagazijn.nl\/it\/prodotto\/dn010-dummy-lancia-delta-integrale-nuova-imitazione-kopie-4\/\",\"url\":\"https:\/\/turijnmagazijn.nl\/it\/prodotto\/dn010-dummy-lancia-delta-integrale-nuova-imitazione-kopie-4\/\",\"name\":\"Vite per listello di grondaia Delta Integrale - Turijnmagazijn\",\"isPartOf\":{\"@id\":\"https:\/\/turijnmagazijn.jumpstone-dev.nl\/#website\"},\"primaryImageOfPage\":{\"@id\":\"https:\/\/turijnmagazijn.nl\/it\/prodotto\/dn010-dummy-lancia-delta-integrale-nuova-imitazione-kopie-4\/#primaryimage\"},\"image\":{\"@id\":\"https:\/\/turijnmagazijn.nl\/it\/prodotto\/dn010-dummy-lancia-delta-integrale-nuova-imitazione-kopie-4\/#primaryimage\"},\"thumbnailUrl\":\"https:\/\/turijnmagazijn.nl\/wp-content\/uploads\/2024\/04\/DN0100352-Schroefje-voor-goot-daklijst-Delta-Integrale-82380472-3-scaled.jpg\",\"datePublished\":\"2024-04-27T07:45:15+00:00\",\"dateModified\":\"2025-04-15T17:03:56+00:00\",\"breadcrumb\":{\"@id\":\"https:\/\/turijnmagazijn.nl\/it\/prodotto\/dn010-dummy-lancia-delta-integrale-nuova-imitazione-kopie-4\/#breadcrumb\"},\"inLanguage\":\"it-IT\",\"potentialAction\":[{\"@type\":\"ReadAction\",\"target\":[\"https:\/\/turijnmagazijn.nl\/it\/prodotto\/dn010-dummy-lancia-delta-integrale-nuova-imitazione-kopie-4\/\"]}]},{\"@type\":\"ImageObject\",\"inLanguage\":\"it-IT\",\"@id\":\"https:\/\/turijnmagazijn.nl\/it\/prodotto\/dn010-dummy-lancia-delta-integrale-nuova-imitazione-kopie-4\/#primaryimage\",\"url\":\"https:\/\/turijnmagazijn.nl\/wp-content\/uploads\/2024\/04\/DN0100352-Schroefje-voor-goot-daklijst-Delta-Integrale-82380472-3-scaled.jpg\",\"contentUrl\":\"https:\/\/turijnmagazijn.nl\/wp-content\/uploads\/2024\/04\/DN0100352-Schroefje-voor-goot-daklijst-Delta-Integrale-82380472-3-scaled.jpg\",\"width\":2560,\"height\":1920},{\"@type\":\"BreadcrumbList\",\"@id\":\"https:\/\/turijnmagazijn.nl\/it\/prodotto\/dn010-dummy-lancia-delta-integrale-nuova-imitazione-kopie-4\/#breadcrumb\",\"itemListElement\":[{\"@type\":\"ListItem\",\"position\":1,\"name\":\"Home\",\"item\":\"https:\/\/turijnmagazijn.nl\/it\/\"},{\"@type\":\"ListItem\",\"position\":2,\"name\":\"Prodotti\",\"item\":\"https:\/\/turijnmagazijn.nl\/it\/shop\/\"},{\"@type\":\"ListItem\",\"position\":3,\"name\":\"Vite per listello di grondaia Delta Integrale\"}]},{\"@type\":\"WebSite\",\"@id\":\"https:\/\/turijnmagazijn.jumpstone-dev.nl\/#website\",\"url\":\"https:\/\/turijnmagazijn.jumpstone-dev.nl\/\",\"name\":\"Turijnmagazijn\",\"description\":\"Onderdelen nieuw en gebruikt - Fiat &amp; Lancia\",\"publisher\":{\"@id\":\"https:\/\/turijnmagazijn.jumpstone-dev.nl\/#organization\"},\"potentialAction\":[{\"@type\":\"SearchAction\",\"target\":{\"@type\":\"EntryPoint\",\"urlTemplate\":\"https:\/\/turijnmagazijn.jumpstone-dev.nl\/?s={search_term_string}\"},\"query-input\":{\"@type\":\"PropertyValueSpecification\",\"valueRequired\":true,\"valueName\":\"search_term_string\"}}],\"inLanguage\":\"it-IT\"},{\"@type\":\"Organization\",\"@id\":\"https:\/\/turijnmagazijn.jumpstone-dev.nl\/#organization\",\"name\":\"Turijnmagazijn\",\"url\":\"https:\/\/turijnmagazijn.jumpstone-dev.nl\/\",\"logo\":{\"@type\":\"ImageObject\",\"inLanguage\":\"it-IT\",\"@id\":\"https:\/\/turijnmagazijn.jumpstone-dev.nl\/#\/schema\/logo\/image\/\",\"url\":\"https:\/\/turijnmagazijn.nl\/wp-content\/uploads\/2021\/02\/turijnmagazijnlogo.png\",\"contentUrl\":\"https:\/\/turijnmagazijn.nl\/wp-content\/uploads\/2021\/02\/turijnmagazijnlogo.png\",\"width\":555,\"height\":270,\"caption\":\"Turijnmagazijn\"},\"image\":{\"@id\":\"https:\/\/turijnmagazijn.jumpstone-dev.nl\/#\/schema\/logo\/image\/\"},\"sameAs\":[\"https:\/\/www.facebook.com\/turijnmagazijn\"]}]}<\/script>\n<!-- \/ Yoast SEO plugin. -->","yoast_head_json":{"title":"Vite per listello di grondaia Delta Integrale - Turijnmagazijn","robots":{"index":"index","follow":"follow","max-snippet":"max-snippet:-1","max-image-preview":"max-image-preview:large","max-video-preview":"max-video-preview:-1"},"canonical":"https:\/\/turijnmagazijn.nl\/it\/prodotto\/dn010-dummy-lancia-delta-integrale-nuova-imitazione-kopie-4\/","og_locale":"it_IT","og_type":"article","og_title":"Vite per listello di grondaia Delta Integrale - Turijnmagazijn","og_description":"82380472 e 15642675 Vite per la scossalina della grondaia Delta Integrale per il montaggio della scossalina lungo la grondaia (sinistra e destra)","og_url":"https:\/\/turijnmagazijn.nl\/it\/prodotto\/dn010-dummy-lancia-delta-integrale-nuova-imitazione-kopie-4\/","og_site_name":"Turijnmagazijn","article_publisher":"https:\/\/www.facebook.com\/turijnmagazijn","article_modified_time":"2025-04-15T17:03:56+00:00","og_image":[{"width":2560,"height":1920,"url":"https:\/\/turijnmagazijn.nl\/wp-content\/uploads\/2024\/04\/DN0100352-Schroefje-voor-goot-daklijst-Delta-Integrale-82380472-3-scaled.jpg","type":"image\/jpeg"}],"twitter_card":"summary_large_image","twitter_misc":{"Tempo di lettura stimato":"1 minuto"},"schema":{"@context":"https:\/\/schema.org","@graph":[{"@type":"WebPage","@id":"https:\/\/turijnmagazijn.nl\/it\/prodotto\/dn010-dummy-lancia-delta-integrale-nuova-imitazione-kopie-4\/","url":"https:\/\/turijnmagazijn.nl\/it\/prodotto\/dn010-dummy-lancia-delta-integrale-nuova-imitazione-kopie-4\/","name":"Vite per listello di grondaia Delta Integrale - Turijnmagazijn","isPartOf":{"@id":"https:\/\/turijnmagazijn.jumpstone-dev.nl\/#website"},"primaryImageOfPage":{"@id":"https:\/\/turijnmagazijn.nl\/it\/prodotto\/dn010-dummy-lancia-delta-integrale-nuova-imitazione-kopie-4\/#primaryimage"},"image":{"@id":"https:\/\/turijnmagazijn.nl\/it\/prodotto\/dn010-dummy-lancia-delta-integrale-nuova-imitazione-kopie-4\/#primaryimage"},"thumbnailUrl":"https:\/\/turijnmagazijn.nl\/wp-content\/uploads\/2024\/04\/DN0100352-Schroefje-voor-goot-daklijst-Delta-Integrale-82380472-3-scaled.jpg","datePublished":"2024-04-27T07:45:15+00:00","dateModified":"2025-04-15T17:03:56+00:00","breadcrumb":{"@id":"https:\/\/turijnmagazijn.nl\/it\/prodotto\/dn010-dummy-lancia-delta-integrale-nuova-imitazione-kopie-4\/#breadcrumb"},"inLanguage":"it-IT","potentialAction":[{"@type":"ReadAction","target":["https:\/\/turijnmagazijn.nl\/it\/prodotto\/dn010-dummy-lancia-delta-integrale-nuova-imitazione-kopie-4\/"]}]},{"@type":"ImageObject","inLanguage":"it-IT","@id":"https:\/\/turijnmagazijn.nl\/it\/prodotto\/dn010-dummy-lancia-delta-integrale-nuova-imitazione-kopie-4\/#primaryimage","url":"https:\/\/turijnmagazijn.nl\/wp-content\/uploads\/2024\/04\/DN0100352-Schroefje-voor-goot-daklijst-Delta-Integrale-82380472-3-scaled.jpg","contentUrl":"https:\/\/turijnmagazijn.nl\/wp-content\/uploads\/2024\/04\/DN0100352-Schroefje-voor-goot-daklijst-Delta-Integrale-82380472-3-scaled.jpg","width":2560,"height":1920},{"@type":"BreadcrumbList","@id":"https:\/\/turijnmagazijn.nl\/it\/prodotto\/dn010-dummy-lancia-delta-integrale-nuova-imitazione-kopie-4\/#breadcrumb","itemListElement":[{"@type":"ListItem","position":1,"name":"Home","item":"https:\/\/turijnmagazijn.nl\/it\/"},{"@type":"ListItem","position":2,"name":"Prodotti","item":"https:\/\/turijnmagazijn.nl\/it\/shop\/"},{"@type":"ListItem","position":3,"name":"Vite per listello di grondaia Delta Integrale"}]},{"@type":"WebSite","@id":"https:\/\/turijnmagazijn.jumpstone-dev.nl\/#website","url":"https:\/\/turijnmagazijn.jumpstone-dev.nl\/","name":"Turijnmagazijn","description":"Onderdelen nieuw en gebruikt - Fiat &amp; Lancia","publisher":{"@id":"https:\/\/turijnmagazijn.jumpstone-dev.nl\/#organization"},"potentialAction":[{"@type":"SearchAction","target":{"@type":"EntryPoint","urlTemplate":"https:\/\/turijnmagazijn.jumpstone-dev.nl\/?s={search_term_string}"},"query-input":{"@type":"PropertyValueSpecification","valueRequired":true,"valueName":"search_term_string"}}],"inLanguage":"it-IT"},{"@type":"Organization","@id":"https:\/\/turijnmagazijn.jumpstone-dev.nl\/#organization","name":"Turijnmagazijn","url":"https:\/\/turijnmagazijn.jumpstone-dev.nl\/","logo":{"@type":"ImageObject","inLanguage":"it-IT","@id":"https:\/\/turijnmagazijn.jumpstone-dev.nl\/#\/schema\/logo\/image\/","url":"https:\/\/turijnmagazijn.nl\/wp-content\/uploads\/2021\/02\/turijnmagazijnlogo.png","contentUrl":"https:\/\/turijnmagazijn.nl\/wp-content\/uploads\/2021\/02\/turijnmagazijnlogo.png","width":555,"height":270,"caption":"Turijnmagazijn"},"image":{"@id":"https:\/\/turijnmagazijn.jumpstone-dev.nl\/#\/schema\/logo\/image\/"},"sameAs":["https:\/\/www.facebook.com\/turijnmagazijn"]}]}},"_links":{"self":[{"href":"https:\/\/turijnmagazijn.nl\/it\/wp-json\/wp\/v2\/product\/77353","targetHints":{"allow":["GET"]}}],"collection":[{"href":"https:\/\/turijnmagazijn.nl\/it\/wp-json\/wp\/v2\/product"}],"about":[{"href":"https:\/\/turijnmagazijn.nl\/it\/wp-json\/wp\/v2\/types\/product"}],"replies":[{"embeddable":true,"href":"https:\/\/turijnmagazijn.nl\/it\/wp-json\/wp\/v2\/comments?post=77353"}],"wp:featuredmedia":[{"embeddable":true,"href":"https:\/\/turijnmagazijn.nl\/it\/wp-json\/wp\/v2\/media\/77383"}],"wp:attachment":[{"href":"https:\/\/turijnmagazijn.nl\/it\/wp-json\/wp\/v2\/media?parent=77353"}],"wp:term":[{"taxonomy":"product_brand","embeddable":true,"href":"https:\/\/turijnmagazijn.nl\/it\/wp-json\/wp\/v2\/product_brand?post=77353"},{"taxonomy":"product_cat","embeddable":true,"href":"https:\/\/turijnmagazijn.nl\/it\/wp-json\/wp\/v2\/product_cat?post=77353"},{"taxonomy":"product_tag","embeddable":true,"href":"https:\/\/turijnmagazijn.nl\/it\/wp-json\/wp\/v2\/product_tag?post=77353"}],"curies":[{"name":"wp","href":"https:\/\/api.w.org\/{rel}","templated":true}]}}