{"id":77826,"date":"2024-07-13T19:52:41","date_gmt":"2024-07-13T17:52:41","guid":{"rendered":"https:\/\/turijnmagazijn.nl\/?post_type=product&#038;p=77826"},"modified":"2025-04-15T20:44:11","modified_gmt":"2025-04-15T18:44:11","slug":"chiave-non-tagliata-lancia-delta-blocco-accensione-integrale-imitazione-kopie","status":"publish","type":"product","link":"https:\/\/turijnmagazijn.nl\/it\/prodotto\/chiave-non-tagliata-lancia-delta-blocco-accensione-integrale-imitazione-kopie\/","title":{"rendered":"Chiave non tagliata della Lancia Delta 2 -IMITAZIONE-"},"content":{"rendered":"<p>Imitazione di chiave per Lancia Delta 2 applicabile sia all&#8217;accensione che alle serrature delle porte.<\/p>\n<p>Adatto a tutte le Delta della seconda serie di modelli, dagli anni di costruzione 1996 al 2000.<\/p>\n<p>La maggior parte delle Delta di seconda serie ha gi\u00e0 una chiave tansponder. Questa imitazione di chiave <strong>non contiene alcun transponder! <\/strong> <\/p>\n<p>Questo tipo di chiave a lama \u00e8 GT15. Non \u00e8 quindi adatta a una Delta 1, che utilizza le chiavi GT10 per serrature di accensione molto simili a questa.<\/p>\n<p>Abbiamo sviluppato noi stessi queste chiavi come alternativa alla chiave silca senza marchio. Il modello della testa chiave \u00e8 stato modificato approfondendo l&#8217;incisione del logo Lancia. La parte in plastica proviene da una stampante 3D ed \u00e8 composta da due parti incollate con una forte colla epossidica. NON \u00e8 quindi una chiave Lancia originale, ma un&#8217;alternativa economica per l&#8217;appassionato che preferisce Lancia sulla chiave.<\/p>\n<p>Riferimento OEM per questa chiave: 82435172 e 82435171<\/p>\n","protected":false},"excerpt":{"rendered":"<p>Chiave non tagliata Lancia Delta 2 porte e blocchetto di accensione -IMITAZIONE-<\/p>\n","protected":false},"featured_media":61613,"comment_status":"open","ping_status":"closed","template":"","meta":{"_acf_changed":false},"product_brand":[],"product_cat":[1810,1808,1820,1824,1828,1835,1832,1840,1800],"product_tag":[],"class_list":{"0":"post-77826","1":"product","2":"type-product","3":"status-publish","4":"has-post-thumbnail","6":"product_cat-1-1-1-3-1-5-it","7":"product_cat-delta-1-831-it","8":"product_cat-gt-i-e-it","9":"product_cat-hf-4wd-it","10":"product_cat-hf-turbo-it","11":"product_cat-integrale-16v-it","12":"product_cat-integrale-8v-it","13":"product_cat-integrale-evo-it","14":"product_cat-lancia-it","15":"pa_soort-onderdeel-corpo-e-lamiera","17":"first","18":"instock","19":"taxable","20":"shipping-taxable","21":"purchasable","22":"product-type-simple"},"acf":[],"yoast_head":"<!-- This site is optimized with the Yoast SEO plugin v27.2 - https:\/\/yoast.com\/product\/yoast-seo-wordpress\/ -->\n<title>Chiave non tagliata della Lancia Delta 2 -IMITAZIONE- Turijnmagazijn<\/title>\n<meta name=\"robots\" content=\"index, follow, max-snippet:-1, max-image-preview:large, max-video-preview:-1\" \/>\n<link rel=\"canonical\" href=\"https:\/\/turijnmagazijn.nl\/it\/prodotto\/chiave-non-tagliata-lancia-delta-blocco-accensione-integrale-imitazione-kopie\/\" \/>\n<meta property=\"og:locale\" content=\"it_IT\" \/>\n<meta property=\"og:type\" content=\"article\" \/>\n<meta property=\"og:title\" content=\"Chiave non tagliata della Lancia Delta 2 -IMITAZIONE- Turijnmagazijn\" \/>\n<meta property=\"og:description\" content=\"Chiave non tagliata Lancia Delta 2 porte e blocchetto di accensione -IMITAZIONE-\" \/>\n<meta property=\"og:url\" content=\"https:\/\/turijnmagazijn.nl\/it\/prodotto\/chiave-non-tagliata-lancia-delta-blocco-accensione-integrale-imitazione-kopie\/\" \/>\n<meta property=\"og:site_name\" content=\"Turijnmagazijn\" \/>\n<meta property=\"article:publisher\" content=\"https:\/\/www.facebook.com\/turijnmagazijn\" \/>\n<meta property=\"article:modified_time\" content=\"2025-04-15T18:44:11+00:00\" \/>\n<meta property=\"og:image\" content=\"https:\/\/turijnmagazijn.nl\/wp-content\/uploads\/2023\/03\/DN0100271-Ongesneden-sleutel-Lancia-Delta-Integrale-contactslot-IMITATIE-14720297-3.jpg\" \/>\n\t<meta property=\"og:image:width\" content=\"1024\" \/>\n\t<meta property=\"og:image:height\" content=\"768\" \/>\n\t<meta property=\"og:image:type\" content=\"image\/jpeg\" \/>\n<meta name=\"twitter:card\" content=\"summary_large_image\" \/>\n<meta name=\"twitter:label1\" content=\"Tempo di lettura stimato\" \/>\n\t<meta name=\"twitter:data1\" content=\"1 minuto\" \/>\n<script type=\"application\/ld+json\" class=\"yoast-schema-graph\">{\"@context\":\"https:\/\/schema.org\",\"@graph\":[{\"@type\":\"WebPage\",\"@id\":\"https:\/\/turijnmagazijn.nl\/it\/prodotto\/chiave-non-tagliata-lancia-delta-blocco-accensione-integrale-imitazione-kopie\/\",\"url\":\"https:\/\/turijnmagazijn.nl\/it\/prodotto\/chiave-non-tagliata-lancia-delta-blocco-accensione-integrale-imitazione-kopie\/\",\"name\":\"Chiave non tagliata della Lancia Delta 2 -IMITAZIONE- Turijnmagazijn\",\"isPartOf\":{\"@id\":\"https:\/\/turijnmagazijn.jumpstone-dev.nl\/#website\"},\"primaryImageOfPage\":{\"@id\":\"https:\/\/turijnmagazijn.nl\/it\/prodotto\/chiave-non-tagliata-lancia-delta-blocco-accensione-integrale-imitazione-kopie\/#primaryimage\"},\"image\":{\"@id\":\"https:\/\/turijnmagazijn.nl\/it\/prodotto\/chiave-non-tagliata-lancia-delta-blocco-accensione-integrale-imitazione-kopie\/#primaryimage\"},\"thumbnailUrl\":\"https:\/\/turijnmagazijn.nl\/wp-content\/uploads\/2023\/03\/DN0100271-Ongesneden-sleutel-Lancia-Delta-Integrale-contactslot-IMITATIE-14720297-3.jpg\",\"datePublished\":\"2024-07-13T17:52:41+00:00\",\"dateModified\":\"2025-04-15T18:44:11+00:00\",\"breadcrumb\":{\"@id\":\"https:\/\/turijnmagazijn.nl\/it\/prodotto\/chiave-non-tagliata-lancia-delta-blocco-accensione-integrale-imitazione-kopie\/#breadcrumb\"},\"inLanguage\":\"it-IT\",\"potentialAction\":[{\"@type\":\"ReadAction\",\"target\":[\"https:\/\/turijnmagazijn.nl\/it\/prodotto\/chiave-non-tagliata-lancia-delta-blocco-accensione-integrale-imitazione-kopie\/\"]}]},{\"@type\":\"ImageObject\",\"inLanguage\":\"it-IT\",\"@id\":\"https:\/\/turijnmagazijn.nl\/it\/prodotto\/chiave-non-tagliata-lancia-delta-blocco-accensione-integrale-imitazione-kopie\/#primaryimage\",\"url\":\"https:\/\/turijnmagazijn.nl\/wp-content\/uploads\/2023\/03\/DN0100271-Ongesneden-sleutel-Lancia-Delta-Integrale-contactslot-IMITATIE-14720297-3.jpg\",\"contentUrl\":\"https:\/\/turijnmagazijn.nl\/wp-content\/uploads\/2023\/03\/DN0100271-Ongesneden-sleutel-Lancia-Delta-Integrale-contactslot-IMITATIE-14720297-3.jpg\",\"width\":1024,\"height\":768},{\"@type\":\"BreadcrumbList\",\"@id\":\"https:\/\/turijnmagazijn.nl\/it\/prodotto\/chiave-non-tagliata-lancia-delta-blocco-accensione-integrale-imitazione-kopie\/#breadcrumb\",\"itemListElement\":[{\"@type\":\"ListItem\",\"position\":1,\"name\":\"Home\",\"item\":\"https:\/\/turijnmagazijn.jumpstone-dev.nl\/\"},{\"@type\":\"ListItem\",\"position\":2,\"name\":\"Prodotti\",\"item\":\"https:\/\/turijnmagazijn.nl\/it\/shop\/\"},{\"@type\":\"ListItem\",\"position\":3,\"name\":\"Chiave non tagliata della Lancia Delta 2 -IMITAZIONE-\"}]},{\"@type\":\"WebSite\",\"@id\":\"https:\/\/turijnmagazijn.jumpstone-dev.nl\/#website\",\"url\":\"https:\/\/turijnmagazijn.jumpstone-dev.nl\/\",\"name\":\"Turijnmagazijn\",\"description\":\"Onderdelen nieuw en gebruikt - Fiat &amp; Lancia\",\"publisher\":{\"@id\":\"https:\/\/turijnmagazijn.jumpstone-dev.nl\/#organization\"},\"potentialAction\":[{\"@type\":\"SearchAction\",\"target\":{\"@type\":\"EntryPoint\",\"urlTemplate\":\"https:\/\/turijnmagazijn.jumpstone-dev.nl\/?s={search_term_string}\"},\"query-input\":{\"@type\":\"PropertyValueSpecification\",\"valueRequired\":true,\"valueName\":\"search_term_string\"}}],\"inLanguage\":\"it-IT\"},{\"@type\":\"Organization\",\"@id\":\"https:\/\/turijnmagazijn.jumpstone-dev.nl\/#organization\",\"name\":\"Turijnmagazijn\",\"url\":\"https:\/\/turijnmagazijn.jumpstone-dev.nl\/\",\"logo\":{\"@type\":\"ImageObject\",\"inLanguage\":\"it-IT\",\"@id\":\"https:\/\/turijnmagazijn.jumpstone-dev.nl\/#\/schema\/logo\/image\/\",\"url\":\"https:\/\/turijnmagazijn.nl\/wp-content\/uploads\/2021\/02\/turijnmagazijnlogo.png\",\"contentUrl\":\"https:\/\/turijnmagazijn.nl\/wp-content\/uploads\/2021\/02\/turijnmagazijnlogo.png\",\"width\":555,\"height\":270,\"caption\":\"Turijnmagazijn\"},\"image\":{\"@id\":\"https:\/\/turijnmagazijn.jumpstone-dev.nl\/#\/schema\/logo\/image\/\"},\"sameAs\":[\"https:\/\/www.facebook.com\/turijnmagazijn\"]}]}<\/script>\n<!-- \/ Yoast SEO plugin. -->","yoast_head_json":{"title":"Chiave non tagliata della Lancia Delta 2 -IMITAZIONE- Turijnmagazijn","robots":{"index":"index","follow":"follow","max-snippet":"max-snippet:-1","max-image-preview":"max-image-preview:large","max-video-preview":"max-video-preview:-1"},"canonical":"https:\/\/turijnmagazijn.nl\/it\/prodotto\/chiave-non-tagliata-lancia-delta-blocco-accensione-integrale-imitazione-kopie\/","og_locale":"it_IT","og_type":"article","og_title":"Chiave non tagliata della Lancia Delta 2 -IMITAZIONE- Turijnmagazijn","og_description":"Chiave non tagliata Lancia Delta 2 porte e blocchetto di accensione -IMITAZIONE-","og_url":"https:\/\/turijnmagazijn.nl\/it\/prodotto\/chiave-non-tagliata-lancia-delta-blocco-accensione-integrale-imitazione-kopie\/","og_site_name":"Turijnmagazijn","article_publisher":"https:\/\/www.facebook.com\/turijnmagazijn","article_modified_time":"2025-04-15T18:44:11+00:00","og_image":[{"width":1024,"height":768,"url":"https:\/\/turijnmagazijn.nl\/wp-content\/uploads\/2023\/03\/DN0100271-Ongesneden-sleutel-Lancia-Delta-Integrale-contactslot-IMITATIE-14720297-3.jpg","type":"image\/jpeg"}],"twitter_card":"summary_large_image","twitter_misc":{"Tempo di lettura stimato":"1 minuto"},"schema":{"@context":"https:\/\/schema.org","@graph":[{"@type":"WebPage","@id":"https:\/\/turijnmagazijn.nl\/it\/prodotto\/chiave-non-tagliata-lancia-delta-blocco-accensione-integrale-imitazione-kopie\/","url":"https:\/\/turijnmagazijn.nl\/it\/prodotto\/chiave-non-tagliata-lancia-delta-blocco-accensione-integrale-imitazione-kopie\/","name":"Chiave non tagliata della Lancia Delta 2 -IMITAZIONE- Turijnmagazijn","isPartOf":{"@id":"https:\/\/turijnmagazijn.jumpstone-dev.nl\/#website"},"primaryImageOfPage":{"@id":"https:\/\/turijnmagazijn.nl\/it\/prodotto\/chiave-non-tagliata-lancia-delta-blocco-accensione-integrale-imitazione-kopie\/#primaryimage"},"image":{"@id":"https:\/\/turijnmagazijn.nl\/it\/prodotto\/chiave-non-tagliata-lancia-delta-blocco-accensione-integrale-imitazione-kopie\/#primaryimage"},"thumbnailUrl":"https:\/\/turijnmagazijn.nl\/wp-content\/uploads\/2023\/03\/DN0100271-Ongesneden-sleutel-Lancia-Delta-Integrale-contactslot-IMITATIE-14720297-3.jpg","datePublished":"2024-07-13T17:52:41+00:00","dateModified":"2025-04-15T18:44:11+00:00","breadcrumb":{"@id":"https:\/\/turijnmagazijn.nl\/it\/prodotto\/chiave-non-tagliata-lancia-delta-blocco-accensione-integrale-imitazione-kopie\/#breadcrumb"},"inLanguage":"it-IT","potentialAction":[{"@type":"ReadAction","target":["https:\/\/turijnmagazijn.nl\/it\/prodotto\/chiave-non-tagliata-lancia-delta-blocco-accensione-integrale-imitazione-kopie\/"]}]},{"@type":"ImageObject","inLanguage":"it-IT","@id":"https:\/\/turijnmagazijn.nl\/it\/prodotto\/chiave-non-tagliata-lancia-delta-blocco-accensione-integrale-imitazione-kopie\/#primaryimage","url":"https:\/\/turijnmagazijn.nl\/wp-content\/uploads\/2023\/03\/DN0100271-Ongesneden-sleutel-Lancia-Delta-Integrale-contactslot-IMITATIE-14720297-3.jpg","contentUrl":"https:\/\/turijnmagazijn.nl\/wp-content\/uploads\/2023\/03\/DN0100271-Ongesneden-sleutel-Lancia-Delta-Integrale-contactslot-IMITATIE-14720297-3.jpg","width":1024,"height":768},{"@type":"BreadcrumbList","@id":"https:\/\/turijnmagazijn.nl\/it\/prodotto\/chiave-non-tagliata-lancia-delta-blocco-accensione-integrale-imitazione-kopie\/#breadcrumb","itemListElement":[{"@type":"ListItem","position":1,"name":"Home","item":"https:\/\/turijnmagazijn.jumpstone-dev.nl\/"},{"@type":"ListItem","position":2,"name":"Prodotti","item":"https:\/\/turijnmagazijn.nl\/it\/shop\/"},{"@type":"ListItem","position":3,"name":"Chiave non tagliata della Lancia Delta 2 -IMITAZIONE-"}]},{"@type":"WebSite","@id":"https:\/\/turijnmagazijn.jumpstone-dev.nl\/#website","url":"https:\/\/turijnmagazijn.jumpstone-dev.nl\/","name":"Turijnmagazijn","description":"Onderdelen nieuw en gebruikt - Fiat &amp; Lancia","publisher":{"@id":"https:\/\/turijnmagazijn.jumpstone-dev.nl\/#organization"},"potentialAction":[{"@type":"SearchAction","target":{"@type":"EntryPoint","urlTemplate":"https:\/\/turijnmagazijn.jumpstone-dev.nl\/?s={search_term_string}"},"query-input":{"@type":"PropertyValueSpecification","valueRequired":true,"valueName":"search_term_string"}}],"inLanguage":"it-IT"},{"@type":"Organization","@id":"https:\/\/turijnmagazijn.jumpstone-dev.nl\/#organization","name":"Turijnmagazijn","url":"https:\/\/turijnmagazijn.jumpstone-dev.nl\/","logo":{"@type":"ImageObject","inLanguage":"it-IT","@id":"https:\/\/turijnmagazijn.jumpstone-dev.nl\/#\/schema\/logo\/image\/","url":"https:\/\/turijnmagazijn.nl\/wp-content\/uploads\/2021\/02\/turijnmagazijnlogo.png","contentUrl":"https:\/\/turijnmagazijn.nl\/wp-content\/uploads\/2021\/02\/turijnmagazijnlogo.png","width":555,"height":270,"caption":"Turijnmagazijn"},"image":{"@id":"https:\/\/turijnmagazijn.jumpstone-dev.nl\/#\/schema\/logo\/image\/"},"sameAs":["https:\/\/www.facebook.com\/turijnmagazijn"]}]}},"_links":{"self":[{"href":"https:\/\/turijnmagazijn.nl\/it\/wp-json\/wp\/v2\/product\/77826","targetHints":{"allow":["GET"]}}],"collection":[{"href":"https:\/\/turijnmagazijn.nl\/it\/wp-json\/wp\/v2\/product"}],"about":[{"href":"https:\/\/turijnmagazijn.nl\/it\/wp-json\/wp\/v2\/types\/product"}],"replies":[{"embeddable":true,"href":"https:\/\/turijnmagazijn.nl\/it\/wp-json\/wp\/v2\/comments?post=77826"}],"wp:featuredmedia":[{"embeddable":true,"href":"https:\/\/turijnmagazijn.nl\/it\/wp-json\/wp\/v2\/media\/61613"}],"wp:attachment":[{"href":"https:\/\/turijnmagazijn.nl\/it\/wp-json\/wp\/v2\/media?parent=77826"}],"wp:term":[{"taxonomy":"product_brand","embeddable":true,"href":"https:\/\/turijnmagazijn.nl\/it\/wp-json\/wp\/v2\/product_brand?post=77826"},{"taxonomy":"product_cat","embeddable":true,"href":"https:\/\/turijnmagazijn.nl\/it\/wp-json\/wp\/v2\/product_cat?post=77826"},{"taxonomy":"product_tag","embeddable":true,"href":"https:\/\/turijnmagazijn.nl\/it\/wp-json\/wp\/v2\/product_tag?post=77826"}],"curies":[{"name":"wp","href":"https:\/\/api.w.org\/{rel}","templated":true}]}}