{"id":78042,"date":"2024-08-07T10:40:40","date_gmt":"2024-08-07T08:40:40","guid":{"rendered":"https:\/\/turijnmagazijn.nl\/?post_type=product&#038;p=78042"},"modified":"2025-04-16T13:54:13","modified_gmt":"2025-04-16T11:54:13","slug":"portachiavi-in-metallo-nero-logo-alfa-romeo-kopie","status":"publish","type":"product","link":"https:\/\/turijnmagazijn.nl\/it\/prodotto\/portachiavi-in-metallo-nero-logo-alfa-romeo-kopie\/","title":{"rendered":"Portachiavi in metallo grigio chiaro con logo Alfa Romeo"},"content":{"rendered":"<p><a href=\"https:\/\/turijnmagazijn.nl\/it\/spedizione-tramite-cassetta-postale\/\"><img decoding=\"async\" class=\"alignnone wp-image-16382 size-full\" src=\"https:\/\/turijnmagazijn.nl\/wp-content\/uploads\/2023\/03\/brievenbusverzending-label.png\" alt=\"\" width=\"487\" height=\"45\" srcset=\"https:\/\/turijnmagazijn.nl\/wp-content\/uploads\/2023\/03\/brievenbusverzending-label.png 487w, https:\/\/turijnmagazijn.nl\/wp-content\/uploads\/2023\/03\/brievenbusverzending-label-300x28.png 300w\" sizes=\"(max-width: 487px) 100vw, 487px\" \/><\/a><\/p>\n<p style=\"margin-bottom: 10px;\">Nuovo portachiavi in metallo con logo Alfa Romeo intarsiato.<\/p>\n<p style=\"margin-bottom: 10px;\">Riguarda un portachiavi aftermarket.<\/p>\n<p style=\"margin-bottom: 10px;\">Questo portachiavi ha il noto logo Alfa Romeo.<\/p>\n<p>  Il ciondolo \u00e8 pesantemente rifinito in metallo grigio chiaro. Il logo \u00e8 una stampa a colori dietro una spessa plastica trasparente. Il logo \u00e8 dietro la plastica rigida, quindi niente silicone morbido.  &nbsp;<\/p>\n<p style=\"margin-bottom: 10px;\">\n","protected":false},"excerpt":{"rendered":"<p>Nuovo portachiavi in metallo con logo Alfa Romeo intarsiato.<\/p>\n","protected":false},"featured_media":78052,"comment_status":"open","ping_status":"closed","template":"","meta":{"_acf_changed":false},"product_brand":[],"product_cat":[1598,1604,1608,1610,1614,1658,1653,1649,1587,1590,1596,1583,1647,1643,1630,1633,1639,1618,1624],"product_tag":[],"class_list":{"0":"post-78042","1":"product","2":"type-product","3":"status-publish","4":"has-post-thumbnail","6":"product_cat-145-930a-it","7":"product_cat-146-930b-it","8":"product_cat-147-937-it","9":"product_cat-155-167-it","10":"product_cat-156-932-it","11":"product_cat-159-939-it","12":"product_cat-164-164-it","13":"product_cat-166-936-it","14":"product_cat-33-905-it","15":"product_cat-75-161-it","16":"product_cat-90-162-it","17":"product_cat-alfa-romeo-it","18":"product_cat-alfetta-116-it","19":"product_cat-brera-939-it","20":"product_cat-gt-937-it","21":"product_cat-gtv-916-it","22":"product_cat-gtv6-669-it","23":"product_cat-sedan-it","24":"product_cat-sportwagon-it","25":"pa_soort-onderdeel-portachiavi-e-adesivi","27":"first","28":"instock","29":"sale","30":"taxable","31":"shipping-taxable","32":"purchasable","33":"product-type-simple"},"acf":[],"yoast_head":"<!-- This site is optimized with the Yoast SEO plugin v27.3 - https:\/\/yoast.com\/product\/yoast-seo-wordpress\/ -->\n<title>Portachiavi in metallo grigio chiaro con logo Alfa Romeo - Turijnmagazijn<\/title>\n<meta name=\"robots\" content=\"index, follow, max-snippet:-1, max-image-preview:large, max-video-preview:-1\" \/>\n<link rel=\"canonical\" href=\"https:\/\/turijnmagazijn.nl\/it\/prodotto\/portachiavi-in-metallo-nero-logo-alfa-romeo-kopie\/\" \/>\n<meta property=\"og:locale\" content=\"it_IT\" \/>\n<meta property=\"og:type\" content=\"article\" \/>\n<meta property=\"og:title\" content=\"Portachiavi in metallo grigio chiaro con logo Alfa Romeo - Turijnmagazijn\" \/>\n<meta property=\"og:description\" content=\"Nuovo portachiavi in metallo con logo Alfa Romeo intarsiato.\" \/>\n<meta property=\"og:url\" content=\"https:\/\/turijnmagazijn.nl\/it\/prodotto\/portachiavi-in-metallo-nero-logo-alfa-romeo-kopie\/\" \/>\n<meta property=\"og:site_name\" content=\"Turijnmagazijn\" \/>\n<meta property=\"article:publisher\" content=\"https:\/\/www.facebook.com\/turijnmagazijn\" \/>\n<meta property=\"article:modified_time\" content=\"2025-04-16T11:54:13+00:00\" \/>\n<meta property=\"og:image\" content=\"https:\/\/turijnmagazijn.nl\/wp-content\/uploads\/2024\/08\/DN0100361-Sleutelhanger-metaal-lichtgrijs-Alfa-Romeo-logo-2-scaled.jpg\" \/>\n\t<meta property=\"og:image:width\" content=\"2560\" \/>\n\t<meta property=\"og:image:height\" content=\"1440\" \/>\n\t<meta property=\"og:image:type\" content=\"image\/jpeg\" \/>\n<meta name=\"twitter:card\" content=\"summary_large_image\" \/>\n<script type=\"application\/ld+json\" class=\"yoast-schema-graph\">{\"@context\":\"https:\\\/\\\/schema.org\",\"@graph\":[{\"@type\":\"WebPage\",\"@id\":\"https:\\\/\\\/turijnmagazijn.nl\\\/it\\\/prodotto\\\/portachiavi-in-metallo-nero-logo-alfa-romeo-kopie\\\/\",\"url\":\"https:\\\/\\\/turijnmagazijn.nl\\\/it\\\/prodotto\\\/portachiavi-in-metallo-nero-logo-alfa-romeo-kopie\\\/\",\"name\":\"Portachiavi in metallo grigio chiaro con logo Alfa Romeo - Turijnmagazijn\",\"isPartOf\":{\"@id\":\"https:\\\/\\\/turijnmagazijn.jumpstone-dev.nl\\\/#website\"},\"primaryImageOfPage\":{\"@id\":\"https:\\\/\\\/turijnmagazijn.nl\\\/it\\\/prodotto\\\/portachiavi-in-metallo-nero-logo-alfa-romeo-kopie\\\/#primaryimage\"},\"image\":{\"@id\":\"https:\\\/\\\/turijnmagazijn.nl\\\/it\\\/prodotto\\\/portachiavi-in-metallo-nero-logo-alfa-romeo-kopie\\\/#primaryimage\"},\"thumbnailUrl\":\"https:\\\/\\\/turijnmagazijn.nl\\\/wp-content\\\/uploads\\\/2024\\\/08\\\/DN0100361-Sleutelhanger-metaal-lichtgrijs-Alfa-Romeo-logo-2-scaled.jpg\",\"datePublished\":\"2024-08-07T08:40:40+00:00\",\"dateModified\":\"2025-04-16T11:54:13+00:00\",\"breadcrumb\":{\"@id\":\"https:\\\/\\\/turijnmagazijn.nl\\\/it\\\/prodotto\\\/portachiavi-in-metallo-nero-logo-alfa-romeo-kopie\\\/#breadcrumb\"},\"inLanguage\":\"it-IT\",\"potentialAction\":[{\"@type\":\"ReadAction\",\"target\":[\"https:\\\/\\\/turijnmagazijn.nl\\\/it\\\/prodotto\\\/portachiavi-in-metallo-nero-logo-alfa-romeo-kopie\\\/\"]}]},{\"@type\":\"ImageObject\",\"inLanguage\":\"it-IT\",\"@id\":\"https:\\\/\\\/turijnmagazijn.nl\\\/it\\\/prodotto\\\/portachiavi-in-metallo-nero-logo-alfa-romeo-kopie\\\/#primaryimage\",\"url\":\"https:\\\/\\\/turijnmagazijn.nl\\\/wp-content\\\/uploads\\\/2024\\\/08\\\/DN0100361-Sleutelhanger-metaal-lichtgrijs-Alfa-Romeo-logo-2-scaled.jpg\",\"contentUrl\":\"https:\\\/\\\/turijnmagazijn.nl\\\/wp-content\\\/uploads\\\/2024\\\/08\\\/DN0100361-Sleutelhanger-metaal-lichtgrijs-Alfa-Romeo-logo-2-scaled.jpg\",\"width\":2560,\"height\":1440},{\"@type\":\"BreadcrumbList\",\"@id\":\"https:\\\/\\\/turijnmagazijn.nl\\\/it\\\/prodotto\\\/portachiavi-in-metallo-nero-logo-alfa-romeo-kopie\\\/#breadcrumb\",\"itemListElement\":[{\"@type\":\"ListItem\",\"position\":1,\"name\":\"Home\",\"item\":\"https:\\\/\\\/turijnmagazijn.nl\\\/it\\\/\"},{\"@type\":\"ListItem\",\"position\":2,\"name\":\"Prodotti\",\"item\":\"https:\\\/\\\/turijnmagazijn.nl\\\/it\\\/shop\\\/\"},{\"@type\":\"ListItem\",\"position\":3,\"name\":\"Portachiavi in metallo grigio chiaro con logo Alfa Romeo\"}]},{\"@type\":\"WebSite\",\"@id\":\"https:\\\/\\\/turijnmagazijn.jumpstone-dev.nl\\\/#website\",\"url\":\"https:\\\/\\\/turijnmagazijn.jumpstone-dev.nl\\\/\",\"name\":\"Turijnmagazijn\",\"description\":\"Onderdelen nieuw en gebruikt - Fiat &amp; Lancia\",\"publisher\":{\"@id\":\"https:\\\/\\\/turijnmagazijn.jumpstone-dev.nl\\\/#organization\"},\"potentialAction\":[{\"@type\":\"SearchAction\",\"target\":{\"@type\":\"EntryPoint\",\"urlTemplate\":\"https:\\\/\\\/turijnmagazijn.jumpstone-dev.nl\\\/?s={search_term_string}\"},\"query-input\":{\"@type\":\"PropertyValueSpecification\",\"valueRequired\":true,\"valueName\":\"search_term_string\"}}],\"inLanguage\":\"it-IT\"},{\"@type\":\"Organization\",\"@id\":\"https:\\\/\\\/turijnmagazijn.jumpstone-dev.nl\\\/#organization\",\"name\":\"Turijnmagazijn\",\"url\":\"https:\\\/\\\/turijnmagazijn.jumpstone-dev.nl\\\/\",\"logo\":{\"@type\":\"ImageObject\",\"inLanguage\":\"it-IT\",\"@id\":\"https:\\\/\\\/turijnmagazijn.jumpstone-dev.nl\\\/#\\\/schema\\\/logo\\\/image\\\/\",\"url\":\"https:\\\/\\\/turijnmagazijn.nl\\\/wp-content\\\/uploads\\\/2021\\\/02\\\/turijnmagazijnlogo.png\",\"contentUrl\":\"https:\\\/\\\/turijnmagazijn.nl\\\/wp-content\\\/uploads\\\/2021\\\/02\\\/turijnmagazijnlogo.png\",\"width\":555,\"height\":270,\"caption\":\"Turijnmagazijn\"},\"image\":{\"@id\":\"https:\\\/\\\/turijnmagazijn.jumpstone-dev.nl\\\/#\\\/schema\\\/logo\\\/image\\\/\"},\"sameAs\":[\"https:\\\/\\\/www.facebook.com\\\/turijnmagazijn\"]}]}<\/script>\n<!-- \/ Yoast SEO plugin. -->","yoast_head_json":{"title":"Portachiavi in metallo grigio chiaro con logo Alfa Romeo - Turijnmagazijn","robots":{"index":"index","follow":"follow","max-snippet":"max-snippet:-1","max-image-preview":"max-image-preview:large","max-video-preview":"max-video-preview:-1"},"canonical":"https:\/\/turijnmagazijn.nl\/it\/prodotto\/portachiavi-in-metallo-nero-logo-alfa-romeo-kopie\/","og_locale":"it_IT","og_type":"article","og_title":"Portachiavi in metallo grigio chiaro con logo Alfa Romeo - Turijnmagazijn","og_description":"Nuovo portachiavi in metallo con logo Alfa Romeo intarsiato.","og_url":"https:\/\/turijnmagazijn.nl\/it\/prodotto\/portachiavi-in-metallo-nero-logo-alfa-romeo-kopie\/","og_site_name":"Turijnmagazijn","article_publisher":"https:\/\/www.facebook.com\/turijnmagazijn","article_modified_time":"2025-04-16T11:54:13+00:00","og_image":[{"width":2560,"height":1440,"url":"https:\/\/turijnmagazijn.nl\/wp-content\/uploads\/2024\/08\/DN0100361-Sleutelhanger-metaal-lichtgrijs-Alfa-Romeo-logo-2-scaled.jpg","type":"image\/jpeg"}],"twitter_card":"summary_large_image","schema":{"@context":"https:\/\/schema.org","@graph":[{"@type":"WebPage","@id":"https:\/\/turijnmagazijn.nl\/it\/prodotto\/portachiavi-in-metallo-nero-logo-alfa-romeo-kopie\/","url":"https:\/\/turijnmagazijn.nl\/it\/prodotto\/portachiavi-in-metallo-nero-logo-alfa-romeo-kopie\/","name":"Portachiavi in metallo grigio chiaro con logo Alfa Romeo - Turijnmagazijn","isPartOf":{"@id":"https:\/\/turijnmagazijn.jumpstone-dev.nl\/#website"},"primaryImageOfPage":{"@id":"https:\/\/turijnmagazijn.nl\/it\/prodotto\/portachiavi-in-metallo-nero-logo-alfa-romeo-kopie\/#primaryimage"},"image":{"@id":"https:\/\/turijnmagazijn.nl\/it\/prodotto\/portachiavi-in-metallo-nero-logo-alfa-romeo-kopie\/#primaryimage"},"thumbnailUrl":"https:\/\/turijnmagazijn.nl\/wp-content\/uploads\/2024\/08\/DN0100361-Sleutelhanger-metaal-lichtgrijs-Alfa-Romeo-logo-2-scaled.jpg","datePublished":"2024-08-07T08:40:40+00:00","dateModified":"2025-04-16T11:54:13+00:00","breadcrumb":{"@id":"https:\/\/turijnmagazijn.nl\/it\/prodotto\/portachiavi-in-metallo-nero-logo-alfa-romeo-kopie\/#breadcrumb"},"inLanguage":"it-IT","potentialAction":[{"@type":"ReadAction","target":["https:\/\/turijnmagazijn.nl\/it\/prodotto\/portachiavi-in-metallo-nero-logo-alfa-romeo-kopie\/"]}]},{"@type":"ImageObject","inLanguage":"it-IT","@id":"https:\/\/turijnmagazijn.nl\/it\/prodotto\/portachiavi-in-metallo-nero-logo-alfa-romeo-kopie\/#primaryimage","url":"https:\/\/turijnmagazijn.nl\/wp-content\/uploads\/2024\/08\/DN0100361-Sleutelhanger-metaal-lichtgrijs-Alfa-Romeo-logo-2-scaled.jpg","contentUrl":"https:\/\/turijnmagazijn.nl\/wp-content\/uploads\/2024\/08\/DN0100361-Sleutelhanger-metaal-lichtgrijs-Alfa-Romeo-logo-2-scaled.jpg","width":2560,"height":1440},{"@type":"BreadcrumbList","@id":"https:\/\/turijnmagazijn.nl\/it\/prodotto\/portachiavi-in-metallo-nero-logo-alfa-romeo-kopie\/#breadcrumb","itemListElement":[{"@type":"ListItem","position":1,"name":"Home","item":"https:\/\/turijnmagazijn.nl\/it\/"},{"@type":"ListItem","position":2,"name":"Prodotti","item":"https:\/\/turijnmagazijn.nl\/it\/shop\/"},{"@type":"ListItem","position":3,"name":"Portachiavi in metallo grigio chiaro con logo Alfa Romeo"}]},{"@type":"WebSite","@id":"https:\/\/turijnmagazijn.jumpstone-dev.nl\/#website","url":"https:\/\/turijnmagazijn.jumpstone-dev.nl\/","name":"Turijnmagazijn","description":"Onderdelen nieuw en gebruikt - Fiat &amp; Lancia","publisher":{"@id":"https:\/\/turijnmagazijn.jumpstone-dev.nl\/#organization"},"potentialAction":[{"@type":"SearchAction","target":{"@type":"EntryPoint","urlTemplate":"https:\/\/turijnmagazijn.jumpstone-dev.nl\/?s={search_term_string}"},"query-input":{"@type":"PropertyValueSpecification","valueRequired":true,"valueName":"search_term_string"}}],"inLanguage":"it-IT"},{"@type":"Organization","@id":"https:\/\/turijnmagazijn.jumpstone-dev.nl\/#organization","name":"Turijnmagazijn","url":"https:\/\/turijnmagazijn.jumpstone-dev.nl\/","logo":{"@type":"ImageObject","inLanguage":"it-IT","@id":"https:\/\/turijnmagazijn.jumpstone-dev.nl\/#\/schema\/logo\/image\/","url":"https:\/\/turijnmagazijn.nl\/wp-content\/uploads\/2021\/02\/turijnmagazijnlogo.png","contentUrl":"https:\/\/turijnmagazijn.nl\/wp-content\/uploads\/2021\/02\/turijnmagazijnlogo.png","width":555,"height":270,"caption":"Turijnmagazijn"},"image":{"@id":"https:\/\/turijnmagazijn.jumpstone-dev.nl\/#\/schema\/logo\/image\/"},"sameAs":["https:\/\/www.facebook.com\/turijnmagazijn"]}]}},"_links":{"self":[{"href":"https:\/\/turijnmagazijn.nl\/it\/wp-json\/wp\/v2\/product\/78042","targetHints":{"allow":["GET"]}}],"collection":[{"href":"https:\/\/turijnmagazijn.nl\/it\/wp-json\/wp\/v2\/product"}],"about":[{"href":"https:\/\/turijnmagazijn.nl\/it\/wp-json\/wp\/v2\/types\/product"}],"replies":[{"embeddable":true,"href":"https:\/\/turijnmagazijn.nl\/it\/wp-json\/wp\/v2\/comments?post=78042"}],"wp:featuredmedia":[{"embeddable":true,"href":"https:\/\/turijnmagazijn.nl\/it\/wp-json\/wp\/v2\/media\/78052"}],"wp:attachment":[{"href":"https:\/\/turijnmagazijn.nl\/it\/wp-json\/wp\/v2\/media?parent=78042"}],"wp:term":[{"taxonomy":"product_brand","embeddable":true,"href":"https:\/\/turijnmagazijn.nl\/it\/wp-json\/wp\/v2\/product_brand?post=78042"},{"taxonomy":"product_cat","embeddable":true,"href":"https:\/\/turijnmagazijn.nl\/it\/wp-json\/wp\/v2\/product_cat?post=78042"},{"taxonomy":"product_tag","embeddable":true,"href":"https:\/\/turijnmagazijn.nl\/it\/wp-json\/wp\/v2\/product_tag?post=78042"}],"curies":[{"name":"wp","href":"https:\/\/api.w.org\/{rel}","templated":true}]}}