{"id":85120,"date":"2024-11-05T18:50:04","date_gmt":"2024-11-05T17:50:04","guid":{"rendered":"https:\/\/turijnmagazijn.nl\/?post_type=product&#038;p=85120"},"modified":"2025-04-16T14:55:48","modified_gmt":"2025-04-16T12:55:48","slug":"computer-di-bordo-aria-condizionata-lancia-kappa-testato-kopie-kopie","status":"publish","type":"product","link":"https:\/\/turijnmagazijn.nl\/it\/prodotto\/computer-di-bordo-aria-condizionata-lancia-kappa-testato-kopie-kopie\/","title":{"rendered":"Computer di bordo per l&#8217;aria condizionata Lancia Kappa -DANNEGGIAMENTO-"},"content":{"rendered":"<p>Pannello di controllo usato e gravemente danneggiato da montare nel cruscotto di una Lancia kappa. applicato in tutti i modelli quindi SW, berlina e coup\u00e9. Il funzionamento del display e di tutte le icone illuminate \u00e8 sconosciuto. L&#8217;unit\u00e0 include gli interruttori per il riscaldamento e l&#8217;aria condizionata e le altre funzioni del computer di bordo.<\/p>\n<p>Da una Lancia Kappa coup\u00e9 del 1998.<\/p>\n<p>L&#8217;unit\u00e0 \u00e8 in pessime condizioni, tutti i pulsanti sono scheggiati e degradati e l&#8217;unit\u00e0 \u00e8 graffiata e danneggiata dappertutto.<\/p>\n<p>Tutti i 6 punti di sospensione dell&#8217;unit\u00e0 per il montaggio sul cruscotto sono ancora presenti, il che \u00e8 straordinario, di solito manca un numero.<\/p>\n<p>Iscrizioni sull&#8217;adesivo:<\/p>\n<p>4700014530<\/p>\n<p>SICUREZZA<\/p>\n<p>095<\/p>\n<p>22470-02<\/p>\n<p>82485116<\/p>\n<p>CLIMATIZZATO<\/p>\n<p>Numero OEM Lancia 46515650<\/p>\n<p>Riscaldamento a pannello di controllo per Lancia Kappa<\/p>\n","protected":false},"excerpt":{"rendered":"<p>46515650 Lancia Kappa &#8211; Pannello di controllo pesantemente danneggiato per il montaggio nel cruscotto di una Lancia kappa.<\/p>\n","protected":false},"featured_media":85180,"comment_status":"closed","ping_status":"closed","template":"","meta":{"_acf_changed":false},"product_brand":[],"product_cat":[1863,1866,1857,1800,1871],"product_tag":[],"class_list":{"0":"post-85120","1":"product","2":"type-product","3":"status-publish","4":"has-post-thumbnail","6":"product_cat-berlina-it","7":"product_cat-coupe-it","8":"product_cat-kappa-838-it","9":"product_cat-lancia-it","10":"product_cat-sw-it","11":"pa_soort-onderdeel-cruscotto-e-interruttori","13":"first","14":"instock","15":"shipping-taxable","16":"purchasable","17":"product-type-simple"},"acf":[],"yoast_head":"<!-- This site is optimized with the Yoast SEO plugin v27.2 - https:\/\/yoast.com\/product\/yoast-seo-wordpress\/ -->\n<title>Computer di bordo per l&#039;aria condizionata Lancia Kappa -DANNEGGIAMENTO- Turijnmagazijn<\/title>\n<meta name=\"robots\" content=\"index, follow, max-snippet:-1, max-image-preview:large, max-video-preview:-1\" \/>\n<link rel=\"canonical\" href=\"https:\/\/turijnmagazijn.nl\/it\/prodotto\/computer-di-bordo-aria-condizionata-lancia-kappa-testato-kopie-kopie\/\" \/>\n<meta property=\"og:locale\" content=\"it_IT\" \/>\n<meta property=\"og:type\" content=\"article\" \/>\n<meta property=\"og:title\" content=\"Computer di bordo per l&#039;aria condizionata Lancia Kappa -DANNEGGIAMENTO- Turijnmagazijn\" \/>\n<meta property=\"og:description\" content=\"46515650 Lancia Kappa - Pannello di controllo pesantemente danneggiato per il montaggio nel cruscotto di una Lancia kappa.\" \/>\n<meta property=\"og:url\" content=\"https:\/\/turijnmagazijn.nl\/it\/prodotto\/computer-di-bordo-aria-condizionata-lancia-kappa-testato-kopie-kopie\/\" \/>\n<meta property=\"og:site_name\" content=\"Turijnmagazijn\" \/>\n<meta property=\"article:publisher\" content=\"https:\/\/www.facebook.com\/turijnmagazijn\" \/>\n<meta property=\"article:modified_time\" content=\"2025-04-16T12:55:48+00:00\" \/>\n<meta property=\"og:image\" content=\"https:\/\/turijnmagazijn.nl\/wp-content\/uploads\/2024\/11\/DK0102735-Boordcomputer-airco-Lancia-Kappa-BESCHADIGD-46515650-3.jpg\" \/>\n\t<meta property=\"og:image:width\" content=\"1440\" \/>\n\t<meta property=\"og:image:height\" content=\"1080\" \/>\n\t<meta property=\"og:image:type\" content=\"image\/jpeg\" \/>\n<meta name=\"twitter:card\" content=\"summary_large_image\" \/>\n<meta name=\"twitter:label1\" content=\"Tempo di lettura stimato\" \/>\n\t<meta name=\"twitter:data1\" content=\"1 minuto\" \/>\n<script type=\"application\/ld+json\" class=\"yoast-schema-graph\">{\"@context\":\"https:\/\/schema.org\",\"@graph\":[{\"@type\":\"WebPage\",\"@id\":\"https:\/\/turijnmagazijn.nl\/it\/prodotto\/computer-di-bordo-aria-condizionata-lancia-kappa-testato-kopie-kopie\/\",\"url\":\"https:\/\/turijnmagazijn.nl\/it\/prodotto\/computer-di-bordo-aria-condizionata-lancia-kappa-testato-kopie-kopie\/\",\"name\":\"Computer di bordo per l'aria condizionata Lancia Kappa -DANNEGGIAMENTO- Turijnmagazijn\",\"isPartOf\":{\"@id\":\"https:\/\/turijnmagazijn.jumpstone-dev.nl\/#website\"},\"primaryImageOfPage\":{\"@id\":\"https:\/\/turijnmagazijn.nl\/it\/prodotto\/computer-di-bordo-aria-condizionata-lancia-kappa-testato-kopie-kopie\/#primaryimage\"},\"image\":{\"@id\":\"https:\/\/turijnmagazijn.nl\/it\/prodotto\/computer-di-bordo-aria-condizionata-lancia-kappa-testato-kopie-kopie\/#primaryimage\"},\"thumbnailUrl\":\"https:\/\/turijnmagazijn.nl\/wp-content\/uploads\/2024\/11\/DK0102735-Boordcomputer-airco-Lancia-Kappa-BESCHADIGD-46515650-3.jpg\",\"datePublished\":\"2024-11-05T17:50:04+00:00\",\"dateModified\":\"2025-04-16T12:55:48+00:00\",\"breadcrumb\":{\"@id\":\"https:\/\/turijnmagazijn.nl\/it\/prodotto\/computer-di-bordo-aria-condizionata-lancia-kappa-testato-kopie-kopie\/#breadcrumb\"},\"inLanguage\":\"it-IT\",\"potentialAction\":[{\"@type\":\"ReadAction\",\"target\":[\"https:\/\/turijnmagazijn.nl\/it\/prodotto\/computer-di-bordo-aria-condizionata-lancia-kappa-testato-kopie-kopie\/\"]}]},{\"@type\":\"ImageObject\",\"inLanguage\":\"it-IT\",\"@id\":\"https:\/\/turijnmagazijn.nl\/it\/prodotto\/computer-di-bordo-aria-condizionata-lancia-kappa-testato-kopie-kopie\/#primaryimage\",\"url\":\"https:\/\/turijnmagazijn.nl\/wp-content\/uploads\/2024\/11\/DK0102735-Boordcomputer-airco-Lancia-Kappa-BESCHADIGD-46515650-3.jpg\",\"contentUrl\":\"https:\/\/turijnmagazijn.nl\/wp-content\/uploads\/2024\/11\/DK0102735-Boordcomputer-airco-Lancia-Kappa-BESCHADIGD-46515650-3.jpg\",\"width\":1440,\"height\":1080},{\"@type\":\"BreadcrumbList\",\"@id\":\"https:\/\/turijnmagazijn.nl\/it\/prodotto\/computer-di-bordo-aria-condizionata-lancia-kappa-testato-kopie-kopie\/#breadcrumb\",\"itemListElement\":[{\"@type\":\"ListItem\",\"position\":1,\"name\":\"Home\",\"item\":\"https:\/\/turijnmagazijn.nl\/it\/\"},{\"@type\":\"ListItem\",\"position\":2,\"name\":\"Prodotti\",\"item\":\"https:\/\/turijnmagazijn.nl\/it\/shop\/\"},{\"@type\":\"ListItem\",\"position\":3,\"name\":\"Computer di bordo per l&#8217;aria condizionata Lancia Kappa -DANNEGGIAMENTO-\"}]},{\"@type\":\"WebSite\",\"@id\":\"https:\/\/turijnmagazijn.jumpstone-dev.nl\/#website\",\"url\":\"https:\/\/turijnmagazijn.jumpstone-dev.nl\/\",\"name\":\"Turijnmagazijn\",\"description\":\"Onderdelen nieuw en gebruikt - Fiat &amp; Lancia\",\"publisher\":{\"@id\":\"https:\/\/turijnmagazijn.jumpstone-dev.nl\/#organization\"},\"potentialAction\":[{\"@type\":\"SearchAction\",\"target\":{\"@type\":\"EntryPoint\",\"urlTemplate\":\"https:\/\/turijnmagazijn.jumpstone-dev.nl\/?s={search_term_string}\"},\"query-input\":{\"@type\":\"PropertyValueSpecification\",\"valueRequired\":true,\"valueName\":\"search_term_string\"}}],\"inLanguage\":\"it-IT\"},{\"@type\":\"Organization\",\"@id\":\"https:\/\/turijnmagazijn.jumpstone-dev.nl\/#organization\",\"name\":\"Turijnmagazijn\",\"url\":\"https:\/\/turijnmagazijn.jumpstone-dev.nl\/\",\"logo\":{\"@type\":\"ImageObject\",\"inLanguage\":\"it-IT\",\"@id\":\"https:\/\/turijnmagazijn.jumpstone-dev.nl\/#\/schema\/logo\/image\/\",\"url\":\"https:\/\/turijnmagazijn.nl\/wp-content\/uploads\/2021\/02\/turijnmagazijnlogo.png\",\"contentUrl\":\"https:\/\/turijnmagazijn.nl\/wp-content\/uploads\/2021\/02\/turijnmagazijnlogo.png\",\"width\":555,\"height\":270,\"caption\":\"Turijnmagazijn\"},\"image\":{\"@id\":\"https:\/\/turijnmagazijn.jumpstone-dev.nl\/#\/schema\/logo\/image\/\"},\"sameAs\":[\"https:\/\/www.facebook.com\/turijnmagazijn\"]}]}<\/script>\n<!-- \/ Yoast SEO plugin. -->","yoast_head_json":{"title":"Computer di bordo per l'aria condizionata Lancia Kappa -DANNEGGIAMENTO- Turijnmagazijn","robots":{"index":"index","follow":"follow","max-snippet":"max-snippet:-1","max-image-preview":"max-image-preview:large","max-video-preview":"max-video-preview:-1"},"canonical":"https:\/\/turijnmagazijn.nl\/it\/prodotto\/computer-di-bordo-aria-condizionata-lancia-kappa-testato-kopie-kopie\/","og_locale":"it_IT","og_type":"article","og_title":"Computer di bordo per l'aria condizionata Lancia Kappa -DANNEGGIAMENTO- Turijnmagazijn","og_description":"46515650 Lancia Kappa - Pannello di controllo pesantemente danneggiato per il montaggio nel cruscotto di una Lancia kappa.","og_url":"https:\/\/turijnmagazijn.nl\/it\/prodotto\/computer-di-bordo-aria-condizionata-lancia-kappa-testato-kopie-kopie\/","og_site_name":"Turijnmagazijn","article_publisher":"https:\/\/www.facebook.com\/turijnmagazijn","article_modified_time":"2025-04-16T12:55:48+00:00","og_image":[{"width":1440,"height":1080,"url":"https:\/\/turijnmagazijn.nl\/wp-content\/uploads\/2024\/11\/DK0102735-Boordcomputer-airco-Lancia-Kappa-BESCHADIGD-46515650-3.jpg","type":"image\/jpeg"}],"twitter_card":"summary_large_image","twitter_misc":{"Tempo di lettura stimato":"1 minuto"},"schema":{"@context":"https:\/\/schema.org","@graph":[{"@type":"WebPage","@id":"https:\/\/turijnmagazijn.nl\/it\/prodotto\/computer-di-bordo-aria-condizionata-lancia-kappa-testato-kopie-kopie\/","url":"https:\/\/turijnmagazijn.nl\/it\/prodotto\/computer-di-bordo-aria-condizionata-lancia-kappa-testato-kopie-kopie\/","name":"Computer di bordo per l'aria condizionata Lancia Kappa -DANNEGGIAMENTO- Turijnmagazijn","isPartOf":{"@id":"https:\/\/turijnmagazijn.jumpstone-dev.nl\/#website"},"primaryImageOfPage":{"@id":"https:\/\/turijnmagazijn.nl\/it\/prodotto\/computer-di-bordo-aria-condizionata-lancia-kappa-testato-kopie-kopie\/#primaryimage"},"image":{"@id":"https:\/\/turijnmagazijn.nl\/it\/prodotto\/computer-di-bordo-aria-condizionata-lancia-kappa-testato-kopie-kopie\/#primaryimage"},"thumbnailUrl":"https:\/\/turijnmagazijn.nl\/wp-content\/uploads\/2024\/11\/DK0102735-Boordcomputer-airco-Lancia-Kappa-BESCHADIGD-46515650-3.jpg","datePublished":"2024-11-05T17:50:04+00:00","dateModified":"2025-04-16T12:55:48+00:00","breadcrumb":{"@id":"https:\/\/turijnmagazijn.nl\/it\/prodotto\/computer-di-bordo-aria-condizionata-lancia-kappa-testato-kopie-kopie\/#breadcrumb"},"inLanguage":"it-IT","potentialAction":[{"@type":"ReadAction","target":["https:\/\/turijnmagazijn.nl\/it\/prodotto\/computer-di-bordo-aria-condizionata-lancia-kappa-testato-kopie-kopie\/"]}]},{"@type":"ImageObject","inLanguage":"it-IT","@id":"https:\/\/turijnmagazijn.nl\/it\/prodotto\/computer-di-bordo-aria-condizionata-lancia-kappa-testato-kopie-kopie\/#primaryimage","url":"https:\/\/turijnmagazijn.nl\/wp-content\/uploads\/2024\/11\/DK0102735-Boordcomputer-airco-Lancia-Kappa-BESCHADIGD-46515650-3.jpg","contentUrl":"https:\/\/turijnmagazijn.nl\/wp-content\/uploads\/2024\/11\/DK0102735-Boordcomputer-airco-Lancia-Kappa-BESCHADIGD-46515650-3.jpg","width":1440,"height":1080},{"@type":"BreadcrumbList","@id":"https:\/\/turijnmagazijn.nl\/it\/prodotto\/computer-di-bordo-aria-condizionata-lancia-kappa-testato-kopie-kopie\/#breadcrumb","itemListElement":[{"@type":"ListItem","position":1,"name":"Home","item":"https:\/\/turijnmagazijn.nl\/it\/"},{"@type":"ListItem","position":2,"name":"Prodotti","item":"https:\/\/turijnmagazijn.nl\/it\/shop\/"},{"@type":"ListItem","position":3,"name":"Computer di bordo per l&#8217;aria condizionata Lancia Kappa -DANNEGGIAMENTO-"}]},{"@type":"WebSite","@id":"https:\/\/turijnmagazijn.jumpstone-dev.nl\/#website","url":"https:\/\/turijnmagazijn.jumpstone-dev.nl\/","name":"Turijnmagazijn","description":"Onderdelen nieuw en gebruikt - Fiat &amp; Lancia","publisher":{"@id":"https:\/\/turijnmagazijn.jumpstone-dev.nl\/#organization"},"potentialAction":[{"@type":"SearchAction","target":{"@type":"EntryPoint","urlTemplate":"https:\/\/turijnmagazijn.jumpstone-dev.nl\/?s={search_term_string}"},"query-input":{"@type":"PropertyValueSpecification","valueRequired":true,"valueName":"search_term_string"}}],"inLanguage":"it-IT"},{"@type":"Organization","@id":"https:\/\/turijnmagazijn.jumpstone-dev.nl\/#organization","name":"Turijnmagazijn","url":"https:\/\/turijnmagazijn.jumpstone-dev.nl\/","logo":{"@type":"ImageObject","inLanguage":"it-IT","@id":"https:\/\/turijnmagazijn.jumpstone-dev.nl\/#\/schema\/logo\/image\/","url":"https:\/\/turijnmagazijn.nl\/wp-content\/uploads\/2021\/02\/turijnmagazijnlogo.png","contentUrl":"https:\/\/turijnmagazijn.nl\/wp-content\/uploads\/2021\/02\/turijnmagazijnlogo.png","width":555,"height":270,"caption":"Turijnmagazijn"},"image":{"@id":"https:\/\/turijnmagazijn.jumpstone-dev.nl\/#\/schema\/logo\/image\/"},"sameAs":["https:\/\/www.facebook.com\/turijnmagazijn"]}]}},"_links":{"self":[{"href":"https:\/\/turijnmagazijn.nl\/it\/wp-json\/wp\/v2\/product\/85120","targetHints":{"allow":["GET"]}}],"collection":[{"href":"https:\/\/turijnmagazijn.nl\/it\/wp-json\/wp\/v2\/product"}],"about":[{"href":"https:\/\/turijnmagazijn.nl\/it\/wp-json\/wp\/v2\/types\/product"}],"replies":[{"embeddable":true,"href":"https:\/\/turijnmagazijn.nl\/it\/wp-json\/wp\/v2\/comments?post=85120"}],"wp:featuredmedia":[{"embeddable":true,"href":"https:\/\/turijnmagazijn.nl\/it\/wp-json\/wp\/v2\/media\/85180"}],"wp:attachment":[{"href":"https:\/\/turijnmagazijn.nl\/it\/wp-json\/wp\/v2\/media?parent=85120"}],"wp:term":[{"taxonomy":"product_brand","embeddable":true,"href":"https:\/\/turijnmagazijn.nl\/it\/wp-json\/wp\/v2\/product_brand?post=85120"},{"taxonomy":"product_cat","embeddable":true,"href":"https:\/\/turijnmagazijn.nl\/it\/wp-json\/wp\/v2\/product_cat?post=85120"},{"taxonomy":"product_tag","embeddable":true,"href":"https:\/\/turijnmagazijn.nl\/it\/wp-json\/wp\/v2\/product_tag?post=85120"}],"curies":[{"name":"wp","href":"https:\/\/api.w.org\/{rel}","templated":true}]}}