{"id":85761,"date":"2024-11-22T11:34:31","date_gmt":"2024-11-22T10:34:31","guid":{"rendered":"https:\/\/turijnmagazijn.nl\/?post_type=product&#038;p=85761"},"modified":"2025-04-17T17:35:41","modified_gmt":"2025-04-17T15:35:41","slug":"dk010-manichino-kappa-kopie-kopie-kopie-2","status":"publish","type":"product","link":"https:\/\/turijnmagazijn.nl\/it\/prodotto\/dk010-manichino-kappa-kopie-kopie-kopie-2\/","title":{"rendered":"Porta altoparlante Lancia Kappa e Kappa Coup\u00e9"},"content":{"rendered":"<p>Nuova imitazione per Lancia Kappa.<\/p>\n<p>Altoparlante da montare nella portiera anteriore per Lancia Kappa. Gli altoparlanti originali sono molto compatti a causa dello spazio limitato per l&#8217;installazione. Queste imitazioni corrispondono quasi esattamente alle dimensioni di installazione degli altoparlanti originali, che sono di qualit\u00e0 moderata. Quasi tutti gli altoparlanti originali presentano il problema del deterioramento della schiuma intorno all&#8217;altoparlante. Con questa nuova variante, puoi andare avanti ancora per anni. La qualit\u00e0 del suono \u00e8 molto simile a quella degli altoparlanti originali, ma i bassi sono leggermente inferiori, mentre le prestazioni audio sono simili. Per la massima comodit\u00e0 di installazione, abbiamo dotato questi altoparlanti dello stesso connettore giallo a due poli, in modo che sia sufficiente collegarli e mantenere il cablaggio della tua Kappa completamente originale. ATTENZIONE: sulla maggior parte delle Kappa, questo altoparlante \u00e8 montato sia sul lato destro che sinistro della portiera. C&#8217;\u00e8 un&#8217;eccezione: la Kappa Coup\u00e9 e le versioni pi\u00f9 lussuose della SW e della Berlina in alcuni casi montano un altoparlante diverso sul lato sinistro. Questo altoparlante ha due connettori, uno giallo e uno bianco. Il connettore bianco \u00e8 per il segnale audio del kit auto con radio originale Lancia. Hai una radio senza kit auto? Hai una radio aftermarket? Non usi mai il kit auto originale? In questi casi, puoi tranquillamente sostituire la variante a 2 spinotti con questa alternativa. Collega la spina gialla e lascia la spina bianca nel pannello della portiera. Basta fissarlo con del nastro adesivo per evitare che si senta il rumore della portiera. Alcune immagini allegate mostrano l&#8217;installazione di questo altoparlante in una portiera di una Kappa Coup\u00e9. OEM Lancia 82485880 OEM Lancia 46469802    <\/p>\n","protected":false},"excerpt":{"rendered":"<p>82485880 Finto altoparlante da montare nella portiera anteriore per Lancia Kappa. Sinistro e destro, applicabile alle Lancia Kappa senza kit auto originale. <\/p>\n","protected":false},"featured_media":86873,"comment_status":"closed","ping_status":"closed","template":"","meta":{"_acf_changed":false},"product_brand":[],"product_cat":[1863,1866,1857,1800,1871],"product_tag":[],"class_list":{"0":"post-85761","1":"product","2":"type-product","3":"status-publish","4":"has-post-thumbnail","6":"product_cat-berlina-it","7":"product_cat-coupe-it","8":"product_cat-kappa-838-it","9":"product_cat-lancia-it","10":"product_cat-sw-it","11":"pa_soort-onderdeel-equipaggiamento-audio","13":"first","14":"instock","15":"featured","16":"taxable","17":"shipping-taxable","18":"purchasable","19":"product-type-simple"},"acf":[],"yoast_head":"<!-- This site is optimized with the Yoast SEO plugin v27.3 - https:\/\/yoast.com\/product\/yoast-seo-wordpress\/ -->\n<title>Porta altoparlante Lancia Kappa e Kappa Coup\u00e9 - Turijnmagazijn<\/title>\n<meta name=\"robots\" content=\"index, follow, max-snippet:-1, max-image-preview:large, max-video-preview:-1\" \/>\n<link rel=\"canonical\" href=\"https:\/\/turijnmagazijn.nl\/it\/prodotto\/dk010-manichino-kappa-kopie-kopie-kopie-2\/\" \/>\n<meta property=\"og:locale\" content=\"it_IT\" \/>\n<meta property=\"og:type\" content=\"article\" \/>\n<meta property=\"og:title\" content=\"Porta altoparlante Lancia Kappa e Kappa Coup\u00e9 - Turijnmagazijn\" \/>\n<meta property=\"og:description\" content=\"82485880 Finto altoparlante da montare nella portiera anteriore per Lancia Kappa. Sinistro e destro, applicabile alle Lancia Kappa senza kit auto originale.\" \/>\n<meta property=\"og:url\" content=\"https:\/\/turijnmagazijn.nl\/it\/prodotto\/dk010-manichino-kappa-kopie-kopie-kopie-2\/\" \/>\n<meta property=\"og:site_name\" content=\"Turijnmagazijn\" \/>\n<meta property=\"article:publisher\" content=\"https:\/\/www.facebook.com\/turijnmagazijn\" \/>\n<meta property=\"article:modified_time\" content=\"2025-04-17T15:35:41+00:00\" \/>\n<meta property=\"og:image\" content=\"https:\/\/turijnmagazijn.nl\/wp-content\/uploads\/2024\/11\/DN0100382-Speaker-deurpaneel-Lancia-Kappa-Imitatie-82485880-2-1.jpg\" \/>\n\t<meta property=\"og:image:width\" content=\"1140\" \/>\n\t<meta property=\"og:image:height\" content=\"931\" \/>\n\t<meta property=\"og:image:type\" content=\"image\/jpeg\" \/>\n<meta name=\"twitter:card\" content=\"summary_large_image\" \/>\n<meta name=\"twitter:label1\" content=\"Tempo di lettura stimato\" \/>\n\t<meta name=\"twitter:data1\" content=\"1 minuto\" \/>\n<script type=\"application\/ld+json\" class=\"yoast-schema-graph\">{\"@context\":\"https:\\\/\\\/schema.org\",\"@graph\":[{\"@type\":\"WebPage\",\"@id\":\"https:\\\/\\\/turijnmagazijn.nl\\\/it\\\/prodotto\\\/dk010-manichino-kappa-kopie-kopie-kopie-2\\\/\",\"url\":\"https:\\\/\\\/turijnmagazijn.nl\\\/it\\\/prodotto\\\/dk010-manichino-kappa-kopie-kopie-kopie-2\\\/\",\"name\":\"Porta altoparlante Lancia Kappa e Kappa Coup\u00e9 - Turijnmagazijn\",\"isPartOf\":{\"@id\":\"https:\\\/\\\/turijnmagazijn.jumpstone-dev.nl\\\/#website\"},\"primaryImageOfPage\":{\"@id\":\"https:\\\/\\\/turijnmagazijn.nl\\\/it\\\/prodotto\\\/dk010-manichino-kappa-kopie-kopie-kopie-2\\\/#primaryimage\"},\"image\":{\"@id\":\"https:\\\/\\\/turijnmagazijn.nl\\\/it\\\/prodotto\\\/dk010-manichino-kappa-kopie-kopie-kopie-2\\\/#primaryimage\"},\"thumbnailUrl\":\"https:\\\/\\\/turijnmagazijn.nl\\\/wp-content\\\/uploads\\\/2024\\\/11\\\/DN0100382-Speaker-deurpaneel-Lancia-Kappa-Imitatie-82485880-2-1.jpg\",\"datePublished\":\"2024-11-22T10:34:31+00:00\",\"dateModified\":\"2025-04-17T15:35:41+00:00\",\"breadcrumb\":{\"@id\":\"https:\\\/\\\/turijnmagazijn.nl\\\/it\\\/prodotto\\\/dk010-manichino-kappa-kopie-kopie-kopie-2\\\/#breadcrumb\"},\"inLanguage\":\"it-IT\",\"potentialAction\":[{\"@type\":\"ReadAction\",\"target\":[\"https:\\\/\\\/turijnmagazijn.nl\\\/it\\\/prodotto\\\/dk010-manichino-kappa-kopie-kopie-kopie-2\\\/\"]}]},{\"@type\":\"ImageObject\",\"inLanguage\":\"it-IT\",\"@id\":\"https:\\\/\\\/turijnmagazijn.nl\\\/it\\\/prodotto\\\/dk010-manichino-kappa-kopie-kopie-kopie-2\\\/#primaryimage\",\"url\":\"https:\\\/\\\/turijnmagazijn.nl\\\/wp-content\\\/uploads\\\/2024\\\/11\\\/DN0100382-Speaker-deurpaneel-Lancia-Kappa-Imitatie-82485880-2-1.jpg\",\"contentUrl\":\"https:\\\/\\\/turijnmagazijn.nl\\\/wp-content\\\/uploads\\\/2024\\\/11\\\/DN0100382-Speaker-deurpaneel-Lancia-Kappa-Imitatie-82485880-2-1.jpg\",\"width\":1140,\"height\":931},{\"@type\":\"BreadcrumbList\",\"@id\":\"https:\\\/\\\/turijnmagazijn.nl\\\/it\\\/prodotto\\\/dk010-manichino-kappa-kopie-kopie-kopie-2\\\/#breadcrumb\",\"itemListElement\":[{\"@type\":\"ListItem\",\"position\":1,\"name\":\"Home\",\"item\":\"https:\\\/\\\/turijnmagazijn.nl\\\/it\\\/\"},{\"@type\":\"ListItem\",\"position\":2,\"name\":\"Prodotti\",\"item\":\"https:\\\/\\\/turijnmagazijn.nl\\\/it\\\/shop\\\/\"},{\"@type\":\"ListItem\",\"position\":3,\"name\":\"Porta altoparlante Lancia Kappa e Kappa Coup\u00e9\"}]},{\"@type\":\"WebSite\",\"@id\":\"https:\\\/\\\/turijnmagazijn.jumpstone-dev.nl\\\/#website\",\"url\":\"https:\\\/\\\/turijnmagazijn.jumpstone-dev.nl\\\/\",\"name\":\"Turijnmagazijn\",\"description\":\"Onderdelen nieuw en gebruikt - Fiat &amp; Lancia\",\"publisher\":{\"@id\":\"https:\\\/\\\/turijnmagazijn.jumpstone-dev.nl\\\/#organization\"},\"potentialAction\":[{\"@type\":\"SearchAction\",\"target\":{\"@type\":\"EntryPoint\",\"urlTemplate\":\"https:\\\/\\\/turijnmagazijn.jumpstone-dev.nl\\\/?s={search_term_string}\"},\"query-input\":{\"@type\":\"PropertyValueSpecification\",\"valueRequired\":true,\"valueName\":\"search_term_string\"}}],\"inLanguage\":\"it-IT\"},{\"@type\":\"Organization\",\"@id\":\"https:\\\/\\\/turijnmagazijn.jumpstone-dev.nl\\\/#organization\",\"name\":\"Turijnmagazijn\",\"url\":\"https:\\\/\\\/turijnmagazijn.jumpstone-dev.nl\\\/\",\"logo\":{\"@type\":\"ImageObject\",\"inLanguage\":\"it-IT\",\"@id\":\"https:\\\/\\\/turijnmagazijn.jumpstone-dev.nl\\\/#\\\/schema\\\/logo\\\/image\\\/\",\"url\":\"https:\\\/\\\/turijnmagazijn.nl\\\/wp-content\\\/uploads\\\/2021\\\/02\\\/turijnmagazijnlogo.png\",\"contentUrl\":\"https:\\\/\\\/turijnmagazijn.nl\\\/wp-content\\\/uploads\\\/2021\\\/02\\\/turijnmagazijnlogo.png\",\"width\":555,\"height\":270,\"caption\":\"Turijnmagazijn\"},\"image\":{\"@id\":\"https:\\\/\\\/turijnmagazijn.jumpstone-dev.nl\\\/#\\\/schema\\\/logo\\\/image\\\/\"},\"sameAs\":[\"https:\\\/\\\/www.facebook.com\\\/turijnmagazijn\"]}]}<\/script>\n<!-- \/ Yoast SEO plugin. -->","yoast_head_json":{"title":"Porta altoparlante Lancia Kappa e Kappa Coup\u00e9 - Turijnmagazijn","robots":{"index":"index","follow":"follow","max-snippet":"max-snippet:-1","max-image-preview":"max-image-preview:large","max-video-preview":"max-video-preview:-1"},"canonical":"https:\/\/turijnmagazijn.nl\/it\/prodotto\/dk010-manichino-kappa-kopie-kopie-kopie-2\/","og_locale":"it_IT","og_type":"article","og_title":"Porta altoparlante Lancia Kappa e Kappa Coup\u00e9 - Turijnmagazijn","og_description":"82485880 Finto altoparlante da montare nella portiera anteriore per Lancia Kappa. Sinistro e destro, applicabile alle Lancia Kappa senza kit auto originale.","og_url":"https:\/\/turijnmagazijn.nl\/it\/prodotto\/dk010-manichino-kappa-kopie-kopie-kopie-2\/","og_site_name":"Turijnmagazijn","article_publisher":"https:\/\/www.facebook.com\/turijnmagazijn","article_modified_time":"2025-04-17T15:35:41+00:00","og_image":[{"width":1140,"height":931,"url":"https:\/\/turijnmagazijn.nl\/wp-content\/uploads\/2024\/11\/DN0100382-Speaker-deurpaneel-Lancia-Kappa-Imitatie-82485880-2-1.jpg","type":"image\/jpeg"}],"twitter_card":"summary_large_image","twitter_misc":{"Tempo di lettura stimato":"1 minuto"},"schema":{"@context":"https:\/\/schema.org","@graph":[{"@type":"WebPage","@id":"https:\/\/turijnmagazijn.nl\/it\/prodotto\/dk010-manichino-kappa-kopie-kopie-kopie-2\/","url":"https:\/\/turijnmagazijn.nl\/it\/prodotto\/dk010-manichino-kappa-kopie-kopie-kopie-2\/","name":"Porta altoparlante Lancia Kappa e Kappa Coup\u00e9 - Turijnmagazijn","isPartOf":{"@id":"https:\/\/turijnmagazijn.jumpstone-dev.nl\/#website"},"primaryImageOfPage":{"@id":"https:\/\/turijnmagazijn.nl\/it\/prodotto\/dk010-manichino-kappa-kopie-kopie-kopie-2\/#primaryimage"},"image":{"@id":"https:\/\/turijnmagazijn.nl\/it\/prodotto\/dk010-manichino-kappa-kopie-kopie-kopie-2\/#primaryimage"},"thumbnailUrl":"https:\/\/turijnmagazijn.nl\/wp-content\/uploads\/2024\/11\/DN0100382-Speaker-deurpaneel-Lancia-Kappa-Imitatie-82485880-2-1.jpg","datePublished":"2024-11-22T10:34:31+00:00","dateModified":"2025-04-17T15:35:41+00:00","breadcrumb":{"@id":"https:\/\/turijnmagazijn.nl\/it\/prodotto\/dk010-manichino-kappa-kopie-kopie-kopie-2\/#breadcrumb"},"inLanguage":"it-IT","potentialAction":[{"@type":"ReadAction","target":["https:\/\/turijnmagazijn.nl\/it\/prodotto\/dk010-manichino-kappa-kopie-kopie-kopie-2\/"]}]},{"@type":"ImageObject","inLanguage":"it-IT","@id":"https:\/\/turijnmagazijn.nl\/it\/prodotto\/dk010-manichino-kappa-kopie-kopie-kopie-2\/#primaryimage","url":"https:\/\/turijnmagazijn.nl\/wp-content\/uploads\/2024\/11\/DN0100382-Speaker-deurpaneel-Lancia-Kappa-Imitatie-82485880-2-1.jpg","contentUrl":"https:\/\/turijnmagazijn.nl\/wp-content\/uploads\/2024\/11\/DN0100382-Speaker-deurpaneel-Lancia-Kappa-Imitatie-82485880-2-1.jpg","width":1140,"height":931},{"@type":"BreadcrumbList","@id":"https:\/\/turijnmagazijn.nl\/it\/prodotto\/dk010-manichino-kappa-kopie-kopie-kopie-2\/#breadcrumb","itemListElement":[{"@type":"ListItem","position":1,"name":"Home","item":"https:\/\/turijnmagazijn.nl\/it\/"},{"@type":"ListItem","position":2,"name":"Prodotti","item":"https:\/\/turijnmagazijn.nl\/it\/shop\/"},{"@type":"ListItem","position":3,"name":"Porta altoparlante Lancia Kappa e Kappa Coup\u00e9"}]},{"@type":"WebSite","@id":"https:\/\/turijnmagazijn.jumpstone-dev.nl\/#website","url":"https:\/\/turijnmagazijn.jumpstone-dev.nl\/","name":"Turijnmagazijn","description":"Onderdelen nieuw en gebruikt - Fiat &amp; Lancia","publisher":{"@id":"https:\/\/turijnmagazijn.jumpstone-dev.nl\/#organization"},"potentialAction":[{"@type":"SearchAction","target":{"@type":"EntryPoint","urlTemplate":"https:\/\/turijnmagazijn.jumpstone-dev.nl\/?s={search_term_string}"},"query-input":{"@type":"PropertyValueSpecification","valueRequired":true,"valueName":"search_term_string"}}],"inLanguage":"it-IT"},{"@type":"Organization","@id":"https:\/\/turijnmagazijn.jumpstone-dev.nl\/#organization","name":"Turijnmagazijn","url":"https:\/\/turijnmagazijn.jumpstone-dev.nl\/","logo":{"@type":"ImageObject","inLanguage":"it-IT","@id":"https:\/\/turijnmagazijn.jumpstone-dev.nl\/#\/schema\/logo\/image\/","url":"https:\/\/turijnmagazijn.nl\/wp-content\/uploads\/2021\/02\/turijnmagazijnlogo.png","contentUrl":"https:\/\/turijnmagazijn.nl\/wp-content\/uploads\/2021\/02\/turijnmagazijnlogo.png","width":555,"height":270,"caption":"Turijnmagazijn"},"image":{"@id":"https:\/\/turijnmagazijn.jumpstone-dev.nl\/#\/schema\/logo\/image\/"},"sameAs":["https:\/\/www.facebook.com\/turijnmagazijn"]}]}},"_links":{"self":[{"href":"https:\/\/turijnmagazijn.nl\/it\/wp-json\/wp\/v2\/product\/85761","targetHints":{"allow":["GET"]}}],"collection":[{"href":"https:\/\/turijnmagazijn.nl\/it\/wp-json\/wp\/v2\/product"}],"about":[{"href":"https:\/\/turijnmagazijn.nl\/it\/wp-json\/wp\/v2\/types\/product"}],"replies":[{"embeddable":true,"href":"https:\/\/turijnmagazijn.nl\/it\/wp-json\/wp\/v2\/comments?post=85761"}],"wp:featuredmedia":[{"embeddable":true,"href":"https:\/\/turijnmagazijn.nl\/it\/wp-json\/wp\/v2\/media\/86873"}],"wp:attachment":[{"href":"https:\/\/turijnmagazijn.nl\/it\/wp-json\/wp\/v2\/media?parent=85761"}],"wp:term":[{"taxonomy":"product_brand","embeddable":true,"href":"https:\/\/turijnmagazijn.nl\/it\/wp-json\/wp\/v2\/product_brand?post=85761"},{"taxonomy":"product_cat","embeddable":true,"href":"https:\/\/turijnmagazijn.nl\/it\/wp-json\/wp\/v2\/product_cat?post=85761"},{"taxonomy":"product_tag","embeddable":true,"href":"https:\/\/turijnmagazijn.nl\/it\/wp-json\/wp\/v2\/product_tag?post=85761"}],"curies":[{"name":"wp","href":"https:\/\/api.w.org\/{rel}","templated":true}]}}