{"id":88052,"date":"2025-01-31T12:29:28","date_gmt":"2025-01-31T11:29:28","guid":{"rendered":"https:\/\/turijnmagazijn.nl\/?post_type=product&#038;p=88052"},"modified":"2025-04-17T10:18:34","modified_gmt":"2025-04-17T08:18:34","slug":"dk010-dummy-punto-1-kopie-kopie-kopie-kopie-kopie","status":"publish","type":"product","link":"https:\/\/turijnmagazijn.nl\/it\/prodotto\/dk010-dummy-punto-1-kopie-kopie-kopie-kopie-kopie\/","title":{"rendered":"Coprimozzo Fiat 500 cerchio rosso DANNEGGIATO"},"content":{"rendered":"<p>Pezzo originale usato per Fiat 500.<\/p>\n<p>Coprimozzo per cerchi in lega Fiat 500. Versione preoccupante con centro nero, scritte cromate e cerchio rosso. <\/p>\n<p>Presenta la scritta 500 in numeri cromati.<\/p>\n<p>\u00c8 in cattive condizioni, manca l&#8217;anello di fissaggio. 1 delle 4 gambe \u00e8 interrotto. Il bordo rosso \u00e8 sbiadito e danneggiato, si prega di controllare attentamente le condizioni in base alle foto prima di ordinare.<\/p>\n<p>Riferimento OEM Fiat 51870004<\/p>\n<p>Coprimozzo ruota coprimozzo ruota-centro ruotacentro ruotacentro ruotacentro ruotacentro ruotacentro<\/p>\n<p>&nbsp;<\/p>\n","protected":false},"excerpt":{"rendered":"<p>51870004 coprimozzo Fiat 500 tipo &gt; anno 2000 cerchio rosso<\/p>\n","protected":false},"featured_media":88063,"comment_status":"closed","ping_status":"closed","template":"","meta":{"_acf_changed":false},"product_brand":[],"product_cat":[1696,1691],"product_tag":[],"class_list":{"0":"post-88052","1":"product","2":"type-product","3":"status-publish","4":"has-post-thumbnail","6":"product_cat-500-312-it","7":"product_cat-fiat-it","8":"pa_soort-onderdeel-corpo-e-lamiera","10":"first","11":"instock","12":"shipping-taxable","13":"purchasable","14":"product-type-simple"},"acf":[],"yoast_head":"<!-- This site is optimized with the Yoast SEO plugin v27.3 - https:\/\/yoast.com\/product\/yoast-seo-wordpress\/ -->\n<title>Coprimozzo Fiat 500 cerchio rosso DANNEGGIATO - Turijnmagazijn<\/title>\n<meta name=\"robots\" content=\"index, follow, max-snippet:-1, max-image-preview:large, max-video-preview:-1\" \/>\n<link rel=\"canonical\" href=\"https:\/\/turijnmagazijn.nl\/it\/prodotto\/dk010-dummy-punto-1-kopie-kopie-kopie-kopie-kopie\/\" \/>\n<meta property=\"og:locale\" content=\"it_IT\" \/>\n<meta property=\"og:type\" content=\"article\" \/>\n<meta property=\"og:title\" content=\"Coprimozzo Fiat 500 cerchio rosso DANNEGGIATO - Turijnmagazijn\" \/>\n<meta property=\"og:description\" content=\"51870004 coprimozzo Fiat 500 tipo &gt; anno 2000 cerchio rosso\" \/>\n<meta property=\"og:url\" content=\"https:\/\/turijnmagazijn.nl\/it\/prodotto\/dk010-dummy-punto-1-kopie-kopie-kopie-kopie-kopie\/\" \/>\n<meta property=\"og:site_name\" content=\"Turijnmagazijn\" \/>\n<meta property=\"article:publisher\" content=\"https:\/\/www.facebook.com\/turijnmagazijn\" \/>\n<meta property=\"article:modified_time\" content=\"2025-04-17T08:18:34+00:00\" \/>\n<meta property=\"og:image\" content=\"https:\/\/turijnmagazijn.nl\/wp-content\/uploads\/2025\/01\/DK0102693-Naafdeksel-Fiat-500-rood-rand-BESCHADIGD-51870004-4.jpg\" \/>\n\t<meta property=\"og:image:width\" content=\"1440\" \/>\n\t<meta property=\"og:image:height\" content=\"1080\" \/>\n\t<meta property=\"og:image:type\" content=\"image\/jpeg\" \/>\n<meta name=\"twitter:card\" content=\"summary_large_image\" \/>\n<script type=\"application\/ld+json\" class=\"yoast-schema-graph\">{\"@context\":\"https:\\\/\\\/schema.org\",\"@graph\":[{\"@type\":\"WebPage\",\"@id\":\"https:\\\/\\\/turijnmagazijn.nl\\\/it\\\/prodotto\\\/dk010-dummy-punto-1-kopie-kopie-kopie-kopie-kopie\\\/\",\"url\":\"https:\\\/\\\/turijnmagazijn.nl\\\/it\\\/prodotto\\\/dk010-dummy-punto-1-kopie-kopie-kopie-kopie-kopie\\\/\",\"name\":\"Coprimozzo Fiat 500 cerchio rosso DANNEGGIATO - Turijnmagazijn\",\"isPartOf\":{\"@id\":\"https:\\\/\\\/turijnmagazijn.jumpstone-dev.nl\\\/#website\"},\"primaryImageOfPage\":{\"@id\":\"https:\\\/\\\/turijnmagazijn.nl\\\/it\\\/prodotto\\\/dk010-dummy-punto-1-kopie-kopie-kopie-kopie-kopie\\\/#primaryimage\"},\"image\":{\"@id\":\"https:\\\/\\\/turijnmagazijn.nl\\\/it\\\/prodotto\\\/dk010-dummy-punto-1-kopie-kopie-kopie-kopie-kopie\\\/#primaryimage\"},\"thumbnailUrl\":\"https:\\\/\\\/turijnmagazijn.nl\\\/wp-content\\\/uploads\\\/2025\\\/01\\\/DK0102693-Naafdeksel-Fiat-500-rood-rand-BESCHADIGD-51870004-4.jpg\",\"datePublished\":\"2025-01-31T11:29:28+00:00\",\"dateModified\":\"2025-04-17T08:18:34+00:00\",\"breadcrumb\":{\"@id\":\"https:\\\/\\\/turijnmagazijn.nl\\\/it\\\/prodotto\\\/dk010-dummy-punto-1-kopie-kopie-kopie-kopie-kopie\\\/#breadcrumb\"},\"inLanguage\":\"it-IT\",\"potentialAction\":[{\"@type\":\"ReadAction\",\"target\":[\"https:\\\/\\\/turijnmagazijn.nl\\\/it\\\/prodotto\\\/dk010-dummy-punto-1-kopie-kopie-kopie-kopie-kopie\\\/\"]}]},{\"@type\":\"ImageObject\",\"inLanguage\":\"it-IT\",\"@id\":\"https:\\\/\\\/turijnmagazijn.nl\\\/it\\\/prodotto\\\/dk010-dummy-punto-1-kopie-kopie-kopie-kopie-kopie\\\/#primaryimage\",\"url\":\"https:\\\/\\\/turijnmagazijn.nl\\\/wp-content\\\/uploads\\\/2025\\\/01\\\/DK0102693-Naafdeksel-Fiat-500-rood-rand-BESCHADIGD-51870004-4.jpg\",\"contentUrl\":\"https:\\\/\\\/turijnmagazijn.nl\\\/wp-content\\\/uploads\\\/2025\\\/01\\\/DK0102693-Naafdeksel-Fiat-500-rood-rand-BESCHADIGD-51870004-4.jpg\",\"width\":1440,\"height\":1080},{\"@type\":\"BreadcrumbList\",\"@id\":\"https:\\\/\\\/turijnmagazijn.nl\\\/it\\\/prodotto\\\/dk010-dummy-punto-1-kopie-kopie-kopie-kopie-kopie\\\/#breadcrumb\",\"itemListElement\":[{\"@type\":\"ListItem\",\"position\":1,\"name\":\"Home\",\"item\":\"https:\\\/\\\/turijnmagazijn.nl\\\/it\\\/\"},{\"@type\":\"ListItem\",\"position\":2,\"name\":\"Prodotti\",\"item\":\"https:\\\/\\\/turijnmagazijn.nl\\\/it\\\/shop\\\/\"},{\"@type\":\"ListItem\",\"position\":3,\"name\":\"Coprimozzo Fiat 500 cerchio rosso DANNEGGIATO\"}]},{\"@type\":\"WebSite\",\"@id\":\"https:\\\/\\\/turijnmagazijn.jumpstone-dev.nl\\\/#website\",\"url\":\"https:\\\/\\\/turijnmagazijn.jumpstone-dev.nl\\\/\",\"name\":\"Turijnmagazijn\",\"description\":\"Onderdelen nieuw en gebruikt - Fiat &amp; Lancia\",\"publisher\":{\"@id\":\"https:\\\/\\\/turijnmagazijn.jumpstone-dev.nl\\\/#organization\"},\"potentialAction\":[{\"@type\":\"SearchAction\",\"target\":{\"@type\":\"EntryPoint\",\"urlTemplate\":\"https:\\\/\\\/turijnmagazijn.jumpstone-dev.nl\\\/?s={search_term_string}\"},\"query-input\":{\"@type\":\"PropertyValueSpecification\",\"valueRequired\":true,\"valueName\":\"search_term_string\"}}],\"inLanguage\":\"it-IT\"},{\"@type\":\"Organization\",\"@id\":\"https:\\\/\\\/turijnmagazijn.jumpstone-dev.nl\\\/#organization\",\"name\":\"Turijnmagazijn\",\"url\":\"https:\\\/\\\/turijnmagazijn.jumpstone-dev.nl\\\/\",\"logo\":{\"@type\":\"ImageObject\",\"inLanguage\":\"it-IT\",\"@id\":\"https:\\\/\\\/turijnmagazijn.jumpstone-dev.nl\\\/#\\\/schema\\\/logo\\\/image\\\/\",\"url\":\"https:\\\/\\\/turijnmagazijn.nl\\\/wp-content\\\/uploads\\\/2021\\\/02\\\/turijnmagazijnlogo.png\",\"contentUrl\":\"https:\\\/\\\/turijnmagazijn.nl\\\/wp-content\\\/uploads\\\/2021\\\/02\\\/turijnmagazijnlogo.png\",\"width\":555,\"height\":270,\"caption\":\"Turijnmagazijn\"},\"image\":{\"@id\":\"https:\\\/\\\/turijnmagazijn.jumpstone-dev.nl\\\/#\\\/schema\\\/logo\\\/image\\\/\"},\"sameAs\":[\"https:\\\/\\\/www.facebook.com\\\/turijnmagazijn\"]}]}<\/script>\n<!-- \/ Yoast SEO plugin. -->","yoast_head_json":{"title":"Coprimozzo Fiat 500 cerchio rosso DANNEGGIATO - Turijnmagazijn","robots":{"index":"index","follow":"follow","max-snippet":"max-snippet:-1","max-image-preview":"max-image-preview:large","max-video-preview":"max-video-preview:-1"},"canonical":"https:\/\/turijnmagazijn.nl\/it\/prodotto\/dk010-dummy-punto-1-kopie-kopie-kopie-kopie-kopie\/","og_locale":"it_IT","og_type":"article","og_title":"Coprimozzo Fiat 500 cerchio rosso DANNEGGIATO - Turijnmagazijn","og_description":"51870004 coprimozzo Fiat 500 tipo &gt; anno 2000 cerchio rosso","og_url":"https:\/\/turijnmagazijn.nl\/it\/prodotto\/dk010-dummy-punto-1-kopie-kopie-kopie-kopie-kopie\/","og_site_name":"Turijnmagazijn","article_publisher":"https:\/\/www.facebook.com\/turijnmagazijn","article_modified_time":"2025-04-17T08:18:34+00:00","og_image":[{"width":1440,"height":1080,"url":"https:\/\/turijnmagazijn.nl\/wp-content\/uploads\/2025\/01\/DK0102693-Naafdeksel-Fiat-500-rood-rand-BESCHADIGD-51870004-4.jpg","type":"image\/jpeg"}],"twitter_card":"summary_large_image","schema":{"@context":"https:\/\/schema.org","@graph":[{"@type":"WebPage","@id":"https:\/\/turijnmagazijn.nl\/it\/prodotto\/dk010-dummy-punto-1-kopie-kopie-kopie-kopie-kopie\/","url":"https:\/\/turijnmagazijn.nl\/it\/prodotto\/dk010-dummy-punto-1-kopie-kopie-kopie-kopie-kopie\/","name":"Coprimozzo Fiat 500 cerchio rosso DANNEGGIATO - Turijnmagazijn","isPartOf":{"@id":"https:\/\/turijnmagazijn.jumpstone-dev.nl\/#website"},"primaryImageOfPage":{"@id":"https:\/\/turijnmagazijn.nl\/it\/prodotto\/dk010-dummy-punto-1-kopie-kopie-kopie-kopie-kopie\/#primaryimage"},"image":{"@id":"https:\/\/turijnmagazijn.nl\/it\/prodotto\/dk010-dummy-punto-1-kopie-kopie-kopie-kopie-kopie\/#primaryimage"},"thumbnailUrl":"https:\/\/turijnmagazijn.nl\/wp-content\/uploads\/2025\/01\/DK0102693-Naafdeksel-Fiat-500-rood-rand-BESCHADIGD-51870004-4.jpg","datePublished":"2025-01-31T11:29:28+00:00","dateModified":"2025-04-17T08:18:34+00:00","breadcrumb":{"@id":"https:\/\/turijnmagazijn.nl\/it\/prodotto\/dk010-dummy-punto-1-kopie-kopie-kopie-kopie-kopie\/#breadcrumb"},"inLanguage":"it-IT","potentialAction":[{"@type":"ReadAction","target":["https:\/\/turijnmagazijn.nl\/it\/prodotto\/dk010-dummy-punto-1-kopie-kopie-kopie-kopie-kopie\/"]}]},{"@type":"ImageObject","inLanguage":"it-IT","@id":"https:\/\/turijnmagazijn.nl\/it\/prodotto\/dk010-dummy-punto-1-kopie-kopie-kopie-kopie-kopie\/#primaryimage","url":"https:\/\/turijnmagazijn.nl\/wp-content\/uploads\/2025\/01\/DK0102693-Naafdeksel-Fiat-500-rood-rand-BESCHADIGD-51870004-4.jpg","contentUrl":"https:\/\/turijnmagazijn.nl\/wp-content\/uploads\/2025\/01\/DK0102693-Naafdeksel-Fiat-500-rood-rand-BESCHADIGD-51870004-4.jpg","width":1440,"height":1080},{"@type":"BreadcrumbList","@id":"https:\/\/turijnmagazijn.nl\/it\/prodotto\/dk010-dummy-punto-1-kopie-kopie-kopie-kopie-kopie\/#breadcrumb","itemListElement":[{"@type":"ListItem","position":1,"name":"Home","item":"https:\/\/turijnmagazijn.nl\/it\/"},{"@type":"ListItem","position":2,"name":"Prodotti","item":"https:\/\/turijnmagazijn.nl\/it\/shop\/"},{"@type":"ListItem","position":3,"name":"Coprimozzo Fiat 500 cerchio rosso DANNEGGIATO"}]},{"@type":"WebSite","@id":"https:\/\/turijnmagazijn.jumpstone-dev.nl\/#website","url":"https:\/\/turijnmagazijn.jumpstone-dev.nl\/","name":"Turijnmagazijn","description":"Onderdelen nieuw en gebruikt - Fiat &amp; Lancia","publisher":{"@id":"https:\/\/turijnmagazijn.jumpstone-dev.nl\/#organization"},"potentialAction":[{"@type":"SearchAction","target":{"@type":"EntryPoint","urlTemplate":"https:\/\/turijnmagazijn.jumpstone-dev.nl\/?s={search_term_string}"},"query-input":{"@type":"PropertyValueSpecification","valueRequired":true,"valueName":"search_term_string"}}],"inLanguage":"it-IT"},{"@type":"Organization","@id":"https:\/\/turijnmagazijn.jumpstone-dev.nl\/#organization","name":"Turijnmagazijn","url":"https:\/\/turijnmagazijn.jumpstone-dev.nl\/","logo":{"@type":"ImageObject","inLanguage":"it-IT","@id":"https:\/\/turijnmagazijn.jumpstone-dev.nl\/#\/schema\/logo\/image\/","url":"https:\/\/turijnmagazijn.nl\/wp-content\/uploads\/2021\/02\/turijnmagazijnlogo.png","contentUrl":"https:\/\/turijnmagazijn.nl\/wp-content\/uploads\/2021\/02\/turijnmagazijnlogo.png","width":555,"height":270,"caption":"Turijnmagazijn"},"image":{"@id":"https:\/\/turijnmagazijn.jumpstone-dev.nl\/#\/schema\/logo\/image\/"},"sameAs":["https:\/\/www.facebook.com\/turijnmagazijn"]}]}},"_links":{"self":[{"href":"https:\/\/turijnmagazijn.nl\/it\/wp-json\/wp\/v2\/product\/88052","targetHints":{"allow":["GET"]}}],"collection":[{"href":"https:\/\/turijnmagazijn.nl\/it\/wp-json\/wp\/v2\/product"}],"about":[{"href":"https:\/\/turijnmagazijn.nl\/it\/wp-json\/wp\/v2\/types\/product"}],"replies":[{"embeddable":true,"href":"https:\/\/turijnmagazijn.nl\/it\/wp-json\/wp\/v2\/comments?post=88052"}],"wp:featuredmedia":[{"embeddable":true,"href":"https:\/\/turijnmagazijn.nl\/it\/wp-json\/wp\/v2\/media\/88063"}],"wp:attachment":[{"href":"https:\/\/turijnmagazijn.nl\/it\/wp-json\/wp\/v2\/media?parent=88052"}],"wp:term":[{"taxonomy":"product_brand","embeddable":true,"href":"https:\/\/turijnmagazijn.nl\/it\/wp-json\/wp\/v2\/product_brand?post=88052"},{"taxonomy":"product_cat","embeddable":true,"href":"https:\/\/turijnmagazijn.nl\/it\/wp-json\/wp\/v2\/product_cat?post=88052"},{"taxonomy":"product_tag","embeddable":true,"href":"https:\/\/turijnmagazijn.nl\/it\/wp-json\/wp\/v2\/product_tag?post=88052"}],"curies":[{"name":"wp","href":"https:\/\/api.w.org\/{rel}","templated":true}]}}