{"id":89049,"date":"2025-02-19T17:43:55","date_gmt":"2025-02-19T16:43:55","guid":{"rendered":"https:\/\/turijnmagazijn.nl\/?post_type=product&#038;p=89049"},"modified":"2025-04-16T13:21:47","modified_gmt":"2025-04-16T11:21:47","slug":"dn010-dummy-lancia-delta-integrale-nuova-imitazione-kopie-16","status":"publish","type":"product","link":"https:\/\/turijnmagazijn.nl\/it\/prodotto\/dn010-dummy-lancia-delta-integrale-nuova-imitazione-kopie-16\/","title":{"rendered":"Portachiavi in legno con logo Lancia inciso &#8217;90"},"content":{"rendered":"<p>Nuova parte di imitazione.<\/p>\n<p>Portachiavi rotondo in legno con incisione al laser del logo Lancia degli anni &#8217;90.<\/p>\n<p>Lasciato su entrambi i lati, quindi il logo \u00e8 presente su entrambi i lati!<\/p>\n<p>Questo \u00e8 un prodotto fatto a mano. L&#8217;incisione non \u00e8 sempre completamente centrata e potrebbe esserci qualche variazione nella profondit\u00e0 dell&#8217;incisione. <\/p>\n<p>&nbsp;<\/p>\n","protected":false},"excerpt":{"rendered":"<p>Portachiavi in legno con logo Lancia inciso &#8217;90<\/p>\n","protected":false},"featured_media":89064,"comment_status":"closed","ping_status":"closed","template":"","meta":{"_acf_changed":false},"product_brand":[],"product_cat":[1810,1845,1852,1863,1866,1804,1808,1843,1820,1824,1828,1835,1832,1840,1857,1800,1889,1871,1893,1903,1899,1915,1920,1922],"product_tag":[],"class_list":{"0":"post-89049","1":"product","2":"type-product","3":"status-publish","4":"has-post-thumbnail","6":"product_cat-1-1-1-3-1-5-it","7":"product_cat-3-deurs-hpe-it","8":"product_cat-5-deurs-it","9":"product_cat-berlina-it","10":"product_cat-coupe-it","11":"product_cat-dedra-835-it","12":"product_cat-delta-1-831-it","13":"product_cat-delta-2-836-it","14":"product_cat-gt-i-e-it","15":"product_cat-hf-4wd-it","16":"product_cat-hf-turbo-it","17":"product_cat-integrale-16v-it","18":"product_cat-integrale-8v-it","19":"product_cat-integrale-evo-it","20":"product_cat-kappa-838-it","21":"product_cat-lancia-it","22":"product_cat-prisma-831-it","23":"product_cat-sw-it","24":"product_cat-thema-834-it","25":"product_cat-thema-sedan-it","26":"product_cat-thema-sw-it","27":"product_cat-ypsilon-1-840-it","28":"product_cat-ypsilon-2-843-it","29":"product_cat-zeta-722-it","30":"pa_soort-onderdeel-portachiavi-e-adesivi","32":"first","33":"instock","34":"taxable","35":"shipping-taxable","36":"purchasable","37":"product-type-simple"},"acf":[],"yoast_head":"<!-- This site is optimized with the Yoast SEO plugin v27.3 - https:\/\/yoast.com\/product\/yoast-seo-wordpress\/ -->\n<title>Portachiavi in legno con logo Lancia inciso &#039;90 - Turijnmagazijn<\/title>\n<meta name=\"robots\" content=\"index, follow, max-snippet:-1, max-image-preview:large, max-video-preview:-1\" \/>\n<link rel=\"canonical\" href=\"https:\/\/turijnmagazijn.nl\/it\/prodotto\/dn010-dummy-lancia-delta-integrale-nuova-imitazione-kopie-16\/\" \/>\n<meta property=\"og:locale\" content=\"it_IT\" \/>\n<meta property=\"og:type\" content=\"article\" \/>\n<meta property=\"og:title\" content=\"Portachiavi in legno con logo Lancia inciso &#039;90 - Turijnmagazijn\" \/>\n<meta property=\"og:description\" content=\"Portachiavi in legno con logo Lancia inciso &#039;90\" \/>\n<meta property=\"og:url\" content=\"https:\/\/turijnmagazijn.nl\/it\/prodotto\/dn010-dummy-lancia-delta-integrale-nuova-imitazione-kopie-16\/\" \/>\n<meta property=\"og:site_name\" content=\"Turijnmagazijn\" \/>\n<meta property=\"article:publisher\" content=\"https:\/\/www.facebook.com\/turijnmagazijn\" \/>\n<meta property=\"article:modified_time\" content=\"2025-04-16T11:21:47+00:00\" \/>\n<meta property=\"og:image\" content=\"https:\/\/turijnmagazijn.nl\/wp-content\/uploads\/2025\/02\/DN0100402-Sleutelhanger-Hout-gravure-Lancia-logo-90-3.jpg\" \/>\n\t<meta property=\"og:image:width\" content=\"1440\" \/>\n\t<meta property=\"og:image:height\" content=\"1080\" \/>\n\t<meta property=\"og:image:type\" content=\"image\/jpeg\" \/>\n<meta name=\"twitter:card\" content=\"summary_large_image\" \/>\n<script type=\"application\/ld+json\" class=\"yoast-schema-graph\">{\"@context\":\"https:\\\/\\\/schema.org\",\"@graph\":[{\"@type\":\"WebPage\",\"@id\":\"https:\\\/\\\/turijnmagazijn.nl\\\/it\\\/prodotto\\\/dn010-dummy-lancia-delta-integrale-nuova-imitazione-kopie-16\\\/\",\"url\":\"https:\\\/\\\/turijnmagazijn.nl\\\/it\\\/prodotto\\\/dn010-dummy-lancia-delta-integrale-nuova-imitazione-kopie-16\\\/\",\"name\":\"Portachiavi in legno con logo Lancia inciso '90 - Turijnmagazijn\",\"isPartOf\":{\"@id\":\"https:\\\/\\\/turijnmagazijn.jumpstone-dev.nl\\\/#website\"},\"primaryImageOfPage\":{\"@id\":\"https:\\\/\\\/turijnmagazijn.nl\\\/it\\\/prodotto\\\/dn010-dummy-lancia-delta-integrale-nuova-imitazione-kopie-16\\\/#primaryimage\"},\"image\":{\"@id\":\"https:\\\/\\\/turijnmagazijn.nl\\\/it\\\/prodotto\\\/dn010-dummy-lancia-delta-integrale-nuova-imitazione-kopie-16\\\/#primaryimage\"},\"thumbnailUrl\":\"https:\\\/\\\/turijnmagazijn.nl\\\/wp-content\\\/uploads\\\/2025\\\/02\\\/DN0100402-Sleutelhanger-Hout-gravure-Lancia-logo-90-3.jpg\",\"datePublished\":\"2025-02-19T16:43:55+00:00\",\"dateModified\":\"2025-04-16T11:21:47+00:00\",\"breadcrumb\":{\"@id\":\"https:\\\/\\\/turijnmagazijn.nl\\\/it\\\/prodotto\\\/dn010-dummy-lancia-delta-integrale-nuova-imitazione-kopie-16\\\/#breadcrumb\"},\"inLanguage\":\"it-IT\",\"potentialAction\":[{\"@type\":\"ReadAction\",\"target\":[\"https:\\\/\\\/turijnmagazijn.nl\\\/it\\\/prodotto\\\/dn010-dummy-lancia-delta-integrale-nuova-imitazione-kopie-16\\\/\"]}]},{\"@type\":\"ImageObject\",\"inLanguage\":\"it-IT\",\"@id\":\"https:\\\/\\\/turijnmagazijn.nl\\\/it\\\/prodotto\\\/dn010-dummy-lancia-delta-integrale-nuova-imitazione-kopie-16\\\/#primaryimage\",\"url\":\"https:\\\/\\\/turijnmagazijn.nl\\\/wp-content\\\/uploads\\\/2025\\\/02\\\/DN0100402-Sleutelhanger-Hout-gravure-Lancia-logo-90-3.jpg\",\"contentUrl\":\"https:\\\/\\\/turijnmagazijn.nl\\\/wp-content\\\/uploads\\\/2025\\\/02\\\/DN0100402-Sleutelhanger-Hout-gravure-Lancia-logo-90-3.jpg\",\"width\":1440,\"height\":1080},{\"@type\":\"BreadcrumbList\",\"@id\":\"https:\\\/\\\/turijnmagazijn.nl\\\/it\\\/prodotto\\\/dn010-dummy-lancia-delta-integrale-nuova-imitazione-kopie-16\\\/#breadcrumb\",\"itemListElement\":[{\"@type\":\"ListItem\",\"position\":1,\"name\":\"Home\",\"item\":\"https:\\\/\\\/turijnmagazijn.nl\\\/it\\\/\"},{\"@type\":\"ListItem\",\"position\":2,\"name\":\"Prodotti\",\"item\":\"https:\\\/\\\/turijnmagazijn.nl\\\/it\\\/shop\\\/\"},{\"@type\":\"ListItem\",\"position\":3,\"name\":\"Portachiavi in legno con logo Lancia inciso &#8217;90\"}]},{\"@type\":\"WebSite\",\"@id\":\"https:\\\/\\\/turijnmagazijn.jumpstone-dev.nl\\\/#website\",\"url\":\"https:\\\/\\\/turijnmagazijn.jumpstone-dev.nl\\\/\",\"name\":\"Turijnmagazijn\",\"description\":\"Onderdelen nieuw en gebruikt - Fiat &amp; Lancia\",\"publisher\":{\"@id\":\"https:\\\/\\\/turijnmagazijn.jumpstone-dev.nl\\\/#organization\"},\"potentialAction\":[{\"@type\":\"SearchAction\",\"target\":{\"@type\":\"EntryPoint\",\"urlTemplate\":\"https:\\\/\\\/turijnmagazijn.jumpstone-dev.nl\\\/?s={search_term_string}\"},\"query-input\":{\"@type\":\"PropertyValueSpecification\",\"valueRequired\":true,\"valueName\":\"search_term_string\"}}],\"inLanguage\":\"it-IT\"},{\"@type\":\"Organization\",\"@id\":\"https:\\\/\\\/turijnmagazijn.jumpstone-dev.nl\\\/#organization\",\"name\":\"Turijnmagazijn\",\"url\":\"https:\\\/\\\/turijnmagazijn.jumpstone-dev.nl\\\/\",\"logo\":{\"@type\":\"ImageObject\",\"inLanguage\":\"it-IT\",\"@id\":\"https:\\\/\\\/turijnmagazijn.jumpstone-dev.nl\\\/#\\\/schema\\\/logo\\\/image\\\/\",\"url\":\"https:\\\/\\\/turijnmagazijn.nl\\\/wp-content\\\/uploads\\\/2021\\\/02\\\/turijnmagazijnlogo.png\",\"contentUrl\":\"https:\\\/\\\/turijnmagazijn.nl\\\/wp-content\\\/uploads\\\/2021\\\/02\\\/turijnmagazijnlogo.png\",\"width\":555,\"height\":270,\"caption\":\"Turijnmagazijn\"},\"image\":{\"@id\":\"https:\\\/\\\/turijnmagazijn.jumpstone-dev.nl\\\/#\\\/schema\\\/logo\\\/image\\\/\"},\"sameAs\":[\"https:\\\/\\\/www.facebook.com\\\/turijnmagazijn\"]}]}<\/script>\n<!-- \/ Yoast SEO plugin. -->","yoast_head_json":{"title":"Portachiavi in legno con logo Lancia inciso '90 - Turijnmagazijn","robots":{"index":"index","follow":"follow","max-snippet":"max-snippet:-1","max-image-preview":"max-image-preview:large","max-video-preview":"max-video-preview:-1"},"canonical":"https:\/\/turijnmagazijn.nl\/it\/prodotto\/dn010-dummy-lancia-delta-integrale-nuova-imitazione-kopie-16\/","og_locale":"it_IT","og_type":"article","og_title":"Portachiavi in legno con logo Lancia inciso '90 - Turijnmagazijn","og_description":"Portachiavi in legno con logo Lancia inciso '90","og_url":"https:\/\/turijnmagazijn.nl\/it\/prodotto\/dn010-dummy-lancia-delta-integrale-nuova-imitazione-kopie-16\/","og_site_name":"Turijnmagazijn","article_publisher":"https:\/\/www.facebook.com\/turijnmagazijn","article_modified_time":"2025-04-16T11:21:47+00:00","og_image":[{"width":1440,"height":1080,"url":"https:\/\/turijnmagazijn.nl\/wp-content\/uploads\/2025\/02\/DN0100402-Sleutelhanger-Hout-gravure-Lancia-logo-90-3.jpg","type":"image\/jpeg"}],"twitter_card":"summary_large_image","schema":{"@context":"https:\/\/schema.org","@graph":[{"@type":"WebPage","@id":"https:\/\/turijnmagazijn.nl\/it\/prodotto\/dn010-dummy-lancia-delta-integrale-nuova-imitazione-kopie-16\/","url":"https:\/\/turijnmagazijn.nl\/it\/prodotto\/dn010-dummy-lancia-delta-integrale-nuova-imitazione-kopie-16\/","name":"Portachiavi in legno con logo Lancia inciso '90 - Turijnmagazijn","isPartOf":{"@id":"https:\/\/turijnmagazijn.jumpstone-dev.nl\/#website"},"primaryImageOfPage":{"@id":"https:\/\/turijnmagazijn.nl\/it\/prodotto\/dn010-dummy-lancia-delta-integrale-nuova-imitazione-kopie-16\/#primaryimage"},"image":{"@id":"https:\/\/turijnmagazijn.nl\/it\/prodotto\/dn010-dummy-lancia-delta-integrale-nuova-imitazione-kopie-16\/#primaryimage"},"thumbnailUrl":"https:\/\/turijnmagazijn.nl\/wp-content\/uploads\/2025\/02\/DN0100402-Sleutelhanger-Hout-gravure-Lancia-logo-90-3.jpg","datePublished":"2025-02-19T16:43:55+00:00","dateModified":"2025-04-16T11:21:47+00:00","breadcrumb":{"@id":"https:\/\/turijnmagazijn.nl\/it\/prodotto\/dn010-dummy-lancia-delta-integrale-nuova-imitazione-kopie-16\/#breadcrumb"},"inLanguage":"it-IT","potentialAction":[{"@type":"ReadAction","target":["https:\/\/turijnmagazijn.nl\/it\/prodotto\/dn010-dummy-lancia-delta-integrale-nuova-imitazione-kopie-16\/"]}]},{"@type":"ImageObject","inLanguage":"it-IT","@id":"https:\/\/turijnmagazijn.nl\/it\/prodotto\/dn010-dummy-lancia-delta-integrale-nuova-imitazione-kopie-16\/#primaryimage","url":"https:\/\/turijnmagazijn.nl\/wp-content\/uploads\/2025\/02\/DN0100402-Sleutelhanger-Hout-gravure-Lancia-logo-90-3.jpg","contentUrl":"https:\/\/turijnmagazijn.nl\/wp-content\/uploads\/2025\/02\/DN0100402-Sleutelhanger-Hout-gravure-Lancia-logo-90-3.jpg","width":1440,"height":1080},{"@type":"BreadcrumbList","@id":"https:\/\/turijnmagazijn.nl\/it\/prodotto\/dn010-dummy-lancia-delta-integrale-nuova-imitazione-kopie-16\/#breadcrumb","itemListElement":[{"@type":"ListItem","position":1,"name":"Home","item":"https:\/\/turijnmagazijn.nl\/it\/"},{"@type":"ListItem","position":2,"name":"Prodotti","item":"https:\/\/turijnmagazijn.nl\/it\/shop\/"},{"@type":"ListItem","position":3,"name":"Portachiavi in legno con logo Lancia inciso &#8217;90"}]},{"@type":"WebSite","@id":"https:\/\/turijnmagazijn.jumpstone-dev.nl\/#website","url":"https:\/\/turijnmagazijn.jumpstone-dev.nl\/","name":"Turijnmagazijn","description":"Onderdelen nieuw en gebruikt - Fiat &amp; Lancia","publisher":{"@id":"https:\/\/turijnmagazijn.jumpstone-dev.nl\/#organization"},"potentialAction":[{"@type":"SearchAction","target":{"@type":"EntryPoint","urlTemplate":"https:\/\/turijnmagazijn.jumpstone-dev.nl\/?s={search_term_string}"},"query-input":{"@type":"PropertyValueSpecification","valueRequired":true,"valueName":"search_term_string"}}],"inLanguage":"it-IT"},{"@type":"Organization","@id":"https:\/\/turijnmagazijn.jumpstone-dev.nl\/#organization","name":"Turijnmagazijn","url":"https:\/\/turijnmagazijn.jumpstone-dev.nl\/","logo":{"@type":"ImageObject","inLanguage":"it-IT","@id":"https:\/\/turijnmagazijn.jumpstone-dev.nl\/#\/schema\/logo\/image\/","url":"https:\/\/turijnmagazijn.nl\/wp-content\/uploads\/2021\/02\/turijnmagazijnlogo.png","contentUrl":"https:\/\/turijnmagazijn.nl\/wp-content\/uploads\/2021\/02\/turijnmagazijnlogo.png","width":555,"height":270,"caption":"Turijnmagazijn"},"image":{"@id":"https:\/\/turijnmagazijn.jumpstone-dev.nl\/#\/schema\/logo\/image\/"},"sameAs":["https:\/\/www.facebook.com\/turijnmagazijn"]}]}},"_links":{"self":[{"href":"https:\/\/turijnmagazijn.nl\/it\/wp-json\/wp\/v2\/product\/89049","targetHints":{"allow":["GET"]}}],"collection":[{"href":"https:\/\/turijnmagazijn.nl\/it\/wp-json\/wp\/v2\/product"}],"about":[{"href":"https:\/\/turijnmagazijn.nl\/it\/wp-json\/wp\/v2\/types\/product"}],"replies":[{"embeddable":true,"href":"https:\/\/turijnmagazijn.nl\/it\/wp-json\/wp\/v2\/comments?post=89049"}],"wp:featuredmedia":[{"embeddable":true,"href":"https:\/\/turijnmagazijn.nl\/it\/wp-json\/wp\/v2\/media\/89064"}],"wp:attachment":[{"href":"https:\/\/turijnmagazijn.nl\/it\/wp-json\/wp\/v2\/media?parent=89049"}],"wp:term":[{"taxonomy":"product_brand","embeddable":true,"href":"https:\/\/turijnmagazijn.nl\/it\/wp-json\/wp\/v2\/product_brand?post=89049"},{"taxonomy":"product_cat","embeddable":true,"href":"https:\/\/turijnmagazijn.nl\/it\/wp-json\/wp\/v2\/product_cat?post=89049"},{"taxonomy":"product_tag","embeddable":true,"href":"https:\/\/turijnmagazijn.nl\/it\/wp-json\/wp\/v2\/product_tag?post=89049"}],"curies":[{"name":"wp","href":"https:\/\/api.w.org\/{rel}","templated":true}]}}