{"id":90196,"date":"2025-03-24T10:07:08","date_gmt":"2025-03-24T09:07:08","guid":{"rendered":"https:\/\/turijnmagazijn.nl\/?post_type=product&#038;p=90196"},"modified":"2025-06-10T20:42:32","modified_gmt":"2025-06-10T18:42:32","slug":"dn010-dummy-lancia-delta-integrale-nuova-imitazione-kopie-22","status":"publish","type":"product","link":"https:\/\/turijnmagazijn.nl\/it\/prodotto\/dn010-dummy-lancia-delta-integrale-nuova-imitazione-kopie-22\/","title":{"rendered":"Set di fari fendinebbia Delta Integrale EVO Imitazione"},"content":{"rendered":"<p>Nuova parte di imitazione.<\/p>\n<p>Set di 2 riproduzioni di fendinebbia per Delta Integrale EVO, ovvero il modello quadrato pi\u00f9 recente.<br \/>\nSi tratta di un set ricostruito internamente che consiste in un nuovo alloggiamento per il riflettore (quindi nessun vecchio lavoro di cromatura, un&#8217;unit\u00e0 nuova), un nuovo alloggiamento in plastica dotato di una replica della lastra di plexiglass con la stampa originale cos\u00ec come \u00e8 arrivata dalla fabbrica e rifinito con una nuova cornice di finitura in plastica. <\/p>\n<p>Riguarda un insieme di Sinistra e Destra.<\/p>\n<p>OEM Lancia 82468777<br \/>\nOEM Lancia 82468776<\/p>\n","protected":false},"excerpt":{"rendered":"<p>82468776 &#8211; 82468777 &#8211; Set di 2 riproduzioni di fendinebbia per Delta Integrale EVO, ovvero il modello quadrato pi\u00f9 recente.<\/p>\n","protected":false},"featured_media":95219,"comment_status":"closed","ping_status":"closed","template":"","meta":{"_acf_changed":false},"product_brand":[],"product_cat":[1808,1840,1800],"product_tag":[],"class_list":{"0":"post-90196","1":"product","2":"type-product","3":"status-publish","4":"has-post-thumbnail","6":"product_cat-delta-1-831-it","7":"product_cat-integrale-evo-it","8":"product_cat-lancia-it","9":"pa_soort-onderdeel-illuminazione","11":"first","12":"instock","13":"taxable","14":"shipping-taxable","15":"purchasable","16":"product-type-simple"},"acf":[],"yoast_head":"<!-- This site is optimized with the Yoast SEO plugin v27.2 - https:\/\/yoast.com\/product\/yoast-seo-wordpress\/ -->\n<title>Set di fari fendinebbia Delta Integrale EVO Imitazione - Turijnmagazijn<\/title>\n<meta name=\"robots\" content=\"index, follow, max-snippet:-1, max-image-preview:large, max-video-preview:-1\" \/>\n<link rel=\"canonical\" href=\"https:\/\/turijnmagazijn.nl\/it\/prodotto\/dn010-dummy-lancia-delta-integrale-nuova-imitazione-kopie-22\/\" \/>\n<meta property=\"og:locale\" content=\"it_IT\" \/>\n<meta property=\"og:type\" content=\"article\" \/>\n<meta property=\"og:title\" content=\"Set di fari fendinebbia Delta Integrale EVO Imitazione - Turijnmagazijn\" \/>\n<meta property=\"og:description\" content=\"82468776 - 82468777 - Set di 2 riproduzioni di fendinebbia per Delta Integrale EVO, ovvero il modello quadrato pi\u00f9 recente.\" \/>\n<meta property=\"og:url\" content=\"https:\/\/turijnmagazijn.nl\/it\/prodotto\/dn010-dummy-lancia-delta-integrale-nuova-imitazione-kopie-22\/\" \/>\n<meta property=\"og:site_name\" content=\"Turijnmagazijn\" \/>\n<meta property=\"article:publisher\" content=\"https:\/\/www.facebook.com\/turijnmagazijn\" \/>\n<meta property=\"article:modified_time\" content=\"2025-06-10T18:42:32+00:00\" \/>\n<meta property=\"og:image\" content=\"https:\/\/turijnmagazijn.nl\/wp-content\/uploads\/2025\/03\/DN0100410-Set-mistlampen-Delta-Integrale-EVO-Imitatie-82468776.jpeg\" \/>\n\t<meta property=\"og:image:width\" content=\"608\" \/>\n\t<meta property=\"og:image:height\" content=\"660\" \/>\n\t<meta property=\"og:image:type\" content=\"image\/jpeg\" \/>\n<meta name=\"twitter:card\" content=\"summary_large_image\" \/>\n<script type=\"application\/ld+json\" class=\"yoast-schema-graph\">{\"@context\":\"https:\/\/schema.org\",\"@graph\":[{\"@type\":\"WebPage\",\"@id\":\"https:\/\/turijnmagazijn.nl\/it\/prodotto\/dn010-dummy-lancia-delta-integrale-nuova-imitazione-kopie-22\/\",\"url\":\"https:\/\/turijnmagazijn.nl\/it\/prodotto\/dn010-dummy-lancia-delta-integrale-nuova-imitazione-kopie-22\/\",\"name\":\"Set di fari fendinebbia Delta Integrale EVO Imitazione - Turijnmagazijn\",\"isPartOf\":{\"@id\":\"https:\/\/turijnmagazijn.jumpstone-dev.nl\/#website\"},\"primaryImageOfPage\":{\"@id\":\"https:\/\/turijnmagazijn.nl\/it\/prodotto\/dn010-dummy-lancia-delta-integrale-nuova-imitazione-kopie-22\/#primaryimage\"},\"image\":{\"@id\":\"https:\/\/turijnmagazijn.nl\/it\/prodotto\/dn010-dummy-lancia-delta-integrale-nuova-imitazione-kopie-22\/#primaryimage\"},\"thumbnailUrl\":\"https:\/\/turijnmagazijn.nl\/wp-content\/uploads\/2025\/03\/DN0100410-Set-mistlampen-Delta-Integrale-EVO-Imitatie-82468776-82468777-2.jpg\",\"datePublished\":\"2025-03-24T09:07:08+00:00\",\"dateModified\":\"2025-06-10T18:42:32+00:00\",\"breadcrumb\":{\"@id\":\"https:\/\/turijnmagazijn.nl\/it\/prodotto\/dn010-dummy-lancia-delta-integrale-nuova-imitazione-kopie-22\/#breadcrumb\"},\"inLanguage\":\"it-IT\",\"potentialAction\":[{\"@type\":\"ReadAction\",\"target\":[\"https:\/\/turijnmagazijn.nl\/it\/prodotto\/dn010-dummy-lancia-delta-integrale-nuova-imitazione-kopie-22\/\"]}]},{\"@type\":\"ImageObject\",\"inLanguage\":\"it-IT\",\"@id\":\"https:\/\/turijnmagazijn.nl\/it\/prodotto\/dn010-dummy-lancia-delta-integrale-nuova-imitazione-kopie-22\/#primaryimage\",\"url\":\"https:\/\/turijnmagazijn.nl\/wp-content\/uploads\/2025\/03\/DN0100410-Set-mistlampen-Delta-Integrale-EVO-Imitatie-82468776-82468777-2.jpg\",\"contentUrl\":\"https:\/\/turijnmagazijn.nl\/wp-content\/uploads\/2025\/03\/DN0100410-Set-mistlampen-Delta-Integrale-EVO-Imitatie-82468776-82468777-2.jpg\",\"width\":1024,\"height\":768},{\"@type\":\"BreadcrumbList\",\"@id\":\"https:\/\/turijnmagazijn.nl\/it\/prodotto\/dn010-dummy-lancia-delta-integrale-nuova-imitazione-kopie-22\/#breadcrumb\",\"itemListElement\":[{\"@type\":\"ListItem\",\"position\":1,\"name\":\"Home\",\"item\":\"https:\/\/turijnmagazijn.nl\/it\/\"},{\"@type\":\"ListItem\",\"position\":2,\"name\":\"Prodotti\",\"item\":\"https:\/\/turijnmagazijn.nl\/it\/shop\/\"},{\"@type\":\"ListItem\",\"position\":3,\"name\":\"Set di fari fendinebbia Delta Integrale EVO Imitazione\"}]},{\"@type\":\"WebSite\",\"@id\":\"https:\/\/turijnmagazijn.jumpstone-dev.nl\/#website\",\"url\":\"https:\/\/turijnmagazijn.jumpstone-dev.nl\/\",\"name\":\"Turijnmagazijn\",\"description\":\"Onderdelen nieuw en gebruikt - Fiat &amp; Lancia\",\"publisher\":{\"@id\":\"https:\/\/turijnmagazijn.jumpstone-dev.nl\/#organization\"},\"potentialAction\":[{\"@type\":\"SearchAction\",\"target\":{\"@type\":\"EntryPoint\",\"urlTemplate\":\"https:\/\/turijnmagazijn.jumpstone-dev.nl\/?s={search_term_string}\"},\"query-input\":{\"@type\":\"PropertyValueSpecification\",\"valueRequired\":true,\"valueName\":\"search_term_string\"}}],\"inLanguage\":\"it-IT\"},{\"@type\":\"Organization\",\"@id\":\"https:\/\/turijnmagazijn.jumpstone-dev.nl\/#organization\",\"name\":\"Turijnmagazijn\",\"url\":\"https:\/\/turijnmagazijn.jumpstone-dev.nl\/\",\"logo\":{\"@type\":\"ImageObject\",\"inLanguage\":\"it-IT\",\"@id\":\"https:\/\/turijnmagazijn.jumpstone-dev.nl\/#\/schema\/logo\/image\/\",\"url\":\"https:\/\/turijnmagazijn.nl\/wp-content\/uploads\/2021\/02\/turijnmagazijnlogo.png\",\"contentUrl\":\"https:\/\/turijnmagazijn.nl\/wp-content\/uploads\/2021\/02\/turijnmagazijnlogo.png\",\"width\":555,\"height\":270,\"caption\":\"Turijnmagazijn\"},\"image\":{\"@id\":\"https:\/\/turijnmagazijn.jumpstone-dev.nl\/#\/schema\/logo\/image\/\"},\"sameAs\":[\"https:\/\/www.facebook.com\/turijnmagazijn\"]}]}<\/script>\n<!-- \/ Yoast SEO plugin. -->","yoast_head_json":{"title":"Set di fari fendinebbia Delta Integrale EVO Imitazione - Turijnmagazijn","robots":{"index":"index","follow":"follow","max-snippet":"max-snippet:-1","max-image-preview":"max-image-preview:large","max-video-preview":"max-video-preview:-1"},"canonical":"https:\/\/turijnmagazijn.nl\/it\/prodotto\/dn010-dummy-lancia-delta-integrale-nuova-imitazione-kopie-22\/","og_locale":"it_IT","og_type":"article","og_title":"Set di fari fendinebbia Delta Integrale EVO Imitazione - Turijnmagazijn","og_description":"82468776 - 82468777 - Set di 2 riproduzioni di fendinebbia per Delta Integrale EVO, ovvero il modello quadrato pi\u00f9 recente.","og_url":"https:\/\/turijnmagazijn.nl\/it\/prodotto\/dn010-dummy-lancia-delta-integrale-nuova-imitazione-kopie-22\/","og_site_name":"Turijnmagazijn","article_publisher":"https:\/\/www.facebook.com\/turijnmagazijn","article_modified_time":"2025-06-10T18:42:32+00:00","og_image":[{"width":608,"height":660,"url":"https:\/\/turijnmagazijn.nl\/wp-content\/uploads\/2025\/03\/DN0100410-Set-mistlampen-Delta-Integrale-EVO-Imitatie-82468776.jpeg","type":"image\/jpeg"}],"twitter_card":"summary_large_image","schema":{"@context":"https:\/\/schema.org","@graph":[{"@type":"WebPage","@id":"https:\/\/turijnmagazijn.nl\/it\/prodotto\/dn010-dummy-lancia-delta-integrale-nuova-imitazione-kopie-22\/","url":"https:\/\/turijnmagazijn.nl\/it\/prodotto\/dn010-dummy-lancia-delta-integrale-nuova-imitazione-kopie-22\/","name":"Set di fari fendinebbia Delta Integrale EVO Imitazione - Turijnmagazijn","isPartOf":{"@id":"https:\/\/turijnmagazijn.jumpstone-dev.nl\/#website"},"primaryImageOfPage":{"@id":"https:\/\/turijnmagazijn.nl\/it\/prodotto\/dn010-dummy-lancia-delta-integrale-nuova-imitazione-kopie-22\/#primaryimage"},"image":{"@id":"https:\/\/turijnmagazijn.nl\/it\/prodotto\/dn010-dummy-lancia-delta-integrale-nuova-imitazione-kopie-22\/#primaryimage"},"thumbnailUrl":"https:\/\/turijnmagazijn.nl\/wp-content\/uploads\/2025\/03\/DN0100410-Set-mistlampen-Delta-Integrale-EVO-Imitatie-82468776-82468777-2.jpg","datePublished":"2025-03-24T09:07:08+00:00","dateModified":"2025-06-10T18:42:32+00:00","breadcrumb":{"@id":"https:\/\/turijnmagazijn.nl\/it\/prodotto\/dn010-dummy-lancia-delta-integrale-nuova-imitazione-kopie-22\/#breadcrumb"},"inLanguage":"it-IT","potentialAction":[{"@type":"ReadAction","target":["https:\/\/turijnmagazijn.nl\/it\/prodotto\/dn010-dummy-lancia-delta-integrale-nuova-imitazione-kopie-22\/"]}]},{"@type":"ImageObject","inLanguage":"it-IT","@id":"https:\/\/turijnmagazijn.nl\/it\/prodotto\/dn010-dummy-lancia-delta-integrale-nuova-imitazione-kopie-22\/#primaryimage","url":"https:\/\/turijnmagazijn.nl\/wp-content\/uploads\/2025\/03\/DN0100410-Set-mistlampen-Delta-Integrale-EVO-Imitatie-82468776-82468777-2.jpg","contentUrl":"https:\/\/turijnmagazijn.nl\/wp-content\/uploads\/2025\/03\/DN0100410-Set-mistlampen-Delta-Integrale-EVO-Imitatie-82468776-82468777-2.jpg","width":1024,"height":768},{"@type":"BreadcrumbList","@id":"https:\/\/turijnmagazijn.nl\/it\/prodotto\/dn010-dummy-lancia-delta-integrale-nuova-imitazione-kopie-22\/#breadcrumb","itemListElement":[{"@type":"ListItem","position":1,"name":"Home","item":"https:\/\/turijnmagazijn.nl\/it\/"},{"@type":"ListItem","position":2,"name":"Prodotti","item":"https:\/\/turijnmagazijn.nl\/it\/shop\/"},{"@type":"ListItem","position":3,"name":"Set di fari fendinebbia Delta Integrale EVO Imitazione"}]},{"@type":"WebSite","@id":"https:\/\/turijnmagazijn.jumpstone-dev.nl\/#website","url":"https:\/\/turijnmagazijn.jumpstone-dev.nl\/","name":"Turijnmagazijn","description":"Onderdelen nieuw en gebruikt - Fiat &amp; Lancia","publisher":{"@id":"https:\/\/turijnmagazijn.jumpstone-dev.nl\/#organization"},"potentialAction":[{"@type":"SearchAction","target":{"@type":"EntryPoint","urlTemplate":"https:\/\/turijnmagazijn.jumpstone-dev.nl\/?s={search_term_string}"},"query-input":{"@type":"PropertyValueSpecification","valueRequired":true,"valueName":"search_term_string"}}],"inLanguage":"it-IT"},{"@type":"Organization","@id":"https:\/\/turijnmagazijn.jumpstone-dev.nl\/#organization","name":"Turijnmagazijn","url":"https:\/\/turijnmagazijn.jumpstone-dev.nl\/","logo":{"@type":"ImageObject","inLanguage":"it-IT","@id":"https:\/\/turijnmagazijn.jumpstone-dev.nl\/#\/schema\/logo\/image\/","url":"https:\/\/turijnmagazijn.nl\/wp-content\/uploads\/2021\/02\/turijnmagazijnlogo.png","contentUrl":"https:\/\/turijnmagazijn.nl\/wp-content\/uploads\/2021\/02\/turijnmagazijnlogo.png","width":555,"height":270,"caption":"Turijnmagazijn"},"image":{"@id":"https:\/\/turijnmagazijn.jumpstone-dev.nl\/#\/schema\/logo\/image\/"},"sameAs":["https:\/\/www.facebook.com\/turijnmagazijn"]}]}},"_links":{"self":[{"href":"https:\/\/turijnmagazijn.nl\/it\/wp-json\/wp\/v2\/product\/90196","targetHints":{"allow":["GET"]}}],"collection":[{"href":"https:\/\/turijnmagazijn.nl\/it\/wp-json\/wp\/v2\/product"}],"about":[{"href":"https:\/\/turijnmagazijn.nl\/it\/wp-json\/wp\/v2\/types\/product"}],"replies":[{"embeddable":true,"href":"https:\/\/turijnmagazijn.nl\/it\/wp-json\/wp\/v2\/comments?post=90196"}],"wp:featuredmedia":[{"embeddable":true,"href":"https:\/\/turijnmagazijn.nl\/it\/wp-json\/wp\/v2\/media\/95219"}],"wp:attachment":[{"href":"https:\/\/turijnmagazijn.nl\/it\/wp-json\/wp\/v2\/media?parent=90196"}],"wp:term":[{"taxonomy":"product_brand","embeddable":true,"href":"https:\/\/turijnmagazijn.nl\/it\/wp-json\/wp\/v2\/product_brand?post=90196"},{"taxonomy":"product_cat","embeddable":true,"href":"https:\/\/turijnmagazijn.nl\/it\/wp-json\/wp\/v2\/product_cat?post=90196"},{"taxonomy":"product_tag","embeddable":true,"href":"https:\/\/turijnmagazijn.nl\/it\/wp-json\/wp\/v2\/product_tag?post=90196"}],"curies":[{"name":"wp","href":"https:\/\/api.w.org\/{rel}","templated":true}]}}