{"id":92539,"date":"2025-06-30T11:03:34","date_gmt":"2025-06-30T09:03:34","guid":{"rendered":"https:\/\/turijnmagazijn.nl\/?post_type=product&#038;p=92539"},"modified":"2025-11-01T17:57:07","modified_gmt":"2025-11-01T16:57:07","slug":"dn010-dummy-lancia-delta-integrale-nuova-imitazione-kopie-29","status":"publish","type":"product","link":"https:\/\/turijnmagazijn.nl\/it\/prodotto\/dn010-dummy-lancia-delta-integrale-nuova-imitazione-kopie-29\/","title":{"rendered":"Coperchio del cambio con parte di montaggio riproduzione Delta Integrale"},"content":{"rendered":"<p>Nuova imitazione.<br \/>\nCoperchio del cambio con parte di montaggio Delta Integrale<br \/>\nQuesto articolo include un nuovissimo coperchio del cambio in materiale di alta qualit\u00e0 (Alcantara, il lato morbido della vera pelle!) dotato di una piastra di base riproduttiva in modo da poterlo montare nell&#8217;apertura di montaggio originale della console centrale senza bisogno di incollaggi o altri interventi.<br \/>\nLa splendida alcantara conferisce alla console centrale un aspetto di qualit\u00e0 superiore.<br \/>\nSe il rivestimento non ti piace, pu\u00f2 essere sostituito con quello originale in un attimo.<br \/>\nLa versione standard \u00e8 in alcantara nera con cuciture nere. \u00c8 la versione pi\u00f9 simile all&#8217;equipaggiamento originale della Lancia Delta HF Integrale. <\/p>\n<p>Su richiesta sono disponibili diversi colori di cuciture e alcantara. Sempre con pagamento anticipato. Gli articoli su misura non possono essere restituiti.  <\/p>\n<p>OEM Lancia 176284160<\/p>\n","protected":false},"excerpt":{"rendered":"<p>176284160 Coperchio del cambio con parte di montaggio riproduzione Delta Integrale<\/p>\n","protected":false},"featured_media":95406,"comment_status":"closed","ping_status":"closed","template":"","meta":{"_acf_changed":false},"product_brand":[],"product_cat":[1810,1808,1820,1824,1828,1835,1832,1840,1800],"product_tag":[],"class_list":{"0":"post-92539","1":"product","2":"type-product","3":"status-publish","4":"has-post-thumbnail","6":"product_cat-1-1-1-3-1-5-it","7":"product_cat-delta-1-831-it","8":"product_cat-gt-i-e-it","9":"product_cat-hf-4wd-it","10":"product_cat-hf-turbo-it","11":"product_cat-integrale-16v-it","12":"product_cat-integrale-8v-it","13":"product_cat-integrale-evo-it","14":"product_cat-lancia-it","15":"pa_soort-onderdeel-corpo-e-lamiera","17":"first","18":"instock","19":"taxable","20":"shipping-taxable","21":"purchasable","22":"product-type-simple"},"acf":[],"yoast_head":"<!-- This site is optimized with the Yoast SEO plugin v27.2 - https:\/\/yoast.com\/product\/yoast-seo-wordpress\/ -->\n<title>Coperchio del cambio con parte di montaggio riproduzione Delta Integrale - Turijnmagazijn<\/title>\n<meta name=\"robots\" content=\"index, follow, max-snippet:-1, max-image-preview:large, max-video-preview:-1\" \/>\n<link rel=\"canonical\" href=\"https:\/\/turijnmagazijn.nl\/it\/prodotto\/dn010-dummy-lancia-delta-integrale-nuova-imitazione-kopie-29\/\" \/>\n<meta property=\"og:locale\" content=\"it_IT\" \/>\n<meta property=\"og:type\" content=\"article\" \/>\n<meta property=\"og:title\" content=\"Coperchio del cambio con parte di montaggio riproduzione Delta Integrale - Turijnmagazijn\" \/>\n<meta property=\"og:description\" content=\"176284160 Coperchio del cambio con parte di montaggio riproduzione Delta Integrale\" \/>\n<meta property=\"og:url\" content=\"https:\/\/turijnmagazijn.nl\/it\/prodotto\/dn010-dummy-lancia-delta-integrale-nuova-imitazione-kopie-29\/\" \/>\n<meta property=\"og:site_name\" content=\"Turijnmagazijn\" \/>\n<meta property=\"article:publisher\" content=\"https:\/\/www.facebook.com\/turijnmagazijn\" \/>\n<meta property=\"article:modified_time\" content=\"2025-11-01T16:57:07+00:00\" \/>\n<meta property=\"og:image\" content=\"https:\/\/turijnmagazijn.nl\/wp-content\/uploads\/2025\/06\/DN0100421-Pook-hoes-met-montagedeel-Delta-Integrale-reproductie-176284160-3.jpg\" \/>\n\t<meta property=\"og:image:width\" content=\"1024\" \/>\n\t<meta property=\"og:image:height\" content=\"768\" \/>\n\t<meta property=\"og:image:type\" content=\"image\/jpeg\" \/>\n<meta name=\"twitter:card\" content=\"summary_large_image\" \/>\n<meta name=\"twitter:label1\" content=\"Tempo di lettura stimato\" \/>\n\t<meta name=\"twitter:data1\" content=\"1 minuto\" \/>\n<script type=\"application\/ld+json\" class=\"yoast-schema-graph\">{\"@context\":\"https:\/\/schema.org\",\"@graph\":[{\"@type\":\"WebPage\",\"@id\":\"https:\/\/turijnmagazijn.nl\/it\/prodotto\/dn010-dummy-lancia-delta-integrale-nuova-imitazione-kopie-29\/\",\"url\":\"https:\/\/turijnmagazijn.nl\/it\/prodotto\/dn010-dummy-lancia-delta-integrale-nuova-imitazione-kopie-29\/\",\"name\":\"Coperchio del cambio con parte di montaggio riproduzione Delta Integrale - Turijnmagazijn\",\"isPartOf\":{\"@id\":\"https:\/\/turijnmagazijn.jumpstone-dev.nl\/#website\"},\"primaryImageOfPage\":{\"@id\":\"https:\/\/turijnmagazijn.nl\/it\/prodotto\/dn010-dummy-lancia-delta-integrale-nuova-imitazione-kopie-29\/#primaryimage\"},\"image\":{\"@id\":\"https:\/\/turijnmagazijn.nl\/it\/prodotto\/dn010-dummy-lancia-delta-integrale-nuova-imitazione-kopie-29\/#primaryimage\"},\"thumbnailUrl\":\"https:\/\/turijnmagazijn.nl\/wp-content\/uploads\/2025\/06\/DN0100421-Pook-hoes-met-montagedeel-Delta-Integrale-reproductie-176284160-3.jpg\",\"datePublished\":\"2025-06-30T09:03:34+00:00\",\"dateModified\":\"2025-11-01T16:57:07+00:00\",\"breadcrumb\":{\"@id\":\"https:\/\/turijnmagazijn.nl\/it\/prodotto\/dn010-dummy-lancia-delta-integrale-nuova-imitazione-kopie-29\/#breadcrumb\"},\"inLanguage\":\"it-IT\",\"potentialAction\":[{\"@type\":\"ReadAction\",\"target\":[\"https:\/\/turijnmagazijn.nl\/it\/prodotto\/dn010-dummy-lancia-delta-integrale-nuova-imitazione-kopie-29\/\"]}]},{\"@type\":\"ImageObject\",\"inLanguage\":\"it-IT\",\"@id\":\"https:\/\/turijnmagazijn.nl\/it\/prodotto\/dn010-dummy-lancia-delta-integrale-nuova-imitazione-kopie-29\/#primaryimage\",\"url\":\"https:\/\/turijnmagazijn.nl\/wp-content\/uploads\/2025\/06\/DN0100421-Pook-hoes-met-montagedeel-Delta-Integrale-reproductie-176284160-3.jpg\",\"contentUrl\":\"https:\/\/turijnmagazijn.nl\/wp-content\/uploads\/2025\/06\/DN0100421-Pook-hoes-met-montagedeel-Delta-Integrale-reproductie-176284160-3.jpg\",\"width\":1024,\"height\":768},{\"@type\":\"BreadcrumbList\",\"@id\":\"https:\/\/turijnmagazijn.nl\/it\/prodotto\/dn010-dummy-lancia-delta-integrale-nuova-imitazione-kopie-29\/#breadcrumb\",\"itemListElement\":[{\"@type\":\"ListItem\",\"position\":1,\"name\":\"Home\",\"item\":\"https:\/\/turijnmagazijn.nl\/it\/\"},{\"@type\":\"ListItem\",\"position\":2,\"name\":\"Prodotti\",\"item\":\"https:\/\/turijnmagazijn.nl\/it\/shop\/\"},{\"@type\":\"ListItem\",\"position\":3,\"name\":\"Coperchio del cambio con parte di montaggio riproduzione Delta Integrale\"}]},{\"@type\":\"WebSite\",\"@id\":\"https:\/\/turijnmagazijn.jumpstone-dev.nl\/#website\",\"url\":\"https:\/\/turijnmagazijn.jumpstone-dev.nl\/\",\"name\":\"Turijnmagazijn\",\"description\":\"Onderdelen nieuw en gebruikt - Fiat &amp; Lancia\",\"publisher\":{\"@id\":\"https:\/\/turijnmagazijn.jumpstone-dev.nl\/#organization\"},\"potentialAction\":[{\"@type\":\"SearchAction\",\"target\":{\"@type\":\"EntryPoint\",\"urlTemplate\":\"https:\/\/turijnmagazijn.jumpstone-dev.nl\/?s={search_term_string}\"},\"query-input\":{\"@type\":\"PropertyValueSpecification\",\"valueRequired\":true,\"valueName\":\"search_term_string\"}}],\"inLanguage\":\"it-IT\"},{\"@type\":\"Organization\",\"@id\":\"https:\/\/turijnmagazijn.jumpstone-dev.nl\/#organization\",\"name\":\"Turijnmagazijn\",\"url\":\"https:\/\/turijnmagazijn.jumpstone-dev.nl\/\",\"logo\":{\"@type\":\"ImageObject\",\"inLanguage\":\"it-IT\",\"@id\":\"https:\/\/turijnmagazijn.jumpstone-dev.nl\/#\/schema\/logo\/image\/\",\"url\":\"https:\/\/turijnmagazijn.nl\/wp-content\/uploads\/2021\/02\/turijnmagazijnlogo.png\",\"contentUrl\":\"https:\/\/turijnmagazijn.nl\/wp-content\/uploads\/2021\/02\/turijnmagazijnlogo.png\",\"width\":555,\"height\":270,\"caption\":\"Turijnmagazijn\"},\"image\":{\"@id\":\"https:\/\/turijnmagazijn.jumpstone-dev.nl\/#\/schema\/logo\/image\/\"},\"sameAs\":[\"https:\/\/www.facebook.com\/turijnmagazijn\"]}]}<\/script>\n<!-- \/ Yoast SEO plugin. -->","yoast_head_json":{"title":"Coperchio del cambio con parte di montaggio riproduzione Delta Integrale - Turijnmagazijn","robots":{"index":"index","follow":"follow","max-snippet":"max-snippet:-1","max-image-preview":"max-image-preview:large","max-video-preview":"max-video-preview:-1"},"canonical":"https:\/\/turijnmagazijn.nl\/it\/prodotto\/dn010-dummy-lancia-delta-integrale-nuova-imitazione-kopie-29\/","og_locale":"it_IT","og_type":"article","og_title":"Coperchio del cambio con parte di montaggio riproduzione Delta Integrale - Turijnmagazijn","og_description":"176284160 Coperchio del cambio con parte di montaggio riproduzione Delta Integrale","og_url":"https:\/\/turijnmagazijn.nl\/it\/prodotto\/dn010-dummy-lancia-delta-integrale-nuova-imitazione-kopie-29\/","og_site_name":"Turijnmagazijn","article_publisher":"https:\/\/www.facebook.com\/turijnmagazijn","article_modified_time":"2025-11-01T16:57:07+00:00","og_image":[{"width":1024,"height":768,"url":"https:\/\/turijnmagazijn.nl\/wp-content\/uploads\/2025\/06\/DN0100421-Pook-hoes-met-montagedeel-Delta-Integrale-reproductie-176284160-3.jpg","type":"image\/jpeg"}],"twitter_card":"summary_large_image","twitter_misc":{"Tempo di lettura stimato":"1 minuto"},"schema":{"@context":"https:\/\/schema.org","@graph":[{"@type":"WebPage","@id":"https:\/\/turijnmagazijn.nl\/it\/prodotto\/dn010-dummy-lancia-delta-integrale-nuova-imitazione-kopie-29\/","url":"https:\/\/turijnmagazijn.nl\/it\/prodotto\/dn010-dummy-lancia-delta-integrale-nuova-imitazione-kopie-29\/","name":"Coperchio del cambio con parte di montaggio riproduzione Delta Integrale - Turijnmagazijn","isPartOf":{"@id":"https:\/\/turijnmagazijn.jumpstone-dev.nl\/#website"},"primaryImageOfPage":{"@id":"https:\/\/turijnmagazijn.nl\/it\/prodotto\/dn010-dummy-lancia-delta-integrale-nuova-imitazione-kopie-29\/#primaryimage"},"image":{"@id":"https:\/\/turijnmagazijn.nl\/it\/prodotto\/dn010-dummy-lancia-delta-integrale-nuova-imitazione-kopie-29\/#primaryimage"},"thumbnailUrl":"https:\/\/turijnmagazijn.nl\/wp-content\/uploads\/2025\/06\/DN0100421-Pook-hoes-met-montagedeel-Delta-Integrale-reproductie-176284160-3.jpg","datePublished":"2025-06-30T09:03:34+00:00","dateModified":"2025-11-01T16:57:07+00:00","breadcrumb":{"@id":"https:\/\/turijnmagazijn.nl\/it\/prodotto\/dn010-dummy-lancia-delta-integrale-nuova-imitazione-kopie-29\/#breadcrumb"},"inLanguage":"it-IT","potentialAction":[{"@type":"ReadAction","target":["https:\/\/turijnmagazijn.nl\/it\/prodotto\/dn010-dummy-lancia-delta-integrale-nuova-imitazione-kopie-29\/"]}]},{"@type":"ImageObject","inLanguage":"it-IT","@id":"https:\/\/turijnmagazijn.nl\/it\/prodotto\/dn010-dummy-lancia-delta-integrale-nuova-imitazione-kopie-29\/#primaryimage","url":"https:\/\/turijnmagazijn.nl\/wp-content\/uploads\/2025\/06\/DN0100421-Pook-hoes-met-montagedeel-Delta-Integrale-reproductie-176284160-3.jpg","contentUrl":"https:\/\/turijnmagazijn.nl\/wp-content\/uploads\/2025\/06\/DN0100421-Pook-hoes-met-montagedeel-Delta-Integrale-reproductie-176284160-3.jpg","width":1024,"height":768},{"@type":"BreadcrumbList","@id":"https:\/\/turijnmagazijn.nl\/it\/prodotto\/dn010-dummy-lancia-delta-integrale-nuova-imitazione-kopie-29\/#breadcrumb","itemListElement":[{"@type":"ListItem","position":1,"name":"Home","item":"https:\/\/turijnmagazijn.nl\/it\/"},{"@type":"ListItem","position":2,"name":"Prodotti","item":"https:\/\/turijnmagazijn.nl\/it\/shop\/"},{"@type":"ListItem","position":3,"name":"Coperchio del cambio con parte di montaggio riproduzione Delta Integrale"}]},{"@type":"WebSite","@id":"https:\/\/turijnmagazijn.jumpstone-dev.nl\/#website","url":"https:\/\/turijnmagazijn.jumpstone-dev.nl\/","name":"Turijnmagazijn","description":"Onderdelen nieuw en gebruikt - Fiat &amp; Lancia","publisher":{"@id":"https:\/\/turijnmagazijn.jumpstone-dev.nl\/#organization"},"potentialAction":[{"@type":"SearchAction","target":{"@type":"EntryPoint","urlTemplate":"https:\/\/turijnmagazijn.jumpstone-dev.nl\/?s={search_term_string}"},"query-input":{"@type":"PropertyValueSpecification","valueRequired":true,"valueName":"search_term_string"}}],"inLanguage":"it-IT"},{"@type":"Organization","@id":"https:\/\/turijnmagazijn.jumpstone-dev.nl\/#organization","name":"Turijnmagazijn","url":"https:\/\/turijnmagazijn.jumpstone-dev.nl\/","logo":{"@type":"ImageObject","inLanguage":"it-IT","@id":"https:\/\/turijnmagazijn.jumpstone-dev.nl\/#\/schema\/logo\/image\/","url":"https:\/\/turijnmagazijn.nl\/wp-content\/uploads\/2021\/02\/turijnmagazijnlogo.png","contentUrl":"https:\/\/turijnmagazijn.nl\/wp-content\/uploads\/2021\/02\/turijnmagazijnlogo.png","width":555,"height":270,"caption":"Turijnmagazijn"},"image":{"@id":"https:\/\/turijnmagazijn.jumpstone-dev.nl\/#\/schema\/logo\/image\/"},"sameAs":["https:\/\/www.facebook.com\/turijnmagazijn"]}]}},"_links":{"self":[{"href":"https:\/\/turijnmagazijn.nl\/it\/wp-json\/wp\/v2\/product\/92539","targetHints":{"allow":["GET"]}}],"collection":[{"href":"https:\/\/turijnmagazijn.nl\/it\/wp-json\/wp\/v2\/product"}],"about":[{"href":"https:\/\/turijnmagazijn.nl\/it\/wp-json\/wp\/v2\/types\/product"}],"replies":[{"embeddable":true,"href":"https:\/\/turijnmagazijn.nl\/it\/wp-json\/wp\/v2\/comments?post=92539"}],"wp:featuredmedia":[{"embeddable":true,"href":"https:\/\/turijnmagazijn.nl\/it\/wp-json\/wp\/v2\/media\/95406"}],"wp:attachment":[{"href":"https:\/\/turijnmagazijn.nl\/it\/wp-json\/wp\/v2\/media?parent=92539"}],"wp:term":[{"taxonomy":"product_brand","embeddable":true,"href":"https:\/\/turijnmagazijn.nl\/it\/wp-json\/wp\/v2\/product_brand?post=92539"},{"taxonomy":"product_cat","embeddable":true,"href":"https:\/\/turijnmagazijn.nl\/it\/wp-json\/wp\/v2\/product_cat?post=92539"},{"taxonomy":"product_tag","embeddable":true,"href":"https:\/\/turijnmagazijn.nl\/it\/wp-json\/wp\/v2\/product_tag?post=92539"}],"curies":[{"name":"wp","href":"https:\/\/api.w.org\/{rel}","templated":true}]}}