{"id":93130,"date":"2025-07-16T21:32:45","date_gmt":"2025-07-16T19:32:45","guid":{"rendered":"https:\/\/turijnmagazijn.nl\/?post_type=product&#038;p=93130"},"modified":"2025-07-16T21:43:16","modified_gmt":"2025-07-16T19:43:16","slug":"luci-di-segnalazione-rele-lancia-kappa-ferrari-maserati-kopie","status":"publish","type":"product","link":"https:\/\/turijnmagazijn.nl\/it\/prodotto\/luci-di-segnalazione-rele-lancia-kappa-ferrari-maserati-kopie\/","title":{"rendered":"Indicatore a rel\u00e8 Lancia Kappa Ferrari Maserati &#8211; Imitazione"},"content":{"rendered":"<p><span style=\"font-weight: bold;\">Nuova imitazione del <\/span>rel\u00e8 per il controllo delle spie e degli indicatori di direzione per Lancia Kappa. Questo rel\u00e8 \u00e8 stato utilizzato anche su vari modelli di Alfa Romeo (tra cui 166) Ferrari e Maserati. Confrontare sempre il numero di parte sul rel\u00e8 difettoso prima di ordinare e montare.<\/p>\n<p>Con una Lancia Kappa, questo rel\u00e8 si trova nella posizione E2 nella scatola dei fusibili sotto il cruscotto.<\/p>\n<p>Il rel\u00e8 in colore verde.<\/p>\n<p>Iscrizioni sul rel\u00e8:<br \/>\nSDCB883<\/p>\n<p>46466571<\/p>\n<p>81894<\/p>\n<p>12V \/ 2(4) X 21W<\/p>\n<p>Statico<\/p>\n<p>prodotto in Europa<\/p>\n<p>OEM Lancia 46466571 SOLO RIFERIMENTO &#8211; IL PEZZO \u00c8 UNA RIPRODUZIONE DI ALTA QUALIT\u00c0<\/p>\n","protected":false},"excerpt":{"rendered":"<p>Rel\u00e8 spie Lancia Kappa Ferrari Maserati &#8211; Nuova imitazione del rel\u00e8 per il controllo delle spie di Lancia Kappa.<\/p>\n","protected":false},"featured_media":93168,"comment_status":"closed","ping_status":"closed","template":"","meta":{"_acf_changed":false},"product_brand":[],"product_cat":[1649,1583,1863,1866,1857,1800,1871],"product_tag":[],"class_list":{"0":"post-93130","1":"product","2":"type-product","3":"status-publish","4":"has-post-thumbnail","6":"product_cat-166-936-it","7":"product_cat-alfa-romeo-it","8":"product_cat-berlina-it","9":"product_cat-coupe-it","10":"product_cat-kappa-838-it","11":"product_cat-lancia-it","12":"product_cat-sw-it","13":"pa_soort-onderdeel-elettronica-e-cavi","15":"first","16":"instock","17":"taxable","18":"shipping-taxable","19":"purchasable","20":"product-type-simple"},"acf":[],"yoast_head":"<!-- This site is optimized with the Yoast SEO plugin v27.3 - https:\/\/yoast.com\/product\/yoast-seo-wordpress\/ -->\n<title>Indicatore a rel\u00e8 Lancia Kappa Ferrari Maserati - Imitazione - Turijnmagazijn<\/title>\n<meta name=\"robots\" content=\"index, follow, max-snippet:-1, max-image-preview:large, max-video-preview:-1\" \/>\n<link rel=\"canonical\" href=\"https:\/\/turijnmagazijn.nl\/it\/prodotto\/luci-di-segnalazione-rele-lancia-kappa-ferrari-maserati-kopie\/\" \/>\n<meta property=\"og:locale\" content=\"it_IT\" \/>\n<meta property=\"og:type\" content=\"article\" \/>\n<meta property=\"og:title\" content=\"Indicatore a rel\u00e8 Lancia Kappa Ferrari Maserati - Imitazione - Turijnmagazijn\" \/>\n<meta property=\"og:description\" content=\"Rel\u00e8 spie Lancia Kappa Ferrari Maserati - Nuova imitazione del rel\u00e8 per il controllo delle spie di Lancia Kappa.\" \/>\n<meta property=\"og:url\" content=\"https:\/\/turijnmagazijn.nl\/it\/prodotto\/luci-di-segnalazione-rele-lancia-kappa-ferrari-maserati-kopie\/\" \/>\n<meta property=\"og:site_name\" content=\"Turijnmagazijn\" \/>\n<meta property=\"article:publisher\" content=\"https:\/\/www.facebook.com\/turijnmagazijn\" \/>\n<meta property=\"article:modified_time\" content=\"2025-07-16T19:43:16+00:00\" \/>\n<meta property=\"og:image\" content=\"https:\/\/turijnmagazijn.nl\/wp-content\/uploads\/2025\/07\/DN0100431-Relais-Groen-knipperlicht-Lancia-Kappa-Ferrari-Maserati-Imitatie-46466571.jpeg\" \/>\n\t<meta property=\"og:image:width\" content=\"2048\" \/>\n\t<meta property=\"og:image:height\" content=\"1860\" \/>\n\t<meta property=\"og:image:type\" content=\"image\/jpeg\" \/>\n<meta name=\"twitter:card\" content=\"summary_large_image\" \/>\n<script type=\"application\/ld+json\" class=\"yoast-schema-graph\">{\"@context\":\"https:\\\/\\\/schema.org\",\"@graph\":[{\"@type\":\"WebPage\",\"@id\":\"https:\\\/\\\/turijnmagazijn.nl\\\/it\\\/prodotto\\\/luci-di-segnalazione-rele-lancia-kappa-ferrari-maserati-kopie\\\/\",\"url\":\"https:\\\/\\\/turijnmagazijn.nl\\\/it\\\/prodotto\\\/luci-di-segnalazione-rele-lancia-kappa-ferrari-maserati-kopie\\\/\",\"name\":\"Indicatore a rel\u00e8 Lancia Kappa Ferrari Maserati - Imitazione - Turijnmagazijn\",\"isPartOf\":{\"@id\":\"https:\\\/\\\/turijnmagazijn.jumpstone-dev.nl\\\/#website\"},\"primaryImageOfPage\":{\"@id\":\"https:\\\/\\\/turijnmagazijn.nl\\\/it\\\/prodotto\\\/luci-di-segnalazione-rele-lancia-kappa-ferrari-maserati-kopie\\\/#primaryimage\"},\"image\":{\"@id\":\"https:\\\/\\\/turijnmagazijn.nl\\\/it\\\/prodotto\\\/luci-di-segnalazione-rele-lancia-kappa-ferrari-maserati-kopie\\\/#primaryimage\"},\"thumbnailUrl\":\"https:\\\/\\\/turijnmagazijn.nl\\\/wp-content\\\/uploads\\\/2025\\\/07\\\/DN0100431-Relais-Groen-knipperlicht-Lancia-Kappa-Ferrari-Maserati-46466571-6.jpg\",\"datePublished\":\"2025-07-16T19:32:45+00:00\",\"dateModified\":\"2025-07-16T19:43:16+00:00\",\"breadcrumb\":{\"@id\":\"https:\\\/\\\/turijnmagazijn.nl\\\/it\\\/prodotto\\\/luci-di-segnalazione-rele-lancia-kappa-ferrari-maserati-kopie\\\/#breadcrumb\"},\"inLanguage\":\"it-IT\",\"potentialAction\":[{\"@type\":\"ReadAction\",\"target\":[\"https:\\\/\\\/turijnmagazijn.nl\\\/it\\\/prodotto\\\/luci-di-segnalazione-rele-lancia-kappa-ferrari-maserati-kopie\\\/\"]}]},{\"@type\":\"ImageObject\",\"inLanguage\":\"it-IT\",\"@id\":\"https:\\\/\\\/turijnmagazijn.nl\\\/it\\\/prodotto\\\/luci-di-segnalazione-rele-lancia-kappa-ferrari-maserati-kopie\\\/#primaryimage\",\"url\":\"https:\\\/\\\/turijnmagazijn.nl\\\/wp-content\\\/uploads\\\/2025\\\/07\\\/DN0100431-Relais-Groen-knipperlicht-Lancia-Kappa-Ferrari-Maserati-46466571-6.jpg\",\"contentUrl\":\"https:\\\/\\\/turijnmagazijn.nl\\\/wp-content\\\/uploads\\\/2025\\\/07\\\/DN0100431-Relais-Groen-knipperlicht-Lancia-Kappa-Ferrari-Maserati-46466571-6.jpg\",\"width\":1440,\"height\":1080},{\"@type\":\"BreadcrumbList\",\"@id\":\"https:\\\/\\\/turijnmagazijn.nl\\\/it\\\/prodotto\\\/luci-di-segnalazione-rele-lancia-kappa-ferrari-maserati-kopie\\\/#breadcrumb\",\"itemListElement\":[{\"@type\":\"ListItem\",\"position\":1,\"name\":\"Home\",\"item\":\"https:\\\/\\\/turijnmagazijn.nl\\\/it\\\/\"},{\"@type\":\"ListItem\",\"position\":2,\"name\":\"Prodotti\",\"item\":\"https:\\\/\\\/turijnmagazijn.nl\\\/it\\\/shop\\\/\"},{\"@type\":\"ListItem\",\"position\":3,\"name\":\"Indicatore a rel\u00e8 Lancia Kappa Ferrari Maserati &#8211; Imitazione\"}]},{\"@type\":\"WebSite\",\"@id\":\"https:\\\/\\\/turijnmagazijn.jumpstone-dev.nl\\\/#website\",\"url\":\"https:\\\/\\\/turijnmagazijn.jumpstone-dev.nl\\\/\",\"name\":\"Turijnmagazijn\",\"description\":\"Onderdelen nieuw en gebruikt - Fiat &amp; Lancia\",\"publisher\":{\"@id\":\"https:\\\/\\\/turijnmagazijn.jumpstone-dev.nl\\\/#organization\"},\"potentialAction\":[{\"@type\":\"SearchAction\",\"target\":{\"@type\":\"EntryPoint\",\"urlTemplate\":\"https:\\\/\\\/turijnmagazijn.jumpstone-dev.nl\\\/?s={search_term_string}\"},\"query-input\":{\"@type\":\"PropertyValueSpecification\",\"valueRequired\":true,\"valueName\":\"search_term_string\"}}],\"inLanguage\":\"it-IT\"},{\"@type\":\"Organization\",\"@id\":\"https:\\\/\\\/turijnmagazijn.jumpstone-dev.nl\\\/#organization\",\"name\":\"Turijnmagazijn\",\"url\":\"https:\\\/\\\/turijnmagazijn.jumpstone-dev.nl\\\/\",\"logo\":{\"@type\":\"ImageObject\",\"inLanguage\":\"it-IT\",\"@id\":\"https:\\\/\\\/turijnmagazijn.jumpstone-dev.nl\\\/#\\\/schema\\\/logo\\\/image\\\/\",\"url\":\"https:\\\/\\\/turijnmagazijn.nl\\\/wp-content\\\/uploads\\\/2021\\\/02\\\/turijnmagazijnlogo.png\",\"contentUrl\":\"https:\\\/\\\/turijnmagazijn.nl\\\/wp-content\\\/uploads\\\/2021\\\/02\\\/turijnmagazijnlogo.png\",\"width\":555,\"height\":270,\"caption\":\"Turijnmagazijn\"},\"image\":{\"@id\":\"https:\\\/\\\/turijnmagazijn.jumpstone-dev.nl\\\/#\\\/schema\\\/logo\\\/image\\\/\"},\"sameAs\":[\"https:\\\/\\\/www.facebook.com\\\/turijnmagazijn\"]}]}<\/script>\n<!-- \/ Yoast SEO plugin. -->","yoast_head_json":{"title":"Indicatore a rel\u00e8 Lancia Kappa Ferrari Maserati - Imitazione - Turijnmagazijn","robots":{"index":"index","follow":"follow","max-snippet":"max-snippet:-1","max-image-preview":"max-image-preview:large","max-video-preview":"max-video-preview:-1"},"canonical":"https:\/\/turijnmagazijn.nl\/it\/prodotto\/luci-di-segnalazione-rele-lancia-kappa-ferrari-maserati-kopie\/","og_locale":"it_IT","og_type":"article","og_title":"Indicatore a rel\u00e8 Lancia Kappa Ferrari Maserati - Imitazione - Turijnmagazijn","og_description":"Rel\u00e8 spie Lancia Kappa Ferrari Maserati - Nuova imitazione del rel\u00e8 per il controllo delle spie di Lancia Kappa.","og_url":"https:\/\/turijnmagazijn.nl\/it\/prodotto\/luci-di-segnalazione-rele-lancia-kappa-ferrari-maserati-kopie\/","og_site_name":"Turijnmagazijn","article_publisher":"https:\/\/www.facebook.com\/turijnmagazijn","article_modified_time":"2025-07-16T19:43:16+00:00","og_image":[{"width":2048,"height":1860,"url":"https:\/\/turijnmagazijn.nl\/wp-content\/uploads\/2025\/07\/DN0100431-Relais-Groen-knipperlicht-Lancia-Kappa-Ferrari-Maserati-Imitatie-46466571.jpeg","type":"image\/jpeg"}],"twitter_card":"summary_large_image","schema":{"@context":"https:\/\/schema.org","@graph":[{"@type":"WebPage","@id":"https:\/\/turijnmagazijn.nl\/it\/prodotto\/luci-di-segnalazione-rele-lancia-kappa-ferrari-maserati-kopie\/","url":"https:\/\/turijnmagazijn.nl\/it\/prodotto\/luci-di-segnalazione-rele-lancia-kappa-ferrari-maserati-kopie\/","name":"Indicatore a rel\u00e8 Lancia Kappa Ferrari Maserati - Imitazione - Turijnmagazijn","isPartOf":{"@id":"https:\/\/turijnmagazijn.jumpstone-dev.nl\/#website"},"primaryImageOfPage":{"@id":"https:\/\/turijnmagazijn.nl\/it\/prodotto\/luci-di-segnalazione-rele-lancia-kappa-ferrari-maserati-kopie\/#primaryimage"},"image":{"@id":"https:\/\/turijnmagazijn.nl\/it\/prodotto\/luci-di-segnalazione-rele-lancia-kappa-ferrari-maserati-kopie\/#primaryimage"},"thumbnailUrl":"https:\/\/turijnmagazijn.nl\/wp-content\/uploads\/2025\/07\/DN0100431-Relais-Groen-knipperlicht-Lancia-Kappa-Ferrari-Maserati-46466571-6.jpg","datePublished":"2025-07-16T19:32:45+00:00","dateModified":"2025-07-16T19:43:16+00:00","breadcrumb":{"@id":"https:\/\/turijnmagazijn.nl\/it\/prodotto\/luci-di-segnalazione-rele-lancia-kappa-ferrari-maserati-kopie\/#breadcrumb"},"inLanguage":"it-IT","potentialAction":[{"@type":"ReadAction","target":["https:\/\/turijnmagazijn.nl\/it\/prodotto\/luci-di-segnalazione-rele-lancia-kappa-ferrari-maserati-kopie\/"]}]},{"@type":"ImageObject","inLanguage":"it-IT","@id":"https:\/\/turijnmagazijn.nl\/it\/prodotto\/luci-di-segnalazione-rele-lancia-kappa-ferrari-maserati-kopie\/#primaryimage","url":"https:\/\/turijnmagazijn.nl\/wp-content\/uploads\/2025\/07\/DN0100431-Relais-Groen-knipperlicht-Lancia-Kappa-Ferrari-Maserati-46466571-6.jpg","contentUrl":"https:\/\/turijnmagazijn.nl\/wp-content\/uploads\/2025\/07\/DN0100431-Relais-Groen-knipperlicht-Lancia-Kappa-Ferrari-Maserati-46466571-6.jpg","width":1440,"height":1080},{"@type":"BreadcrumbList","@id":"https:\/\/turijnmagazijn.nl\/it\/prodotto\/luci-di-segnalazione-rele-lancia-kappa-ferrari-maserati-kopie\/#breadcrumb","itemListElement":[{"@type":"ListItem","position":1,"name":"Home","item":"https:\/\/turijnmagazijn.nl\/it\/"},{"@type":"ListItem","position":2,"name":"Prodotti","item":"https:\/\/turijnmagazijn.nl\/it\/shop\/"},{"@type":"ListItem","position":3,"name":"Indicatore a rel\u00e8 Lancia Kappa Ferrari Maserati &#8211; Imitazione"}]},{"@type":"WebSite","@id":"https:\/\/turijnmagazijn.jumpstone-dev.nl\/#website","url":"https:\/\/turijnmagazijn.jumpstone-dev.nl\/","name":"Turijnmagazijn","description":"Onderdelen nieuw en gebruikt - Fiat &amp; Lancia","publisher":{"@id":"https:\/\/turijnmagazijn.jumpstone-dev.nl\/#organization"},"potentialAction":[{"@type":"SearchAction","target":{"@type":"EntryPoint","urlTemplate":"https:\/\/turijnmagazijn.jumpstone-dev.nl\/?s={search_term_string}"},"query-input":{"@type":"PropertyValueSpecification","valueRequired":true,"valueName":"search_term_string"}}],"inLanguage":"it-IT"},{"@type":"Organization","@id":"https:\/\/turijnmagazijn.jumpstone-dev.nl\/#organization","name":"Turijnmagazijn","url":"https:\/\/turijnmagazijn.jumpstone-dev.nl\/","logo":{"@type":"ImageObject","inLanguage":"it-IT","@id":"https:\/\/turijnmagazijn.jumpstone-dev.nl\/#\/schema\/logo\/image\/","url":"https:\/\/turijnmagazijn.nl\/wp-content\/uploads\/2021\/02\/turijnmagazijnlogo.png","contentUrl":"https:\/\/turijnmagazijn.nl\/wp-content\/uploads\/2021\/02\/turijnmagazijnlogo.png","width":555,"height":270,"caption":"Turijnmagazijn"},"image":{"@id":"https:\/\/turijnmagazijn.jumpstone-dev.nl\/#\/schema\/logo\/image\/"},"sameAs":["https:\/\/www.facebook.com\/turijnmagazijn"]}]}},"_links":{"self":[{"href":"https:\/\/turijnmagazijn.nl\/it\/wp-json\/wp\/v2\/product\/93130","targetHints":{"allow":["GET"]}}],"collection":[{"href":"https:\/\/turijnmagazijn.nl\/it\/wp-json\/wp\/v2\/product"}],"about":[{"href":"https:\/\/turijnmagazijn.nl\/it\/wp-json\/wp\/v2\/types\/product"}],"replies":[{"embeddable":true,"href":"https:\/\/turijnmagazijn.nl\/it\/wp-json\/wp\/v2\/comments?post=93130"}],"wp:featuredmedia":[{"embeddable":true,"href":"https:\/\/turijnmagazijn.nl\/it\/wp-json\/wp\/v2\/media\/93168"}],"wp:attachment":[{"href":"https:\/\/turijnmagazijn.nl\/it\/wp-json\/wp\/v2\/media?parent=93130"}],"wp:term":[{"taxonomy":"product_brand","embeddable":true,"href":"https:\/\/turijnmagazijn.nl\/it\/wp-json\/wp\/v2\/product_brand?post=93130"},{"taxonomy":"product_cat","embeddable":true,"href":"https:\/\/turijnmagazijn.nl\/it\/wp-json\/wp\/v2\/product_cat?post=93130"},{"taxonomy":"product_tag","embeddable":true,"href":"https:\/\/turijnmagazijn.nl\/it\/wp-json\/wp\/v2\/product_tag?post=93130"}],"curies":[{"name":"wp","href":"https:\/\/api.w.org\/{rel}","templated":true}]}}