{"id":95070,"date":"2025-10-05T20:29:10","date_gmt":"2025-10-05T18:29:10","guid":{"rendered":"https:\/\/turijnmagazijn.nl\/?post_type=product&#038;p=95070"},"modified":"2025-11-03T17:10:45","modified_gmt":"2025-11-03T16:10:45","slug":"logo-portellone-posteriore-fiat-500x-rosso-95mm-imitazione-kopie-kopie","status":"publish","type":"product","link":"https:\/\/turijnmagazijn.nl\/it\/prodotto\/logo-portellone-posteriore-fiat-500x-rosso-95mm-imitazione-kopie-kopie\/","title":{"rendered":"Riparazione parte interna logo Fiat rosso Bravo 2 Croma 2 (m)"},"content":{"rendered":"<p>Nuova imitazione del logo da applicare sul portellone posteriore o sulla griglia anteriore di vari modelli Fiat con il logo rosso dal diametro di 100 mm (misurato fino al bordo esterno del guscio cromato).<\/p>\n<p>Quasi sempre, solo la parte interna \u00e8 diventata antiestetica o sbiadita. La sostituzione dell&#8217;intero logo non \u00e8 necessaria. La sostituzione di questa parte richiede uno sforzo minore, soprattutto se si tratta di una griglia. Inoltre, c&#8217;\u00e8 meno possibilit\u00e0 di danneggiare la vernice dell&#8217;auto quando la si smonta. \u00c8 sufficiente rimuovere il logo dal supporto cromato con uno spillo appuntito e posizionare questo logo autoadesivo nel punto vuoto. La tua Fiat \u00e8 di nuovo bellissima!     <\/p>\n<p>Adatto per Fiat Bravo 2 e Fiat Croma 2.<\/p>\n<p>Misura sempre con attenzione il tuo logo in anticipo, questo pezzo interno si adatta solo ai loghi della serie 100 mm. Esiste anche un logo da 95 mm, quindi ti preghiamo di misurare accuratamente prima di ordinare.<br \/>\nVendita per pezzo.<br \/>\nNumero OEM Fiat del logo a cui si adatta questa parte di riparazione (solo come riferimento, non \u00e8 una parte OEM) <span data-sheets-root=\"1\">51944206<\/span> <\/p>\n","protected":false},"excerpt":{"rendered":"<p><span data-sheets-root=\"1\">Riparazione parte interna logo Fiat rosso Bravo 2 e Croma 2 adatto per loghi con oem 51944206<\/span><\/p>\n","protected":false},"featured_media":95097,"comment_status":"open","ping_status":"closed","template":"","meta":{"_acf_changed":false},"product_brand":[],"product_cat":[1711,1726,1691],"product_tag":[],"class_list":{"0":"post-95070","1":"product","2":"type-product","3":"status-publish","4":"has-post-thumbnail","6":"product_cat-bravo-198-it","7":"product_cat-croma-2-194-it","8":"product_cat-fiat-it","9":"pa_soort-onderdeel-corpo-e-lamiera","11":"first","12":"instock","13":"taxable","14":"shipping-taxable","15":"purchasable","16":"product-type-simple"},"acf":[],"yoast_head":"<!-- This site is optimized with the Yoast SEO plugin v27.2 - https:\/\/yoast.com\/product\/yoast-seo-wordpress\/ -->\n<title>Riparazione parte interna logo Fiat rosso Bravo 2 Croma 2 (m) - Turijnmagazijn<\/title>\n<meta name=\"robots\" content=\"index, follow, max-snippet:-1, max-image-preview:large, max-video-preview:-1\" \/>\n<link rel=\"canonical\" href=\"https:\/\/turijnmagazijn.nl\/it\/prodotto\/logo-portellone-posteriore-fiat-500x-rosso-95mm-imitazione-kopie-kopie\/\" \/>\n<meta property=\"og:locale\" content=\"it_IT\" \/>\n<meta property=\"og:type\" content=\"article\" \/>\n<meta property=\"og:title\" content=\"Riparazione parte interna logo Fiat rosso Bravo 2 Croma 2 (m) - Turijnmagazijn\" \/>\n<meta property=\"og:description\" content=\"Riparazione parte interna logo Fiat rosso Bravo 2 e Croma 2 adatto per loghi con oem 51944206\" \/>\n<meta property=\"og:url\" content=\"https:\/\/turijnmagazijn.nl\/it\/prodotto\/logo-portellone-posteriore-fiat-500x-rosso-95mm-imitazione-kopie-kopie\/\" \/>\n<meta property=\"og:site_name\" content=\"Turijnmagazijn\" \/>\n<meta property=\"article:publisher\" content=\"https:\/\/www.facebook.com\/turijnmagazijn\" \/>\n<meta property=\"article:modified_time\" content=\"2025-11-03T16:10:45+00:00\" \/>\n<meta property=\"og:image\" content=\"https:\/\/turijnmagazijn.nl\/wp-content\/uploads\/2025\/10\/DN0100447-Reparatie-binnendeel-logo-Fiat-rood-Bravo-2-Croma-2-M-51944206-3.jpg\" \/>\n\t<meta property=\"og:image:width\" content=\"1024\" \/>\n\t<meta property=\"og:image:height\" content=\"768\" \/>\n\t<meta property=\"og:image:type\" content=\"image\/jpeg\" \/>\n<meta name=\"twitter:card\" content=\"summary_large_image\" \/>\n<meta name=\"twitter:label1\" content=\"Tempo di lettura stimato\" \/>\n\t<meta name=\"twitter:data1\" content=\"1 minuto\" \/>\n<script type=\"application\/ld+json\" class=\"yoast-schema-graph\">{\"@context\":\"https:\/\/schema.org\",\"@graph\":[{\"@type\":\"WebPage\",\"@id\":\"https:\/\/turijnmagazijn.nl\/it\/prodotto\/logo-portellone-posteriore-fiat-500x-rosso-95mm-imitazione-kopie-kopie\/\",\"url\":\"https:\/\/turijnmagazijn.nl\/it\/prodotto\/logo-portellone-posteriore-fiat-500x-rosso-95mm-imitazione-kopie-kopie\/\",\"name\":\"Riparazione parte interna logo Fiat rosso Bravo 2 Croma 2 (m) - Turijnmagazijn\",\"isPartOf\":{\"@id\":\"https:\/\/turijnmagazijn.jumpstone-dev.nl\/#website\"},\"primaryImageOfPage\":{\"@id\":\"https:\/\/turijnmagazijn.nl\/it\/prodotto\/logo-portellone-posteriore-fiat-500x-rosso-95mm-imitazione-kopie-kopie\/#primaryimage\"},\"image\":{\"@id\":\"https:\/\/turijnmagazijn.nl\/it\/prodotto\/logo-portellone-posteriore-fiat-500x-rosso-95mm-imitazione-kopie-kopie\/#primaryimage\"},\"thumbnailUrl\":\"https:\/\/turijnmagazijn.nl\/wp-content\/uploads\/2025\/10\/DN0100447-Reparatie-binnendeel-logo-Fiat-rood-Bravo-2-Croma-2-M-51944206-3.jpg\",\"datePublished\":\"2025-10-05T18:29:10+00:00\",\"dateModified\":\"2025-11-03T16:10:45+00:00\",\"breadcrumb\":{\"@id\":\"https:\/\/turijnmagazijn.nl\/it\/prodotto\/logo-portellone-posteriore-fiat-500x-rosso-95mm-imitazione-kopie-kopie\/#breadcrumb\"},\"inLanguage\":\"it-IT\",\"potentialAction\":[{\"@type\":\"ReadAction\",\"target\":[\"https:\/\/turijnmagazijn.nl\/it\/prodotto\/logo-portellone-posteriore-fiat-500x-rosso-95mm-imitazione-kopie-kopie\/\"]}]},{\"@type\":\"ImageObject\",\"inLanguage\":\"it-IT\",\"@id\":\"https:\/\/turijnmagazijn.nl\/it\/prodotto\/logo-portellone-posteriore-fiat-500x-rosso-95mm-imitazione-kopie-kopie\/#primaryimage\",\"url\":\"https:\/\/turijnmagazijn.nl\/wp-content\/uploads\/2025\/10\/DN0100447-Reparatie-binnendeel-logo-Fiat-rood-Bravo-2-Croma-2-M-51944206-3.jpg\",\"contentUrl\":\"https:\/\/turijnmagazijn.nl\/wp-content\/uploads\/2025\/10\/DN0100447-Reparatie-binnendeel-logo-Fiat-rood-Bravo-2-Croma-2-M-51944206-3.jpg\",\"width\":1024,\"height\":768},{\"@type\":\"BreadcrumbList\",\"@id\":\"https:\/\/turijnmagazijn.nl\/it\/prodotto\/logo-portellone-posteriore-fiat-500x-rosso-95mm-imitazione-kopie-kopie\/#breadcrumb\",\"itemListElement\":[{\"@type\":\"ListItem\",\"position\":1,\"name\":\"Home\",\"item\":\"https:\/\/turijnmagazijn.nl\/it\/\"},{\"@type\":\"ListItem\",\"position\":2,\"name\":\"Prodotti\",\"item\":\"https:\/\/turijnmagazijn.nl\/it\/shop\/\"},{\"@type\":\"ListItem\",\"position\":3,\"name\":\"Riparazione parte interna logo Fiat rosso Bravo 2 Croma 2 (m)\"}]},{\"@type\":\"WebSite\",\"@id\":\"https:\/\/turijnmagazijn.jumpstone-dev.nl\/#website\",\"url\":\"https:\/\/turijnmagazijn.jumpstone-dev.nl\/\",\"name\":\"Turijnmagazijn\",\"description\":\"Onderdelen nieuw en gebruikt - Fiat &amp; Lancia\",\"publisher\":{\"@id\":\"https:\/\/turijnmagazijn.jumpstone-dev.nl\/#organization\"},\"potentialAction\":[{\"@type\":\"SearchAction\",\"target\":{\"@type\":\"EntryPoint\",\"urlTemplate\":\"https:\/\/turijnmagazijn.jumpstone-dev.nl\/?s={search_term_string}\"},\"query-input\":{\"@type\":\"PropertyValueSpecification\",\"valueRequired\":true,\"valueName\":\"search_term_string\"}}],\"inLanguage\":\"it-IT\"},{\"@type\":\"Organization\",\"@id\":\"https:\/\/turijnmagazijn.jumpstone-dev.nl\/#organization\",\"name\":\"Turijnmagazijn\",\"url\":\"https:\/\/turijnmagazijn.jumpstone-dev.nl\/\",\"logo\":{\"@type\":\"ImageObject\",\"inLanguage\":\"it-IT\",\"@id\":\"https:\/\/turijnmagazijn.jumpstone-dev.nl\/#\/schema\/logo\/image\/\",\"url\":\"https:\/\/turijnmagazijn.nl\/wp-content\/uploads\/2021\/02\/turijnmagazijnlogo.png\",\"contentUrl\":\"https:\/\/turijnmagazijn.nl\/wp-content\/uploads\/2021\/02\/turijnmagazijnlogo.png\",\"width\":555,\"height\":270,\"caption\":\"Turijnmagazijn\"},\"image\":{\"@id\":\"https:\/\/turijnmagazijn.jumpstone-dev.nl\/#\/schema\/logo\/image\/\"},\"sameAs\":[\"https:\/\/www.facebook.com\/turijnmagazijn\"]}]}<\/script>\n<!-- \/ Yoast SEO plugin. -->","yoast_head_json":{"title":"Riparazione parte interna logo Fiat rosso Bravo 2 Croma 2 (m) - Turijnmagazijn","robots":{"index":"index","follow":"follow","max-snippet":"max-snippet:-1","max-image-preview":"max-image-preview:large","max-video-preview":"max-video-preview:-1"},"canonical":"https:\/\/turijnmagazijn.nl\/it\/prodotto\/logo-portellone-posteriore-fiat-500x-rosso-95mm-imitazione-kopie-kopie\/","og_locale":"it_IT","og_type":"article","og_title":"Riparazione parte interna logo Fiat rosso Bravo 2 Croma 2 (m) - Turijnmagazijn","og_description":"Riparazione parte interna logo Fiat rosso Bravo 2 e Croma 2 adatto per loghi con oem 51944206","og_url":"https:\/\/turijnmagazijn.nl\/it\/prodotto\/logo-portellone-posteriore-fiat-500x-rosso-95mm-imitazione-kopie-kopie\/","og_site_name":"Turijnmagazijn","article_publisher":"https:\/\/www.facebook.com\/turijnmagazijn","article_modified_time":"2025-11-03T16:10:45+00:00","og_image":[{"width":1024,"height":768,"url":"https:\/\/turijnmagazijn.nl\/wp-content\/uploads\/2025\/10\/DN0100447-Reparatie-binnendeel-logo-Fiat-rood-Bravo-2-Croma-2-M-51944206-3.jpg","type":"image\/jpeg"}],"twitter_card":"summary_large_image","twitter_misc":{"Tempo di lettura stimato":"1 minuto"},"schema":{"@context":"https:\/\/schema.org","@graph":[{"@type":"WebPage","@id":"https:\/\/turijnmagazijn.nl\/it\/prodotto\/logo-portellone-posteriore-fiat-500x-rosso-95mm-imitazione-kopie-kopie\/","url":"https:\/\/turijnmagazijn.nl\/it\/prodotto\/logo-portellone-posteriore-fiat-500x-rosso-95mm-imitazione-kopie-kopie\/","name":"Riparazione parte interna logo Fiat rosso Bravo 2 Croma 2 (m) - Turijnmagazijn","isPartOf":{"@id":"https:\/\/turijnmagazijn.jumpstone-dev.nl\/#website"},"primaryImageOfPage":{"@id":"https:\/\/turijnmagazijn.nl\/it\/prodotto\/logo-portellone-posteriore-fiat-500x-rosso-95mm-imitazione-kopie-kopie\/#primaryimage"},"image":{"@id":"https:\/\/turijnmagazijn.nl\/it\/prodotto\/logo-portellone-posteriore-fiat-500x-rosso-95mm-imitazione-kopie-kopie\/#primaryimage"},"thumbnailUrl":"https:\/\/turijnmagazijn.nl\/wp-content\/uploads\/2025\/10\/DN0100447-Reparatie-binnendeel-logo-Fiat-rood-Bravo-2-Croma-2-M-51944206-3.jpg","datePublished":"2025-10-05T18:29:10+00:00","dateModified":"2025-11-03T16:10:45+00:00","breadcrumb":{"@id":"https:\/\/turijnmagazijn.nl\/it\/prodotto\/logo-portellone-posteriore-fiat-500x-rosso-95mm-imitazione-kopie-kopie\/#breadcrumb"},"inLanguage":"it-IT","potentialAction":[{"@type":"ReadAction","target":["https:\/\/turijnmagazijn.nl\/it\/prodotto\/logo-portellone-posteriore-fiat-500x-rosso-95mm-imitazione-kopie-kopie\/"]}]},{"@type":"ImageObject","inLanguage":"it-IT","@id":"https:\/\/turijnmagazijn.nl\/it\/prodotto\/logo-portellone-posteriore-fiat-500x-rosso-95mm-imitazione-kopie-kopie\/#primaryimage","url":"https:\/\/turijnmagazijn.nl\/wp-content\/uploads\/2025\/10\/DN0100447-Reparatie-binnendeel-logo-Fiat-rood-Bravo-2-Croma-2-M-51944206-3.jpg","contentUrl":"https:\/\/turijnmagazijn.nl\/wp-content\/uploads\/2025\/10\/DN0100447-Reparatie-binnendeel-logo-Fiat-rood-Bravo-2-Croma-2-M-51944206-3.jpg","width":1024,"height":768},{"@type":"BreadcrumbList","@id":"https:\/\/turijnmagazijn.nl\/it\/prodotto\/logo-portellone-posteriore-fiat-500x-rosso-95mm-imitazione-kopie-kopie\/#breadcrumb","itemListElement":[{"@type":"ListItem","position":1,"name":"Home","item":"https:\/\/turijnmagazijn.nl\/it\/"},{"@type":"ListItem","position":2,"name":"Prodotti","item":"https:\/\/turijnmagazijn.nl\/it\/shop\/"},{"@type":"ListItem","position":3,"name":"Riparazione parte interna logo Fiat rosso Bravo 2 Croma 2 (m)"}]},{"@type":"WebSite","@id":"https:\/\/turijnmagazijn.jumpstone-dev.nl\/#website","url":"https:\/\/turijnmagazijn.jumpstone-dev.nl\/","name":"Turijnmagazijn","description":"Onderdelen nieuw en gebruikt - Fiat &amp; Lancia","publisher":{"@id":"https:\/\/turijnmagazijn.jumpstone-dev.nl\/#organization"},"potentialAction":[{"@type":"SearchAction","target":{"@type":"EntryPoint","urlTemplate":"https:\/\/turijnmagazijn.jumpstone-dev.nl\/?s={search_term_string}"},"query-input":{"@type":"PropertyValueSpecification","valueRequired":true,"valueName":"search_term_string"}}],"inLanguage":"it-IT"},{"@type":"Organization","@id":"https:\/\/turijnmagazijn.jumpstone-dev.nl\/#organization","name":"Turijnmagazijn","url":"https:\/\/turijnmagazijn.jumpstone-dev.nl\/","logo":{"@type":"ImageObject","inLanguage":"it-IT","@id":"https:\/\/turijnmagazijn.jumpstone-dev.nl\/#\/schema\/logo\/image\/","url":"https:\/\/turijnmagazijn.nl\/wp-content\/uploads\/2021\/02\/turijnmagazijnlogo.png","contentUrl":"https:\/\/turijnmagazijn.nl\/wp-content\/uploads\/2021\/02\/turijnmagazijnlogo.png","width":555,"height":270,"caption":"Turijnmagazijn"},"image":{"@id":"https:\/\/turijnmagazijn.jumpstone-dev.nl\/#\/schema\/logo\/image\/"},"sameAs":["https:\/\/www.facebook.com\/turijnmagazijn"]}]}},"_links":{"self":[{"href":"https:\/\/turijnmagazijn.nl\/it\/wp-json\/wp\/v2\/product\/95070","targetHints":{"allow":["GET"]}}],"collection":[{"href":"https:\/\/turijnmagazijn.nl\/it\/wp-json\/wp\/v2\/product"}],"about":[{"href":"https:\/\/turijnmagazijn.nl\/it\/wp-json\/wp\/v2\/types\/product"}],"replies":[{"embeddable":true,"href":"https:\/\/turijnmagazijn.nl\/it\/wp-json\/wp\/v2\/comments?post=95070"}],"wp:featuredmedia":[{"embeddable":true,"href":"https:\/\/turijnmagazijn.nl\/it\/wp-json\/wp\/v2\/media\/95097"}],"wp:attachment":[{"href":"https:\/\/turijnmagazijn.nl\/it\/wp-json\/wp\/v2\/media?parent=95070"}],"wp:term":[{"taxonomy":"product_brand","embeddable":true,"href":"https:\/\/turijnmagazijn.nl\/it\/wp-json\/wp\/v2\/product_brand?post=95070"},{"taxonomy":"product_cat","embeddable":true,"href":"https:\/\/turijnmagazijn.nl\/it\/wp-json\/wp\/v2\/product_cat?post=95070"},{"taxonomy":"product_tag","embeddable":true,"href":"https:\/\/turijnmagazijn.nl\/it\/wp-json\/wp\/v2\/product_tag?post=95070"}],"curies":[{"name":"wp","href":"https:\/\/api.w.org\/{rel}","templated":true}]}}