{"id":95553,"date":"2025-08-18T12:38:37","date_gmt":"2025-08-18T10:38:37","guid":{"rendered":"https:\/\/turijnmagazijn.nl\/product\/montaggio-tappo-paracalore-cofano-lancia-delta-integrale\/"},"modified":"2025-08-18T12:38:37","modified_gmt":"2025-08-18T10:38:37","slug":"montaggio-tappo-paracalore-cofano-lancia-delta-integrale","status":"publish","type":"product","link":"https:\/\/turijnmagazijn.nl\/it\/prodotto\/montaggio-tappo-paracalore-cofano-lancia-delta-integrale\/","title":{"rendered":"Montaggio tappo paracalore cofano Lancia Delta Integrale"},"content":{"rendered":"<p>Pinza in plastica nera per il montaggio dello scudo termico sotto il cofano della Lancia Delta Integrale. Queste clip sono pi\u00f9 corte delle clip simili utilizzate anche sulla Delta Integrale. \u00c8 importante utilizzare le clip giuste al posto giusto: le clip pi\u00f9 lunghe non si adattano all&#8217;incavo poco profondo sotto il cofano, mentre queste clip si adattano. Per sostituire il numero OEM Lancia 7560860   <\/p>\n<p>&nbsp;<\/p>\n<p>nder part number 9 on the technical drawing from EPER drawing number 32C67485E2F3E13E01409C01337B9802 regarding the application on the Lancia Delta Integrale. Sono necessari 15 pezzi di questo componente per ogni auto. <\/p>\n","protected":false},"excerpt":{"rendered":"<p>7560860 Spina in plastica nera per il montaggio del paracalore sotto il cofano della Lancia Delta Integrale. Queste clip di rifinitura sono di colore nero. <\/p>\n","protected":false},"featured_media":95528,"comment_status":"open","ping_status":"closed","template":"","meta":{"_acf_changed":false},"product_brand":[],"product_cat":[1808,1820,1824,1828,1835,1832,1840,1800],"product_tag":[],"class_list":{"0":"post-95553","1":"product","2":"type-product","3":"status-publish","4":"has-post-thumbnail","6":"product_cat-delta-1-831-it","7":"product_cat-gt-i-e-it","8":"product_cat-hf-4wd-it","9":"product_cat-hf-turbo-it","10":"product_cat-integrale-16v-it","11":"product_cat-integrale-8v-it","12":"product_cat-integrale-evo-it","13":"product_cat-lancia-it","14":"pa_soort-onderdeel-corpo-e-lamiera","16":"first","17":"instock","18":"shipping-taxable","19":"purchasable","20":"product-type-simple"},"acf":[],"yoast_head":"<!-- This site is optimized with the Yoast SEO plugin v27.2 - https:\/\/yoast.com\/product\/yoast-seo-wordpress\/ -->\n<title>Montaggio tappo paracalore cofano Lancia Delta Integrale - Turijnmagazijn<\/title>\n<meta name=\"robots\" content=\"index, follow, max-snippet:-1, max-image-preview:large, max-video-preview:-1\" \/>\n<link rel=\"canonical\" href=\"https:\/\/turijnmagazijn.nl\/it\/prodotto\/montaggio-tappo-paracalore-cofano-lancia-delta-integrale\/\" \/>\n<meta property=\"og:locale\" content=\"it_IT\" \/>\n<meta property=\"og:type\" content=\"article\" \/>\n<meta property=\"og:title\" content=\"Montaggio tappo paracalore cofano Lancia Delta Integrale - Turijnmagazijn\" \/>\n<meta property=\"og:description\" content=\"7560860 Spina in plastica nera per il montaggio del paracalore sotto il cofano della Lancia Delta Integrale. Queste clip di rifinitura sono di colore nero.\" \/>\n<meta property=\"og:url\" content=\"https:\/\/turijnmagazijn.nl\/it\/prodotto\/montaggio-tappo-paracalore-cofano-lancia-delta-integrale\/\" \/>\n<meta property=\"og:site_name\" content=\"Turijnmagazijn\" \/>\n<meta property=\"article:publisher\" content=\"https:\/\/www.facebook.com\/turijnmagazijn\" \/>\n<meta name=\"twitter:card\" content=\"summary_large_image\" \/>\n<script type=\"application\/ld+json\" class=\"yoast-schema-graph\">{\"@context\":\"https:\/\/schema.org\",\"@graph\":[{\"@type\":\"WebPage\",\"@id\":\"https:\/\/turijnmagazijn.nl\/it\/prodotto\/montaggio-tappo-paracalore-cofano-lancia-delta-integrale\/\",\"url\":\"https:\/\/turijnmagazijn.nl\/it\/prodotto\/montaggio-tappo-paracalore-cofano-lancia-delta-integrale\/\",\"name\":\"Montaggio tappo paracalore cofano Lancia Delta Integrale - Turijnmagazijn\",\"isPartOf\":{\"@id\":\"https:\/\/turijnmagazijn.jumpstone-dev.nl\/#website\"},\"primaryImageOfPage\":{\"@id\":\"https:\/\/turijnmagazijn.nl\/it\/prodotto\/montaggio-tappo-paracalore-cofano-lancia-delta-integrale\/#primaryimage\"},\"image\":{\"@id\":\"https:\/\/turijnmagazijn.nl\/it\/prodotto\/montaggio-tappo-paracalore-cofano-lancia-delta-integrale\/#primaryimage\"},\"thumbnailUrl\":\"https:\/\/turijnmagazijn.nl\/wp-content\/uploads\/2025\/08\/DN0100437-Plug-montage-hitteschild-motorkap-Lancia-Delta-Integrale-7560860-2.jpg\",\"datePublished\":\"2025-08-18T10:38:37+00:00\",\"breadcrumb\":{\"@id\":\"https:\/\/turijnmagazijn.nl\/it\/prodotto\/montaggio-tappo-paracalore-cofano-lancia-delta-integrale\/#breadcrumb\"},\"inLanguage\":\"it-IT\",\"potentialAction\":[{\"@type\":\"ReadAction\",\"target\":[\"https:\/\/turijnmagazijn.nl\/it\/prodotto\/montaggio-tappo-paracalore-cofano-lancia-delta-integrale\/\"]}]},{\"@type\":\"ImageObject\",\"inLanguage\":\"it-IT\",\"@id\":\"https:\/\/turijnmagazijn.nl\/it\/prodotto\/montaggio-tappo-paracalore-cofano-lancia-delta-integrale\/#primaryimage\",\"url\":\"https:\/\/turijnmagazijn.nl\/wp-content\/uploads\/2025\/08\/DN0100437-Plug-montage-hitteschild-motorkap-Lancia-Delta-Integrale-7560860-2.jpg\",\"contentUrl\":\"https:\/\/turijnmagazijn.nl\/wp-content\/uploads\/2025\/08\/DN0100437-Plug-montage-hitteschild-motorkap-Lancia-Delta-Integrale-7560860-2.jpg\",\"width\":1755,\"height\":1225},{\"@type\":\"BreadcrumbList\",\"@id\":\"https:\/\/turijnmagazijn.nl\/it\/prodotto\/montaggio-tappo-paracalore-cofano-lancia-delta-integrale\/#breadcrumb\",\"itemListElement\":[{\"@type\":\"ListItem\",\"position\":1,\"name\":\"Home\",\"item\":\"https:\/\/turijnmagazijn.nl\/it\/\"},{\"@type\":\"ListItem\",\"position\":2,\"name\":\"Prodotti\",\"item\":\"https:\/\/turijnmagazijn.nl\/it\/shop\/\"},{\"@type\":\"ListItem\",\"position\":3,\"name\":\"Montaggio tappo paracalore cofano Lancia Delta Integrale\"}]},{\"@type\":\"WebSite\",\"@id\":\"https:\/\/turijnmagazijn.jumpstone-dev.nl\/#website\",\"url\":\"https:\/\/turijnmagazijn.jumpstone-dev.nl\/\",\"name\":\"Turijnmagazijn\",\"description\":\"Onderdelen nieuw en gebruikt - Fiat &amp; Lancia\",\"publisher\":{\"@id\":\"https:\/\/turijnmagazijn.jumpstone-dev.nl\/#organization\"},\"potentialAction\":[{\"@type\":\"SearchAction\",\"target\":{\"@type\":\"EntryPoint\",\"urlTemplate\":\"https:\/\/turijnmagazijn.jumpstone-dev.nl\/?s={search_term_string}\"},\"query-input\":{\"@type\":\"PropertyValueSpecification\",\"valueRequired\":true,\"valueName\":\"search_term_string\"}}],\"inLanguage\":\"it-IT\"},{\"@type\":\"Organization\",\"@id\":\"https:\/\/turijnmagazijn.jumpstone-dev.nl\/#organization\",\"name\":\"Turijnmagazijn\",\"url\":\"https:\/\/turijnmagazijn.jumpstone-dev.nl\/\",\"logo\":{\"@type\":\"ImageObject\",\"inLanguage\":\"it-IT\",\"@id\":\"https:\/\/turijnmagazijn.jumpstone-dev.nl\/#\/schema\/logo\/image\/\",\"url\":\"https:\/\/turijnmagazijn.nl\/wp-content\/uploads\/2021\/02\/turijnmagazijnlogo.png\",\"contentUrl\":\"https:\/\/turijnmagazijn.nl\/wp-content\/uploads\/2021\/02\/turijnmagazijnlogo.png\",\"width\":555,\"height\":270,\"caption\":\"Turijnmagazijn\"},\"image\":{\"@id\":\"https:\/\/turijnmagazijn.jumpstone-dev.nl\/#\/schema\/logo\/image\/\"},\"sameAs\":[\"https:\/\/www.facebook.com\/turijnmagazijn\"]}]}<\/script>\n<!-- \/ Yoast SEO plugin. -->","yoast_head_json":{"title":"Montaggio tappo paracalore cofano Lancia Delta Integrale - Turijnmagazijn","robots":{"index":"index","follow":"follow","max-snippet":"max-snippet:-1","max-image-preview":"max-image-preview:large","max-video-preview":"max-video-preview:-1"},"canonical":"https:\/\/turijnmagazijn.nl\/it\/prodotto\/montaggio-tappo-paracalore-cofano-lancia-delta-integrale\/","og_locale":"it_IT","og_type":"article","og_title":"Montaggio tappo paracalore cofano Lancia Delta Integrale - Turijnmagazijn","og_description":"7560860 Spina in plastica nera per il montaggio del paracalore sotto il cofano della Lancia Delta Integrale. Queste clip di rifinitura sono di colore nero.","og_url":"https:\/\/turijnmagazijn.nl\/it\/prodotto\/montaggio-tappo-paracalore-cofano-lancia-delta-integrale\/","og_site_name":"Turijnmagazijn","article_publisher":"https:\/\/www.facebook.com\/turijnmagazijn","twitter_card":"summary_large_image","schema":{"@context":"https:\/\/schema.org","@graph":[{"@type":"WebPage","@id":"https:\/\/turijnmagazijn.nl\/it\/prodotto\/montaggio-tappo-paracalore-cofano-lancia-delta-integrale\/","url":"https:\/\/turijnmagazijn.nl\/it\/prodotto\/montaggio-tappo-paracalore-cofano-lancia-delta-integrale\/","name":"Montaggio tappo paracalore cofano Lancia Delta Integrale - Turijnmagazijn","isPartOf":{"@id":"https:\/\/turijnmagazijn.jumpstone-dev.nl\/#website"},"primaryImageOfPage":{"@id":"https:\/\/turijnmagazijn.nl\/it\/prodotto\/montaggio-tappo-paracalore-cofano-lancia-delta-integrale\/#primaryimage"},"image":{"@id":"https:\/\/turijnmagazijn.nl\/it\/prodotto\/montaggio-tappo-paracalore-cofano-lancia-delta-integrale\/#primaryimage"},"thumbnailUrl":"https:\/\/turijnmagazijn.nl\/wp-content\/uploads\/2025\/08\/DN0100437-Plug-montage-hitteschild-motorkap-Lancia-Delta-Integrale-7560860-2.jpg","datePublished":"2025-08-18T10:38:37+00:00","breadcrumb":{"@id":"https:\/\/turijnmagazijn.nl\/it\/prodotto\/montaggio-tappo-paracalore-cofano-lancia-delta-integrale\/#breadcrumb"},"inLanguage":"it-IT","potentialAction":[{"@type":"ReadAction","target":["https:\/\/turijnmagazijn.nl\/it\/prodotto\/montaggio-tappo-paracalore-cofano-lancia-delta-integrale\/"]}]},{"@type":"ImageObject","inLanguage":"it-IT","@id":"https:\/\/turijnmagazijn.nl\/it\/prodotto\/montaggio-tappo-paracalore-cofano-lancia-delta-integrale\/#primaryimage","url":"https:\/\/turijnmagazijn.nl\/wp-content\/uploads\/2025\/08\/DN0100437-Plug-montage-hitteschild-motorkap-Lancia-Delta-Integrale-7560860-2.jpg","contentUrl":"https:\/\/turijnmagazijn.nl\/wp-content\/uploads\/2025\/08\/DN0100437-Plug-montage-hitteschild-motorkap-Lancia-Delta-Integrale-7560860-2.jpg","width":1755,"height":1225},{"@type":"BreadcrumbList","@id":"https:\/\/turijnmagazijn.nl\/it\/prodotto\/montaggio-tappo-paracalore-cofano-lancia-delta-integrale\/#breadcrumb","itemListElement":[{"@type":"ListItem","position":1,"name":"Home","item":"https:\/\/turijnmagazijn.nl\/it\/"},{"@type":"ListItem","position":2,"name":"Prodotti","item":"https:\/\/turijnmagazijn.nl\/it\/shop\/"},{"@type":"ListItem","position":3,"name":"Montaggio tappo paracalore cofano Lancia Delta Integrale"}]},{"@type":"WebSite","@id":"https:\/\/turijnmagazijn.jumpstone-dev.nl\/#website","url":"https:\/\/turijnmagazijn.jumpstone-dev.nl\/","name":"Turijnmagazijn","description":"Onderdelen nieuw en gebruikt - Fiat &amp; Lancia","publisher":{"@id":"https:\/\/turijnmagazijn.jumpstone-dev.nl\/#organization"},"potentialAction":[{"@type":"SearchAction","target":{"@type":"EntryPoint","urlTemplate":"https:\/\/turijnmagazijn.jumpstone-dev.nl\/?s={search_term_string}"},"query-input":{"@type":"PropertyValueSpecification","valueRequired":true,"valueName":"search_term_string"}}],"inLanguage":"it-IT"},{"@type":"Organization","@id":"https:\/\/turijnmagazijn.jumpstone-dev.nl\/#organization","name":"Turijnmagazijn","url":"https:\/\/turijnmagazijn.jumpstone-dev.nl\/","logo":{"@type":"ImageObject","inLanguage":"it-IT","@id":"https:\/\/turijnmagazijn.jumpstone-dev.nl\/#\/schema\/logo\/image\/","url":"https:\/\/turijnmagazijn.nl\/wp-content\/uploads\/2021\/02\/turijnmagazijnlogo.png","contentUrl":"https:\/\/turijnmagazijn.nl\/wp-content\/uploads\/2021\/02\/turijnmagazijnlogo.png","width":555,"height":270,"caption":"Turijnmagazijn"},"image":{"@id":"https:\/\/turijnmagazijn.jumpstone-dev.nl\/#\/schema\/logo\/image\/"},"sameAs":["https:\/\/www.facebook.com\/turijnmagazijn"]}]}},"_links":{"self":[{"href":"https:\/\/turijnmagazijn.nl\/it\/wp-json\/wp\/v2\/product\/95553","targetHints":{"allow":["GET"]}}],"collection":[{"href":"https:\/\/turijnmagazijn.nl\/it\/wp-json\/wp\/v2\/product"}],"about":[{"href":"https:\/\/turijnmagazijn.nl\/it\/wp-json\/wp\/v2\/types\/product"}],"replies":[{"embeddable":true,"href":"https:\/\/turijnmagazijn.nl\/it\/wp-json\/wp\/v2\/comments?post=95553"}],"wp:featuredmedia":[{"embeddable":true,"href":"https:\/\/turijnmagazijn.nl\/it\/wp-json\/wp\/v2\/media\/95528"}],"wp:attachment":[{"href":"https:\/\/turijnmagazijn.nl\/it\/wp-json\/wp\/v2\/media?parent=95553"}],"wp:term":[{"taxonomy":"product_brand","embeddable":true,"href":"https:\/\/turijnmagazijn.nl\/it\/wp-json\/wp\/v2\/product_brand?post=95553"},{"taxonomy":"product_cat","embeddable":true,"href":"https:\/\/turijnmagazijn.nl\/it\/wp-json\/wp\/v2\/product_cat?post=95553"},{"taxonomy":"product_tag","embeddable":true,"href":"https:\/\/turijnmagazijn.nl\/it\/wp-json\/wp\/v2\/product_tag?post=95553"}],"curies":[{"name":"wp","href":"https:\/\/api.w.org\/{rel}","templated":true}]}}