{"id":96027,"date":"2025-12-05T21:17:56","date_gmt":"2025-12-05T20:17:56","guid":{"rendered":"https:\/\/turijnmagazijn.nl\/?post_type=product&#038;p=96027"},"modified":"2026-01-12T09:13:53","modified_gmt":"2026-01-12T08:13:53","slug":"logo-lancia-kappa-3-0-per-berlina-e-coupe-kopie","status":"publish","type":"product","link":"https:\/\/turijnmagazijn.nl\/it\/prodotto\/logo-lancia-kappa-3-0-per-berlina-e-coupe-kopie\/","title":{"rendered":"Logo alare Lancia Kappa 3.0 COMPLETO &#8211; set 2 pezzi rinnovato."},"content":{"rendered":"<p>Set di 2 emblemi ricondizionati per il montaggio dei parafanghi per Lancia Kappa.<br \/>\nOpschift \u00e8 Lancia K 3.0<br \/>\nLa base cromata \u00e8 originale e presenta segni di utilizzo. il logo sulla parte anteriore \u00e8 stato sostituito con un&#8217;imitazione come da foto. Il retro \u00e8 rivestito con un nuovo strato di nastro autoadesivo professionale 3M delle dimensioni corrette. Pronto per l&#8217;assemblaggio. Ideale per dare alla tua Kappa un aspetto fresco dopo la verniciatura.<br \/>\nOEM Lancia 46415691<\/p>\n","protected":false},"excerpt":{"rendered":"<p>46415791 Set di 2 emblemi ricondizionati per il montaggio di alette per Lancia Kappa. 3.0 per berlina e coup\u00e9<\/p>\n","protected":false},"featured_media":96226,"comment_status":"closed","ping_status":"closed","template":"","meta":{"_acf_changed":false},"product_brand":[],"product_cat":[1863,1866,1857,1800],"product_tag":[],"class_list":{"0":"post-96027","1":"product","2":"type-product","3":"status-publish","4":"has-post-thumbnail","6":"product_cat-berlina-it","7":"product_cat-coupe-it","8":"product_cat-kappa-838-it","9":"product_cat-lancia-it","10":"pa_soort-onderdeel-corpo-e-lamiera","12":"first","13":"instock","14":"shipping-taxable","15":"purchasable","16":"product-type-simple"},"acf":[],"yoast_head":"<!-- This site is optimized with the Yoast SEO plugin v27.2 - https:\/\/yoast.com\/product\/yoast-seo-wordpress\/ -->\n<title>Logo alare Lancia Kappa 3.0 COMPLETO - set 2 pezzi rinnovato. - Turijnmagazijn<\/title>\n<meta name=\"robots\" content=\"index, follow, max-snippet:-1, max-image-preview:large, max-video-preview:-1\" \/>\n<link rel=\"canonical\" href=\"https:\/\/turijnmagazijn.nl\/it\/prodotto\/logo-lancia-kappa-3-0-per-berlina-e-coupe-kopie\/\" \/>\n<meta property=\"og:locale\" content=\"it_IT\" \/>\n<meta property=\"og:type\" content=\"article\" \/>\n<meta property=\"og:title\" content=\"Logo alare Lancia Kappa 3.0 COMPLETO - set 2 pezzi rinnovato. - Turijnmagazijn\" \/>\n<meta property=\"og:description\" content=\"46415791 Set di 2 emblemi ricondizionati per il montaggio di alette per Lancia Kappa. 3.0 per berlina e coup\u00e9\" \/>\n<meta property=\"og:url\" content=\"https:\/\/turijnmagazijn.nl\/it\/prodotto\/logo-lancia-kappa-3-0-per-berlina-e-coupe-kopie\/\" \/>\n<meta property=\"og:site_name\" content=\"Turijnmagazijn\" \/>\n<meta property=\"article:publisher\" content=\"https:\/\/www.facebook.com\/turijnmagazijn\" \/>\n<meta property=\"article:modified_time\" content=\"2026-01-12T08:13:53+00:00\" \/>\n<meta property=\"og:image\" content=\"https:\/\/turijnmagazijn.nl\/wp-content\/uploads\/2025\/12\/DK0102773-Lancia-Kappa-spatbord-logo-3.0-COMPLEET-\u2013-gereviseerd-set-2-st.-46415791-3.jpg\" \/>\n\t<meta property=\"og:image:width\" content=\"1920\" \/>\n\t<meta property=\"og:image:height\" content=\"1080\" \/>\n\t<meta property=\"og:image:type\" content=\"image\/jpeg\" \/>\n<meta name=\"twitter:card\" content=\"summary_large_image\" \/>\n<script type=\"application\/ld+json\" class=\"yoast-schema-graph\">{\"@context\":\"https:\/\/schema.org\",\"@graph\":[{\"@type\":\"WebPage\",\"@id\":\"https:\/\/turijnmagazijn.nl\/it\/prodotto\/logo-lancia-kappa-3-0-per-berlina-e-coupe-kopie\/\",\"url\":\"https:\/\/turijnmagazijn.nl\/it\/prodotto\/logo-lancia-kappa-3-0-per-berlina-e-coupe-kopie\/\",\"name\":\"Logo alare Lancia Kappa 3.0 COMPLETO - set 2 pezzi rinnovato. - Turijnmagazijn\",\"isPartOf\":{\"@id\":\"https:\/\/turijnmagazijn.jumpstone-dev.nl\/#website\"},\"primaryImageOfPage\":{\"@id\":\"https:\/\/turijnmagazijn.nl\/it\/prodotto\/logo-lancia-kappa-3-0-per-berlina-e-coupe-kopie\/#primaryimage\"},\"image\":{\"@id\":\"https:\/\/turijnmagazijn.nl\/it\/prodotto\/logo-lancia-kappa-3-0-per-berlina-e-coupe-kopie\/#primaryimage\"},\"thumbnailUrl\":\"https:\/\/turijnmagazijn.nl\/wp-content\/uploads\/2025\/12\/DK0102773-Lancia-Kappa-spatbord-logo-3.0-COMPLEET-\u2013-gereviseerd-set-2-st.-46415791-3.jpg\",\"datePublished\":\"2025-12-05T20:17:56+00:00\",\"dateModified\":\"2026-01-12T08:13:53+00:00\",\"breadcrumb\":{\"@id\":\"https:\/\/turijnmagazijn.nl\/it\/prodotto\/logo-lancia-kappa-3-0-per-berlina-e-coupe-kopie\/#breadcrumb\"},\"inLanguage\":\"it-IT\",\"potentialAction\":[{\"@type\":\"ReadAction\",\"target\":[\"https:\/\/turijnmagazijn.nl\/it\/prodotto\/logo-lancia-kappa-3-0-per-berlina-e-coupe-kopie\/\"]}]},{\"@type\":\"ImageObject\",\"inLanguage\":\"it-IT\",\"@id\":\"https:\/\/turijnmagazijn.nl\/it\/prodotto\/logo-lancia-kappa-3-0-per-berlina-e-coupe-kopie\/#primaryimage\",\"url\":\"https:\/\/turijnmagazijn.nl\/wp-content\/uploads\/2025\/12\/DK0102773-Lancia-Kappa-spatbord-logo-3.0-COMPLEET-\u2013-gereviseerd-set-2-st.-46415791-3.jpg\",\"contentUrl\":\"https:\/\/turijnmagazijn.nl\/wp-content\/uploads\/2025\/12\/DK0102773-Lancia-Kappa-spatbord-logo-3.0-COMPLEET-\u2013-gereviseerd-set-2-st.-46415791-3.jpg\",\"width\":1920,\"height\":1080},{\"@type\":\"BreadcrumbList\",\"@id\":\"https:\/\/turijnmagazijn.nl\/it\/prodotto\/logo-lancia-kappa-3-0-per-berlina-e-coupe-kopie\/#breadcrumb\",\"itemListElement\":[{\"@type\":\"ListItem\",\"position\":1,\"name\":\"Home\",\"item\":\"https:\/\/turijnmagazijn.jumpstone-dev.nl\/\"},{\"@type\":\"ListItem\",\"position\":2,\"name\":\"Prodotti\",\"item\":\"https:\/\/turijnmagazijn.nl\/it\/shop\/\"},{\"@type\":\"ListItem\",\"position\":3,\"name\":\"Logo alare Lancia Kappa 3.0 COMPLETO &#8211; set 2 pezzi rinnovato.\"}]},{\"@type\":\"WebSite\",\"@id\":\"https:\/\/turijnmagazijn.jumpstone-dev.nl\/#website\",\"url\":\"https:\/\/turijnmagazijn.jumpstone-dev.nl\/\",\"name\":\"Turijnmagazijn\",\"description\":\"Onderdelen nieuw en gebruikt - Fiat &amp; Lancia\",\"publisher\":{\"@id\":\"https:\/\/turijnmagazijn.jumpstone-dev.nl\/#organization\"},\"potentialAction\":[{\"@type\":\"SearchAction\",\"target\":{\"@type\":\"EntryPoint\",\"urlTemplate\":\"https:\/\/turijnmagazijn.jumpstone-dev.nl\/?s={search_term_string}\"},\"query-input\":{\"@type\":\"PropertyValueSpecification\",\"valueRequired\":true,\"valueName\":\"search_term_string\"}}],\"inLanguage\":\"it-IT\"},{\"@type\":\"Organization\",\"@id\":\"https:\/\/turijnmagazijn.jumpstone-dev.nl\/#organization\",\"name\":\"Turijnmagazijn\",\"url\":\"https:\/\/turijnmagazijn.jumpstone-dev.nl\/\",\"logo\":{\"@type\":\"ImageObject\",\"inLanguage\":\"it-IT\",\"@id\":\"https:\/\/turijnmagazijn.jumpstone-dev.nl\/#\/schema\/logo\/image\/\",\"url\":\"https:\/\/turijnmagazijn.nl\/wp-content\/uploads\/2021\/02\/turijnmagazijnlogo.png\",\"contentUrl\":\"https:\/\/turijnmagazijn.nl\/wp-content\/uploads\/2021\/02\/turijnmagazijnlogo.png\",\"width\":555,\"height\":270,\"caption\":\"Turijnmagazijn\"},\"image\":{\"@id\":\"https:\/\/turijnmagazijn.jumpstone-dev.nl\/#\/schema\/logo\/image\/\"},\"sameAs\":[\"https:\/\/www.facebook.com\/turijnmagazijn\"]}]}<\/script>\n<!-- \/ Yoast SEO plugin. -->","yoast_head_json":{"title":"Logo alare Lancia Kappa 3.0 COMPLETO - set 2 pezzi rinnovato. - Turijnmagazijn","robots":{"index":"index","follow":"follow","max-snippet":"max-snippet:-1","max-image-preview":"max-image-preview:large","max-video-preview":"max-video-preview:-1"},"canonical":"https:\/\/turijnmagazijn.nl\/it\/prodotto\/logo-lancia-kappa-3-0-per-berlina-e-coupe-kopie\/","og_locale":"it_IT","og_type":"article","og_title":"Logo alare Lancia Kappa 3.0 COMPLETO - set 2 pezzi rinnovato. - Turijnmagazijn","og_description":"46415791 Set di 2 emblemi ricondizionati per il montaggio di alette per Lancia Kappa. 3.0 per berlina e coup\u00e9","og_url":"https:\/\/turijnmagazijn.nl\/it\/prodotto\/logo-lancia-kappa-3-0-per-berlina-e-coupe-kopie\/","og_site_name":"Turijnmagazijn","article_publisher":"https:\/\/www.facebook.com\/turijnmagazijn","article_modified_time":"2026-01-12T08:13:53+00:00","og_image":[{"width":1920,"height":1080,"url":"https:\/\/turijnmagazijn.nl\/wp-content\/uploads\/2025\/12\/DK0102773-Lancia-Kappa-spatbord-logo-3.0-COMPLEET-\u2013-gereviseerd-set-2-st.-46415791-3.jpg","type":"image\/jpeg"}],"twitter_card":"summary_large_image","schema":{"@context":"https:\/\/schema.org","@graph":[{"@type":"WebPage","@id":"https:\/\/turijnmagazijn.nl\/it\/prodotto\/logo-lancia-kappa-3-0-per-berlina-e-coupe-kopie\/","url":"https:\/\/turijnmagazijn.nl\/it\/prodotto\/logo-lancia-kappa-3-0-per-berlina-e-coupe-kopie\/","name":"Logo alare Lancia Kappa 3.0 COMPLETO - set 2 pezzi rinnovato. - Turijnmagazijn","isPartOf":{"@id":"https:\/\/turijnmagazijn.jumpstone-dev.nl\/#website"},"primaryImageOfPage":{"@id":"https:\/\/turijnmagazijn.nl\/it\/prodotto\/logo-lancia-kappa-3-0-per-berlina-e-coupe-kopie\/#primaryimage"},"image":{"@id":"https:\/\/turijnmagazijn.nl\/it\/prodotto\/logo-lancia-kappa-3-0-per-berlina-e-coupe-kopie\/#primaryimage"},"thumbnailUrl":"https:\/\/turijnmagazijn.nl\/wp-content\/uploads\/2025\/12\/DK0102773-Lancia-Kappa-spatbord-logo-3.0-COMPLEET-\u2013-gereviseerd-set-2-st.-46415791-3.jpg","datePublished":"2025-12-05T20:17:56+00:00","dateModified":"2026-01-12T08:13:53+00:00","breadcrumb":{"@id":"https:\/\/turijnmagazijn.nl\/it\/prodotto\/logo-lancia-kappa-3-0-per-berlina-e-coupe-kopie\/#breadcrumb"},"inLanguage":"it-IT","potentialAction":[{"@type":"ReadAction","target":["https:\/\/turijnmagazijn.nl\/it\/prodotto\/logo-lancia-kappa-3-0-per-berlina-e-coupe-kopie\/"]}]},{"@type":"ImageObject","inLanguage":"it-IT","@id":"https:\/\/turijnmagazijn.nl\/it\/prodotto\/logo-lancia-kappa-3-0-per-berlina-e-coupe-kopie\/#primaryimage","url":"https:\/\/turijnmagazijn.nl\/wp-content\/uploads\/2025\/12\/DK0102773-Lancia-Kappa-spatbord-logo-3.0-COMPLEET-\u2013-gereviseerd-set-2-st.-46415791-3.jpg","contentUrl":"https:\/\/turijnmagazijn.nl\/wp-content\/uploads\/2025\/12\/DK0102773-Lancia-Kappa-spatbord-logo-3.0-COMPLEET-\u2013-gereviseerd-set-2-st.-46415791-3.jpg","width":1920,"height":1080},{"@type":"BreadcrumbList","@id":"https:\/\/turijnmagazijn.nl\/it\/prodotto\/logo-lancia-kappa-3-0-per-berlina-e-coupe-kopie\/#breadcrumb","itemListElement":[{"@type":"ListItem","position":1,"name":"Home","item":"https:\/\/turijnmagazijn.jumpstone-dev.nl\/"},{"@type":"ListItem","position":2,"name":"Prodotti","item":"https:\/\/turijnmagazijn.nl\/it\/shop\/"},{"@type":"ListItem","position":3,"name":"Logo alare Lancia Kappa 3.0 COMPLETO &#8211; set 2 pezzi rinnovato."}]},{"@type":"WebSite","@id":"https:\/\/turijnmagazijn.jumpstone-dev.nl\/#website","url":"https:\/\/turijnmagazijn.jumpstone-dev.nl\/","name":"Turijnmagazijn","description":"Onderdelen nieuw en gebruikt - Fiat &amp; Lancia","publisher":{"@id":"https:\/\/turijnmagazijn.jumpstone-dev.nl\/#organization"},"potentialAction":[{"@type":"SearchAction","target":{"@type":"EntryPoint","urlTemplate":"https:\/\/turijnmagazijn.jumpstone-dev.nl\/?s={search_term_string}"},"query-input":{"@type":"PropertyValueSpecification","valueRequired":true,"valueName":"search_term_string"}}],"inLanguage":"it-IT"},{"@type":"Organization","@id":"https:\/\/turijnmagazijn.jumpstone-dev.nl\/#organization","name":"Turijnmagazijn","url":"https:\/\/turijnmagazijn.jumpstone-dev.nl\/","logo":{"@type":"ImageObject","inLanguage":"it-IT","@id":"https:\/\/turijnmagazijn.jumpstone-dev.nl\/#\/schema\/logo\/image\/","url":"https:\/\/turijnmagazijn.nl\/wp-content\/uploads\/2021\/02\/turijnmagazijnlogo.png","contentUrl":"https:\/\/turijnmagazijn.nl\/wp-content\/uploads\/2021\/02\/turijnmagazijnlogo.png","width":555,"height":270,"caption":"Turijnmagazijn"},"image":{"@id":"https:\/\/turijnmagazijn.jumpstone-dev.nl\/#\/schema\/logo\/image\/"},"sameAs":["https:\/\/www.facebook.com\/turijnmagazijn"]}]}},"_links":{"self":[{"href":"https:\/\/turijnmagazijn.nl\/it\/wp-json\/wp\/v2\/product\/96027","targetHints":{"allow":["GET"]}}],"collection":[{"href":"https:\/\/turijnmagazijn.nl\/it\/wp-json\/wp\/v2\/product"}],"about":[{"href":"https:\/\/turijnmagazijn.nl\/it\/wp-json\/wp\/v2\/types\/product"}],"replies":[{"embeddable":true,"href":"https:\/\/turijnmagazijn.nl\/it\/wp-json\/wp\/v2\/comments?post=96027"}],"wp:featuredmedia":[{"embeddable":true,"href":"https:\/\/turijnmagazijn.nl\/it\/wp-json\/wp\/v2\/media\/96226"}],"wp:attachment":[{"href":"https:\/\/turijnmagazijn.nl\/it\/wp-json\/wp\/v2\/media?parent=96027"}],"wp:term":[{"taxonomy":"product_brand","embeddable":true,"href":"https:\/\/turijnmagazijn.nl\/it\/wp-json\/wp\/v2\/product_brand?post=96027"},{"taxonomy":"product_cat","embeddable":true,"href":"https:\/\/turijnmagazijn.nl\/it\/wp-json\/wp\/v2\/product_cat?post=96027"},{"taxonomy":"product_tag","embeddable":true,"href":"https:\/\/turijnmagazijn.nl\/it\/wp-json\/wp\/v2\/product_tag?post=96027"}],"curies":[{"name":"wp","href":"https:\/\/api.w.org\/{rel}","templated":true}]}}