{"id":96545,"date":"2025-12-28T16:18:49","date_gmt":"2025-12-28T15:18:49","guid":{"rendered":"https:\/\/turijnmagazijn.nl\/?post_type=product&#038;p=96545"},"modified":"2026-01-11T17:02:33","modified_gmt":"2026-01-11T16:02:33","slug":"cruscotto-scatola-fusibili-alfa-166-kopie","status":"publish","type":"product","link":"https:\/\/turijnmagazijn.nl\/it\/prodotto\/cruscotto-scatola-fusibili-alfa-166-kopie\/","title":{"rendered":"Scatola fusibili cruscotto Fiat Croma 1 Lancia Thema 1"},"content":{"rendered":"<p>Scatola dei fusibili da collocare sotto il cruscotto sul lato del guidatore della Lancia Thema 1 o della Fiat Croma 1. Unit\u00e0 usata in buone condizioni. La scatola dei fusibili \u00e8 smontata da un&#8217;auto ben funzionante ed \u00e8 dotata di tutti i fusibili necessari per l&#8217;esecuzione da cui proviene la scatola dei fusibili. L&#8217;unit\u00e0 non contiene RELAIS. A seconda della versione, potrebbe essere necessario aggiungere alcuni fusibili per sistemi aggiuntivi. Questo \u00e8 ovviamente facile da fare.<\/p>\n<p>Numero OEM Lancia 82462137<\/p>\n","protected":false},"excerpt":{"rendered":"<p>82462137 Scatola dei fusibili Lancia Thema 1 e Fiat Croma 1. Scatola dei fusibili sotto il cruscotto sul lato del conducente. Scatola dei fusibili del cruscotto.<\/p>\n","protected":false},"featured_media":96587,"comment_status":"open","ping_status":"closed","template":"","meta":{"_acf_changed":false},"product_brand":[],"product_cat":[1723,1691,1800,1893,1903,1899],"product_tag":[],"class_list":{"0":"post-96545","1":"product","2":"type-product","3":"status-publish","4":"has-post-thumbnail","6":"product_cat-croma-1-154-it","7":"product_cat-fiat-it","8":"product_cat-lancia-it","9":"product_cat-thema-834-it","10":"product_cat-thema-sedan-it","11":"product_cat-thema-sw-it","12":"pa_soort-onderdeel-elektronica-en-kabels","13":"pa_soort-onderdeel-elettronica-e-cavi","15":"first","16":"instock","17":"shipping-taxable","18":"purchasable","19":"product-type-simple"},"acf":[],"yoast_head":"<!-- This site is optimized with the Yoast SEO plugin v27.2 - https:\/\/yoast.com\/product\/yoast-seo-wordpress\/ -->\n<title>Scatola fusibili cruscotto Fiat Croma 1 Lancia Thema 1 - Turijnmagazijn<\/title>\n<meta name=\"robots\" content=\"index, follow, max-snippet:-1, max-image-preview:large, max-video-preview:-1\" \/>\n<link rel=\"canonical\" href=\"https:\/\/turijnmagazijn.nl\/it\/prodotto\/cruscotto-scatola-fusibili-alfa-166-kopie\/\" \/>\n<meta property=\"og:locale\" content=\"it_IT\" \/>\n<meta property=\"og:type\" content=\"article\" \/>\n<meta property=\"og:title\" content=\"Scatola fusibili cruscotto Fiat Croma 1 Lancia Thema 1 - Turijnmagazijn\" \/>\n<meta property=\"og:description\" content=\"82462137 Scatola dei fusibili Lancia Thema 1 e Fiat Croma 1. Scatola dei fusibili sotto il cruscotto sul lato del conducente. Scatola dei fusibili del cruscotto.\" \/>\n<meta property=\"og:url\" content=\"https:\/\/turijnmagazijn.nl\/it\/prodotto\/cruscotto-scatola-fusibili-alfa-166-kopie\/\" \/>\n<meta property=\"og:site_name\" content=\"Turijnmagazijn\" \/>\n<meta property=\"article:publisher\" content=\"https:\/\/www.facebook.com\/turijnmagazijn\" \/>\n<meta property=\"article:modified_time\" content=\"2026-01-11T16:02:33+00:00\" \/>\n<meta property=\"og:image\" content=\"https:\/\/turijnmagazijn.nl\/wp-content\/uploads\/2025\/12\/DK0102777-Zekeringkast-dashboard-Fiat-Croma-1-Lancia-Thema-1-82462137.png\" \/>\n\t<meta property=\"og:image:width\" content=\"1280\" \/>\n\t<meta property=\"og:image:height\" content=\"800\" \/>\n\t<meta property=\"og:image:type\" content=\"image\/png\" \/>\n<meta name=\"twitter:card\" content=\"summary_large_image\" \/>\n<script type=\"application\/ld+json\" class=\"yoast-schema-graph\">{\"@context\":\"https:\/\/schema.org\",\"@graph\":[{\"@type\":\"WebPage\",\"@id\":\"https:\/\/turijnmagazijn.nl\/it\/prodotto\/cruscotto-scatola-fusibili-alfa-166-kopie\/\",\"url\":\"https:\/\/turijnmagazijn.nl\/it\/prodotto\/cruscotto-scatola-fusibili-alfa-166-kopie\/\",\"name\":\"Scatola fusibili cruscotto Fiat Croma 1 Lancia Thema 1 - Turijnmagazijn\",\"isPartOf\":{\"@id\":\"https:\/\/turijnmagazijn.jumpstone-dev.nl\/#website\"},\"primaryImageOfPage\":{\"@id\":\"https:\/\/turijnmagazijn.nl\/it\/prodotto\/cruscotto-scatola-fusibili-alfa-166-kopie\/#primaryimage\"},\"image\":{\"@id\":\"https:\/\/turijnmagazijn.nl\/it\/prodotto\/cruscotto-scatola-fusibili-alfa-166-kopie\/#primaryimage\"},\"thumbnailUrl\":\"https:\/\/turijnmagazijn.nl\/wp-content\/uploads\/2025\/12\/DK0102777-Zekeringkast-dashboard-Fiat-Croma-1-Lancia-Thema-1-82462137.png\",\"datePublished\":\"2025-12-28T15:18:49+00:00\",\"dateModified\":\"2026-01-11T16:02:33+00:00\",\"breadcrumb\":{\"@id\":\"https:\/\/turijnmagazijn.nl\/it\/prodotto\/cruscotto-scatola-fusibili-alfa-166-kopie\/#breadcrumb\"},\"inLanguage\":\"it-IT\",\"potentialAction\":[{\"@type\":\"ReadAction\",\"target\":[\"https:\/\/turijnmagazijn.nl\/it\/prodotto\/cruscotto-scatola-fusibili-alfa-166-kopie\/\"]}]},{\"@type\":\"ImageObject\",\"inLanguage\":\"it-IT\",\"@id\":\"https:\/\/turijnmagazijn.nl\/it\/prodotto\/cruscotto-scatola-fusibili-alfa-166-kopie\/#primaryimage\",\"url\":\"https:\/\/turijnmagazijn.nl\/wp-content\/uploads\/2025\/12\/DK0102777-Zekeringkast-dashboard-Fiat-Croma-1-Lancia-Thema-1-82462137.png\",\"contentUrl\":\"https:\/\/turijnmagazijn.nl\/wp-content\/uploads\/2025\/12\/DK0102777-Zekeringkast-dashboard-Fiat-Croma-1-Lancia-Thema-1-82462137.png\",\"width\":1280,\"height\":800},{\"@type\":\"BreadcrumbList\",\"@id\":\"https:\/\/turijnmagazijn.nl\/it\/prodotto\/cruscotto-scatola-fusibili-alfa-166-kopie\/#breadcrumb\",\"itemListElement\":[{\"@type\":\"ListItem\",\"position\":1,\"name\":\"Home\",\"item\":\"https:\/\/turijnmagazijn.nl\/it\/\"},{\"@type\":\"ListItem\",\"position\":2,\"name\":\"Prodotti\",\"item\":\"https:\/\/turijnmagazijn.nl\/it\/shop\/\"},{\"@type\":\"ListItem\",\"position\":3,\"name\":\"Scatola fusibili cruscotto Fiat Croma 1 Lancia Thema 1\"}]},{\"@type\":\"WebSite\",\"@id\":\"https:\/\/turijnmagazijn.jumpstone-dev.nl\/#website\",\"url\":\"https:\/\/turijnmagazijn.jumpstone-dev.nl\/\",\"name\":\"Turijnmagazijn\",\"description\":\"Onderdelen nieuw en gebruikt - Fiat &amp; Lancia\",\"publisher\":{\"@id\":\"https:\/\/turijnmagazijn.jumpstone-dev.nl\/#organization\"},\"potentialAction\":[{\"@type\":\"SearchAction\",\"target\":{\"@type\":\"EntryPoint\",\"urlTemplate\":\"https:\/\/turijnmagazijn.jumpstone-dev.nl\/?s={search_term_string}\"},\"query-input\":{\"@type\":\"PropertyValueSpecification\",\"valueRequired\":true,\"valueName\":\"search_term_string\"}}],\"inLanguage\":\"it-IT\"},{\"@type\":\"Organization\",\"@id\":\"https:\/\/turijnmagazijn.jumpstone-dev.nl\/#organization\",\"name\":\"Turijnmagazijn\",\"url\":\"https:\/\/turijnmagazijn.jumpstone-dev.nl\/\",\"logo\":{\"@type\":\"ImageObject\",\"inLanguage\":\"it-IT\",\"@id\":\"https:\/\/turijnmagazijn.jumpstone-dev.nl\/#\/schema\/logo\/image\/\",\"url\":\"https:\/\/turijnmagazijn.nl\/wp-content\/uploads\/2021\/02\/turijnmagazijnlogo.png\",\"contentUrl\":\"https:\/\/turijnmagazijn.nl\/wp-content\/uploads\/2021\/02\/turijnmagazijnlogo.png\",\"width\":555,\"height\":270,\"caption\":\"Turijnmagazijn\"},\"image\":{\"@id\":\"https:\/\/turijnmagazijn.jumpstone-dev.nl\/#\/schema\/logo\/image\/\"},\"sameAs\":[\"https:\/\/www.facebook.com\/turijnmagazijn\"]}]}<\/script>\n<!-- \/ Yoast SEO plugin. -->","yoast_head_json":{"title":"Scatola fusibili cruscotto Fiat Croma 1 Lancia Thema 1 - Turijnmagazijn","robots":{"index":"index","follow":"follow","max-snippet":"max-snippet:-1","max-image-preview":"max-image-preview:large","max-video-preview":"max-video-preview:-1"},"canonical":"https:\/\/turijnmagazijn.nl\/it\/prodotto\/cruscotto-scatola-fusibili-alfa-166-kopie\/","og_locale":"it_IT","og_type":"article","og_title":"Scatola fusibili cruscotto Fiat Croma 1 Lancia Thema 1 - Turijnmagazijn","og_description":"82462137 Scatola dei fusibili Lancia Thema 1 e Fiat Croma 1. Scatola dei fusibili sotto il cruscotto sul lato del conducente. Scatola dei fusibili del cruscotto.","og_url":"https:\/\/turijnmagazijn.nl\/it\/prodotto\/cruscotto-scatola-fusibili-alfa-166-kopie\/","og_site_name":"Turijnmagazijn","article_publisher":"https:\/\/www.facebook.com\/turijnmagazijn","article_modified_time":"2026-01-11T16:02:33+00:00","og_image":[{"width":1280,"height":800,"url":"https:\/\/turijnmagazijn.nl\/wp-content\/uploads\/2025\/12\/DK0102777-Zekeringkast-dashboard-Fiat-Croma-1-Lancia-Thema-1-82462137.png","type":"image\/png"}],"twitter_card":"summary_large_image","schema":{"@context":"https:\/\/schema.org","@graph":[{"@type":"WebPage","@id":"https:\/\/turijnmagazijn.nl\/it\/prodotto\/cruscotto-scatola-fusibili-alfa-166-kopie\/","url":"https:\/\/turijnmagazijn.nl\/it\/prodotto\/cruscotto-scatola-fusibili-alfa-166-kopie\/","name":"Scatola fusibili cruscotto Fiat Croma 1 Lancia Thema 1 - Turijnmagazijn","isPartOf":{"@id":"https:\/\/turijnmagazijn.jumpstone-dev.nl\/#website"},"primaryImageOfPage":{"@id":"https:\/\/turijnmagazijn.nl\/it\/prodotto\/cruscotto-scatola-fusibili-alfa-166-kopie\/#primaryimage"},"image":{"@id":"https:\/\/turijnmagazijn.nl\/it\/prodotto\/cruscotto-scatola-fusibili-alfa-166-kopie\/#primaryimage"},"thumbnailUrl":"https:\/\/turijnmagazijn.nl\/wp-content\/uploads\/2025\/12\/DK0102777-Zekeringkast-dashboard-Fiat-Croma-1-Lancia-Thema-1-82462137.png","datePublished":"2025-12-28T15:18:49+00:00","dateModified":"2026-01-11T16:02:33+00:00","breadcrumb":{"@id":"https:\/\/turijnmagazijn.nl\/it\/prodotto\/cruscotto-scatola-fusibili-alfa-166-kopie\/#breadcrumb"},"inLanguage":"it-IT","potentialAction":[{"@type":"ReadAction","target":["https:\/\/turijnmagazijn.nl\/it\/prodotto\/cruscotto-scatola-fusibili-alfa-166-kopie\/"]}]},{"@type":"ImageObject","inLanguage":"it-IT","@id":"https:\/\/turijnmagazijn.nl\/it\/prodotto\/cruscotto-scatola-fusibili-alfa-166-kopie\/#primaryimage","url":"https:\/\/turijnmagazijn.nl\/wp-content\/uploads\/2025\/12\/DK0102777-Zekeringkast-dashboard-Fiat-Croma-1-Lancia-Thema-1-82462137.png","contentUrl":"https:\/\/turijnmagazijn.nl\/wp-content\/uploads\/2025\/12\/DK0102777-Zekeringkast-dashboard-Fiat-Croma-1-Lancia-Thema-1-82462137.png","width":1280,"height":800},{"@type":"BreadcrumbList","@id":"https:\/\/turijnmagazijn.nl\/it\/prodotto\/cruscotto-scatola-fusibili-alfa-166-kopie\/#breadcrumb","itemListElement":[{"@type":"ListItem","position":1,"name":"Home","item":"https:\/\/turijnmagazijn.nl\/it\/"},{"@type":"ListItem","position":2,"name":"Prodotti","item":"https:\/\/turijnmagazijn.nl\/it\/shop\/"},{"@type":"ListItem","position":3,"name":"Scatola fusibili cruscotto Fiat Croma 1 Lancia Thema 1"}]},{"@type":"WebSite","@id":"https:\/\/turijnmagazijn.jumpstone-dev.nl\/#website","url":"https:\/\/turijnmagazijn.jumpstone-dev.nl\/","name":"Turijnmagazijn","description":"Onderdelen nieuw en gebruikt - Fiat &amp; Lancia","publisher":{"@id":"https:\/\/turijnmagazijn.jumpstone-dev.nl\/#organization"},"potentialAction":[{"@type":"SearchAction","target":{"@type":"EntryPoint","urlTemplate":"https:\/\/turijnmagazijn.jumpstone-dev.nl\/?s={search_term_string}"},"query-input":{"@type":"PropertyValueSpecification","valueRequired":true,"valueName":"search_term_string"}}],"inLanguage":"it-IT"},{"@type":"Organization","@id":"https:\/\/turijnmagazijn.jumpstone-dev.nl\/#organization","name":"Turijnmagazijn","url":"https:\/\/turijnmagazijn.jumpstone-dev.nl\/","logo":{"@type":"ImageObject","inLanguage":"it-IT","@id":"https:\/\/turijnmagazijn.jumpstone-dev.nl\/#\/schema\/logo\/image\/","url":"https:\/\/turijnmagazijn.nl\/wp-content\/uploads\/2021\/02\/turijnmagazijnlogo.png","contentUrl":"https:\/\/turijnmagazijn.nl\/wp-content\/uploads\/2021\/02\/turijnmagazijnlogo.png","width":555,"height":270,"caption":"Turijnmagazijn"},"image":{"@id":"https:\/\/turijnmagazijn.jumpstone-dev.nl\/#\/schema\/logo\/image\/"},"sameAs":["https:\/\/www.facebook.com\/turijnmagazijn"]}]}},"_links":{"self":[{"href":"https:\/\/turijnmagazijn.nl\/it\/wp-json\/wp\/v2\/product\/96545","targetHints":{"allow":["GET"]}}],"collection":[{"href":"https:\/\/turijnmagazijn.nl\/it\/wp-json\/wp\/v2\/product"}],"about":[{"href":"https:\/\/turijnmagazijn.nl\/it\/wp-json\/wp\/v2\/types\/product"}],"replies":[{"embeddable":true,"href":"https:\/\/turijnmagazijn.nl\/it\/wp-json\/wp\/v2\/comments?post=96545"}],"wp:featuredmedia":[{"embeddable":true,"href":"https:\/\/turijnmagazijn.nl\/it\/wp-json\/wp\/v2\/media\/96587"}],"wp:attachment":[{"href":"https:\/\/turijnmagazijn.nl\/it\/wp-json\/wp\/v2\/media?parent=96545"}],"wp:term":[{"taxonomy":"product_brand","embeddable":true,"href":"https:\/\/turijnmagazijn.nl\/it\/wp-json\/wp\/v2\/product_brand?post=96545"},{"taxonomy":"product_cat","embeddable":true,"href":"https:\/\/turijnmagazijn.nl\/it\/wp-json\/wp\/v2\/product_cat?post=96545"},{"taxonomy":"product_tag","embeddable":true,"href":"https:\/\/turijnmagazijn.nl\/it\/wp-json\/wp\/v2\/product_tag?post=96545"}],"curies":[{"name":"wp","href":"https:\/\/api.w.org\/{rel}","templated":true}]}}