{"id":96717,"date":"2026-01-06T09:21:00","date_gmt":"2026-01-06T08:21:00","guid":{"rendered":"https:\/\/turijnmagazijn.nl\/?post_type=product&#038;p=96717"},"modified":"2026-01-11T22:23:39","modified_gmt":"2026-01-11T21:23:39","slug":"vite-per-luce-posteriore-plastica-rossa-lancia-delta-integrale-kopie","status":"publish","type":"product","link":"https:\/\/turijnmagazijn.nl\/it\/prodotto\/vite-per-luce-posteriore-plastica-rossa-lancia-delta-integrale-kopie\/","title":{"rendered":"Vite per luce posteriore in plastica rossa Fiat 126 127 128"},"content":{"rendered":"<p>Nuova vite di riproduzione per il montaggio del vetro del fanale posteriore per le Fiat classiche 126 127 e 128.<br \/>\nQueste viti speciali sono nuove di zecca e conferiscono un bellissimo aspetto originale alla parte posteriore della tua auto. Si tratta di riproduzioni di alta qualit\u00e0 realizzate in Italia, non delle varianti cinesi in circolazione, che si rompono molto facilmente.<\/p>\n<p>Queste viti non possono essere utilizzate per le auto Fiat o Lancia pi\u00f9 moderne, in quanto l&#8217;albero \u00e8 cos\u00ec lungo che non pu\u00f2 essere adattato per essere utilizzato in alternativa alle viti pi\u00f9 corte.<br \/>\nVendita per set di 4 pezzi.<\/p>\n","protected":false},"excerpt":{"rendered":"<p>Vite per fanale posteriore rosso in plastica Fiat 126 127 128 ste di 4 pezzi. Nuovi articoli. <\/p>\n","protected":false},"featured_media":96727,"comment_status":"closed","ping_status":"closed","template":"","meta":{"_acf_changed":false},"product_brand":[],"product_cat":[1691],"product_tag":[],"class_list":{"0":"post-96717","1":"product","2":"type-product","3":"status-publish","4":"has-post-thumbnail","6":"product_cat-fiat-it","7":"pa_soort-onderdeel-corpo-e-lamiera","9":"first","10":"instock","11":"taxable","12":"shipping-taxable","13":"purchasable","14":"product-type-simple"},"acf":[],"yoast_head":"<!-- This site is optimized with the Yoast SEO plugin v27.2 - https:\/\/yoast.com\/product\/yoast-seo-wordpress\/ -->\n<title>Vite per luce posteriore in plastica rossa Fiat 126 127 128 - Turijnmagazijn<\/title>\n<meta name=\"robots\" content=\"index, follow, max-snippet:-1, max-image-preview:large, max-video-preview:-1\" \/>\n<link rel=\"canonical\" href=\"https:\/\/turijnmagazijn.nl\/it\/prodotto\/vite-per-luce-posteriore-plastica-rossa-lancia-delta-integrale-kopie\/\" \/>\n<meta property=\"og:locale\" content=\"it_IT\" \/>\n<meta property=\"og:type\" content=\"article\" \/>\n<meta property=\"og:title\" content=\"Vite per luce posteriore in plastica rossa Fiat 126 127 128 - Turijnmagazijn\" \/>\n<meta property=\"og:description\" content=\"Vite per fanale posteriore rosso in plastica Fiat 126 127 128 ste di 4 pezzi. Nuovi articoli.\" \/>\n<meta property=\"og:url\" content=\"https:\/\/turijnmagazijn.nl\/it\/prodotto\/vite-per-luce-posteriore-plastica-rossa-lancia-delta-integrale-kopie\/\" \/>\n<meta property=\"og:site_name\" content=\"Turijnmagazijn\" \/>\n<meta property=\"article:publisher\" content=\"https:\/\/www.facebook.com\/turijnmagazijn\" \/>\n<meta property=\"article:modified_time\" content=\"2026-01-11T21:23:39+00:00\" \/>\n<meta property=\"og:image\" content=\"https:\/\/turijnmagazijn.nl\/wp-content\/uploads\/2026\/01\/DN0100467-red-screw-light-Fiat-126-127-128-1.png\" \/>\n\t<meta property=\"og:image:width\" content=\"1713\" \/>\n\t<meta property=\"og:image:height\" content=\"1356\" \/>\n\t<meta property=\"og:image:type\" content=\"image\/png\" \/>\n<meta name=\"twitter:card\" content=\"summary_large_image\" \/>\n<script type=\"application\/ld+json\" class=\"yoast-schema-graph\">{\"@context\":\"https:\/\/schema.org\",\"@graph\":[{\"@type\":\"WebPage\",\"@id\":\"https:\/\/turijnmagazijn.nl\/it\/prodotto\/vite-per-luce-posteriore-plastica-rossa-lancia-delta-integrale-kopie\/\",\"url\":\"https:\/\/turijnmagazijn.nl\/it\/prodotto\/vite-per-luce-posteriore-plastica-rossa-lancia-delta-integrale-kopie\/\",\"name\":\"Vite per luce posteriore in plastica rossa Fiat 126 127 128 - Turijnmagazijn\",\"isPartOf\":{\"@id\":\"https:\/\/turijnmagazijn.jumpstone-dev.nl\/#website\"},\"primaryImageOfPage\":{\"@id\":\"https:\/\/turijnmagazijn.nl\/it\/prodotto\/vite-per-luce-posteriore-plastica-rossa-lancia-delta-integrale-kopie\/#primaryimage\"},\"image\":{\"@id\":\"https:\/\/turijnmagazijn.nl\/it\/prodotto\/vite-per-luce-posteriore-plastica-rossa-lancia-delta-integrale-kopie\/#primaryimage\"},\"thumbnailUrl\":\"https:\/\/turijnmagazijn.nl\/wp-content\/uploads\/2026\/01\/DN0100467-red-screw-light-Fiat-126-127-128-1.png\",\"datePublished\":\"2026-01-06T08:21:00+00:00\",\"dateModified\":\"2026-01-11T21:23:39+00:00\",\"breadcrumb\":{\"@id\":\"https:\/\/turijnmagazijn.nl\/it\/prodotto\/vite-per-luce-posteriore-plastica-rossa-lancia-delta-integrale-kopie\/#breadcrumb\"},\"inLanguage\":\"it-IT\",\"potentialAction\":[{\"@type\":\"ReadAction\",\"target\":[\"https:\/\/turijnmagazijn.nl\/it\/prodotto\/vite-per-luce-posteriore-plastica-rossa-lancia-delta-integrale-kopie\/\"]}]},{\"@type\":\"ImageObject\",\"inLanguage\":\"it-IT\",\"@id\":\"https:\/\/turijnmagazijn.nl\/it\/prodotto\/vite-per-luce-posteriore-plastica-rossa-lancia-delta-integrale-kopie\/#primaryimage\",\"url\":\"https:\/\/turijnmagazijn.nl\/wp-content\/uploads\/2026\/01\/DN0100467-red-screw-light-Fiat-126-127-128-1.png\",\"contentUrl\":\"https:\/\/turijnmagazijn.nl\/wp-content\/uploads\/2026\/01\/DN0100467-red-screw-light-Fiat-126-127-128-1.png\",\"width\":1713,\"height\":1356},{\"@type\":\"BreadcrumbList\",\"@id\":\"https:\/\/turijnmagazijn.nl\/it\/prodotto\/vite-per-luce-posteriore-plastica-rossa-lancia-delta-integrale-kopie\/#breadcrumb\",\"itemListElement\":[{\"@type\":\"ListItem\",\"position\":1,\"name\":\"Home\",\"item\":\"https:\/\/turijnmagazijn.nl\/it\/\"},{\"@type\":\"ListItem\",\"position\":2,\"name\":\"Prodotti\",\"item\":\"https:\/\/turijnmagazijn.nl\/it\/shop\/\"},{\"@type\":\"ListItem\",\"position\":3,\"name\":\"Vite per luce posteriore in plastica rossa Fiat 126 127 128\"}]},{\"@type\":\"WebSite\",\"@id\":\"https:\/\/turijnmagazijn.jumpstone-dev.nl\/#website\",\"url\":\"https:\/\/turijnmagazijn.jumpstone-dev.nl\/\",\"name\":\"Turijnmagazijn\",\"description\":\"Onderdelen nieuw en gebruikt - Fiat &amp; Lancia\",\"publisher\":{\"@id\":\"https:\/\/turijnmagazijn.jumpstone-dev.nl\/#organization\"},\"potentialAction\":[{\"@type\":\"SearchAction\",\"target\":{\"@type\":\"EntryPoint\",\"urlTemplate\":\"https:\/\/turijnmagazijn.jumpstone-dev.nl\/?s={search_term_string}\"},\"query-input\":{\"@type\":\"PropertyValueSpecification\",\"valueRequired\":true,\"valueName\":\"search_term_string\"}}],\"inLanguage\":\"it-IT\"},{\"@type\":\"Organization\",\"@id\":\"https:\/\/turijnmagazijn.jumpstone-dev.nl\/#organization\",\"name\":\"Turijnmagazijn\",\"url\":\"https:\/\/turijnmagazijn.jumpstone-dev.nl\/\",\"logo\":{\"@type\":\"ImageObject\",\"inLanguage\":\"it-IT\",\"@id\":\"https:\/\/turijnmagazijn.jumpstone-dev.nl\/#\/schema\/logo\/image\/\",\"url\":\"https:\/\/turijnmagazijn.nl\/wp-content\/uploads\/2021\/02\/turijnmagazijnlogo.png\",\"contentUrl\":\"https:\/\/turijnmagazijn.nl\/wp-content\/uploads\/2021\/02\/turijnmagazijnlogo.png\",\"width\":555,\"height\":270,\"caption\":\"Turijnmagazijn\"},\"image\":{\"@id\":\"https:\/\/turijnmagazijn.jumpstone-dev.nl\/#\/schema\/logo\/image\/\"},\"sameAs\":[\"https:\/\/www.facebook.com\/turijnmagazijn\"]}]}<\/script>\n<!-- \/ Yoast SEO plugin. -->","yoast_head_json":{"title":"Vite per luce posteriore in plastica rossa Fiat 126 127 128 - Turijnmagazijn","robots":{"index":"index","follow":"follow","max-snippet":"max-snippet:-1","max-image-preview":"max-image-preview:large","max-video-preview":"max-video-preview:-1"},"canonical":"https:\/\/turijnmagazijn.nl\/it\/prodotto\/vite-per-luce-posteriore-plastica-rossa-lancia-delta-integrale-kopie\/","og_locale":"it_IT","og_type":"article","og_title":"Vite per luce posteriore in plastica rossa Fiat 126 127 128 - Turijnmagazijn","og_description":"Vite per fanale posteriore rosso in plastica Fiat 126 127 128 ste di 4 pezzi. Nuovi articoli.","og_url":"https:\/\/turijnmagazijn.nl\/it\/prodotto\/vite-per-luce-posteriore-plastica-rossa-lancia-delta-integrale-kopie\/","og_site_name":"Turijnmagazijn","article_publisher":"https:\/\/www.facebook.com\/turijnmagazijn","article_modified_time":"2026-01-11T21:23:39+00:00","og_image":[{"width":1713,"height":1356,"url":"https:\/\/turijnmagazijn.nl\/wp-content\/uploads\/2026\/01\/DN0100467-red-screw-light-Fiat-126-127-128-1.png","type":"image\/png"}],"twitter_card":"summary_large_image","schema":{"@context":"https:\/\/schema.org","@graph":[{"@type":"WebPage","@id":"https:\/\/turijnmagazijn.nl\/it\/prodotto\/vite-per-luce-posteriore-plastica-rossa-lancia-delta-integrale-kopie\/","url":"https:\/\/turijnmagazijn.nl\/it\/prodotto\/vite-per-luce-posteriore-plastica-rossa-lancia-delta-integrale-kopie\/","name":"Vite per luce posteriore in plastica rossa Fiat 126 127 128 - Turijnmagazijn","isPartOf":{"@id":"https:\/\/turijnmagazijn.jumpstone-dev.nl\/#website"},"primaryImageOfPage":{"@id":"https:\/\/turijnmagazijn.nl\/it\/prodotto\/vite-per-luce-posteriore-plastica-rossa-lancia-delta-integrale-kopie\/#primaryimage"},"image":{"@id":"https:\/\/turijnmagazijn.nl\/it\/prodotto\/vite-per-luce-posteriore-plastica-rossa-lancia-delta-integrale-kopie\/#primaryimage"},"thumbnailUrl":"https:\/\/turijnmagazijn.nl\/wp-content\/uploads\/2026\/01\/DN0100467-red-screw-light-Fiat-126-127-128-1.png","datePublished":"2026-01-06T08:21:00+00:00","dateModified":"2026-01-11T21:23:39+00:00","breadcrumb":{"@id":"https:\/\/turijnmagazijn.nl\/it\/prodotto\/vite-per-luce-posteriore-plastica-rossa-lancia-delta-integrale-kopie\/#breadcrumb"},"inLanguage":"it-IT","potentialAction":[{"@type":"ReadAction","target":["https:\/\/turijnmagazijn.nl\/it\/prodotto\/vite-per-luce-posteriore-plastica-rossa-lancia-delta-integrale-kopie\/"]}]},{"@type":"ImageObject","inLanguage":"it-IT","@id":"https:\/\/turijnmagazijn.nl\/it\/prodotto\/vite-per-luce-posteriore-plastica-rossa-lancia-delta-integrale-kopie\/#primaryimage","url":"https:\/\/turijnmagazijn.nl\/wp-content\/uploads\/2026\/01\/DN0100467-red-screw-light-Fiat-126-127-128-1.png","contentUrl":"https:\/\/turijnmagazijn.nl\/wp-content\/uploads\/2026\/01\/DN0100467-red-screw-light-Fiat-126-127-128-1.png","width":1713,"height":1356},{"@type":"BreadcrumbList","@id":"https:\/\/turijnmagazijn.nl\/it\/prodotto\/vite-per-luce-posteriore-plastica-rossa-lancia-delta-integrale-kopie\/#breadcrumb","itemListElement":[{"@type":"ListItem","position":1,"name":"Home","item":"https:\/\/turijnmagazijn.nl\/it\/"},{"@type":"ListItem","position":2,"name":"Prodotti","item":"https:\/\/turijnmagazijn.nl\/it\/shop\/"},{"@type":"ListItem","position":3,"name":"Vite per luce posteriore in plastica rossa Fiat 126 127 128"}]},{"@type":"WebSite","@id":"https:\/\/turijnmagazijn.jumpstone-dev.nl\/#website","url":"https:\/\/turijnmagazijn.jumpstone-dev.nl\/","name":"Turijnmagazijn","description":"Onderdelen nieuw en gebruikt - Fiat &amp; Lancia","publisher":{"@id":"https:\/\/turijnmagazijn.jumpstone-dev.nl\/#organization"},"potentialAction":[{"@type":"SearchAction","target":{"@type":"EntryPoint","urlTemplate":"https:\/\/turijnmagazijn.jumpstone-dev.nl\/?s={search_term_string}"},"query-input":{"@type":"PropertyValueSpecification","valueRequired":true,"valueName":"search_term_string"}}],"inLanguage":"it-IT"},{"@type":"Organization","@id":"https:\/\/turijnmagazijn.jumpstone-dev.nl\/#organization","name":"Turijnmagazijn","url":"https:\/\/turijnmagazijn.jumpstone-dev.nl\/","logo":{"@type":"ImageObject","inLanguage":"it-IT","@id":"https:\/\/turijnmagazijn.jumpstone-dev.nl\/#\/schema\/logo\/image\/","url":"https:\/\/turijnmagazijn.nl\/wp-content\/uploads\/2021\/02\/turijnmagazijnlogo.png","contentUrl":"https:\/\/turijnmagazijn.nl\/wp-content\/uploads\/2021\/02\/turijnmagazijnlogo.png","width":555,"height":270,"caption":"Turijnmagazijn"},"image":{"@id":"https:\/\/turijnmagazijn.jumpstone-dev.nl\/#\/schema\/logo\/image\/"},"sameAs":["https:\/\/www.facebook.com\/turijnmagazijn"]}]}},"_links":{"self":[{"href":"https:\/\/turijnmagazijn.nl\/it\/wp-json\/wp\/v2\/product\/96717","targetHints":{"allow":["GET"]}}],"collection":[{"href":"https:\/\/turijnmagazijn.nl\/it\/wp-json\/wp\/v2\/product"}],"about":[{"href":"https:\/\/turijnmagazijn.nl\/it\/wp-json\/wp\/v2\/types\/product"}],"replies":[{"embeddable":true,"href":"https:\/\/turijnmagazijn.nl\/it\/wp-json\/wp\/v2\/comments?post=96717"}],"wp:featuredmedia":[{"embeddable":true,"href":"https:\/\/turijnmagazijn.nl\/it\/wp-json\/wp\/v2\/media\/96727"}],"wp:attachment":[{"href":"https:\/\/turijnmagazijn.nl\/it\/wp-json\/wp\/v2\/media?parent=96717"}],"wp:term":[{"taxonomy":"product_brand","embeddable":true,"href":"https:\/\/turijnmagazijn.nl\/it\/wp-json\/wp\/v2\/product_brand?post=96717"},{"taxonomy":"product_cat","embeddable":true,"href":"https:\/\/turijnmagazijn.nl\/it\/wp-json\/wp\/v2\/product_cat?post=96717"},{"taxonomy":"product_tag","embeddable":true,"href":"https:\/\/turijnmagazijn.nl\/it\/wp-json\/wp\/v2\/product_tag?post=96717"}],"curies":[{"name":"wp","href":"https:\/\/api.w.org\/{rel}","templated":true}]}}