{"id":96742,"date":"2026-01-09T20:44:26","date_gmt":"2026-01-09T19:44:26","guid":{"rendered":"https:\/\/turijnmagazijn.nl\/?post_type=product&#038;p=96742"},"modified":"2026-01-11T17:38:38","modified_gmt":"2026-01-11T16:38:38","slug":"parafango-monta-a-spina-lancia-delta-hf-integral-top-new-kopie","status":"publish","type":"product","link":"https:\/\/turijnmagazijn.nl\/it\/prodotto\/parafango-monta-a-spina-lancia-delta-hf-integral-top-new-kopie\/","title":{"rendered":"Set di tappi di montaggio ala Lancia Delta HF Integrale 11 pezzi."},"content":{"rendered":"<p>Set di 11 tasselli, tutte le clip necessarie per montare un&#8217;ala per una Lancia Detla HF Integrale. Il set \u00e8 composto da:<br \/>\n5 x tappi quadrati bianchi per i punti di montaggio inferiori. 14222285 Si tratta di una riproduzione di un tappo fuso, esattamente conforme alla qualit\u00e0 originale.  <\/p>\n<p>4 x tappi ovali color crema per i 4 punti di fissaggio superiori dell&#8217;ala. 5979901 Si tratta di una riproduzione del tappo fuso, esattamente uguale all&#8217;originale, completa di piastra di supporto in alluminio. <\/p>\n<p>2 x tappi rettangolari neri a forma di cuneo da montare sul montante A. 82426456 Questa \u00e8 una riproduzione stampata in 3d in TPE di alta qualit\u00e0. La migliore alternativa disponibile per questo tappo, che \u00e8 fuori produzione in tutto il mondo.  <\/p>\n<p>I numeri di parte 4, 6 e 8 del disegno tecnico EPER numero CA2C410FE51F6666958E0A50D0CF065F per l&#8217;applicazione sulla Lancia Delta Integrale. Questo set \u00e8 sufficiente per il montaggio di 1 ala, sia destra che sinistra. <\/p>\n<p>OEM Lancia 82426456 5979901 14222285 per riferimento<\/p>\n","protected":false},"excerpt":{"rendered":"<p>82426456 5979901 14222285 set di clip 11 pezzi per il montaggio delle ali per Lancia Delta Integrale 8V 16V e EVO.<\/p>\n","protected":false},"featured_media":96749,"comment_status":"open","ping_status":"closed","template":"","meta":{"_acf_changed":false},"product_brand":[],"product_cat":[1810,1808,1820,1824,1828,1835,1832,1840,1800],"product_tag":[],"class_list":{"0":"post-96742","1":"product","2":"type-product","3":"status-publish","4":"has-post-thumbnail","6":"product_cat-1-1-1-3-1-5-it","7":"product_cat-delta-1-831-it","8":"product_cat-gt-i-e-it","9":"product_cat-hf-4wd-it","10":"product_cat-hf-turbo-it","11":"product_cat-integrale-16v-it","12":"product_cat-integrale-8v-it","13":"product_cat-integrale-evo-it","14":"product_cat-lancia-it","15":"pa_soort-onderdeel-aria-condizionata-e-riscaldamento","17":"first","18":"instock","19":"taxable","20":"shipping-taxable","21":"purchasable","22":"product-type-simple"},"acf":[],"yoast_head":"<!-- This site is optimized with the Yoast SEO plugin v27.2 - https:\/\/yoast.com\/product\/yoast-seo-wordpress\/ -->\n<title>Set di tappi di montaggio ala Lancia Delta HF Integrale 11 pezzi. - Turijnmagazijn<\/title>\n<meta name=\"robots\" content=\"index, follow, max-snippet:-1, max-image-preview:large, max-video-preview:-1\" \/>\n<link rel=\"canonical\" href=\"https:\/\/turijnmagazijn.nl\/it\/prodotto\/parafango-monta-a-spina-lancia-delta-hf-integral-top-new-kopie\/\" \/>\n<meta property=\"og:locale\" content=\"it_IT\" \/>\n<meta property=\"og:type\" content=\"article\" \/>\n<meta property=\"og:title\" content=\"Set di tappi di montaggio ala Lancia Delta HF Integrale 11 pezzi. - Turijnmagazijn\" \/>\n<meta property=\"og:description\" content=\"82426456 5979901 14222285 set di clip 11 pezzi per il montaggio delle ali per Lancia Delta Integrale 8V 16V e EVO.\" \/>\n<meta property=\"og:url\" content=\"https:\/\/turijnmagazijn.nl\/it\/prodotto\/parafango-monta-a-spina-lancia-delta-hf-integral-top-new-kopie\/\" \/>\n<meta property=\"og:site_name\" content=\"Turijnmagazijn\" \/>\n<meta property=\"article:publisher\" content=\"https:\/\/www.facebook.com\/turijnmagazijn\" \/>\n<meta property=\"article:modified_time\" content=\"2026-01-11T16:38:38+00:00\" \/>\n<meta property=\"og:image\" content=\"https:\/\/turijnmagazijn.nl\/wp-content\/uploads\/2026\/01\/DN0100006-Set-Pluggen-montage-spatbord-Lancia-Delta-HF-Integrale-11-st.-82426456-5979901-14222285-3.jpg\" \/>\n\t<meta property=\"og:image:width\" content=\"2048\" \/>\n\t<meta property=\"og:image:height\" content=\"1152\" \/>\n\t<meta property=\"og:image:type\" content=\"image\/jpeg\" \/>\n<meta name=\"twitter:card\" content=\"summary_large_image\" \/>\n<meta name=\"twitter:label1\" content=\"Tempo di lettura stimato\" \/>\n\t<meta name=\"twitter:data1\" content=\"1 minuto\" \/>\n<script type=\"application\/ld+json\" class=\"yoast-schema-graph\">{\"@context\":\"https:\/\/schema.org\",\"@graph\":[{\"@type\":\"WebPage\",\"@id\":\"https:\/\/turijnmagazijn.nl\/it\/prodotto\/parafango-monta-a-spina-lancia-delta-hf-integral-top-new-kopie\/\",\"url\":\"https:\/\/turijnmagazijn.nl\/it\/prodotto\/parafango-monta-a-spina-lancia-delta-hf-integral-top-new-kopie\/\",\"name\":\"Set di tappi di montaggio ala Lancia Delta HF Integrale 11 pezzi. - Turijnmagazijn\",\"isPartOf\":{\"@id\":\"https:\/\/turijnmagazijn.jumpstone-dev.nl\/#website\"},\"primaryImageOfPage\":{\"@id\":\"https:\/\/turijnmagazijn.nl\/it\/prodotto\/parafango-monta-a-spina-lancia-delta-hf-integral-top-new-kopie\/#primaryimage\"},\"image\":{\"@id\":\"https:\/\/turijnmagazijn.nl\/it\/prodotto\/parafango-monta-a-spina-lancia-delta-hf-integral-top-new-kopie\/#primaryimage\"},\"thumbnailUrl\":\"https:\/\/turijnmagazijn.nl\/wp-content\/uploads\/2026\/01\/DN0100006-Set-Pluggen-montage-spatbord-Lancia-Delta-HF-Integrale-11-st.-82426456-5979901-14222285-3.jpg\",\"datePublished\":\"2026-01-09T19:44:26+00:00\",\"dateModified\":\"2026-01-11T16:38:38+00:00\",\"breadcrumb\":{\"@id\":\"https:\/\/turijnmagazijn.nl\/it\/prodotto\/parafango-monta-a-spina-lancia-delta-hf-integral-top-new-kopie\/#breadcrumb\"},\"inLanguage\":\"it-IT\",\"potentialAction\":[{\"@type\":\"ReadAction\",\"target\":[\"https:\/\/turijnmagazijn.nl\/it\/prodotto\/parafango-monta-a-spina-lancia-delta-hf-integral-top-new-kopie\/\"]}]},{\"@type\":\"ImageObject\",\"inLanguage\":\"it-IT\",\"@id\":\"https:\/\/turijnmagazijn.nl\/it\/prodotto\/parafango-monta-a-spina-lancia-delta-hf-integral-top-new-kopie\/#primaryimage\",\"url\":\"https:\/\/turijnmagazijn.nl\/wp-content\/uploads\/2026\/01\/DN0100006-Set-Pluggen-montage-spatbord-Lancia-Delta-HF-Integrale-11-st.-82426456-5979901-14222285-3.jpg\",\"contentUrl\":\"https:\/\/turijnmagazijn.nl\/wp-content\/uploads\/2026\/01\/DN0100006-Set-Pluggen-montage-spatbord-Lancia-Delta-HF-Integrale-11-st.-82426456-5979901-14222285-3.jpg\",\"width\":2048,\"height\":1152},{\"@type\":\"BreadcrumbList\",\"@id\":\"https:\/\/turijnmagazijn.nl\/it\/prodotto\/parafango-monta-a-spina-lancia-delta-hf-integral-top-new-kopie\/#breadcrumb\",\"itemListElement\":[{\"@type\":\"ListItem\",\"position\":1,\"name\":\"Home\",\"item\":\"https:\/\/turijnmagazijn.nl\/it\/\"},{\"@type\":\"ListItem\",\"position\":2,\"name\":\"Prodotti\",\"item\":\"https:\/\/turijnmagazijn.nl\/it\/shop\/\"},{\"@type\":\"ListItem\",\"position\":3,\"name\":\"Set di tappi di montaggio ala Lancia Delta HF Integrale 11 pezzi.\"}]},{\"@type\":\"WebSite\",\"@id\":\"https:\/\/turijnmagazijn.jumpstone-dev.nl\/#website\",\"url\":\"https:\/\/turijnmagazijn.jumpstone-dev.nl\/\",\"name\":\"Turijnmagazijn\",\"description\":\"Onderdelen nieuw en gebruikt - Fiat &amp; Lancia\",\"publisher\":{\"@id\":\"https:\/\/turijnmagazijn.jumpstone-dev.nl\/#organization\"},\"potentialAction\":[{\"@type\":\"SearchAction\",\"target\":{\"@type\":\"EntryPoint\",\"urlTemplate\":\"https:\/\/turijnmagazijn.jumpstone-dev.nl\/?s={search_term_string}\"},\"query-input\":{\"@type\":\"PropertyValueSpecification\",\"valueRequired\":true,\"valueName\":\"search_term_string\"}}],\"inLanguage\":\"it-IT\"},{\"@type\":\"Organization\",\"@id\":\"https:\/\/turijnmagazijn.jumpstone-dev.nl\/#organization\",\"name\":\"Turijnmagazijn\",\"url\":\"https:\/\/turijnmagazijn.jumpstone-dev.nl\/\",\"logo\":{\"@type\":\"ImageObject\",\"inLanguage\":\"it-IT\",\"@id\":\"https:\/\/turijnmagazijn.jumpstone-dev.nl\/#\/schema\/logo\/image\/\",\"url\":\"https:\/\/turijnmagazijn.nl\/wp-content\/uploads\/2021\/02\/turijnmagazijnlogo.png\",\"contentUrl\":\"https:\/\/turijnmagazijn.nl\/wp-content\/uploads\/2021\/02\/turijnmagazijnlogo.png\",\"width\":555,\"height\":270,\"caption\":\"Turijnmagazijn\"},\"image\":{\"@id\":\"https:\/\/turijnmagazijn.jumpstone-dev.nl\/#\/schema\/logo\/image\/\"},\"sameAs\":[\"https:\/\/www.facebook.com\/turijnmagazijn\"]}]}<\/script>\n<!-- \/ Yoast SEO plugin. -->","yoast_head_json":{"title":"Set di tappi di montaggio ala Lancia Delta HF Integrale 11 pezzi. - Turijnmagazijn","robots":{"index":"index","follow":"follow","max-snippet":"max-snippet:-1","max-image-preview":"max-image-preview:large","max-video-preview":"max-video-preview:-1"},"canonical":"https:\/\/turijnmagazijn.nl\/it\/prodotto\/parafango-monta-a-spina-lancia-delta-hf-integral-top-new-kopie\/","og_locale":"it_IT","og_type":"article","og_title":"Set di tappi di montaggio ala Lancia Delta HF Integrale 11 pezzi. - Turijnmagazijn","og_description":"82426456 5979901 14222285 set di clip 11 pezzi per il montaggio delle ali per Lancia Delta Integrale 8V 16V e EVO.","og_url":"https:\/\/turijnmagazijn.nl\/it\/prodotto\/parafango-monta-a-spina-lancia-delta-hf-integral-top-new-kopie\/","og_site_name":"Turijnmagazijn","article_publisher":"https:\/\/www.facebook.com\/turijnmagazijn","article_modified_time":"2026-01-11T16:38:38+00:00","og_image":[{"width":2048,"height":1152,"url":"https:\/\/turijnmagazijn.nl\/wp-content\/uploads\/2026\/01\/DN0100006-Set-Pluggen-montage-spatbord-Lancia-Delta-HF-Integrale-11-st.-82426456-5979901-14222285-3.jpg","type":"image\/jpeg"}],"twitter_card":"summary_large_image","twitter_misc":{"Tempo di lettura stimato":"1 minuto"},"schema":{"@context":"https:\/\/schema.org","@graph":[{"@type":"WebPage","@id":"https:\/\/turijnmagazijn.nl\/it\/prodotto\/parafango-monta-a-spina-lancia-delta-hf-integral-top-new-kopie\/","url":"https:\/\/turijnmagazijn.nl\/it\/prodotto\/parafango-monta-a-spina-lancia-delta-hf-integral-top-new-kopie\/","name":"Set di tappi di montaggio ala Lancia Delta HF Integrale 11 pezzi. - Turijnmagazijn","isPartOf":{"@id":"https:\/\/turijnmagazijn.jumpstone-dev.nl\/#website"},"primaryImageOfPage":{"@id":"https:\/\/turijnmagazijn.nl\/it\/prodotto\/parafango-monta-a-spina-lancia-delta-hf-integral-top-new-kopie\/#primaryimage"},"image":{"@id":"https:\/\/turijnmagazijn.nl\/it\/prodotto\/parafango-monta-a-spina-lancia-delta-hf-integral-top-new-kopie\/#primaryimage"},"thumbnailUrl":"https:\/\/turijnmagazijn.nl\/wp-content\/uploads\/2026\/01\/DN0100006-Set-Pluggen-montage-spatbord-Lancia-Delta-HF-Integrale-11-st.-82426456-5979901-14222285-3.jpg","datePublished":"2026-01-09T19:44:26+00:00","dateModified":"2026-01-11T16:38:38+00:00","breadcrumb":{"@id":"https:\/\/turijnmagazijn.nl\/it\/prodotto\/parafango-monta-a-spina-lancia-delta-hf-integral-top-new-kopie\/#breadcrumb"},"inLanguage":"it-IT","potentialAction":[{"@type":"ReadAction","target":["https:\/\/turijnmagazijn.nl\/it\/prodotto\/parafango-monta-a-spina-lancia-delta-hf-integral-top-new-kopie\/"]}]},{"@type":"ImageObject","inLanguage":"it-IT","@id":"https:\/\/turijnmagazijn.nl\/it\/prodotto\/parafango-monta-a-spina-lancia-delta-hf-integral-top-new-kopie\/#primaryimage","url":"https:\/\/turijnmagazijn.nl\/wp-content\/uploads\/2026\/01\/DN0100006-Set-Pluggen-montage-spatbord-Lancia-Delta-HF-Integrale-11-st.-82426456-5979901-14222285-3.jpg","contentUrl":"https:\/\/turijnmagazijn.nl\/wp-content\/uploads\/2026\/01\/DN0100006-Set-Pluggen-montage-spatbord-Lancia-Delta-HF-Integrale-11-st.-82426456-5979901-14222285-3.jpg","width":2048,"height":1152},{"@type":"BreadcrumbList","@id":"https:\/\/turijnmagazijn.nl\/it\/prodotto\/parafango-monta-a-spina-lancia-delta-hf-integral-top-new-kopie\/#breadcrumb","itemListElement":[{"@type":"ListItem","position":1,"name":"Home","item":"https:\/\/turijnmagazijn.nl\/it\/"},{"@type":"ListItem","position":2,"name":"Prodotti","item":"https:\/\/turijnmagazijn.nl\/it\/shop\/"},{"@type":"ListItem","position":3,"name":"Set di tappi di montaggio ala Lancia Delta HF Integrale 11 pezzi."}]},{"@type":"WebSite","@id":"https:\/\/turijnmagazijn.jumpstone-dev.nl\/#website","url":"https:\/\/turijnmagazijn.jumpstone-dev.nl\/","name":"Turijnmagazijn","description":"Onderdelen nieuw en gebruikt - Fiat &amp; Lancia","publisher":{"@id":"https:\/\/turijnmagazijn.jumpstone-dev.nl\/#organization"},"potentialAction":[{"@type":"SearchAction","target":{"@type":"EntryPoint","urlTemplate":"https:\/\/turijnmagazijn.jumpstone-dev.nl\/?s={search_term_string}"},"query-input":{"@type":"PropertyValueSpecification","valueRequired":true,"valueName":"search_term_string"}}],"inLanguage":"it-IT"},{"@type":"Organization","@id":"https:\/\/turijnmagazijn.jumpstone-dev.nl\/#organization","name":"Turijnmagazijn","url":"https:\/\/turijnmagazijn.jumpstone-dev.nl\/","logo":{"@type":"ImageObject","inLanguage":"it-IT","@id":"https:\/\/turijnmagazijn.jumpstone-dev.nl\/#\/schema\/logo\/image\/","url":"https:\/\/turijnmagazijn.nl\/wp-content\/uploads\/2021\/02\/turijnmagazijnlogo.png","contentUrl":"https:\/\/turijnmagazijn.nl\/wp-content\/uploads\/2021\/02\/turijnmagazijnlogo.png","width":555,"height":270,"caption":"Turijnmagazijn"},"image":{"@id":"https:\/\/turijnmagazijn.jumpstone-dev.nl\/#\/schema\/logo\/image\/"},"sameAs":["https:\/\/www.facebook.com\/turijnmagazijn"]}]}},"_links":{"self":[{"href":"https:\/\/turijnmagazijn.nl\/it\/wp-json\/wp\/v2\/product\/96742","targetHints":{"allow":["GET"]}}],"collection":[{"href":"https:\/\/turijnmagazijn.nl\/it\/wp-json\/wp\/v2\/product"}],"about":[{"href":"https:\/\/turijnmagazijn.nl\/it\/wp-json\/wp\/v2\/types\/product"}],"replies":[{"embeddable":true,"href":"https:\/\/turijnmagazijn.nl\/it\/wp-json\/wp\/v2\/comments?post=96742"}],"wp:featuredmedia":[{"embeddable":true,"href":"https:\/\/turijnmagazijn.nl\/it\/wp-json\/wp\/v2\/media\/96749"}],"wp:attachment":[{"href":"https:\/\/turijnmagazijn.nl\/it\/wp-json\/wp\/v2\/media?parent=96742"}],"wp:term":[{"taxonomy":"product_brand","embeddable":true,"href":"https:\/\/turijnmagazijn.nl\/it\/wp-json\/wp\/v2\/product_brand?post=96742"},{"taxonomy":"product_cat","embeddable":true,"href":"https:\/\/turijnmagazijn.nl\/it\/wp-json\/wp\/v2\/product_cat?post=96742"},{"taxonomy":"product_tag","embeddable":true,"href":"https:\/\/turijnmagazijn.nl\/it\/wp-json\/wp\/v2\/product_tag?post=96742"}],"curies":[{"name":"wp","href":"https:\/\/api.w.org\/{rel}","templated":true}]}}